{"id":1487,"date":"2025-01-12T03:54:52","date_gmt":"2025-01-12T03:54:52","guid":{"rendered":"http:\/\/wankonbiotech.com\/?post_type=product&#038;p=1487"},"modified":"2025-06-05T05:51:04","modified_gmt":"2025-06-05T05:51:04","slug":"organic-101-paeonia-lactiflora-powder","status":"publish","type":"product","link":"https:\/\/wankonbiotech.com\/it\/prodotto-2\/polvere-di-paeonia-lactiflora-biologica-101\/","title":{"rendered":"Polvere di Paeonia lactiflora biologica 10:1"},"content":{"rendered":"<table style=\"width: 57.0232%; height: 216px;\">\n<thead>\n<tr style=\"height: 24px;\">\n<th style=\"height: 24px;\"><strong>Nome del prodotto<\/strong><\/th>\n<th style=\"height: 24px;\">Estratto di Peonia Bianca 10:1<\/th>\n<\/tr>\n<\/thead>\n<tbody>\n<tr style=\"height: 24px;\">\n<td style=\"height: 24px;\"><strong>Alias del prodotto<\/strong><\/td>\n<td style=\"height: 24px;\">Peonia bianca, Peonia<\/td>\n<\/tr>\n<tr style=\"height: 24px;\">\n<td style=\"height: 24px;\"><strong>Nome scientifico<\/strong><\/td>\n<td style=\"height: 24px;\"><em>Paeonia lactiflora Pall.<\/em><\/td>\n<\/tr>\n<tr style=\"height: 24px;\">\n<td style=\"height: 24px;\"><strong>Aspetto<\/strong><\/td>\n<td style=\"height: 24px;\">Polvere marrone<\/td>\n<\/tr>\n<tr style=\"height: 24px;\">\n<td style=\"height: 24px;\"><strong>Metodo di test<\/strong><\/td>\n<td style=\"height: 24px;\">HPLC<\/td>\n<\/tr>\n<tr style=\"height: 24px;\">\n<td style=\"height: 24px;\"><strong>Specifiche<\/strong><\/td>\n<td style=\"height: 24px;\">10:1, Paeoniflorin 10%, Paeoniflorin 20%, Paeoniflorin 30% (In magazzino)<\/td>\n<\/tr>\n<tr style=\"height: 24px;\">\n<td style=\"height: 24px;\"><strong>Imballaggio<\/strong><\/td>\n<td style=\"height: 24px;\">Fusto di cartone da 25 kg; personalizzabile in base ai requisiti del cliente<\/td>\n<\/tr>\n<tr style=\"height: 24px;\">\n<td style=\"height: 24px;\"><strong>Durata di conservazione<\/strong><\/td>\n<td style=\"height: 24px;\">48 mesi<\/td>\n<\/tr>\n<tr style=\"height: 24px;\">\n<td style=\"height: 24px;\"><strong>Condizioni di conservazione<\/strong><\/td>\n<td style=\"height: 24px;\">Conservare in un luogo chiuso, al riparo dalla luce e fresco. Evitare le alte temperature e l'umidit\u00e0.<\/td>\n<\/tr>\n<\/tbody>\n<\/table>\n<h2><strong>Che cos'\u00e8 la Paeonia Lactiflora?<\/strong><\/h2>\n<p>La Paeonia lactiflora, nota anche come peonia bianca o peonia cinese, \u00e8 una pianta da fiore originaria dell'Asia. \u00c8 stata utilizzata per migliaia di anni nella Medicina Tradizionale Cinese (MTC) per le sue propriet\u00e0 antinfiammatorie, antiossidanti e calmanti. La radice della pianta \u00e8 la parte pi\u00f9 utilizzata, apprezzata per i suoi benefici terapeutici.<\/p>\n<p><img fetchpriority=\"high\" decoding=\"async\" class=\"aligncenter size-full wp-image-1488\" src=\"http:\/\/wankonbiotech.com\/wp-content\/uploads\/2025\/01\/Paeonia-Lactiflora.jpg\" alt=\"\" width=\"1200\" height=\"797\" title=\"\" srcset=\"https:\/\/wankonbiotech.com\/wp-content\/uploads\/2025\/01\/Paeonia-Lactiflora.jpg 1200w, https:\/\/wankonbiotech.com\/wp-content\/uploads\/2025\/01\/Paeonia-Lactiflora-300x199.jpg 300w, https:\/\/wankonbiotech.com\/wp-content\/uploads\/2025\/01\/Paeonia-Lactiflora-1024x680.jpg 1024w, https:\/\/wankonbiotech.com\/wp-content\/uploads\/2025\/01\/Paeonia-Lactiflora-768x510.jpg 768w, https:\/\/wankonbiotech.com\/wp-content\/uploads\/2025\/01\/Paeonia-Lactiflora-18x12.jpg 18w, https:\/\/wankonbiotech.com\/wp-content\/uploads\/2025\/01\/Paeonia-Lactiflora-600x399.jpg 600w\" sizes=\"(max-width: 1200px) 100vw, 1200px\" \/><\/p>\n<h2><strong>Benefici principali della polvere di Paeonia Lactiflora biologica 10:1<\/strong><\/h2>\n<ol>\n<li><strong>Propriet\u00e0 antinfiammatorie<\/strong>: Contribuisce a ridurre l'infiammazione, con conseguente beneficio per patologie come l'artrite e i dolori muscolari.<\/li>\n<li><strong>Supporto antiossidante<\/strong>: Protegge le cellule dallo stress ossidativo e dai danni dei radicali liberi, promuovendo la salute generale.<\/li>\n<li><strong>Equilibrio ormonale<\/strong>: Spesso utilizzata in MTC per sostenere la salute riproduttiva femminile e regolare i cicli mestruali.<\/li>\n<li><strong>Salute della pelle<\/strong>: Favorisce un incarnato chiaro e luminoso e viene utilizzato nei prodotti per la cura della pelle per i suoi effetti lenitivi e anti-invecchiamento.<\/li>\n<li><strong>Effetti calmanti<\/strong>: Conosciuta per la sua capacit\u00e0 di ridurre lo stress e favorire il rilassamento, sostenendo il benessere mentale.<\/li>\n<\/ol>\n<h2><strong>Applicazioni della polvere organica di Paeonia Lactiflora 10:1<\/strong><\/h2>\n<ul>\n<li><strong>Integratori a base di erbe<\/strong>: Capsule, compresse e tinture per il supporto della salute interna.<\/li>\n<li><strong>Medicina tradizionale<\/strong>: Utilizzato nelle formulazioni della MTC per risolvere vari problemi di salute.<\/li>\n<li><strong>Prodotti per la cura della pelle<\/strong>: Aggiunto a creme, sieri e maschere per le sue propriet\u00e0 antinfiammatorie e antiossidanti.<\/li>\n<li><strong>Alimenti e bevande funzionali<\/strong>: Incorporato in t\u00e8, tonici e bevande salutari.<\/li>\n<\/ul>\n<h2><strong>Perch\u00e9 scegliere la nostra polvere di Paeonia Lactiflora biologica 10:1?<\/strong><\/h2>\n<p>In qualit\u00e0 di fabbrica e distributore professionale di estratti vegetali, ci impegniamo a fornire prodotti biologici di qualit\u00e0 superiore. La nostra polvere organica di Paeonia Lactiflora 10:1 si distingue perch\u00e9 \u00e8..:<\/p>\n<ul>\n<li><strong>Biologico certificato<\/strong>: Proveniente da piante di Paeonia lactiflora coltivate biologicamente, prive di pesticidi e fertilizzanti sintetici.<\/li>\n<li><strong>Alta potenza<\/strong>: Un rapporto di estrazione di 10:1 assicura un prodotto concentrato ed efficace.<\/li>\n<li><strong>Testato da terze parti<\/strong>: Verificato per purezza, metalli pesanti e contaminanti microbici.<\/li>\n<li><strong>Sostenibile ed etico<\/strong>: Raccolta responsabile per sostenere la conservazione dell'ambiente.<\/li>\n<li><strong>Versatile<\/strong>: Disponibile in varie forme per soddisfare le vostre esigenze di formulazione.<\/li>\n<\/ul>\n<h2>Domande frequenti sulla polvere di Paeonia Lactiflora biologica 10:1<\/h2>\n<p><strong>1. A cosa serve la Paeonia lactiflora?<\/strong><br \/>\nLa Paeonia lactiflora \u00e8 tradizionalmente utilizzata per le sue propriet\u00e0 antinfiammatorie, antiossidanti e calmanti. Viene comunemente utilizzata per favorire l'equilibrio ormonale, la salute della pelle e il benessere generale.<\/p>\n<p><strong>2. Cosa significa un rapporto di estrazione di 10:1?<\/strong><br \/>\nUn rapporto di estrazione di 10:1 significa che 10 kg di radice di Paeonia lactiflora grezza vengono concentrati in 1 kg di polvere, ottenendo un prodotto altamente potente ed efficace.<\/p>\n<p><strong>3. L'uso di Paeonia lactiflora \u00e8 sicuro?<\/strong><br \/>\nS\u00ec, la Paeonia lactiflora \u00e8 generalmente sicura se usata come indicato. Tuttavia, si raccomanda di consultare un professionista della salute prima di iniziare qualsiasi nuovo integratore, soprattutto se si \u00e8 in gravidanza, si sta allattando o si soffre di una condizione medica.<\/p>\n<p><strong>4. La Paeonia lactiflora pu\u00f2 aiutare l'equilibrio ormonale?<\/strong><br \/>\nS\u00ec, la Paeonia lactiflora \u00e8 spesso utilizzata nella Medicina Tradizionale Cinese per favorire la salute riproduttiva femminile e regolare i cicli mestruali.<\/p>\n<p><strong>5. Questo prodotto \u00e8 certificato come biologico?<\/strong><br \/>\nS\u00ec, la nostra polvere di Paeonia Lactiflora 10:1 \u00e8 certificata biologica, il che garantisce l'assenza di pesticidi, fertilizzanti sintetici e altre sostanze chimiche dannose.<\/p>\n<p><strong>6. Quali sono i benefici della Paeonia lactiflora per la pelle?<\/strong><br \/>\nLa Paeonia lactiflora \u00e8 nota per le sue propriet\u00e0 antinfiammatorie e antiossidanti, che la rendono utile per lenire la pelle irritata, ridurre gli arrossamenti e promuovere un colorito giovane.<\/p>","protected":false},"excerpt":{"rendered":"<p>La polvere biologica 10:1 di Paeonia lactiflora \u00e8 un estratto vegetale di alta qualit\u00e0, certificato biologico, derivato dalle radici della Paeonia lactiflora, comunemente nota come peonia bianca. Questo potente estratto 10:1 \u00e8 prodotto attraverso un meticoloso processo di estrazione, che garantisce una forma concentrata dei composti bioattivi della pianta, tra cui la paeoniflorina. Ideale per l'uso negli integratori a base di erbe, nella medicina tradizionale e nelle formulazioni per la cura della pelle, la nostra polvere di Paeonia lactiflora biologica 10:1 \u00e8 rigorosamente testata per garantire purezza, potenza e sicurezza. \u00c8 di provenienza sostenibile e lavorata per soddisfare i pi\u00f9 alti standard biologici, il che la rende una scelta affidabile per le applicazioni di salute e benessere.<\/p>","protected":false},"featured_media":1490,"template":"","meta":{"_acf_changed":false},"product_brand":[],"product_cat":[40],"product_tag":[],"class_list":{"0":"post-1487","1":"product","2":"type-product","3":"status-publish","4":"has-post-thumbnail","6":"product_cat-organic-plant-extract","8":"first","9":"instock","10":"shipping-taxable","11":"purchasable","12":"product-type-variable"},"acf":[],"_links":{"self":[{"href":"https:\/\/wankonbiotech.com\/it\/wp-json\/wp\/v2\/product\/1487","targetHints":{"allow":["GET"]}}],"collection":[{"href":"https:\/\/wankonbiotech.com\/it\/wp-json\/wp\/v2\/product"}],"about":[{"href":"https:\/\/wankonbiotech.com\/it\/wp-json\/wp\/v2\/types\/product"}],"wp:featuredmedia":[{"embeddable":true,"href":"https:\/\/wankonbiotech.com\/it\/wp-json\/wp\/v2\/media\/1490"}],"wp:attachment":[{"href":"https:\/\/wankonbiotech.com\/it\/wp-json\/wp\/v2\/media?parent=1487"}],"wp:term":[{"taxonomy":"product_brand","embeddable":true,"href":"https:\/\/wankonbiotech.com\/it\/wp-json\/wp\/v2\/product_brand?post=1487"},{"taxonomy":"product_cat","embeddable":true,"href":"https:\/\/wankonbiotech.com\/it\/wp-json\/wp\/v2\/product_cat?post=1487"},{"taxonomy":"product_tag","embeddable":true,"href":"https:\/\/wankonbiotech.com\/it\/wp-json\/wp\/v2\/product_tag?post=1487"}],"curies":[{"name":"wp","href":"https:\/\/api.w.org\/{rel}","templated":true}]}}