{"id":981,"date":"2024-09-10T04:15:33","date_gmt":"2024-09-10T04:15:33","guid":{"rendered":"http:\/\/wankonbiotech.com\/?post_type=product&#038;p=981"},"modified":"2024-09-10T04:20:03","modified_gmt":"2024-09-10T04:20:03","slug":"mangosteen-peel-extract-alpha-mangostin-98-pure-powder","status":"publish","type":"product","link":"https:\/\/wankonbiotech.com\/fr\/produit-2\/extrait-decorce-de-mangoustan-alpha-mangostine-98-poudre-pure-2\/","title":{"rendered":"Extrait d'\u00e9corce de mangoustan - Alpha-Mangostin 98% Pure Powder"},"content":{"rendered":"<h2><strong>Introduction<\/strong><\/h2>\n<p>L'extrait de peau de mangoustan est l'un des extraits naturels les plus puissants disponibles pour les soins de la peau et les formules de bien-\u00eatre. D\u00e9riv\u00e9 de l'\u00e9corce du mangoustan (<em>Garcinia mangostana<\/em>), cet extrait hautement concentr\u00e9 affiche une puret\u00e9 impressionnante de 98% d'alpha-mangostine, un puissant compos\u00e9 antioxydant et anti-inflammatoire. Connu pour sa capacit\u00e9 \u00e0 prot\u00e9ger la peau, \u00e0 lutter contre les signes du vieillissement et \u00e0 r\u00e9duire l'inflammation, cet extrait est un ingr\u00e9dient recherch\u00e9 dans les produits de soins de la peau et les produits de sant\u00e9 de premi\u00e8re qualit\u00e9. Chez Xi'an Wankangyuan Biotechnology Co., Ltd, nous sommes sp\u00e9cialis\u00e9s dans la fourniture d'extrait de zeste de mangoustan de haute qualit\u00e9 pour vous aider \u00e0 cr\u00e9er des produits efficaces inspir\u00e9s par la nature.<\/p>\n<p><img fetchpriority=\"high\" decoding=\"async\" class=\"wp-image-982 size-full aligncenter\" src=\"http:\/\/wankonbiotech.com\/wp-content\/uploads\/2024\/09\/32b4e8b1bcfc967ffd29d79ff1.jpeg\" alt=\"Extrait de pelure de mangoustan\" width=\"831\" height=\"651\" title=\"\" srcset=\"https:\/\/wankonbiotech.com\/wp-content\/uploads\/2024\/09\/32b4e8b1bcfc967ffd29d79ff1.jpeg 831w, https:\/\/wankonbiotech.com\/wp-content\/uploads\/2024\/09\/32b4e8b1bcfc967ffd29d79ff1-300x235.jpeg 300w, https:\/\/wankonbiotech.com\/wp-content\/uploads\/2024\/09\/32b4e8b1bcfc967ffd29d79ff1-768x602.jpeg 768w, https:\/\/wankonbiotech.com\/wp-content\/uploads\/2024\/09\/32b4e8b1bcfc967ffd29d79ff1-15x12.jpeg 15w, https:\/\/wankonbiotech.com\/wp-content\/uploads\/2024\/09\/32b4e8b1bcfc967ffd29d79ff1-600x470.jpeg 600w\" sizes=\"(max-width: 831px) 100vw, 831px\" \/><\/p>\n<h2><strong>Qu'est-ce que l'alpha-mangostine ?<\/strong><\/h2>\n<p>L'alpha-mangostine est l'une des xanthones les plus actives que l'on trouve dans l'\u00e9corce du mangoustan. Les xanthones sont des compos\u00e9s polyph\u00e9noliques connus pour leurs puissants effets antioxydants et anti-inflammatoires. L'alpha-mangostine est une xanthone particuli\u00e8rement efficace, qui pr\u00e9sente un large \u00e9ventail d'avantages potentiels pour la sant\u00e9 de la peau, le bien-\u00eatre et m\u00eame des propri\u00e9t\u00e9s anticanc\u00e9reuses. Utilis\u00e9e dans les soins de la peau, l'alpha-mangostine aide \u00e0 prot\u00e9ger la peau du stress oxydatif, favorise la production de collag\u00e8ne et apaise l'inflammation, ce qui la rend id\u00e9ale pour une vari\u00e9t\u00e9 d'applications cosm\u00e9tiques et th\u00e9rapeutiques.<\/p>\n<h2><strong>Applications de l'extrait de zeste de mangoustan<\/strong><\/h2>\n<p>Ce puissant extrait est polyvalent et peut \u00eatre utilis\u00e9 dans une large gamme de produits de soins et de bien-\u00eatre. Parmi les applications les plus courantes, citons<\/p>\n<ul>\n<li><strong>S\u00e9rums anti-\u00e2ge :<\/strong> Pour lutter contre les rides, am\u00e9liorer l'\u00e9lasticit\u00e9 de la peau et favoriser la production de collag\u00e8ne.<\/li>\n<li><strong>Traitements de l'acn\u00e9 :<\/strong> Pour r\u00e9duire l'inflammation, pr\u00e9venir la croissance bact\u00e9rienne et calmer la peau irrit\u00e9e.<\/li>\n<li><strong>Cr\u00e8mes et s\u00e9rums \u00e9claircissants :<\/strong> Pour att\u00e9nuer les taches brunes et favoriser un teint plus \u00e9clatant.<\/li>\n<li><strong>Lotions apaisantes :<\/strong> Pour soulager les rougeurs, les irritations et les \u00e9tats inflammatoires de la peau.<\/li>\n<li><strong>Suppl\u00e9ments de bien-\u00eatre :<\/strong> L'alpha-mangostine ayant \u00e9galement des effets b\u00e9n\u00e9fiques lorsqu'elle est ing\u00e9r\u00e9e, cet extrait peut \u00eatre utilis\u00e9 dans des compl\u00e9ments alimentaires pour favoriser le bien-\u00eatre g\u00e9n\u00e9ral.<\/li>\n<\/ul>\n<h2><strong>Comment l'extrait d'\u00e9corce de mangoustan est-il fabriqu\u00e9 ?<\/strong><\/h2>\n<p>Chez Xi'an Wankangyuan Biotechnology, nous utilisons des techniques d'extraction et de purification de pointe pour obtenir une forme hautement concentr\u00e9e et pure d'alpha-mangostine. Le processus commence par des \u00e9corces de mangoustan provenant de sources durables, qui sont soigneusement s\u00e9ch\u00e9es et trait\u00e9es pour en extraire les pr\u00e9cieuses xanthones. Gr\u00e2ce \u00e0 des m\u00e9thodes de purification avanc\u00e9es, nous isolons l'alpha-mangostine et produisons une poudre fine et pure d'une puissance de 98%, garantissant ainsi la plus haute qualit\u00e9 pour vos produits.<\/p>\n<h2><strong>Durabilit\u00e9 et assurance qualit\u00e9<\/strong><\/h2>\n<p>Chez Xi'an Wankangyuan Biotechnology, nous sommes profond\u00e9ment attach\u00e9s au d\u00e9veloppement durable et \u00e0 la qualit\u00e9. Notre extrait d'\u00e9corce de mangoustan - Alpha-Mangostin 98% Pure Powder est obtenu de mani\u00e8re responsable, en veillant \u00e0 ce que les \u00e9corces de mangoustan utilis\u00e9es soient r\u00e9colt\u00e9es dans le respect de l'environnement. En outre, chaque lot de notre extrait est soumis \u00e0 des tests rigoureux pour s'assurer qu'il r\u00e9pond aux normes les plus strictes en mati\u00e8re de puret\u00e9 et de puissance, ce qui vous permet d'avoir confiance dans la qualit\u00e9 des ingr\u00e9dients que vous utilisez.<\/p>\n<h2><strong>Pourquoi choisir Xi'an Wankangyuan Biotechnology pour l'extrait de pelure de mangoustan ?<\/strong><\/h2>\n<p>Choisir Xi'an Wankangyuan Biotechnology, c'est s'associer \u00e0 une entreprise qui a une connaissance approfondie des industries de la cosm\u00e9tique et de la sant\u00e9. Notre extrait d'\u00e9corce de mangoustan - Alpha-Mangostin 98% Pure Powder est produit selon les normes de puret\u00e9 et de puissance les plus strictes, ce qui vous permet de cr\u00e9er des produits de soins de la peau et de bien-\u00eatre de qualit\u00e9 sup\u00e9rieure qui donnent de vrais r\u00e9sultats. Nous sommes fiers de notre engagement en mati\u00e8re d'innovation, de qualit\u00e9 et de durabilit\u00e9, ce qui fait de nous un partenaire de confiance pour les marques du monde entier.<\/p>","protected":false},"excerpt":{"rendered":"<p>L'extrait de peau de mangoustan est l'un des extraits naturels les plus puissants disponibles pour les soins de la peau et les formules de bien-\u00eatre. D\u00e9riv\u00e9 de l'\u00e9corce du mangoustan (<em>Garcinia mangostana<\/em>), cet extrait hautement concentr\u00e9 pr\u00e9sente une puret\u00e9 impressionnante de 98% d'alpha-mangostine, un puissant compos\u00e9 antioxydant et anti-inflammatoire.<\/p>","protected":false},"featured_media":983,"template":"","meta":{"_acf_changed":false},"product_brand":[],"product_cat":[31],"product_tag":[],"class_list":{"0":"post-981","1":"product","2":"type-product","3":"status-publish","4":"has-post-thumbnail","6":"product_cat-spices-and-seasonings","8":"first","9":"instock","10":"shipping-taxable","11":"product-type-simple"},"acf":[],"_links":{"self":[{"href":"https:\/\/wankonbiotech.com\/fr\/wp-json\/wp\/v2\/product\/981","targetHints":{"allow":["GET"]}}],"collection":[{"href":"https:\/\/wankonbiotech.com\/fr\/wp-json\/wp\/v2\/product"}],"about":[{"href":"https:\/\/wankonbiotech.com\/fr\/wp-json\/wp\/v2\/types\/product"}],"wp:featuredmedia":[{"embeddable":true,"href":"https:\/\/wankonbiotech.com\/fr\/wp-json\/wp\/v2\/media\/983"}],"wp:attachment":[{"href":"https:\/\/wankonbiotech.com\/fr\/wp-json\/wp\/v2\/media?parent=981"}],"wp:term":[{"taxonomy":"product_brand","embeddable":true,"href":"https:\/\/wankonbiotech.com\/fr\/wp-json\/wp\/v2\/product_brand?post=981"},{"taxonomy":"product_cat","embeddable":true,"href":"https:\/\/wankonbiotech.com\/fr\/wp-json\/wp\/v2\/product_cat?post=981"},{"taxonomy":"product_tag","embeddable":true,"href":"https:\/\/wankonbiotech.com\/fr\/wp-json\/wp\/v2\/product_tag?post=981"}],"curies":[{"name":"wp","href":"https:\/\/api.w.org\/{rel}","templated":true}]}}