{"id":971,"date":"2024-08-31T16:32:03","date_gmt":"2024-08-31T16:32:03","guid":{"rendered":"http:\/\/wankonbiotech.com\/?post_type=product&#038;p=971"},"modified":"2024-09-01T02:27:57","modified_gmt":"2024-09-01T02:27:57","slug":"blue-lotus-extract-powder","status":"publish","type":"product","link":"https:\/\/wankonbiotech.com\/fr\/produit-2\/extrait-de-lotus-bleu-en-poudre-2\/","title":{"rendered":"Poudre d'extrait de lotus bleu de qualit\u00e9 sup\u00e9rieure en gros"},"content":{"rendered":"<table>\n<tbody>\n<tr>\n<td>\n<div><strong>Nom du produit :<\/strong><\/div>\n<\/td>\n<td>Extrait de lotus bleu en poudre<\/td>\n<\/tr>\n<tr>\n<td>\n<div><strong>Utiliser la pi\u00e8ce :<\/strong><\/div>\n<\/td>\n<td>\n<div>Fleur<\/div>\n<\/td>\n<\/tr>\n<tr>\n<td>\n<div><strong>Apparence :<\/strong><\/div>\n<\/td>\n<td>\n<div>Poudre jaune brune<\/div>\n<\/td>\n<\/tr>\n<tr>\n<td>\n<div><strong>Dur\u00e9e de conservation :<\/strong><\/div>\n<\/td>\n<td>\n<div>24 mites<\/div>\n<\/td>\n<\/tr>\n<\/tbody>\n<\/table>\n<h2><strong>Introduction<\/strong><\/h2>\n<p>L'extrait de lotus est une plante aquatique vivace, appartenant au genre Nelumbo, couramment cultiv\u00e9e dans les jardins aquatiques. Les racines du lotus sont plant\u00e9es dans le sol du fond de l'\u00e9tang ou de la rivi\u00e8re, tandis que les feuilles flottent \u00e0 la surface de l'eau ou sont maintenues bien au-dessus. Les fleurs se trouvent g\u00e9n\u00e9ralement sur des tiges \u00e9paisses qui s'\u00e9l\u00e8vent \u00e0 plusieurs centim\u00e8tres au-dessus des feuilles. La plante atteint normalement une hauteur d'environ 150 cm et une largeur horizontale de 3 m\u00e8tres, mais certains rapports non v\u00e9rifi\u00e9s font \u00e9tat d'une hauteur de plus de 5 m\u00e8tres. Les feuilles peuvent atteindre 60 cm de diam\u00e8tre, tandis que les fleurs voyantes peuvent mesurer jusqu'\u00e0 20 cm de diam\u00e8tre.<\/p>\n<p><img fetchpriority=\"high\" decoding=\"async\" class=\"alignnone wp-image-973 size-full\" src=\"http:\/\/wankonbiotech.com\/wp-content\/uploads\/2024\/08\/blue_lotus_extract_dose-scaled-1.webp\" alt=\"Extrait de lotus bleu en poudre\" width=\"2048\" height=\"1365\" title=\"\" srcset=\"https:\/\/wankonbiotech.com\/wp-content\/uploads\/2024\/08\/blue_lotus_extract_dose-scaled-1.webp 2048w, https:\/\/wankonbiotech.com\/wp-content\/uploads\/2024\/08\/blue_lotus_extract_dose-scaled-1-300x200.webp 300w, https:\/\/wankonbiotech.com\/wp-content\/uploads\/2024\/08\/blue_lotus_extract_dose-scaled-1-1024x683.webp 1024w, https:\/\/wankonbiotech.com\/wp-content\/uploads\/2024\/08\/blue_lotus_extract_dose-scaled-1-768x512.webp 768w, https:\/\/wankonbiotech.com\/wp-content\/uploads\/2024\/08\/blue_lotus_extract_dose-scaled-1-1536x1024.webp 1536w, https:\/\/wankonbiotech.com\/wp-content\/uploads\/2024\/08\/blue_lotus_extract_dose-scaled-1-18x12.webp 18w, https:\/\/wankonbiotech.com\/wp-content\/uploads\/2024\/08\/blue_lotus_extract_dose-scaled-1-600x400.webp 600w\" sizes=\"(max-width: 2048px) 100vw, 2048px\" \/><\/p>\n<h2><strong>L'essence de l'extrait de lotus bleu en poudre<\/strong><\/h2>\n<p>D\u00e9riv\u00e9 de la <strong>Nymphaea caerulea<\/strong> Depuis des si\u00e8cles, le Lotus bleu est appr\u00e9ci\u00e9 pour ses propri\u00e9t\u00e9s apaisantes et relaxantes. Dans le domaine des soins de la peau, l'extrait de lotus bleu en poudre est reconnu pour sa capacit\u00e9 \u00e0 favoriser la jeunesse du teint, \u00e0 combattre le stress oxydatif et \u00e0 assurer une hydratation en profondeur. Cet extrait est riche en flavono\u00efdes, antioxydants et alcalo\u00efdes, qui agissent en synergie pour am\u00e9liorer la texture et l'\u00e9lasticit\u00e9 de la peau.<\/p>\n<h2><strong>Avantages anti-\u00e2ge<\/strong><\/h2>\n<p>L'extrait de lotus bleu en poudre est particuli\u00e8rement efficace comme ingr\u00e9dient anti-\u00e2ge. Sa forte concentration en antioxydants aide \u00e0 neutraliser les radicaux libres, qui sont l'une des principales causes du vieillissement pr\u00e9matur\u00e9. En incorporant l'extrait de lotus bleu en poudre dans les produits de soins de la peau, les fabricants peuvent proposer des solutions qui r\u00e9duisent l'apparence des rides et ridules, laissant la peau ferme et rajeunie.<\/p>\n<h2><strong>Hydratation et hydratation<\/strong><\/h2>\n<p>Outre ses propri\u00e9t\u00e9s anti-\u00e2ge, la poudre d'extrait de lotus bleu est un puissant agent hydratant. Il aide \u00e0 fixer l'humidit\u00e9, ce qui le rend id\u00e9al pour les formulations destin\u00e9es aux peaux s\u00e8ches ou d\u00e9shydrat\u00e9es. Les propri\u00e9t\u00e9s \u00e9mollientes naturelles du lotus bleu permettent \u00e0 la peau de rester douce, souple et \u00e9clatante, m\u00eame dans des conditions environnementales difficiles.<\/p>\n<p><img decoding=\"async\" class=\"alignnone wp-image-974 size-full\" src=\"http:\/\/wankonbiotech.com\/wp-content\/uploads\/2024\/08\/Blue-lotus-extract-capsules-scaled-1.webp\" alt=\" Extrait de lotus bleu en poudre\" width=\"2560\" height=\"1736\" title=\"\" srcset=\"https:\/\/wankonbiotech.com\/wp-content\/uploads\/2024\/08\/Blue-lotus-extract-capsules-scaled-1.webp 2560w, https:\/\/wankonbiotech.com\/wp-content\/uploads\/2024\/08\/Blue-lotus-extract-capsules-scaled-1-300x203.webp 300w, https:\/\/wankonbiotech.com\/wp-content\/uploads\/2024\/08\/Blue-lotus-extract-capsules-scaled-1-1024x694.webp 1024w, https:\/\/wankonbiotech.com\/wp-content\/uploads\/2024\/08\/Blue-lotus-extract-capsules-scaled-1-768x521.webp 768w, https:\/\/wankonbiotech.com\/wp-content\/uploads\/2024\/08\/Blue-lotus-extract-capsules-scaled-1-1536x1042.webp 1536w, https:\/\/wankonbiotech.com\/wp-content\/uploads\/2024\/08\/Blue-lotus-extract-capsules-scaled-1-2048x1389.webp 2048w, https:\/\/wankonbiotech.com\/wp-content\/uploads\/2024\/08\/Blue-lotus-extract-capsules-scaled-1-18x12.webp 18w, https:\/\/wankonbiotech.com\/wp-content\/uploads\/2024\/08\/Blue-lotus-extract-capsules-scaled-1-600x407.webp 600w\" sizes=\"(max-width: 2560px) 100vw, 2560px\" \/><\/p>\n<h2><strong>Effets calmants et apaisants<\/strong><\/h2>\n<p>Les propri\u00e9t\u00e9s calmantes du lotus bleu sont bien document\u00e9es, ce qui en fait un excellent choix pour les produits destin\u00e9s \u00e0 apaiser les peaux irrit\u00e9es ou sensibles. Qu'il soit utilis\u00e9 dans un masque facial, un s\u00e9rum ou une cr\u00e8me hydratante, l'extrait en poudre de lotus bleu peut aider \u00e0 r\u00e9duire les rougeurs, l'inflammation et l'inconfort, favorisant ainsi un teint \u00e9quilibr\u00e9 et sain.<\/p>\n<h2><strong>Applications dans les produits de soins de la peau<\/strong><\/h2>\n<p>Notre poudre d'extrait de lotus bleu est polyvalente et peut \u00eatre incorpor\u00e9e sans probl\u00e8me dans divers produits de soins de la peau. Il peut \u00eatre utilis\u00e9 dans :<\/p>\n<ul>\n<li><strong>Cr\u00e8mes anti-\u00e2ge :<\/strong> Pour am\u00e9liorer l'\u00e9lasticit\u00e9 de la peau et r\u00e9duire les signes de vieillissement.<\/li>\n<li><strong>S\u00e9rums hydratants :<\/strong> Pour une hydratation en profondeur et des effets repulpants sur la peau.<\/li>\n<li><strong>Masques pour le visage :<\/strong> Pour calmer et apaiser la peau tout en lui apportant des nutriments essentiels.<\/li>\n<li><strong>Toniques et lotions :<\/strong> Pour un coup de fouet rafra\u00eechissant et hydratant.<\/li>\n<\/ul>\n<h2><strong>Une qualit\u00e9 \u00e0 laquelle vous pouvez faire confiance<\/strong><\/h2>\n<p>Chez Xi'an Wankangyuan Biotechnology, la qualit\u00e9 est au c\u0153ur de tout ce que nous faisons. Notre poudre d'extrait de lotus bleu est produite selon des mesures strictes de contr\u00f4le de la qualit\u00e9, garantissant que chaque lot r\u00e9pond aux normes les plus strictes en mati\u00e8re de puret\u00e9 et de puissance. Nous nous procurons notre lotus bleu dans les meilleurs environnements naturels et utilisons des techniques d'extraction avanc\u00e9es pour pr\u00e9server les propri\u00e9t\u00e9s b\u00e9n\u00e9fiques de la plante.<\/p>\n<h2><strong>Pourquoi choisir l'extrait de lotus bleu en poudre de Xi'an Wankangyuan ?<\/strong><\/h2>\n<p>Le partenariat avec Xi'an Wankangyuan Biotechnology permet d'acc\u00e9der \u00e0 de la poudre d'extrait de lotus bleu de premi\u00e8re qualit\u00e9, non seulement efficace, mais aussi s\u00fbre et respectueuse de l'environnement. Nous nous engageons \u00e0 adopter des pratiques durables et un approvisionnement \u00e9thique, en veillant \u00e0 ce que nos produits soient aussi bons pour la plan\u00e8te que pour votre peau.<\/p>\n<h2><strong>FAQ<\/strong><\/h2>\n<p><strong>Quelle est l'utilit\u00e9 de la poudre d'extrait de lotus bleu dans les soins de la peau ?<\/strong><br \/>\nLa poudre d'extrait de lotus bleu est couramment utilis\u00e9e pour ses propri\u00e9t\u00e9s anti-\u00e2ge, hydratantes et apaisantes. Il est efficace pour r\u00e9duire les ridules, am\u00e9liorer la texture de la peau et calmer les peaux irrit\u00e9es.<\/p>\n<p><strong>La poudre d'extrait de lotus bleu peut-elle \u00eatre utilis\u00e9e sur tous les types de peau ?<\/strong><br \/>\nOui, la poudre d'extrait de lotus bleu convient \u00e0 tous les types de peau, y compris les peaux sensibles. Ses propri\u00e9t\u00e9s douces et hydratantes en font un excellent choix pour une large gamme de produits de soins de la peau.<\/p>\n<p><strong>Comment conserver l'extrait de lotus bleu en poudre ?<\/strong><br \/>\nPour conserver son efficacit\u00e9, l'extrait de lotus bleu en poudre doit \u00eatre conserv\u00e9 dans un endroit frais et sec, \u00e0 l'abri de la lumi\u00e8re directe du soleil et de l'humidit\u00e9.<\/p>\n<p><strong>L'extrait de lotus bleu en poudre peut-il \u00eatre utilis\u00e9 quotidiennement ?<\/strong><br \/>\nOui, les produits formul\u00e9s avec de la poudre d'extrait de lotus bleu sont g\u00e9n\u00e9ralement s\u00fbrs pour un usage quotidien, car l'extrait est doux et non irritant.<\/p>\n<p><strong>Quelle est la concentration recommand\u00e9e de l'extrait de lotus bleu en poudre dans les formulations ?<\/strong><br \/>\nLa concentration recommand\u00e9e d'extrait de lotus bleu en poudre varie en fonction du produit, mais il est g\u00e9n\u00e9ralement utilis\u00e9 entre 0,5% et 5% dans les formulations de soins de la peau.<\/p>\n<p><strong>La poudre d'extrait de lotus bleu a-t-elle un parfum ?<\/strong><br \/>\nLa poudre d'extrait de lotus bleu a un parfum doux et naturel, subtil et agr\u00e9able, ce qui en fait un produit id\u00e9al pour les formulations sensibles aux parfums.<\/p>\n<p><strong>Liens entrants :<\/strong><\/p>\n<ul>\n<li><a href=\"http:\/\/wankonbiotech.com\/fr\/\" rel=\"noopener\">Xi'an Wankangyuan Biotechnology Co, Ltd. - Notre engagement en faveur de la qualit\u00e9<\/a><\/li>\n<\/ul>","protected":false},"excerpt":{"rendered":"<p>L'extrait de lotus est une plante aquatique vivace, appartenant au genre Nelumbo, couramment cultiv\u00e9e dans les jardins aquatiques. Les racines du lotus sont plant\u00e9es dans le sol du fond de l'\u00e9tang ou de la rivi\u00e8re, tandis que les feuilles flottent \u00e0 la surface de l'eau ou sont maintenues bien au-dessus. Les fleurs se trouvent g\u00e9n\u00e9ralement sur des tiges \u00e9paisses s'\u00e9levant \u00e0 plusieurs centim\u00e8tres au-dessus des feuilles.<\/p>","protected":false},"featured_media":972,"template":"","meta":{"_acf_changed":false},"product_brand":[],"product_cat":[40],"product_tag":[],"class_list":{"0":"post-971","1":"product","2":"type-product","3":"status-publish","4":"has-post-thumbnail","6":"product_cat-organic-plant-extract","8":"first","9":"instock","10":"shipping-taxable","11":"product-type-simple"},"acf":[],"_links":{"self":[{"href":"https:\/\/wankonbiotech.com\/fr\/wp-json\/wp\/v2\/product\/971","targetHints":{"allow":["GET"]}}],"collection":[{"href":"https:\/\/wankonbiotech.com\/fr\/wp-json\/wp\/v2\/product"}],"about":[{"href":"https:\/\/wankonbiotech.com\/fr\/wp-json\/wp\/v2\/types\/product"}],"wp:featuredmedia":[{"embeddable":true,"href":"https:\/\/wankonbiotech.com\/fr\/wp-json\/wp\/v2\/media\/972"}],"wp:attachment":[{"href":"https:\/\/wankonbiotech.com\/fr\/wp-json\/wp\/v2\/media?parent=971"}],"wp:term":[{"taxonomy":"product_brand","embeddable":true,"href":"https:\/\/wankonbiotech.com\/fr\/wp-json\/wp\/v2\/product_brand?post=971"},{"taxonomy":"product_cat","embeddable":true,"href":"https:\/\/wankonbiotech.com\/fr\/wp-json\/wp\/v2\/product_cat?post=971"},{"taxonomy":"product_tag","embeddable":true,"href":"https:\/\/wankonbiotech.com\/fr\/wp-json\/wp\/v2\/product_tag?post=971"}],"curies":[{"name":"wp","href":"https:\/\/api.w.org\/{rel}","templated":true}]}}