{"id":962,"date":"2024-08-23T05:59:22","date_gmt":"2024-08-23T05:59:22","guid":{"rendered":"http:\/\/wankonbiotech.com\/?post_type=product&#038;p=962"},"modified":"2024-08-23T06:02:40","modified_gmt":"2024-08-23T06:02:40","slug":"natural-fisetin-powder","status":"publish","type":"product","link":"https:\/\/wankonbiotech.com\/fr\/produit-2\/poudre-de-fisetine-naturelle-2\/","title":{"rendered":"Poudre de fis\u00e9tine naturelle"},"content":{"rendered":"<table>\n<tbody>\n<tr>\n<td><strong>Nom du produit<\/strong><\/td>\n<td>Poudre de fis\u00e9tine naturelle<\/td>\n<\/tr>\n<tr>\n<td><strong>La puret\u00e9<\/strong><\/td>\n<td>98%+<\/td>\n<\/tr>\n<tr>\n<td><strong>Apparence<\/strong><\/td>\n<td>Poudre cristalline aciculaire jaune<\/td>\n<\/tr>\n<tr>\n<td><strong>MOQ<\/strong><\/td>\n<td>1Kg<\/td>\n<\/tr>\n<tr>\n<td><strong>Paquet<\/strong><\/td>\n<td>1Kg\/sac en aluminium, 25Kg\/tambour en papier<\/td>\n<\/tr>\n<tr>\n<td><strong>Stock<\/strong><\/td>\n<td>600 Kg<\/td>\n<\/tr>\n<tr>\n<td><strong>D\u00e9lai d'exp\u00e9dition<\/strong><\/td>\n<td>Dans les 2 \u00e0 3 jours ouvrables suivant la commande<\/td>\n<\/tr>\n<tr>\n<td><strong>Mode de paiement<\/strong><\/td>\n<td>Virement bancaire<\/td>\n<\/tr>\n<\/tbody>\n<\/table>\n<h2><strong>Introduction<\/strong><\/h2>\n<p><strong>Poudre de fis\u00e9tine naturelle<\/strong> se trouve dans une grande vari\u00e9t\u00e9 de plantes. On le trouve dans de nombreuses eudicots, comme Acacia greggii et Acacia berlandieri, ainsi que dans la famille des Fabaceae, et dans des plantes comme Quebracho colorado et Rhus chinensis. On la trouve \u00e9galement dans le jeune fustic, un colorant jaune traditionnel fabriqu\u00e9 \u00e0 partir du bois de c\u0153ur de Cotinus coggygria, et dans de nombreux l\u00e9gumes et fruits, tels que les fraises, les pommes et les raisins. La fis\u00e9tine peut \u00e9galement \u00eatre extraite des jus de fruits, des vins et des boissons infus\u00e9es telles que le th\u00e9. On la trouve \u00e9galement dans les monocotyl\u00e9dones, comme les oignons, et dans les conif\u00e8res, comme Callitropsis nootkatensis.<\/p>\n<h2><strong>Qu'est-ce que la poudre de fis\u00e9tine naturelle ?<\/strong><\/h2>\n<p><strong>Poudre de fis\u00e9tine naturelle<\/strong> est un flavono\u00efde, un type de compos\u00e9 v\u00e9g\u00e9tal connu pour ses propri\u00e9t\u00e9s antioxydantes. On le trouve dans divers fruits et l\u00e9gumes, les fraises \u00e9tant l'une des sources les plus riches. <strong>Fis\u00e9tine<\/strong> a fait l'objet de nombreuses \u00e9tudes scientifiques en raison de ses effets b\u00e9n\u00e9fiques potentiels sur la sant\u00e9, notamment dans les domaines du soutien cognitif, de l'antivieillissement et de la protection cellulaire. Notre <strong>Poudre de fis\u00e9tine naturelle<\/strong> est extrait et purifi\u00e9 pour garantir une puissance maximale, offrant ainsi un suppl\u00e9ment de haute qualit\u00e9 qui s'aligne sur vos objectifs de sant\u00e9.<\/p>\n<p><img fetchpriority=\"high\" decoding=\"async\" class=\"alignnone size-full wp-image-963\" src=\"http:\/\/wankonbiotech.com\/wp-content\/uploads\/2024\/08\/OIP.jpg\" alt=\"Poudre de fis\u00e9tine naturelle\" width=\"474\" height=\"355\" title=\"\" srcset=\"https:\/\/wankonbiotech.com\/wp-content\/uploads\/2024\/08\/OIP.jpg 474w, https:\/\/wankonbiotech.com\/wp-content\/uploads\/2024\/08\/OIP-300x225.jpg 300w, https:\/\/wankonbiotech.com\/wp-content\/uploads\/2024\/08\/OIP-16x12.jpg 16w\" sizes=\"(max-width: 474px) 100vw, 474px\" \/> <img decoding=\"async\" class=\"alignnone size-full wp-image-964\" src=\"http:\/\/wankonbiotech.com\/wp-content\/uploads\/2024\/08\/OIP-1.jpg\" alt=\"Poudre de fis\u00e9tine naturelle\" width=\"474\" height=\"347\" title=\"\" srcset=\"https:\/\/wankonbiotech.com\/wp-content\/uploads\/2024\/08\/OIP-1.jpg 474w, https:\/\/wankonbiotech.com\/wp-content\/uploads\/2024\/08\/OIP-1-300x220.jpg 300w, https:\/\/wankonbiotech.com\/wp-content\/uploads\/2024\/08\/OIP-1-16x12.jpg 16w\" sizes=\"(max-width: 474px) 100vw, 474px\" \/><\/p>\n<h2><strong>Avantages pour la sant\u00e9 de la poudre de fis\u00e9tine naturelle<\/strong><\/h2>\n<p><strong>Poudre de fis\u00e9tine naturelle<\/strong> offre de nombreux avantages pour la sant\u00e9, ce qui en fait un excellent compl\u00e9ment \u00e0 votre routine quotidienne :<\/p>\n<ul>\n<li><strong>Soutien cognitif<\/strong>: <strong>Fis\u00e9tine<\/strong> est connu pour ses propri\u00e9t\u00e9s neuroprotectrices, contribuant \u00e0 am\u00e9liorer la m\u00e9moire et les fonctions c\u00e9r\u00e9brales. Elle favorise la sant\u00e9 des neurones et peut r\u00e9duire le risque de d\u00e9clin cognitif li\u00e9 \u00e0 l'\u00e2ge.<\/li>\n<li><strong>Pouvoir antioxydant<\/strong>: En tant qu'antioxydant puissant, <strong>Fis\u00e9tine<\/strong> aide \u00e0 neutraliser les radicaux libres dans l'organisme, r\u00e9duisant le stress oxydatif et prot\u00e9geant les cellules des dommages.<\/li>\n<li><strong>Propri\u00e9t\u00e9s anti-\u00e2ge<\/strong>: <strong>Fis\u00e9tine<\/strong> favorise la sant\u00e9 cellulaire et la long\u00e9vit\u00e9 en r\u00e9duisant l'inflammation et en soutenant les processus naturels de d\u00e9sintoxication de l'organisme.<\/li>\n<li><strong>Effets anti-inflammatoires<\/strong>: <strong>Fis\u00e9tine<\/strong> aide \u00e0 moduler les voies inflammatoires, ce qui peut \u00eatre b\u00e9n\u00e9fique pour les personnes souffrant d'inflammation chronique ou d'affections connexes.<\/li>\n<\/ul>\n<h2><strong>Applications de la poudre de fis\u00e9tine naturelle<\/strong><\/h2>\n<p><strong>Poudre de fis\u00e9tine naturelle<\/strong> est polyvalent et peut \u00eatre incorpor\u00e9 dans divers programmes de sant\u00e9 et de bien-\u00eatre :<\/p>\n<ul>\n<li><strong>Compl\u00e9ments alimentaires<\/strong>: Ajouter <strong>Poudre de fis\u00e9tine<\/strong> \u00e0 des g\u00e9lules ou \u00e0 des comprim\u00e9s pour cr\u00e9er un suppl\u00e9ment antioxydant puissant.<\/li>\n<li><strong>Smoothies et boissons<\/strong>: M\u00e9lange <strong>Poudre de fis\u00e9tine naturelle<\/strong> dans des smoothies, des jus ou de l'eau pour augmenter votre apport quotidien en antioxydants.<\/li>\n<li><strong>Aliments fonctionnels<\/strong>: Incorporer <strong>Poudre de fis\u00e9tine<\/strong> dans des barres sant\u00e9, des en-cas \u00e9nerg\u00e9tiques ou d'autres aliments fonctionnels afin d'y ajouter des avantages nutritionnels.<\/li>\n<\/ul>\n<h2><strong>Pourquoi choisir notre poudre de fis\u00e9tine naturelle ?<\/strong><\/h2>\n<p>Au <strong>Xi'an Wankangyuan Biotechnology Co, Ltd.<\/strong>Nous sommes fiers de produire des ingr\u00e9dients naturels de haute qualit\u00e9 qui r\u00e9pondent aux normes les plus strictes en mati\u00e8re de puret\u00e9 et d'efficacit\u00e9. Nos <strong>Poudre de fis\u00e9tine naturelle<\/strong> provient de fruits et de l\u00e9gumes de premi\u00e8re qualit\u00e9 et est trait\u00e9 dans nos installations de pointe, ce qui garantit que vous recevez un produit puissant et pur. Forts d'une vaste exp\u00e9rience dans la production d'extraits de plantes et de compl\u00e9ments de sant\u00e9, nous veillons \u00e0 ce que notre <strong>Poudre de fis\u00e9tine<\/strong> est \u00e0 la fois efficace et s\u00fbr pour une utilisation \u00e0 long terme.<\/p>\n<p>Notre engagement en faveur de la qualit\u00e9 se refl\u00e8te dans nos tests rigoureux et nos processus de contr\u00f4le de la qualit\u00e9, qui garantissent que chaque lot de <strong>Poudre de fis\u00e9tine naturelle<\/strong> r\u00e9pond \u00e0 nos normes rigoureuses. Nous nous engageons \u00e0 fournir des produits qui favorisent la sant\u00e9 et le bien-\u00eatre, \u00e9tay\u00e9s par la science et produits avec int\u00e9grit\u00e9.<\/p>\n<h2><strong>Durabilit\u00e9 et assurance qualit\u00e9<\/strong><\/h2>\n<p>Notre <strong>Poudre de fis\u00e9tine naturelle<\/strong> est produit en mettant l'accent sur la durabilit\u00e9 et la responsabilit\u00e9 environnementale. Nous travaillons en \u00e9troite collaboration avec des agriculteurs qui pratiquent une agriculture durable, ce qui garantit que nos ingr\u00e9dients sont cultiv\u00e9s et r\u00e9colt\u00e9s dans le respect de l'environnement. En outre, notre usine de transformation respecte les BPF (bonnes pratiques de fabrication) et les normes ISO, ce qui vous garantit un produit s\u00fbr et de grande qualit\u00e9.<\/p>\n<p>Pour en savoir plus sur ce produit et sur d'autres compl\u00e9ments naturels de haute qualit\u00e9, consultez le site suivant <a href=\"http:\/\/wankonbiotech.com\/fr\/categorie-produit\/ingredients-nutraceniques\/\" target=\"_new\" rel=\"noopener\">Cat\u00e9gorie d'ingr\u00e9dients nutraceutiques de Wankon Biotech<\/a>.<\/p>\n<h2><strong>FAQ<\/strong><\/h2>\n<p>Qu'est-ce que la poudre de fis\u00e9tine naturelle ?<br \/>\n<strong>Poudre de fis\u00e9tine naturelle<\/strong> est un flavono\u00efde aux propri\u00e9t\u00e9s antioxydantes, connu pour favoriser la sant\u00e9 cognitive et r\u00e9duire le stress oxydatif.<\/p>\n<p>Comment utiliser Natural Fisetin Powder ?<br \/>\nVous pouvez ajouter <strong>Poudre de fis\u00e9tine naturelle<\/strong> dans des smoothies, des boissons ou des g\u00e9lules pour int\u00e9grer ses bienfaits \u00e0 votre quotidien.<\/p>\n<p>Natural Fisetin Powder est-il s\u00fbr pour une utilisation \u00e0 long terme ?<br \/>\nOui, <strong>Poudre de fis\u00e9tine naturelle<\/strong> est s\u00fbr pour une utilisation \u00e0 long terme et constitue un excellent compl\u00e9ment pour le soutien cognitif et le bien-\u00eatre g\u00e9n\u00e9ral.<\/p>\n<p>Quels sont les avantages de la fis\u00e9tine pour la sant\u00e9 ?<br \/>\n<strong>Fis\u00e9tine<\/strong> favorise la sant\u00e9 du cerveau, prot\u00e8ge les cellules du stress oxydatif et poss\u00e8de des propri\u00e9t\u00e9s antivieillissement et anti-inflammatoires.<\/p>\n<p>O\u00f9 puis-je acheter de la poudre de fis\u00e9tine naturelle de haute qualit\u00e9 ?<br \/>\nVous pouvez acheter des <strong>Poudre de fis\u00e9tine naturelle<\/strong> aupr\u00e8s de fournisseurs de confiance tels que ceux de <a href=\"http:\/\/wankonbiotech.com\/fr\/categorie-produit\/proteines-vegetales-biologiques\/\" target=\"_new\" rel=\"noopener\">Cat\u00e9gorie d'ingr\u00e9dients nutraceutiques de Wankon Biotech<\/a>.<\/p>","protected":false},"excerpt":{"rendered":"<p><strong>Poudre de fis\u00e9tine naturelle<\/strong> est un puissant antioxydant d\u00e9riv\u00e9 de fruits et de l\u00e9gumes, notamment de fraises. Il est r\u00e9put\u00e9 pour sa capacit\u00e9 \u00e0 soutenir la sant\u00e9 cognitive et \u00e0 prot\u00e9ger les cellules contre le stress oxydatif, <strong>Fis\u00e9tine<\/strong> est de plus en plus reconnu comme un compl\u00e9ment puissant pour promouvoir la long\u00e9vit\u00e9 et le bien-\u00eatre g\u00e9n\u00e9ral.<\/p>","protected":false},"featured_media":965,"template":"","meta":{"_acf_changed":false},"product_brand":[],"product_cat":[35],"product_tag":[],"class_list":{"0":"post-962","1":"product","2":"type-product","3":"status-publish","4":"has-post-thumbnail","6":"product_cat-nutracentical-ingredients","8":"first","9":"instock","10":"shipping-taxable","11":"product-type-simple"},"acf":[],"_links":{"self":[{"href":"https:\/\/wankonbiotech.com\/fr\/wp-json\/wp\/v2\/product\/962","targetHints":{"allow":["GET"]}}],"collection":[{"href":"https:\/\/wankonbiotech.com\/fr\/wp-json\/wp\/v2\/product"}],"about":[{"href":"https:\/\/wankonbiotech.com\/fr\/wp-json\/wp\/v2\/types\/product"}],"wp:featuredmedia":[{"embeddable":true,"href":"https:\/\/wankonbiotech.com\/fr\/wp-json\/wp\/v2\/media\/965"}],"wp:attachment":[{"href":"https:\/\/wankonbiotech.com\/fr\/wp-json\/wp\/v2\/media?parent=962"}],"wp:term":[{"taxonomy":"product_brand","embeddable":true,"href":"https:\/\/wankonbiotech.com\/fr\/wp-json\/wp\/v2\/product_brand?post=962"},{"taxonomy":"product_cat","embeddable":true,"href":"https:\/\/wankonbiotech.com\/fr\/wp-json\/wp\/v2\/product_cat?post=962"},{"taxonomy":"product_tag","embeddable":true,"href":"https:\/\/wankonbiotech.com\/fr\/wp-json\/wp\/v2\/product_tag?post=962"}],"curies":[{"name":"wp","href":"https:\/\/api.w.org\/{rel}","templated":true}]}}