{"id":956,"date":"2024-08-23T05:16:21","date_gmt":"2024-08-23T05:16:21","guid":{"rendered":"http:\/\/wankonbiotech.com\/?post_type=product&#038;p=956"},"modified":"2024-08-23T05:38:37","modified_gmt":"2024-08-23T05:38:37","slug":"organic-black-chia-seed","status":"publish","type":"product","link":"https:\/\/wankonbiotech.com\/fr\/produit-2\/graines-de-chia-noir-biologique-2\/","title":{"rendered":"Premium Organic Black Chia Seed Supplier"},"content":{"rendered":"<table>\n<tbody>\n<tr>\n<td colspan=\"1\" rowspan=\"1\"><strong>Nom du produit :<\/strong><\/td>\n<td colspan=\"1\" rowspan=\"1\">Graines de chia biologiques<\/td>\n<\/tr>\n<tr>\n<td colspan=\"1\" rowspan=\"1\"><strong>Pi\u00e8ce utilis\u00e9e :<\/strong><\/td>\n<td colspan=\"1\" rowspan=\"1\">Semences<\/td>\n<\/tr>\n<tr>\n<td colspan=\"1\" rowspan=\"1\"><strong>Application :<\/strong><\/td>\n<td colspan=\"1\" rowspan=\"1\">Compl\u00e9ment alimentaire<\/td>\n<\/tr>\n<tr>\n<td colspan=\"1\" rowspan=\"1\"><strong>Essai :<\/strong><\/td>\n<td colspan=\"1\" rowspan=\"1\">99%<\/td>\n<\/tr>\n<tr>\n<td colspan=\"1\" rowspan=\"1\"><strong>Grade :<\/strong><\/td>\n<td colspan=\"1\" rowspan=\"1\">Qualit\u00e9 alimentaire<\/td>\n<\/tr>\n<tr>\n<td colspan=\"1\" rowspan=\"1\"><strong>Dur\u00e9e de conservation :<\/strong><\/td>\n<td colspan=\"1\" rowspan=\"1\">2 ans<\/td>\n<\/tr>\n<\/tbody>\n<\/table>\n<h2><strong>Introduction<\/strong><\/h2>\n<p><strong>Graines de chia noires biologiques<\/strong> sont des super-aliments puissants, connus pour leur riche profil nutritionnel et leurs utilisations polyvalentes. Ces minuscules graines sont une source importante d'acides gras om\u00e9ga-3, de fibres, de prot\u00e9ines et d'antioxydants. Que vous cherchiez \u00e0 am\u00e9liorer votre alimentation quotidienne, \u00e0 soutenir la sant\u00e9 cardiaque ou simplement \u00e0 profiter d'un ingr\u00e9dient polyvalent dans vos repas, <strong>Graines de chia noires biologiques<\/strong> sont un excellent choix pour les consommateurs soucieux de leur sant\u00e9.<\/p>\n<h2><strong>Qu'est-ce que les graines de chia noires biologiques ?<\/strong><\/h2>\n<p><strong>Graines de chia noires biologiques<\/strong> proviennent de la plante <em>Salvia hispanica<\/em>Ces graines sont originaires d'Am\u00e9rique centrale et d'Am\u00e9rique du Sud. Ces graines sont depuis des si\u00e8cles un aliment de base des r\u00e9gimes alimentaires anciens, v\u00e9n\u00e9r\u00e9es pour leurs propri\u00e9t\u00e9s \u00e9nerg\u00e9tiques et leur densit\u00e9 nutritionnelle. Notre <strong>Graines de chia noires biologiques<\/strong> sont cultiv\u00e9s selon des normes biologiques strictes, garantissant qu'ils sont exempts de pesticides, d'herbicides et d'organismes g\u00e9n\u00e9tiquement modifi\u00e9s (OGM). Cet engagement en faveur de la qualit\u00e9 garantit que vous consommez un produit pur et naturel qui s'inscrit dans le cadre d'un mode de vie sain.<\/p>\n<p><img fetchpriority=\"high\" decoding=\"async\" class=\"alignnone wp-image-959 size-full\" src=\"http:\/\/wankonbiotech.com\/wp-content\/uploads\/2024\/08\/A-bowl-of-Organic-Black-Chia-Seeds-with-a-spoon-and-a-chia-seed-pudding.gif\" alt=\"Graines de chia noires biologiques\" width=\"1200\" height=\"600\" title=\"\"><\/p>\n<h2><strong>Les bienfaits des graines de chia noires biologiques<\/strong><\/h2>\n<p><strong>Graines de chia noires biologiques<\/strong> offrent de nombreux avantages pour la sant\u00e9, ce qui en fait un compl\u00e9ment pr\u00e9cieux \u00e0 tout r\u00e9gime alimentaire :<\/p>\n<ul>\n<li><strong>Riche en acides gras om\u00e9ga-3<\/strong>: Les graines de chia sont l'une des meilleures sources v\u00e9g\u00e9tales d'acides gras om\u00e9ga-3, essentiels \u00e0 la sant\u00e9 cardiaque et au fonctionnement du cerveau.<\/li>\n<li><strong>Teneur \u00e9lev\u00e9e en fibres<\/strong>: Ces graines regorgent de fibres alimentaires qui favorisent la sant\u00e9 digestive et aident \u00e0 maintenir un poids sant\u00e9 en vous rassasiant plus longtemps.<\/li>\n<li><strong>Excellente source de prot\u00e9ines<\/strong>: Les graines de chia contiennent les neuf acides amin\u00e9s essentiels, ce qui en fait une prot\u00e9ine compl\u00e8te, id\u00e9ale pour les v\u00e9g\u00e9tariens et les v\u00e9g\u00e9taliens.<\/li>\n<li><strong>Un concentr\u00e9 d'antioxydants<\/strong>: Les antioxydants contenus dans les graines de chia aident \u00e0 lutter contre les radicaux libres, r\u00e9duisant ainsi le stress oxydatif et favorisant la sant\u00e9 globale.<\/li>\n<\/ul>\n<h2><strong>Applications des graines de chia noires biologiques<\/strong><\/h2>\n<p><strong>Graines de chia noires biologiques<\/strong> sont incroyablement polyvalents et peuvent \u00eatre facilement incorpor\u00e9s dans diff\u00e9rents repas :<\/p>\n<ul>\n<li><strong>Smoothies et shakes<\/strong>: Ajoutez une cuill\u00e8re \u00e0 soupe de graines de chia \u00e0 vos smoothies ou milk-shakes pour les enrichir en nutriments.<\/li>\n<li><strong>P\u00e2tisserie<\/strong>: Utilisez les graines de chia dans le pain, les muffins ou les biscuits pour am\u00e9liorer leur contenu nutritionnel.<\/li>\n<li><strong>Puddings<\/strong>: Combinez les graines de chia avec votre lait ou substitut de lait pr\u00e9f\u00e9r\u00e9 pour cr\u00e9er un d\u00e9licieux pudding riche en nutriments.<\/li>\n<li><strong>Salades et yaourts<\/strong>: Saupoudrez les graines de chia sur les salades ou les yaourts pour ajouter de la texture et de la nutrition.<\/li>\n<\/ul>\n<h2><strong>Pourquoi choisir nos graines de chia noires biologiques ?<\/strong><\/h2>\n<p>Au <strong>Xi'an Wankangyuan Biotechnology Co, Ltd.<\/strong>Nous sommes fiers de produire des ingr\u00e9dients de haute qualit\u00e9, riches en nutriments. Nos <strong>Graines de chia noires biologiques<\/strong> proviennent des meilleures fermes biologiques et sont trait\u00e9s dans nos installations de pointe, ce qui garantit que chaque lot r\u00e9pond aux normes les plus strictes en mati\u00e8re de puret\u00e9 et de qualit\u00e9. Gr\u00e2ce \u00e0 notre vaste exp\u00e9rience dans l'industrie des mati\u00e8res premi\u00e8res alimentaires et des soins de sant\u00e9, vous pouvez \u00eatre s\u00fbr que nos produits vous aideront \u00e0 atteindre vos objectifs en mati\u00e8re de bien-\u00eatre.<\/p>\n<p>Notre processus de production est guid\u00e9 par des mesures strictes de contr\u00f4le de la qualit\u00e9, depuis la s\u00e9lection des semences jusqu'\u00e0 l'emballage final. Cette volont\u00e9 d'excellence garantit que chaque lot de <strong>Graines de chia noires biologiques<\/strong> conserve son int\u00e9grit\u00e9 nutritionnelle, vous offrant ainsi un produit aussi sain que polyvalent.<\/p>\n<h2><strong>Durabilit\u00e9 et assurance qualit\u00e9<\/strong><\/h2>\n<p>Notre <strong>Graines de chia noires biologiques<\/strong> sont produites dans un souci de durabilit\u00e9. Nous travaillons en \u00e9troite collaboration avec des agriculteurs qui pratiquent l'agriculture durable, ce qui garantit que nos graines de chia sont cultiv\u00e9es en harmonie avec la nature. En outre, notre usine de transformation respecte les BPF (bonnes pratiques de fabrication) et les normes ISO, ce qui garantit que vous recevez un produit s\u00fbr et de haute qualit\u00e9.<\/p>\n<p>Pour en savoir plus sur cet aliment et sur d'autres super-aliments de haute qualit\u00e9, consultez le site suivant <a href=\"http:\/\/wankonbiotech.com\/fr\/categorie-produit\/tisane-coupee\/\" target=\"_new\" rel=\"noopener\">La cat\u00e9gorie des super-aliments de Wankon Biotech<\/a>.<\/p>\n<p><!--more--><\/p>\n<h2><strong>FAQ<\/strong><\/h2>\n<p>Qu'est-ce qui fait des graines de chia noires biologiques un superaliment ?<br \/>\n<strong>Graines de chia noires biologiques<\/strong> sont consid\u00e9r\u00e9s comme des super-aliments en raison de leur teneur \u00e9lev\u00e9e en acides gras om\u00e9ga-3, en fibres, en prot\u00e9ines et en antioxydants.<\/p>\n<p>Comment puis-je utiliser les graines de chia noires biologiques dans mon r\u00e9gime alimentaire ?<br \/>\nVous pouvez ajouter <strong>Graines de chia noires biologiques<\/strong> dans les smoothies, les p\u00e2tisseries, les puddings, les salades et les yaourts pour un apport nutritif.<\/p>\n<p>Les graines de chia noires biologiques conviennent-elles aux v\u00e9g\u00e9taliens ?<br \/>\nOui, <strong>Graines de chia noires biologiques<\/strong> sont une source compl\u00e8te de prot\u00e9ines, ce qui les rend id\u00e9ales pour les r\u00e9gimes v\u00e9g\u00e9taliens et v\u00e9g\u00e9tariens.<\/p>\n<p>Quels sont les avantages pour la sant\u00e9 de la consommation de graines de chia noires biologiques ?<br \/>\n<strong>Graines de chia noires biologiques<\/strong> soutiennent la sant\u00e9 cardiaque, la sant\u00e9 digestive et aident \u00e0 maintenir un poids sain gr\u00e2ce \u00e0 leur teneur \u00e9lev\u00e9e en fibres et en om\u00e9ga-3.<\/p>\n<p>O\u00f9 puis-je acheter des graines de chia noires biologiques de haute qualit\u00e9 ?<br \/>\nVous pouvez acheter des <strong>Graines de chia noires biologiques<\/strong> aupr\u00e8s de fournisseurs de confiance tels que ceux de <a href=\"http:\/\/wankonbiotech.com\/fr\/categorie-produit\/proteines-vegetales-biologiques\/\" target=\"_new\" rel=\"noopener\">La cat\u00e9gorie des super-aliments de Wankon Biotech<\/a>.<\/p>","protected":false},"excerpt":{"rendered":"<p><strong>Graines de chia noires biologiques<\/strong> sont des super-aliments puissants, connus pour leur riche profil nutritionnel et leurs utilisations polyvalentes. Ces minuscules graines sont une source importante d'acides gras om\u00e9ga-3, de fibres, de prot\u00e9ines et d'antioxydants.<\/p>","protected":false},"featured_media":957,"template":"","meta":{"_acf_changed":false},"product_brand":[],"product_cat":[34],"product_tag":[],"class_list":{"0":"post-956","1":"product","2":"type-product","3":"status-publish","4":"has-post-thumbnail","6":"product_cat-herbal-tea-cut","8":"first","9":"instock","10":"shipping-taxable","11":"product-type-simple"},"acf":[],"_links":{"self":[{"href":"https:\/\/wankonbiotech.com\/fr\/wp-json\/wp\/v2\/product\/956","targetHints":{"allow":["GET"]}}],"collection":[{"href":"https:\/\/wankonbiotech.com\/fr\/wp-json\/wp\/v2\/product"}],"about":[{"href":"https:\/\/wankonbiotech.com\/fr\/wp-json\/wp\/v2\/types\/product"}],"wp:featuredmedia":[{"embeddable":true,"href":"https:\/\/wankonbiotech.com\/fr\/wp-json\/wp\/v2\/media\/957"}],"wp:attachment":[{"href":"https:\/\/wankonbiotech.com\/fr\/wp-json\/wp\/v2\/media?parent=956"}],"wp:term":[{"taxonomy":"product_brand","embeddable":true,"href":"https:\/\/wankonbiotech.com\/fr\/wp-json\/wp\/v2\/product_brand?post=956"},{"taxonomy":"product_cat","embeddable":true,"href":"https:\/\/wankonbiotech.com\/fr\/wp-json\/wp\/v2\/product_cat?post=956"},{"taxonomy":"product_tag","embeddable":true,"href":"https:\/\/wankonbiotech.com\/fr\/wp-json\/wp\/v2\/product_tag?post=956"}],"curies":[{"name":"wp","href":"https:\/\/api.w.org\/{rel}","templated":true}]}}