{"id":952,"date":"2024-08-21T16:09:39","date_gmt":"2024-08-21T16:09:39","guid":{"rendered":"http:\/\/wankonbiotech.com\/?post_type=product&#038;p=952"},"modified":"2024-11-20T01:23:24","modified_gmt":"2024-11-20T01:23:24","slug":"whey-protein-powder-for-bodybuilding-manufacturers","status":"publish","type":"product","link":"https:\/\/wankonbiotech.com\/fr\/produit-2\/fabricants-de-poudre-de-proteines-de-lactoserum-pour-la-musculation\/","title":{"rendered":"Prot\u00e9ines de lactos\u00e9rum en poudre pour le bodybuilding"},"content":{"rendered":"<table>\n<tbody>\n<tr>\n<td>\n<div><strong>Nom du produit<\/strong><\/div>\n<\/td>\n<td>\n<div class=\"magic-3\">Prot\u00e9ine de lactos\u00e9rum<\/div>\n<\/td>\n<\/tr>\n<tr>\n<td>\n<div><strong>Source<\/strong><\/div>\n<\/td>\n<td>\n<div class=\"magic-3\">lait<\/div>\n<\/td>\n<\/tr>\n<tr>\n<td>\n<div><strong>Apparence<\/strong><\/div>\n<\/td>\n<td>\n<div class=\"magic-3\">poudre blanc cass\u00e9<\/div>\n<\/td>\n<\/tr>\n<tr>\n<td>\n<div><strong>Sp\u00e9cifications<\/strong><\/div>\n<\/td>\n<td>\n<div class=\"magic-3\">90%<\/div>\n<\/td>\n<\/tr>\n<tr>\n<td>\n<div><strong>Temp\u00e9rature effective<\/strong><\/div>\n<\/td>\n<td>\n<div class=\"magic-3\">25-50\u00b0C<\/div>\n<\/td>\n<\/tr>\n<tr>\n<td>\n<div><strong>pH et temp\u00e9rature optimaux<\/strong><\/div>\n<\/td>\n<td>\n<div class=\"magic-3\">5.5~6.0\/33\u00b0C<\/div>\n<\/td>\n<\/tr>\n<tr>\n<td>\n<div><strong>Application<\/strong><\/div>\n<\/td>\n<td>\n<div class=\"magic-3\">Pr\u00e9parations enzymatiques<\/div>\n<\/td>\n<\/tr>\n<tr>\n<td>\n<div><strong>Certificat<\/strong><\/div>\n<\/td>\n<td>\n<div class=\"magic-3\">ISO Halal<\/div>\n<\/td>\n<\/tr>\n<tr>\n<td>\n<div><strong>Dur\u00e9e de conservation<\/strong><\/div>\n<\/td>\n<td>\n<div class=\"magic-3\">2 ans en cas de stockage ad\u00e9quat<\/div>\n<\/td>\n<\/tr>\n<\/tbody>\n<\/table>\n<h2><strong>Introduction<\/strong><\/h2>\n<p><strong>Prot\u00e9ines de lactos\u00e9rum<\/strong> est un suppl\u00e9ment prot\u00e9ique tr\u00e8s r\u00e9put\u00e9 pour sa capacit\u00e9 \u00e0 favoriser la r\u00e9cup\u00e9ration musculaire et la sant\u00e9 en g\u00e9n\u00e9ral. D\u00e9riv\u00e9 du lait pendant le processus de fabrication du fromage, <strong>Prot\u00e9ines de lactos\u00e9rum<\/strong> est riche en acides amin\u00e9s essentiels, ce qui en fait un compl\u00e9ment id\u00e9al pour les athl\u00e8tes, les amateurs de fitness et tous ceux qui cherchent \u00e0 augmenter leur apport en prot\u00e9ines. Que vous cherchiez \u00e0 d\u00e9velopper vos muscles, \u00e0 r\u00e9cup\u00e9rer apr\u00e8s l'entra\u00eenement ou simplement \u00e0 maintenir un r\u00e9gime alimentaire \u00e9quilibr\u00e9, ce suppl\u00e9ment est id\u00e9al pour les athl\u00e8tes, les adeptes du fitness et tous ceux qui cherchent \u00e0 am\u00e9liorer leur apport en prot\u00e9ines, <strong>Prot\u00e9ines de lactos\u00e9rum<\/strong> offre une solution pratique et efficace.<\/p>\n<h2><strong>Qu'est-ce que la prot\u00e9ine de lactos\u00e9rum ?<\/strong><\/h2>\n<p><strong>Prot\u00e9ines de lactos\u00e9rum<\/strong> est une prot\u00e9ine compl\u00e8te, c'est-\u00e0-dire qu'elle contient les neuf acides amin\u00e9s essentiels dont l'organisme a besoin mais qu'il ne peut pas produire lui-m\u00eame. Elle est rapidement absorb\u00e9e par l'organisme, ce qui la rend particuli\u00e8rement efficace pour la r\u00e9cup\u00e9ration post-entra\u00eenement. Il existe diff\u00e9rents types de <strong>Prot\u00e9ines de lactos\u00e9rum<\/strong> Il existe plusieurs types de prot\u00e9ines, notamment le concentr\u00e9, l'isolat et l'hydrolysat, qui varient tous en termes de teneur en prot\u00e9ines et de m\u00e9thodes de traitement. <strong>Prot\u00e9ines de lactos\u00e9rum<\/strong> est \u00e9galement naturellement pauvre en graisses et en hydrates de carbone, ce qui en fait un compl\u00e9ment polyvalent \u00e0 divers r\u00e9gimes alimentaires.<\/p>\n<h2><strong>Les bienfaits de la prot\u00e9ine de lactos\u00e9rum pour la sant\u00e9<\/strong><\/h2>\n<p>Le principal avantage de la <strong>Prot\u00e9ines de lactos\u00e9rum<\/strong> est son r\u00f4le dans la r\u00e9cup\u00e9ration et la croissance des muscles. Apr\u00e8s l'exercice, les muscles ont besoin de prot\u00e9ines pour se r\u00e9parer et se reconstruire. <strong>Prot\u00e9ines de lactos\u00e9rum<\/strong> fournit les \u00e9l\u00e9ments n\u00e9cessaires pour faciliter ce processus. Sa teneur \u00e9lev\u00e9e en acides amin\u00e9s \u00e0 cha\u00eene ramifi\u00e9e (BCAA), notamment en leucine, joue un r\u00f4le essentiel dans la stimulation de la synth\u00e8se des prot\u00e9ines musculaires.<\/p>\n<p><img fetchpriority=\"high\" decoding=\"async\" class=\"size-full wp-image-955 aligncenter\" src=\"http:\/\/wankonbiotech.com\/wp-content\/uploads\/2024\/08\/Whey-Protein-Powder-For-Bodybuilding-Manufacturers.jpg\" alt=\"Prot\u00e9ines de lactos\u00e9rum en poudre pour le bodybuilding Fabricants\" width=\"794\" height=\"595\" title=\"\" srcset=\"https:\/\/wankonbiotech.com\/wp-content\/uploads\/2024\/08\/Whey-Protein-Powder-For-Bodybuilding-Manufacturers.jpg 794w, https:\/\/wankonbiotech.com\/wp-content\/uploads\/2024\/08\/Whey-Protein-Powder-For-Bodybuilding-Manufacturers-300x225.jpg 300w, https:\/\/wankonbiotech.com\/wp-content\/uploads\/2024\/08\/Whey-Protein-Powder-For-Bodybuilding-Manufacturers-768x576.jpg 768w, https:\/\/wankonbiotech.com\/wp-content\/uploads\/2024\/08\/Whey-Protein-Powder-For-Bodybuilding-Manufacturers-16x12.jpg 16w, https:\/\/wankonbiotech.com\/wp-content\/uploads\/2024\/08\/Whey-Protein-Powder-For-Bodybuilding-Manufacturers-600x450.jpg 600w\" sizes=\"(max-width: 794px) 100vw, 794px\" \/><\/p>\n<p>En plus de ses propri\u00e9t\u00e9s de renforcement musculaire, <strong>Prot\u00e9ines de lactos\u00e9rum<\/strong> soutient la sant\u00e9 globale en aidant \u00e0 satisfaire les besoins quotidiens en prot\u00e9ines. Un apport ad\u00e9quat en prot\u00e9ines est essentiel pour maintenir la masse musculaire, soutenir la sant\u00e9 m\u00e9tabolique et favoriser la sati\u00e9t\u00e9, ce qui peut contribuer \u00e0 la gestion du poids. En outre, <strong>Prot\u00e9ines de lactos\u00e9rum<\/strong> est b\u00e9n\u00e9fique pour la sant\u00e9 immunitaire, car il contient des immunoglobulines et de la lactoferrine, qui soutiennent la r\u00e9ponse immunitaire de l'organisme.<\/p>\n<h2><strong>Applications de la prot\u00e9ine de lactos\u00e9rum<\/strong><\/h2>\n<p><strong>Prot\u00e9ines de lactos\u00e9rum<\/strong> est largement utilis\u00e9 comme compl\u00e9ment alimentaire et peut \u00eatre incorpor\u00e9 dans divers aliments et boissons :<\/p>\n<ul>\n<li><strong>Shakes post-entra\u00eenement :<\/strong> M\u00e9lang\u00e9 avec de l'eau ou du lait, <strong>Prot\u00e9ines de lactos\u00e9rum<\/strong> est un moyen simple et efficace de stimuler la r\u00e9cup\u00e9ration apr\u00e8s l'entra\u00eenement.<\/li>\n<li><strong>Remplacement de repas :<\/strong> Combin\u00e9 avec d'autres ingr\u00e9dients, <strong>Prot\u00e9ines de lactos\u00e9rum<\/strong> peut \u00eatre utilis\u00e9 dans les smoothies et les substituts de repas pour un repas \u00e9quilibr\u00e9 et riche en prot\u00e9ines.<\/li>\n<li><strong>P\u00e2tisserie :<\/strong> <strong>Prot\u00e9ines de lactos\u00e9rum<\/strong> peuvent \u00eatre ajout\u00e9s aux produits de boulangerie, tels que les cr\u00eapes et les muffins, afin d'augmenter leur teneur en prot\u00e9ines sans alt\u00e9rer de mani\u00e8re significative le go\u00fbt ou la texture.<\/li>\n<\/ul>\n<h2><strong>Pourquoi choisir la prot\u00e9ine de lactos\u00e9rum ?<\/strong><\/h2>\n<p>Choisir <strong>Prot\u00e9ines de lactos\u00e9rum<\/strong> garantit que vous obtenez une source de prot\u00e9ines de haute qualit\u00e9 et biodisponible qui favorise la r\u00e9cup\u00e9ration musculaire et la sant\u00e9 en g\u00e9n\u00e9ral. Sa polyvalence et sa facilit\u00e9 d'utilisation en font un aliment de base pour les athl\u00e8tes, les culturistes et les personnes soucieuses de leur sant\u00e9. En outre, <strong>Prot\u00e9ines de lactos\u00e9rum<\/strong> est \u00e9tay\u00e9 par des recherches approfondies, soulignant son efficacit\u00e9 pour favoriser la croissance musculaire, aider \u00e0 la gestion du poids et soutenir la fonction immunitaire.<\/p>\n<p><strong>Qualit\u00e9 et puret\u00e9<\/strong><\/p>\n<p>Lorsque l'on s\u00e9lectionne <strong>Prot\u00e9ines de lactos\u00e9rum<\/strong>Il est donc important de choisir un produit pur, exempt d'additifs inutiles et provenant d'un lait de haute qualit\u00e9. Recherchez des certifications telles que \"sans OGM\" et assurez-vous que le produit est soumis \u00e0 des tests rigoureux pour garantir sa qualit\u00e9 et son efficacit\u00e9.<\/p>","protected":false},"excerpt":{"rendered":"<p>La prot\u00e9ine de lactos\u00e9rum est connue comme le roi de la prot\u00e9ine, extraite du lait d'une prot\u00e9ine \u00e0 haute valeur nutritionnelle, facile \u00e0 dig\u00e9rer, avec des caract\u00e9ristiques d'absorption et une vari\u00e9t\u00e9 d'ingr\u00e9dients actifs.<\/p>","protected":false},"featured_media":954,"template":"","meta":{"_acf_changed":false},"product_brand":[],"product_cat":[36],"product_tag":[],"class_list":{"0":"post-952","1":"product","2":"type-product","3":"status-publish","4":"has-post-thumbnail","6":"product_cat-nutritional-formula-blend-powder","8":"first","9":"instock","10":"shipping-taxable","11":"product-type-simple"},"acf":[],"_links":{"self":[{"href":"https:\/\/wankonbiotech.com\/fr\/wp-json\/wp\/v2\/product\/952","targetHints":{"allow":["GET"]}}],"collection":[{"href":"https:\/\/wankonbiotech.com\/fr\/wp-json\/wp\/v2\/product"}],"about":[{"href":"https:\/\/wankonbiotech.com\/fr\/wp-json\/wp\/v2\/types\/product"}],"wp:featuredmedia":[{"embeddable":true,"href":"https:\/\/wankonbiotech.com\/fr\/wp-json\/wp\/v2\/media\/954"}],"wp:attachment":[{"href":"https:\/\/wankonbiotech.com\/fr\/wp-json\/wp\/v2\/media?parent=952"}],"wp:term":[{"taxonomy":"product_brand","embeddable":true,"href":"https:\/\/wankonbiotech.com\/fr\/wp-json\/wp\/v2\/product_brand?post=952"},{"taxonomy":"product_cat","embeddable":true,"href":"https:\/\/wankonbiotech.com\/fr\/wp-json\/wp\/v2\/product_cat?post=952"},{"taxonomy":"product_tag","embeddable":true,"href":"https:\/\/wankonbiotech.com\/fr\/wp-json\/wp\/v2\/product_tag?post=952"}],"curies":[{"name":"wp","href":"https:\/\/api.w.org\/{rel}","templated":true}]}}