{"id":948,"date":"2024-08-21T15:46:24","date_gmt":"2024-08-21T15:46:24","guid":{"rendered":"http:\/\/wankonbiotech.com\/?post_type=product&#038;p=948"},"modified":"2024-08-21T15:53:48","modified_gmt":"2024-08-21T15:53:48","slug":"organic-papain-powder-papain-enzyme-powder","status":"publish","type":"product","link":"https:\/\/wankonbiotech.com\/fr\/produit-2\/poudre-de-papaine-biologique-poudre-denzyme-de-papaine-2\/","title":{"rendered":"Papa\u00efne organique en poudre blanche de qualit\u00e9 alimentaire \/ Papa\u00efne enzymatique en poudre"},"content":{"rendered":"<table>\n<tbody>\n<tr style=\"height: 24px;\">\n<td><strong>Nom du produit<\/strong><\/td>\n<td>Papa\u00efne en poudre biologique<\/td>\n<td><strong>Nom latin<\/strong><\/td>\n<td>Quine commune<\/td>\n<\/tr>\n<tr style=\"height: 24px;\">\n<td><strong>Partie utilis\u00e9e<\/strong><\/td>\n<td>Fruits<\/td>\n<td><strong>Apparence<\/strong><\/td>\n<td>Blanc Poudre fine<\/td>\n<\/tr>\n<tr style=\"height: 24px;\">\n<td><strong>Sp\u00e9cifications<\/strong><\/td>\n<td colspan=\"3\">Poudre pure<\/td>\n<\/tr>\n<tr style=\"height: 24px;\">\n<td><strong>Stockage<\/strong><\/td>\n<td colspan=\"3\">Conserver dans un r\u00e9cipient bien ferm\u00e9, \u00e0 l'abri de l'humidit\u00e9 et de la lumi\u00e8re directe du soleil.<\/td>\n<\/tr>\n<tr style=\"height: 12px;\">\n<td><strong>Dur\u00e9e de conservation<\/strong><\/td>\n<td colspan=\"3\">24 mois s'il est scell\u00e9 et stock\u00e9 correctement<\/td>\n<\/tr>\n<tr style=\"height: 24px;\">\n<td><strong>M\u00e9thode de st\u00e9rilisation<\/strong><\/td>\n<td colspan=\"3\">Haute temp\u00e9rature, non irradi\u00e9.<\/td>\n<\/tr>\n<\/tbody>\n<\/table>\n<h2><strong>Introduction<\/strong><\/h2>\n<p><strong>Papa\u00efne en poudre<\/strong> est d'utiliser des plantes d'ing\u00e9nierie biologique \u00e0 partir d'extraits de fruits immatures de papaye de produits biologiques et naturels, il est compos\u00e9 de 212 acides amin\u00e9s, d'un poids mol\u00e9culaire de 21 000, appartient aux enzymes \u00e0 cha\u00eene peptidique contenant du soufre (SH), a une activit\u00e9 enzymatique de prot\u00e9ase et d'ester, et poss\u00e8de une large gamme de sp\u00e9cificit\u00e9s, Les prot\u00e9ines, les polypeptides des plantes et des animaux, les esters, les amides, etc. ont une forte capacit\u00e9 de solution enzymatique, mais ont \u00e9galement la capacit\u00e9 de synth\u00e8se, le contenu de l'hydrolyse des prot\u00e9ines pour synth\u00e9tiser des mat\u00e9riaux de type prot\u00e9ique, cette capacit\u00e9 peut \u00eatre utilis\u00e9e pour am\u00e9liorer la valeur nutritionnelle des prot\u00e9ines v\u00e9g\u00e9tales et animales de la nature ou de la fonction.<\/p>\n<p><img fetchpriority=\"high\" decoding=\"async\" class=\"alignnone size-full wp-image-951\" src=\"http:\/\/wankonbiotech.com\/wp-content\/uploads\/2024\/08\/Organic-Papain-Powder.jpg\" alt=\" Un bol de poudre de papa\u00efne biologique avec des tranches de papaye fra\u00eeche et des compl\u00e9ments digestifs \u00e0 proximit\u00e9.\" width=\"2000\" height=\"1333\" title=\"\" srcset=\"https:\/\/wankonbiotech.com\/wp-content\/uploads\/2024\/08\/Organic-Papain-Powder.jpg 2000w, https:\/\/wankonbiotech.com\/wp-content\/uploads\/2024\/08\/Organic-Papain-Powder-300x200.jpg 300w, https:\/\/wankonbiotech.com\/wp-content\/uploads\/2024\/08\/Organic-Papain-Powder-1024x682.jpg 1024w, https:\/\/wankonbiotech.com\/wp-content\/uploads\/2024\/08\/Organic-Papain-Powder-768x512.jpg 768w, https:\/\/wankonbiotech.com\/wp-content\/uploads\/2024\/08\/Organic-Papain-Powder-1536x1024.jpg 1536w, https:\/\/wankonbiotech.com\/wp-content\/uploads\/2024\/08\/Organic-Papain-Powder-18x12.jpg 18w, https:\/\/wankonbiotech.com\/wp-content\/uploads\/2024\/08\/Organic-Papain-Powder-600x400.jpg 600w\" sizes=\"(max-width: 2000px) 100vw, 2000px\" \/><\/p>\n<p>D\u00e9finition de l'activit\u00e9 enzymatique : spectrophotom\u00e9trie ultraviolette points : lors de la d\u00e9termination des conditions (37 + \/-0,2 \u00b0C ; PH 7,0), chaque minute d'hydrolysat d'acides de cas\u00e9ine lib\u00e8re de l'acide dichloroisocyanurique substance soluble dans la longueur d'onde de 275 nm ont un pouvoir absorbant et 1 microgramme de tyrosine spectrophotom\u00e9trie est tout \u00e0 fait, les enzymes n\u00e9cessaires pour une vitalit\u00e9 de cette unit\u00e9 par u\/g.<\/p>\n<h2><strong>Qu'est-ce que la poudre de papa\u00efne biologique ?<\/strong><\/h2>\n<p><strong>Papa\u00efne en poudre biologique<\/strong> est d\u00e9riv\u00e9 du latex du fruit de la papaye (<em>Carica papaya<\/em>). Cette enzyme est connue pour ses propri\u00e9t\u00e9s prot\u00e9olytiques, c'est-\u00e0-dire qu'elle aide \u00e0 d\u00e9composer les prot\u00e9ines en peptides et acides amin\u00e9s plus petits. En raison de son origine naturelle et de son efficacit\u00e9, <strong>Papa\u00efne<\/strong> est largement utilis\u00e9 comme aide digestive, comme attendrisseur de viande et comme ingr\u00e9dient dans les formules de soins de la peau. Lorsqu'il est d'origine biologique, <strong>Papa\u00efne en poudre<\/strong> offre l'avantage suppl\u00e9mentaire d'\u00eatre exempt de pesticides et d'additifs synth\u00e9tiques, ce qui correspond aux pr\u00e9f\u00e9rences des consommateurs soucieux de l'environnement et des labels propres.<\/p>\n<h2><strong>Avantages pour la sant\u00e9 de la poudre de papa\u00efne biologique<\/strong><\/h2>\n<p>Le principal avantage de la <strong>Papa\u00efne en poudre biologique<\/strong> r\u00e9side dans sa capacit\u00e9 \u00e0 faciliter la digestion. En d\u00e9composant plus efficacement les prot\u00e9ines, <strong>Papa\u00efne<\/strong> aide \u00e0 r\u00e9duire les ballonnements, les gaz et les indigestions, ce qui en fait un excellent rem\u00e8de naturel contre l'inconfort digestif. Il est particuli\u00e8rement b\u00e9n\u00e9fique pour les personnes souffrant de troubles digestifs ou ayant des difficult\u00e9s \u00e0 dig\u00e9rer les aliments riches en prot\u00e9ines.<\/p>\n<p>En plus de ses bienfaits pour la digestion, <strong>Papa\u00efne en poudre biologique<\/strong> poss\u00e8de des propri\u00e9t\u00e9s anti-inflammatoires. Il peut contribuer \u00e0 r\u00e9duire l'inflammation et \u00e0 favoriser la cicatrisation, ce qui le rend utile \u00e0 la fois dans les compl\u00e9ments alimentaires et dans les applications topiques. Par exemple, il est couramment utilis\u00e9 dans les produits de soin de la peau pour exfolier la peau en douceur, \u00e9liminer les cellules mortes et favoriser un teint plus clair.<\/p>\n<h2><strong>Applications de la poudre de papa\u00efne organique<\/strong><\/h2>\n<p><strong>Papa\u00efne en poudre biologique<\/strong> est tr\u00e8s polyvalent et peut \u00eatre utilis\u00e9 dans diverses industries :<\/p>\n<ul>\n<li><strong>Industrie alimentaire :<\/strong> Utilis\u00e9 comme attendrisseur naturel, il am\u00e9liore la texture des viandes et est \u00e9galement employ\u00e9 dans les compl\u00e9ments prot\u00e9iques pour faciliter la digestion.<\/li>\n<li><strong>Soins de sant\u00e9<\/strong> Couramment utilis\u00e9 dans les compl\u00e9ments digestifs, <strong>Papa\u00efne<\/strong> favorise la sant\u00e9 digestive et l'assimilation des prot\u00e9ines.<\/li>\n<li><strong>Cosm\u00e9tiques :<\/strong> Pr\u00e9sente dans les gommages, les masques et autres produits de soins de la peau, <strong>Papa\u00efne<\/strong> favorise le renouvellement et la clart\u00e9 de la peau.<\/li>\n<\/ul>\n<h2><strong>Pourquoi choisir la poudre de papa\u00efne biologique ?<\/strong><\/h2>\n<p>Choisir <strong>Papa\u00efne en poudre biologique<\/strong> garantit que vous obtenez une enzyme naturelle de haute qualit\u00e9, exempte de produits chimiques nocifs. Provenant de papayes cultiv\u00e9es biologiquement, cette poudre d'enzyme est id\u00e9ale pour les consommateurs et les fabricants soucieux de la sant\u00e9, de la durabilit\u00e9 et des ingr\u00e9dients propres \u00e0 l'\u00e9tiquetage. Son large \u00e9ventail d'applications et d'avantages en fait un compl\u00e9ment pr\u00e9cieux \u00e0 votre r\u00e9gime de sant\u00e9 et \u00e0 la formulation de vos produits.<\/p>","protected":false},"excerpt":{"rendered":"<p><strong>Papa\u00efne en poudre biologique<\/strong> est d\u00e9riv\u00e9 du latex du fruit de la papaye (<em>Carica papaya<\/em>). Cette enzyme est connue pour ses propri\u00e9t\u00e9s prot\u00e9olytiques, c'est-\u00e0-dire qu'elle aide \u00e0 d\u00e9composer les prot\u00e9ines en peptides et acides amin\u00e9s plus petits. En raison de son origine naturelle et de son efficacit\u00e9, <strong>Papa\u00efne<\/strong> est largement utilis\u00e9 comme aide digestive, comme attendrisseur de viande et comme ingr\u00e9dient dans les formules de soins de la peau. Lorsqu'il est d'origine biologique, <strong>Papa\u00efne en poudre<\/strong> offre l'avantage suppl\u00e9mentaire d'\u00eatre exempt de pesticides et d'additifs synth\u00e9tiques, ce qui correspond aux pr\u00e9f\u00e9rences des consommateurs soucieux de l'environnement et des labels propres.<\/p>","protected":false},"featured_media":949,"template":"","meta":{"_acf_changed":false},"product_brand":[],"product_cat":[38],"product_tag":[],"class_list":{"0":"post-948","1":"product","2":"type-product","3":"status-publish","4":"has-post-thumbnail","6":"product_cat-organic-juice-concentrate","8":"first","9":"instock","10":"shipping-taxable","11":"product-type-simple"},"acf":[],"_links":{"self":[{"href":"https:\/\/wankonbiotech.com\/fr\/wp-json\/wp\/v2\/product\/948","targetHints":{"allow":["GET"]}}],"collection":[{"href":"https:\/\/wankonbiotech.com\/fr\/wp-json\/wp\/v2\/product"}],"about":[{"href":"https:\/\/wankonbiotech.com\/fr\/wp-json\/wp\/v2\/types\/product"}],"wp:featuredmedia":[{"embeddable":true,"href":"https:\/\/wankonbiotech.com\/fr\/wp-json\/wp\/v2\/media\/949"}],"wp:attachment":[{"href":"https:\/\/wankonbiotech.com\/fr\/wp-json\/wp\/v2\/media?parent=948"}],"wp:term":[{"taxonomy":"product_brand","embeddable":true,"href":"https:\/\/wankonbiotech.com\/fr\/wp-json\/wp\/v2\/product_brand?post=948"},{"taxonomy":"product_cat","embeddable":true,"href":"https:\/\/wankonbiotech.com\/fr\/wp-json\/wp\/v2\/product_cat?post=948"},{"taxonomy":"product_tag","embeddable":true,"href":"https:\/\/wankonbiotech.com\/fr\/wp-json\/wp\/v2\/product_tag?post=948"}],"curies":[{"name":"wp","href":"https:\/\/api.w.org\/{rel}","templated":true}]}}