{"id":943,"date":"2024-08-20T14:54:19","date_gmt":"2024-08-20T14:54:19","guid":{"rendered":"http:\/\/wankonbiotech.com\/?post_type=product&#038;p=943"},"modified":"2024-11-07T05:27:12","modified_gmt":"2024-11-07T05:27:12","slug":"cepharanthine-powder","status":"publish","type":"product","link":"https:\/\/wankonbiotech.com\/fr\/produit-2\/poudre-de-cepharanthine-2\/","title":{"rendered":"Extrait naturel de Stephania Japonica 98% Cepharanthine en poudre"},"content":{"rendered":"<table>\n<tbody>\n<tr>\n<td><strong>Nom du produit<\/strong><\/td>\n<td>C\u00e9pharanthine en poudre<\/td>\n<td><strong>Nom latin<\/strong><\/td>\n<td>Extrait de Stephania Japonica<\/td>\n<\/tr>\n<tr>\n<td><strong>Partie utilis\u00e9e<\/strong><\/td>\n<td>Racine<\/td>\n<td><strong>Apparence<\/strong><\/td>\n<td>Poudre blanche<\/td>\n<\/tr>\n<tr>\n<td><strong>Stockage<\/strong><\/td>\n<td colspan=\"3\">Conserver dans un r\u00e9cipient bien ferm\u00e9, \u00e0 l'abri de l'humidit\u00e9 et de la lumi\u00e8re directe du soleil.<\/td>\n<\/tr>\n<tr>\n<td><strong>Dur\u00e9e de conservation<\/strong><\/td>\n<td colspan=\"3\">24 mois s'il est scell\u00e9 et stock\u00e9 correctement<\/td>\n<\/tr>\n<tr>\n<td><strong>MOQ<\/strong><\/td>\n<td colspan=\"3\">10g.<\/td>\n<\/tr>\n<\/tbody>\n<\/table>\n<h2><strong>Introduction<\/strong><\/h2>\n<p><strong>C\u00e9pharanthine en poudre<\/strong>\u00a0 est extraite des racines d'une plante end\u00e9mique de la province du Yunnan, Stephania japonica (Thunb.) Miers. La c\u00e9pharanthine peut augmenter le nombre de leucocytes du sang p\u00e9riph\u00e9rique et favoriser l'hyperplasie du tissu de la moelle osseuse. Elle est principalement utilis\u00e9e pour rem\u00e9dier \u00e0 la diminution et au manque de leucocytes provoqu\u00e9s par la chimioth\u00e9rapie anticanc\u00e9reuse et d'autres facteurs. Elle est maintenant utilis\u00e9e dans le traitement du purpura thrombocytop\u00e9nique. Il est facile \u00e0 doser pour l'inhibition de la fibrose pulmonaire sans effets ind\u00e9sirables significatifs.<\/p>\n<p><img fetchpriority=\"high\" decoding=\"async\" class=\"alignnone wp-image-945 size-full\" src=\"http:\/\/wankonbiotech.com\/wp-content\/uploads\/2024\/08\/Stephania-Japonica-Extract.webp\" alt=\"Extrait de Stephania Japonica\" width=\"1024\" height=\"768\" title=\"\" srcset=\"https:\/\/wankonbiotech.com\/wp-content\/uploads\/2024\/08\/Stephania-Japonica-Extract.webp 1024w, https:\/\/wankonbiotech.com\/wp-content\/uploads\/2024\/08\/Stephania-Japonica-Extract-300x225.webp 300w, https:\/\/wankonbiotech.com\/wp-content\/uploads\/2024\/08\/Stephania-Japonica-Extract-768x576.webp 768w, https:\/\/wankonbiotech.com\/wp-content\/uploads\/2024\/08\/Stephania-Japonica-Extract-16x12.webp 16w, https:\/\/wankonbiotech.com\/wp-content\/uploads\/2024\/08\/Stephania-Japonica-Extract-600x450.webp 600w\" sizes=\"(max-width: 1024px) 100vw, 1024px\" \/><\/p>\n<h2><strong>Qu'est-ce que la c\u00e9pharanthine en poudre ?<\/strong><\/h2>\n<p><strong>C\u00e9pharanthine en poudre<\/strong> est extraite de la base de donn\u00e9es <em>Stephania cepharantha<\/em> originaire d'Asie. Ce compos\u00e9 d\u00e9riv\u00e9 de la plante est un alcalo\u00efde connu pour ses propri\u00e9t\u00e9s pharmacologiques, notamment ses effets anti-inflammatoires, antioxydants et immunomodulateurs. <strong>C\u00e9pharanthine<\/strong> agit en modulant les r\u00e9ponses immunitaires et en r\u00e9duisant l'inflammation, ce qui le rend pr\u00e9cieux dans les pratiques m\u00e9dicales traditionnelles et modernes.<img decoding=\"async\" class=\"alignnone wp-image-946 size-full\" src=\"http:\/\/wankonbiotech.com\/wp-content\/uploads\/2024\/08\/Stephania-Japonica-Extract1.webp\" alt=\"C\u00e9pharanthine en poudre\" width=\"1618\" height=\"1080\" title=\"\" srcset=\"https:\/\/wankonbiotech.com\/wp-content\/uploads\/2024\/08\/Stephania-Japonica-Extract1.webp 1618w, https:\/\/wankonbiotech.com\/wp-content\/uploads\/2024\/08\/Stephania-Japonica-Extract1-300x200.webp 300w, https:\/\/wankonbiotech.com\/wp-content\/uploads\/2024\/08\/Stephania-Japonica-Extract1-1024x684.webp 1024w, https:\/\/wankonbiotech.com\/wp-content\/uploads\/2024\/08\/Stephania-Japonica-Extract1-768x513.webp 768w, https:\/\/wankonbiotech.com\/wp-content\/uploads\/2024\/08\/Stephania-Japonica-Extract1-1536x1025.webp 1536w, https:\/\/wankonbiotech.com\/wp-content\/uploads\/2024\/08\/Stephania-Japonica-Extract1-18x12.webp 18w, https:\/\/wankonbiotech.com\/wp-content\/uploads\/2024\/08\/Stephania-Japonica-Extract1-600x400.webp 600w\" sizes=\"(max-width: 1618px) 100vw, 1618px\" \/><\/p>\n<h2><strong>Avantages pour la sant\u00e9 de la poudre de c\u00e9pharanthine<\/strong><\/h2>\n<p><strong>C\u00e9pharanthine en poudre<\/strong> est tr\u00e8s appr\u00e9ci\u00e9 pour sa capacit\u00e9 \u00e0 soutenir la fonction immunitaire. Il renforce les d\u00e9fenses naturelles de l'organisme en modulant le syst\u00e8me immunitaire, ce qui l'aide \u00e0 r\u00e9agir plus efficacement aux agents pathog\u00e8nes. Il est donc particuli\u00e8rement utile pour ceux qui cherchent \u00e0 renforcer leur sant\u00e9 immunitaire, notamment en p\u00e9riode de stress ou de maladie.<\/p>\n<p>En plus de ses propri\u00e9t\u00e9s de renforcement du syst\u00e8me immunitaire, <strong>C\u00e9pharanthine en poudre<\/strong> est connu pour ses effets anti-inflammatoires. Elle contribue \u00e0 r\u00e9duire l'inflammation en inhibant la production de cytokines inflammatoires, qui sont impliqu\u00e9es dans l'inflammation chronique et diverses affections. Cette action anti-inflammatoire rend <strong>C\u00e9pharanthine en poudre<\/strong> b\u00e9n\u00e9fique pour les personnes souffrant de troubles inflammatoires ou cherchant \u00e0 pr\u00e9venir l'inflammation chronique.<\/p>\n<h2><strong>Applications de la c\u00e9pharanthine en poudre<\/strong><\/h2>\n<p><strong>C\u00e9pharanthine en poudre<\/strong> est polyvalent dans ses applications. Il peut \u00eatre utilis\u00e9 comme compl\u00e9ment alimentaire pour soutenir la sant\u00e9 immunitaire et r\u00e9duire l'inflammation. En outre, il fait l'objet d'\u00e9tudes pour ses avantages potentiels dans le traitement d'une s\u00e9rie de maladies, notamment les troubles auto-immuns, le cancer et les infections virales. Sa capacit\u00e9 \u00e0 am\u00e9liorer la sant\u00e9 cellulaire et \u00e0 prot\u00e9ger contre le stress oxydatif en fait \u00e9galement un compl\u00e9ment pr\u00e9cieux aux r\u00e9gimes anti-\u00e2ge.<\/p>\n<h2><strong>Pourquoi choisir la c\u00e9pharanthine en poudre ?<\/strong><\/h2>\n<p>Choisir <strong>C\u00e9pharanthine en poudre<\/strong> offre un moyen naturel et efficace de soutenir votre sant\u00e9. Contrairement aux m\u00e9dicaments de synth\u00e8se, <strong>C\u00e9pharanthine<\/strong> est d\u00e9riv\u00e9 d'une source naturelle et est utilis\u00e9 traditionnellement depuis des si\u00e8cles. Son large \u00e9ventail de bienfaits, allant du soutien immunitaire aux effets anti-inflammatoires, en fait un compl\u00e9ment pr\u00e9cieux pour le bien-\u00eatre g\u00e9n\u00e9ral.<\/p>\n<h2><strong>Qualit\u00e9 et puret\u00e9<\/strong><\/h2>\n<p>Lorsque l'on s\u00e9lectionne <strong>C\u00e9pharanthine en poudre<\/strong>Il est donc important de choisir un produit pur et exempt de contaminants. Les produits de haute qualit\u00e9 <strong>C\u00e9pharanthine<\/strong> sont fabriqu\u00e9s selon des normes strictes de contr\u00f4le de la qualit\u00e9, ce qui garantit qu'ils apportent les bienfaits souhait\u00e9s pour la sant\u00e9 sans aucun additif nocif.<\/p>","protected":false},"excerpt":{"rendered":"<p><strong>C\u00e9pharanthine<\/strong> La poudre est extraite des racines de la plante end\u00e9mique de la province du Yunnan, Stephania japonica (Thunb.) Miers. La c\u00e9pharanthine peut augmenter le nombre de leucocytes du sang p\u00e9riph\u00e9rique et favoriser l'hyperplasie du tissu de la moelle osseuse. Elle est principalement utilis\u00e9e pour rem\u00e9dier \u00e0 la diminution et au manque de leucocytes provoqu\u00e9s par la chimioth\u00e9rapie anticanc\u00e9reuse et d'autres facteurs.<\/p>","protected":false},"featured_media":944,"template":"","meta":{"_acf_changed":false},"product_brand":[],"product_cat":[40],"product_tag":[],"class_list":{"0":"post-943","1":"product","2":"type-product","3":"status-publish","4":"has-post-thumbnail","6":"product_cat-organic-plant-extract","8":"first","9":"instock","10":"shipping-taxable","11":"product-type-simple"},"acf":[],"_links":{"self":[{"href":"https:\/\/wankonbiotech.com\/fr\/wp-json\/wp\/v2\/product\/943","targetHints":{"allow":["GET"]}}],"collection":[{"href":"https:\/\/wankonbiotech.com\/fr\/wp-json\/wp\/v2\/product"}],"about":[{"href":"https:\/\/wankonbiotech.com\/fr\/wp-json\/wp\/v2\/types\/product"}],"wp:featuredmedia":[{"embeddable":true,"href":"https:\/\/wankonbiotech.com\/fr\/wp-json\/wp\/v2\/media\/944"}],"wp:attachment":[{"href":"https:\/\/wankonbiotech.com\/fr\/wp-json\/wp\/v2\/media?parent=943"}],"wp:term":[{"taxonomy":"product_brand","embeddable":true,"href":"https:\/\/wankonbiotech.com\/fr\/wp-json\/wp\/v2\/product_brand?post=943"},{"taxonomy":"product_cat","embeddable":true,"href":"https:\/\/wankonbiotech.com\/fr\/wp-json\/wp\/v2\/product_cat?post=943"},{"taxonomy":"product_tag","embeddable":true,"href":"https:\/\/wankonbiotech.com\/fr\/wp-json\/wp\/v2\/product_tag?post=943"}],"curies":[{"name":"wp","href":"https:\/\/api.w.org\/{rel}","templated":true}]}}