{"id":933,"date":"2024-08-19T15:53:40","date_gmt":"2024-08-19T15:53:40","guid":{"rendered":"http:\/\/wankonbiotech.com\/?post_type=product&#038;p=933"},"modified":"2024-08-19T16:11:59","modified_gmt":"2024-08-19T16:11:59","slug":"d-mannose","status":"publish","type":"product","link":"https:\/\/wankonbiotech.com\/fr\/produit-2\/d-mannose\/","title":{"rendered":"\u00c9dulcorant de qualit\u00e9 alimentaire D Mannose D-Mannose en poudre"},"content":{"rendered":"<table>\n<tbody>\n<tr>\n<td><strong>Objet<\/strong><\/td>\n<td>Sp\u00e9cifications<\/td>\n<\/tr>\n<tr>\n<td><strong>Nom du produit<\/strong><\/td>\n<td>D-Mannose<\/td>\n<\/tr>\n<tr>\n<td><strong>Essai<\/strong><\/td>\n<td>99%<\/td>\n<\/tr>\n<tr>\n<td><strong>Apparence<\/strong><\/td>\n<td>Poudre cristalline blanche<\/td>\n<\/tr>\n<tr>\n<td><strong>Cas No.<\/strong><\/td>\n<td>3458-28-4<\/td>\n<\/tr>\n<tr>\n<td><strong>Formule mol\u00e9culaire<\/strong><\/td>\n<td>C6H12O6<\/td>\n<\/tr>\n<tr>\n<td><strong>Poids mol\u00e9culaire<\/strong><\/td>\n<td>180.16<\/td>\n<\/tr>\n<\/tbody>\n<\/table>\n<h2><strong>Introduction<\/strong><\/h2>\n<p><strong>D-Mannose<\/strong> est un suppl\u00e9ment naturel reconnu pour son efficacit\u00e9 dans le soutien de la sant\u00e9 des voies urinaires. Ce sucre simple, que l'on trouve dans divers fruits et l\u00e9gumes, est connu pour sa capacit\u00e9 unique \u00e0 aider \u00e0 pr\u00e9venir les infections des voies urinaires (IVU) sans avoir besoin d'antibiotiques. S\u00fbr, naturel et bien tol\u00e9r\u00e9, <strong>D-Mannose<\/strong> devient un choix populaire pour ceux qui cherchent \u00e0 maintenir leur sant\u00e9 urinaire de fa\u00e7on naturelle.<\/p>\n<p><img fetchpriority=\"high\" decoding=\"async\" class=\"alignnone size-full wp-image-937\" src=\"http:\/\/wankonbiotech.com\/wp-content\/uploads\/2024\/08\/D-Mannose-1.png\" alt=\"D-Mannose\" width=\"1350\" height=\"650\" title=\"\" srcset=\"https:\/\/wankonbiotech.com\/wp-content\/uploads\/2024\/08\/D-Mannose-1.png 1350w, https:\/\/wankonbiotech.com\/wp-content\/uploads\/2024\/08\/D-Mannose-1-300x144.png 300w, https:\/\/wankonbiotech.com\/wp-content\/uploads\/2024\/08\/D-Mannose-1-1024x493.png 1024w, https:\/\/wankonbiotech.com\/wp-content\/uploads\/2024\/08\/D-Mannose-1-768x370.png 768w, https:\/\/wankonbiotech.com\/wp-content\/uploads\/2024\/08\/D-Mannose-1-18x9.png 18w, https:\/\/wankonbiotech.com\/wp-content\/uploads\/2024\/08\/D-Mannose-1-600x289.png 600w\" sizes=\"(max-width: 1350px) 100vw, 1350px\" \/><\/p>\n<h2><strong>Qu'est-ce que le D-Mannose ?<\/strong><\/h2>\n<p><strong>D-Mannose<\/strong> est un type de sucre qui est \u00e9troitement li\u00e9 au glucose, mais qui est m\u00e9tabolis\u00e9 diff\u00e9remment par l'organisme. Contrairement au glucose, qui est utilis\u00e9 comme source d'\u00e9nergie, <strong>D-Mannose<\/strong> traverse les voies urinaires presque sans modification. Cette propri\u00e9t\u00e9 unique lui permet de se lier aux bact\u00e9ries, en particulier \u00e0 E. coli, qui sont g\u00e9n\u00e9ralement responsables des infections urinaires. En se fixant \u00e0 ces bact\u00e9ries, <strong>D-Mannose<\/strong> contribue \u00e0 les \u00e9vacuer des voies urinaires, les emp\u00eachant ainsi de coller aux parois de la vessie et de provoquer des infections.<\/p>\n<h2><strong>Les bienfaits du D-Mannose pour la sant\u00e9<\/strong><\/h2>\n<p>Le principal avantage de la <strong>D-Mannose<\/strong> est sa capacit\u00e9 \u00e0 soutenir la sant\u00e9 des voies urinaires en pr\u00e9venant et en g\u00e9rant les infections urinaires. Il est particuli\u00e8rement efficace contre les infections r\u00e9currentes, offrant une alternative naturelle aux antibiotiques. <strong>D-Mannose<\/strong> agit en emp\u00eachant les bact\u00e9ries nocives d'adh\u00e9rer aux parois des voies urinaires, r\u00e9duisant ainsi le risque d'infection.<\/p>\n<p>Contrairement aux antibiotiques, qui peuvent perturber l'\u00e9quilibre des bact\u00e9ries saines dans l'organisme, <strong>D-Mannose<\/strong> cible s\u00e9lectivement les bact\u00e9ries nocives, contribuant ainsi au maintien d'un microbiome sain. Il s'agit donc d'une option s\u00fbre pour une utilisation \u00e0 long terme, sans risque de r\u00e9sistance aux antibiotiques.<\/p>\n<h2><strong>Comment utiliser le D-Mannose<\/strong><\/h2>\n<p><strong>D-Mannose<\/strong> est disponible sous diff\u00e9rentes formes, notamment en poudres et en g\u00e9lules, ce qui permet de l'int\u00e9grer facilement \u00e0 votre routine quotidienne. \u00c0 titre pr\u00e9ventif, il peut \u00eatre pris une fois par jour, tandis que des doses plus \u00e9lev\u00e9es peuvent \u00eatre recommand\u00e9es d\u00e8s l'apparition des sympt\u00f4mes de l'infection urinaire. Il est pr\u00e9f\u00e9rable de le prendre avec de l'eau pour qu'il atteigne efficacement les voies urinaires.<\/p>\n<h2><strong>Pourquoi choisir le D-Mannose ?<\/strong><\/h2>\n<p>Choisir <strong>D-Mannose<\/strong> offre toute une s\u00e9rie d'avantages. Il s'agit d'un compl\u00e9ment naturel et non toxique qui peut \u00eatre utilis\u00e9 en toute s\u00e9curit\u00e9 par la plupart des personnes, y compris les enfants et les personnes \u00e2g\u00e9es. Il constitue un moyen efficace de g\u00e9rer et de pr\u00e9venir les infections urinaires sans les effets secondaires associ\u00e9s aux antibiotiques. En outre, <strong>D-Mannose<\/strong> est doux pour le syst\u00e8me digestif et n'interf\u00e8re pas avec les niveaux de sucre dans le sang, ce qui le rend appropri\u00e9 pour les personnes souffrant de diab\u00e8te.<\/p>\n<h2><strong>Qualit\u00e9 et s\u00e9curit\u00e9<\/strong><\/h2>\n<p>Lorsque l'on s\u00e9lectionne <strong>D-Mannose<\/strong>Il est donc important de choisir un produit pur et exempt d'additifs inutiles. Recherchez des compl\u00e9ments de haute qualit\u00e9 qui proviennent de sources sans OGM et sont fabriqu\u00e9s dans des installations qui respectent des normes de qualit\u00e9 strictes. Il est essentiel de s'assurer de la puret\u00e9 et de la qualit\u00e9 du suppl\u00e9ment pour obtenir les meilleurs r\u00e9sultats en mati\u00e8re de sant\u00e9 urinaire.<\/p>","protected":false},"excerpt":{"rendered":"<p><strong>D-Mannose<\/strong> est un compl\u00e9ment naturel reconnu pour son efficacit\u00e9 dans le soutien de la sant\u00e9 des voies urinaires.<\/p>","protected":false},"featured_media":936,"template":"","meta":{"_acf_changed":false},"product_brand":[],"product_cat":[31],"product_tag":[],"class_list":{"0":"post-933","1":"product","2":"type-product","3":"status-publish","4":"has-post-thumbnail","6":"product_cat-spices-and-seasonings","8":"first","9":"instock","10":"shipping-taxable","11":"product-type-simple"},"acf":[],"_links":{"self":[{"href":"https:\/\/wankonbiotech.com\/fr\/wp-json\/wp\/v2\/product\/933","targetHints":{"allow":["GET"]}}],"collection":[{"href":"https:\/\/wankonbiotech.com\/fr\/wp-json\/wp\/v2\/product"}],"about":[{"href":"https:\/\/wankonbiotech.com\/fr\/wp-json\/wp\/v2\/types\/product"}],"wp:featuredmedia":[{"embeddable":true,"href":"https:\/\/wankonbiotech.com\/fr\/wp-json\/wp\/v2\/media\/936"}],"wp:attachment":[{"href":"https:\/\/wankonbiotech.com\/fr\/wp-json\/wp\/v2\/media?parent=933"}],"wp:term":[{"taxonomy":"product_brand","embeddable":true,"href":"https:\/\/wankonbiotech.com\/fr\/wp-json\/wp\/v2\/product_brand?post=933"},{"taxonomy":"product_cat","embeddable":true,"href":"https:\/\/wankonbiotech.com\/fr\/wp-json\/wp\/v2\/product_cat?post=933"},{"taxonomy":"product_tag","embeddable":true,"href":"https:\/\/wankonbiotech.com\/fr\/wp-json\/wp\/v2\/product_tag?post=933"}],"curies":[{"name":"wp","href":"https:\/\/api.w.org\/{rel}","templated":true}]}}