{"id":928,"date":"2024-08-17T07:02:41","date_gmt":"2024-08-17T07:02:41","guid":{"rendered":"http:\/\/wankonbiotech.com\/?post_type=product&#038;p=928"},"modified":"2024-08-17T07:02:41","modified_gmt":"2024-08-17T07:02:41","slug":"top-quality-agar-agar-powder","status":"publish","type":"product","link":"https:\/\/wankonbiotech.com\/fr\/produit-2\/poudre-dagar-agar-de-qualite-superieure-2\/","title":{"rendered":"Agar en poudre de qualit\u00e9 sup\u00e9rieure Agar-Agar en poudre"},"content":{"rendered":"<h2><strong>Introduction<\/strong><\/h2>\n<p>Dans le monde des ingr\u00e9dients naturels, <strong>Agar-Agar en poudre<\/strong> se distingue par sa polyvalence et sa haute qualit\u00e9. D\u00e9riv\u00e9 d'algues rouges, cet agent g\u00e9lifiant naturel est un produit de base dans diverses industries, notamment l'alimentation, les cosm\u00e9tiques et les produits pharmaceutiques. Il est connu pour ses fortes propri\u00e9t\u00e9s g\u00e9lifiantes et son go\u00fbt neutre, <strong>Agar-Agar en poudre<\/strong> est un choix privil\u00e9gi\u00e9 pour ceux qui recherchent une alternative v\u00e9g\u00e9tale \u00e0 la g\u00e9latine. Gr\u00e2ce \u00e0 son excellente qualit\u00e9 et \u00e0 ses nombreuses applications, ce produit est essentiel pour les cuisines professionnelles et l'industrie.<\/p>\n<p><img fetchpriority=\"high\" decoding=\"async\" class=\"alignnone wp-image-929 size-full\" src=\"http:\/\/wankonbiotech.com\/wp-content\/uploads\/2024\/08\/A-bowl-of-Agar-Agar-Powder.jpg\" alt=\"Un bol de poudre d&#039;Agar-Agar\" width=\"1193\" height=\"795\" title=\"\" srcset=\"https:\/\/wankonbiotech.com\/wp-content\/uploads\/2024\/08\/A-bowl-of-Agar-Agar-Powder.jpg 1193w, https:\/\/wankonbiotech.com\/wp-content\/uploads\/2024\/08\/A-bowl-of-Agar-Agar-Powder-300x200.jpg 300w, https:\/\/wankonbiotech.com\/wp-content\/uploads\/2024\/08\/A-bowl-of-Agar-Agar-Powder-1024x682.jpg 1024w, https:\/\/wankonbiotech.com\/wp-content\/uploads\/2024\/08\/A-bowl-of-Agar-Agar-Powder-768x512.jpg 768w, https:\/\/wankonbiotech.com\/wp-content\/uploads\/2024\/08\/A-bowl-of-Agar-Agar-Powder-18x12.jpg 18w, https:\/\/wankonbiotech.com\/wp-content\/uploads\/2024\/08\/A-bowl-of-Agar-Agar-Powder-600x400.jpg 600w\" sizes=\"(max-width: 1193px) 100vw, 1193px\" \/><\/p>\n<h2><strong>Qu'est-ce que la poudre d'Agar-Agar ?<\/strong><\/h2>\n<p><strong>Agar-Agar en poudre<\/strong> est un polysaccharide naturel extrait d'algues rouges, en particulier des genres Gelidium et Gracilaria. Il est largement utilis\u00e9 comme g\u00e9lifiant, \u00e9paississant et stabilisant dans divers produits alimentaires. Contrairement \u00e0 la g\u00e9latine, qui est d'origine animale, l'agar est enti\u00e8rement d'origine v\u00e9g\u00e9tale, ce qui le rend adapt\u00e9 aux v\u00e9g\u00e9tariens et aux v\u00e9g\u00e9taliens. <strong>Agar-Agar en poudre<\/strong> poss\u00e8de de fortes propri\u00e9t\u00e9s g\u00e9lifiantes, m\u00eame \u00e0 faible concentration, et peut r\u00e9sister \u00e0 des temp\u00e9ratures plus \u00e9lev\u00e9es sans fondre, ce qui le rend id\u00e9al pour une large gamme d'applications culinaires et industrielles.<\/p>\n<h2><strong>Avantages de l'utilisation de la poudre d'Agar-Agar<\/strong><\/h2>\n<p><strong>Agar-Agar en poudre<\/strong> offre plusieurs avantages qui en font un choix de premier ordre pour les applications alimentaires et non alimentaires. Sa capacit\u00e9 \u00e0 former des gels \u00e0 la fois fermes et flexibles le rend id\u00e9al pour les desserts tels que les gel\u00e9es, les puddings et les cr\u00e8mes p\u00e2tissi\u00e8res. En outre, il est utilis\u00e9 dans la production de bonbons, de produits laitiers et comme stabilisateur dans les boissons.<\/p>\n<p><img decoding=\"async\" class=\"alignnone wp-image-930 size-full\" src=\"http:\/\/wankonbiotech.com\/wp-content\/uploads\/2024\/08\/A-bowl-scaled.jpg\" alt=\"Agar-Agar en poudre\" width=\"2560\" height=\"1709\" title=\"\" srcset=\"https:\/\/wankonbiotech.com\/wp-content\/uploads\/2024\/08\/A-bowl-scaled.jpg 2560w, https:\/\/wankonbiotech.com\/wp-content\/uploads\/2024\/08\/A-bowl-300x200.jpg 300w, https:\/\/wankonbiotech.com\/wp-content\/uploads\/2024\/08\/A-bowl-1024x684.jpg 1024w, https:\/\/wankonbiotech.com\/wp-content\/uploads\/2024\/08\/A-bowl-768x513.jpg 768w, https:\/\/wankonbiotech.com\/wp-content\/uploads\/2024\/08\/A-bowl-1536x1025.jpg 1536w, https:\/\/wankonbiotech.com\/wp-content\/uploads\/2024\/08\/A-bowl-2048x1367.jpg 2048w, https:\/\/wankonbiotech.com\/wp-content\/uploads\/2024\/08\/A-bowl-18x12.jpg 18w, https:\/\/wankonbiotech.com\/wp-content\/uploads\/2024\/08\/A-bowl-600x401.jpg 600w\" sizes=\"(max-width: 2560px) 100vw, 2560px\" \/><\/p>\n<p>Au-del\u00e0 de l'alimentation, <strong>Agar-Agar en poudre<\/strong> est appr\u00e9ci\u00e9e dans les industries cosm\u00e9tiques et pharmaceutiques pour sa capacit\u00e9 \u00e0 retenir l'humidit\u00e9 et \u00e0 stabiliser les formulations. On la trouve souvent dans les masques de beaut\u00e9, les cr\u00e8mes et comme vecteur d'ingr\u00e9dients actifs dans divers traitements.<\/p>\n<h2><strong>Applications de la poudre d'agar-agar<\/strong><\/h2>\n<p><strong>Agar-Agar en poudre<\/strong> est incroyablement polyvalent et peut \u00eatre utilis\u00e9 dans diverses industries :<\/p>\n<ul>\n<li><strong>Industrie alimentaire :<\/strong> Utilis\u00e9 dans la fabrication de gel\u00e9es, de puddings, de flans, de cr\u00e8mes glac\u00e9es et comme \u00e9paississant dans les soupes et les sauces.<\/li>\n<li><strong>Cosm\u00e9tiques :<\/strong> Agit comme un \u00e9paississant et un stabilisateur naturel dans les cr\u00e8mes, les lotions et les masques pour le visage.<\/li>\n<li><strong>Produits pharmaceutiques :<\/strong> Utilis\u00e9 comme milieu de culture en microbiologie et comme liant dans les comprim\u00e9s.<\/li>\n<li><strong>Produits d'origine v\u00e9g\u00e9tale et v\u00e9g\u00e9taliens :<\/strong> Id\u00e9al pour cr\u00e9er des substituts de g\u00e9latine v\u00e9g\u00e9taliens dans les confiseries et les desserts.<\/li>\n<\/ul>\n<h2><strong>Pourquoi choisir notre poudre d'agar-agar ?<\/strong><\/h2>\n<p>Choisir notre <strong>Agar-Agar en poudre<\/strong> c'est opter pour une qualit\u00e9 et une r\u00e9gularit\u00e9 optimales. Fabriqu\u00e9 dans notre usine ultramoderne de Xi'an, notre produit est soumis \u00e0 des contr\u00f4les de qualit\u00e9 rigoureux afin de garantir qu'il r\u00e9ponde aux normes les plus \u00e9lev\u00e9es. Gr\u00e2ce \u00e0 notre propre usine, nous contr\u00f4lons l'ensemble du processus de production, ce qui nous permet de garantir que chaque lot est pur, puissant et exempt d'impuret\u00e9s. Nos produits <strong>Agar-Agar en poudre<\/strong> provient d'algues r\u00e9colt\u00e9es de mani\u00e8re durable, conform\u00e9ment \u00e0 notre engagement en mati\u00e8re de responsabilit\u00e9 environnementale et de pratiques durables.<\/p>\n<h2><strong>Assurance qualit\u00e9 et certification<\/strong><\/h2>\n<p>Notre <strong>Agar-Agar en poudre<\/strong> est produit selon des normes strictes de contr\u00f4le de la qualit\u00e9, ce qui garantit qu'il r\u00e9pond aux r\u00e9glementations internationales en mati\u00e8re de s\u00e9curit\u00e9 alimentaire. Il est certifi\u00e9 sans OGM, sans gluten et convient aux v\u00e9g\u00e9taliens, ce qui en fait un choix s\u00fbr et fiable pour diverses applications. Notre produit est \u00e9galement test\u00e9 en termes de puret\u00e9 et de performance afin de garantir des r\u00e9sultats constants \u00e0 chaque utilisation.<\/p>\n<p>Pour en savoir plus sur ce produit et d'autres produits de qualit\u00e9 sup\u00e9rieure, consultez le site <a href=\"http:\/\/wankonbiotech.com\/fr\/categorie-produit\/epices-et-assaisonnements\/\" target=\"_new\" rel=\"noopener\">Cat\u00e9gorie de produits de Wankon Biotech<\/a>.<\/p>","protected":false},"excerpt":{"rendered":"<p>Dans le monde des ingr\u00e9dients naturels, <strong>Agar-Agar en poudre<\/strong> se distingue par sa polyvalence et sa haute qualit\u00e9. D\u00e9riv\u00e9 d'algues rouges, cet agent g\u00e9lifiant naturel est un produit de base dans diverses industries, notamment l'alimentation, les cosm\u00e9tiques et les produits pharmaceutiques.<\/p>","protected":false},"featured_media":931,"template":"","meta":{"_acf_changed":false},"product_brand":[],"product_cat":[31],"product_tag":[],"class_list":{"0":"post-928","1":"product","2":"type-product","3":"status-publish","4":"has-post-thumbnail","6":"product_cat-spices-and-seasonings","8":"first","9":"instock","10":"shipping-taxable","11":"product-type-simple"},"acf":[],"_links":{"self":[{"href":"https:\/\/wankonbiotech.com\/fr\/wp-json\/wp\/v2\/product\/928","targetHints":{"allow":["GET"]}}],"collection":[{"href":"https:\/\/wankonbiotech.com\/fr\/wp-json\/wp\/v2\/product"}],"about":[{"href":"https:\/\/wankonbiotech.com\/fr\/wp-json\/wp\/v2\/types\/product"}],"wp:featuredmedia":[{"embeddable":true,"href":"https:\/\/wankonbiotech.com\/fr\/wp-json\/wp\/v2\/media\/931"}],"wp:attachment":[{"href":"https:\/\/wankonbiotech.com\/fr\/wp-json\/wp\/v2\/media?parent=928"}],"wp:term":[{"taxonomy":"product_brand","embeddable":true,"href":"https:\/\/wankonbiotech.com\/fr\/wp-json\/wp\/v2\/product_brand?post=928"},{"taxonomy":"product_cat","embeddable":true,"href":"https:\/\/wankonbiotech.com\/fr\/wp-json\/wp\/v2\/product_cat?post=928"},{"taxonomy":"product_tag","embeddable":true,"href":"https:\/\/wankonbiotech.com\/fr\/wp-json\/wp\/v2\/product_tag?post=928"}],"curies":[{"name":"wp","href":"https:\/\/api.w.org\/{rel}","templated":true}]}}