{"id":919,"date":"2024-08-17T04:28:39","date_gmt":"2024-08-17T04:28:39","guid":{"rendered":"http:\/\/wankonbiotech.com\/?post_type=product&#038;p=919"},"modified":"2024-08-17T04:33:22","modified_gmt":"2024-08-17T04:33:22","slug":"magnesium-lactate","status":"publish","type":"product","link":"https:\/\/wankonbiotech.com\/fr\/produit-2\/lactate-de-magnesium\/","title":{"rendered":"Additifs alimentaires naturels purs Lactate de magn\u00e9sium"},"content":{"rendered":"<table>\n<tbody>\n<tr>\n<td><strong>Nom du produit<\/strong><\/td>\n<td>Lactate de magn\u00e9sium<\/td>\n<\/tr>\n<tr>\n<td><strong>Apparence<\/strong><\/td>\n<td>Poudre blanche<\/td>\n<\/tr>\n<tr>\n<td><strong>Sp\u00e9cifications<\/strong><\/td>\n<td>99%<\/td>\n<\/tr>\n<tr>\n<td><strong>No CAS<\/strong><\/td>\n<td>18917-93-6<\/td>\n<\/tr>\n<tr>\n<td><strong>Grade<\/strong><\/td>\n<td>Qualit\u00e9 alimentaire<\/td>\n<\/tr>\n<tr>\n<td><strong>Certificat<\/strong><\/td>\n<td>ISO\/HALAL\/KASHER<\/td>\n<\/tr>\n<tr>\n<td><strong>COA\/MSDS\/TDS<\/strong><\/td>\n<td>Disponible<\/td>\n<\/tr>\n<tr>\n<td><strong>\u00c9chantillon<\/strong><\/td>\n<td>Offertes gratuitement<\/td>\n<\/tr>\n<tr>\n<td><strong>MOQ<\/strong><\/td>\n<td>Toute quantit\u00e9 command\u00e9e est la bienvenue<\/td>\n<\/tr>\n<tr>\n<td><strong>Stockage<\/strong><\/td>\n<td>Conserver dans un endroit frais et sec. Conserver \u00e0 l'abri de la lumi\u00e8re et de la chaleur.<\/td>\n<\/tr>\n<tr>\n<td><strong>Emballage<\/strong><\/td>\n<td>1kg\/sac en aluminium, 25kgs\/tambour (deux sacs en plastique \u00e0 l'int\u00e9rieur avec des tambours en papier), ou selon les besoins du client.)<\/td>\n<\/tr>\n<tr>\n<td><strong>Dur\u00e9e de conservation<\/strong><\/td>\n<td>2 ans en situation de stockage de puits.<\/td>\n<\/tr>\n<\/tbody>\n<\/table>\n<h2><span style=\"color: #000000;\">Introduction <\/span><\/h2>\n<p>Dans le domaine des additifs alimentaires et des compl\u00e9ments alimentaires, le lactate de magn\u00e9sium est reconnu comme une source efficace et naturelle de magn\u00e9sium. Le magn\u00e9sium est un min\u00e9ral essentiel qui joue un r\u00f4le vital dans de nombreuses fonctions corporelles, notamment la fonction musculaire et nerveuse, la production d'\u00e9nergie et la sant\u00e9 des os. Cependant, de nombreuses personnes manquent de magn\u00e9sium dans leur alimentation. Le lactate de magn\u00e9sium fournit une forme biodisponible de ce min\u00e9ral essentiel, ce qui en fait un choix id\u00e9al pour les fabricants de produits alimentaires et les consommateurs soucieux de leur sant\u00e9. Cet article examine les avantages, les applications et les raisons qui expliquent la popularit\u00e9 et la confiance croissantes dans le lactate de magn\u00e9sium en tant qu'additif cl\u00e9 dans l'industrie alimentaire et celle des compl\u00e9ments alimentaires.<\/p>\n<p><img fetchpriority=\"high\" decoding=\"async\" class=\"alignnone wp-image-923 size-full\" src=\"http:\/\/wankonbiotech.com\/wp-content\/uploads\/2024\/08\/Magnesium-Lactate-powder.jpeg\" alt=\"Lactate de magn\u00e9sium en poudre\" width=\"1800\" height=\"1269\" title=\"\" srcset=\"https:\/\/wankonbiotech.com\/wp-content\/uploads\/2024\/08\/Magnesium-Lactate-powder.jpeg 1800w, https:\/\/wankonbiotech.com\/wp-content\/uploads\/2024\/08\/Magnesium-Lactate-powder-300x212.jpeg 300w, https:\/\/wankonbiotech.com\/wp-content\/uploads\/2024\/08\/Magnesium-Lactate-powder-1024x722.jpeg 1024w, https:\/\/wankonbiotech.com\/wp-content\/uploads\/2024\/08\/Magnesium-Lactate-powder-768x541.jpeg 768w, https:\/\/wankonbiotech.com\/wp-content\/uploads\/2024\/08\/Magnesium-Lactate-powder-1536x1083.jpeg 1536w, https:\/\/wankonbiotech.com\/wp-content\/uploads\/2024\/08\/Magnesium-Lactate-powder-18x12.jpeg 18w, https:\/\/wankonbiotech.com\/wp-content\/uploads\/2024\/08\/Magnesium-Lactate-powder-600x423.jpeg 600w\" sizes=\"(max-width: 1800px) 100vw, 1800px\" \/><\/p>\n<p>&nbsp;<\/p>\n<h2><span style=\"color: #000000;\">Qu'est-ce que le lactate de magn\u00e9sium ? <\/span><\/h2>\n<p>Le lactate de magn\u00e9sium est un compos\u00e9 form\u00e9 par la r\u00e9action du magn\u00e9sium avec l'acide lactique. Il est fr\u00e9quemment utilis\u00e9 comme compl\u00e9ment alimentaire et additif alimentaire pour fournir une forme de magn\u00e9sium facilement absorbable. Contrairement \u00e0 d'autres formes de suppl\u00e9ments de magn\u00e9sium qui peuvent causer un inconfort digestif, le Lactate de Magn\u00e9sium est doux pour l'estomac et a une biodisponibilit\u00e9 \u00e9lev\u00e9e, ce qui signifie qu'il est efficacement absorb\u00e9 et utilis\u00e9 par l'organisme. Cela en fait un choix optimal pour ceux qui cherchent \u00e0 augmenter leur apport en magn\u00e9sium d'une mani\u00e8re naturelle et efficace.<\/p>\n<p>&nbsp;<\/p>","protected":false},"excerpt":{"rendered":"<p>Dans le domaine des additifs alimentaires et des compl\u00e9ments alimentaires, le lactate de magn\u00e9sium est reconnu comme une source efficace et naturelle de magn\u00e9sium. Le magn\u00e9sium est un min\u00e9ral essentiel qui joue un r\u00f4le vital dans de nombreuses fonctions corporelles, notamment la fonction musculaire et nerveuse, la production d'\u00e9nergie et la sant\u00e9 des os.<\/p>","protected":false},"featured_media":920,"template":"","meta":{"_acf_changed":false},"product_brand":[],"product_cat":[31],"product_tag":[],"class_list":{"0":"post-919","1":"product","2":"type-product","3":"status-publish","4":"has-post-thumbnail","6":"product_cat-spices-and-seasonings","8":"first","9":"instock","10":"shipping-taxable","11":"product-type-simple"},"acf":[],"_links":{"self":[{"href":"https:\/\/wankonbiotech.com\/fr\/wp-json\/wp\/v2\/product\/919","targetHints":{"allow":["GET"]}}],"collection":[{"href":"https:\/\/wankonbiotech.com\/fr\/wp-json\/wp\/v2\/product"}],"about":[{"href":"https:\/\/wankonbiotech.com\/fr\/wp-json\/wp\/v2\/types\/product"}],"wp:featuredmedia":[{"embeddable":true,"href":"https:\/\/wankonbiotech.com\/fr\/wp-json\/wp\/v2\/media\/920"}],"wp:attachment":[{"href":"https:\/\/wankonbiotech.com\/fr\/wp-json\/wp\/v2\/media?parent=919"}],"wp:term":[{"taxonomy":"product_brand","embeddable":true,"href":"https:\/\/wankonbiotech.com\/fr\/wp-json\/wp\/v2\/product_brand?post=919"},{"taxonomy":"product_cat","embeddable":true,"href":"https:\/\/wankonbiotech.com\/fr\/wp-json\/wp\/v2\/product_cat?post=919"},{"taxonomy":"product_tag","embeddable":true,"href":"https:\/\/wankonbiotech.com\/fr\/wp-json\/wp\/v2\/product_tag?post=919"}],"curies":[{"name":"wp","href":"https:\/\/api.w.org\/{rel}","templated":true}]}}