{"id":878,"date":"2024-08-16T16:04:47","date_gmt":"2024-08-16T16:04:47","guid":{"rendered":"http:\/\/wankonbiotech.com\/?post_type=product&#038;p=878"},"modified":"2024-08-16T16:05:43","modified_gmt":"2024-08-16T16:05:43","slug":"abalone-collagen-peptide-raw-materials","status":"publish","type":"product","link":"https:\/\/wankonbiotech.com\/fr\/produit-2\/matieres-premieres-du-peptide-de-collagene-de-lormeau-2\/","title":{"rendered":"Mati\u00e8res premi\u00e8res du peptide de collag\u00e8ne de l'ormeau"},"content":{"rendered":"<table>\n<tbody>\n<tr>\n<td><strong>Nom du produit<\/strong><\/td>\n<td>Peptides de collag\u00e8ne d'abalone<\/td>\n<\/tr>\n<tr>\n<td><strong>Source<\/strong><\/td>\n<td>Abalone naturel<\/td>\n<\/tr>\n<tr>\n<td><strong>Partie utilis\u00e9e<\/strong><\/td>\n<td>Corps<\/td>\n<\/tr>\n<tr>\n<td><strong>Ingr\u00e9dients actifs<\/strong><\/td>\n<td>Ormeau, polypeptide d'ormeau, polysaccharide d'ormeau, prot\u00e9ine, vitamine et acides amin\u00e9s<\/td>\n<\/tr>\n<\/tbody>\n<\/table>\n<h2><strong>Introduction<\/strong><\/h2>\n<p><strong>Peptide de collag\u00e8ne d'abalone\u00a0<\/strong>est un type de peptide de collag\u00e8ne d\u00e9riv\u00e9 de l'ormeau, un type d'escargot de mer tr\u00e8s appr\u00e9ci\u00e9 pour ses utilisations culinaires et m\u00e9dicinales. Les peptides de collag\u00e8ne sont de courtes cha\u00eenes d'acides amin\u00e9s d\u00e9riv\u00e9es du collag\u00e8ne, la principale prot\u00e9ine pr\u00e9sente dans la peau, les os et les tissus conjonctifs des animaux, y compris les humains.<\/p>\n<p><img fetchpriority=\"high\" decoding=\"async\" class=\"alignnone size-full wp-image-880\" src=\"http:\/\/wankonbiotech.com\/wp-content\/uploads\/2024\/08\/Abalone.webp\" alt=\"Poudre de peptides de collag\u00e8ne d&#039;abalone\" width=\"1200\" height=\"600\" title=\"\" srcset=\"https:\/\/wankonbiotech.com\/wp-content\/uploads\/2024\/08\/Abalone.webp 1200w, https:\/\/wankonbiotech.com\/wp-content\/uploads\/2024\/08\/Abalone-300x150.webp 300w, https:\/\/wankonbiotech.com\/wp-content\/uploads\/2024\/08\/Abalone-1024x512.webp 1024w, https:\/\/wankonbiotech.com\/wp-content\/uploads\/2024\/08\/Abalone-768x384.webp 768w, https:\/\/wankonbiotech.com\/wp-content\/uploads\/2024\/08\/Abalone-600x300.webp 600w\" sizes=\"(max-width: 1200px) 100vw, 1200px\" \/><\/p>\n<p>Ce peptide est riche en acides amin\u00e9s, en particulier la glycine, la proline et l'hydroxyproline, qui sont essentiels au maintien de la sant\u00e9 et de la structure de notre peau, de nos cheveux, de nos ongles et de nos articulations. On lui pr\u00eate divers avantages, notamment la promotion de l'\u00e9lasticit\u00e9 de la peau, la r\u00e9duction de l'apparence des rides, le renforcement des cheveux et des ongles et le soutien de la sant\u00e9 des articulations.<\/p>\n<p>Le peptide de collag\u00e8ne est g\u00e9n\u00e9ralement hydrolys\u00e9, ce qui signifie qu'il a \u00e9t\u00e9 d\u00e9compos\u00e9 en peptides plus petits, facilitant ainsi son absorption et son utilisation par l'organisme. Il est couramment utilis\u00e9 comme ingr\u00e9dient dans les produits de beaut\u00e9 et de soins de la peau, ainsi que dans les compl\u00e9ments alimentaires destin\u00e9s \u00e0 la sant\u00e9 de la peau et des articulations.<\/p>\n<h2><strong>Qu'est-ce que le peptide de collag\u00e8ne d'abalone ?<\/strong><\/h2>\n<p><strong>Peptide de collag\u00e8ne d'abalone<\/strong> est d\u00e9riv\u00e9 du collag\u00e8ne pr\u00e9sent dans les tissus conjonctifs et les coquilles de l'ormeau, un mollusque tr\u00e8s pris\u00e9 pour sa valeur culinaire et nutritionnelle. Le collag\u00e8ne est extrait par un processus enzymatique doux qui le d\u00e9compose en peptides plus petits, plus faciles \u00e0 absorber et \u00e0 utiliser par l'organisme. Ces peptides sont ensuite transform\u00e9s en une fine poudre qui conserve les compos\u00e9s bioactifs et les acides amin\u00e9s essentiels inh\u00e9rents au collag\u00e8ne de l'ormeau. Ce peptide de collag\u00e8ne est riche en glycine, proline et hydroxyproline, des acides amin\u00e9s essentiels \u00e0 la synth\u00e8se du collag\u00e8ne et au maintien d'une peau, d'articulations et de tissus conjonctifs sains.<\/p>\n<h2><strong>Avantages nutritionnels du peptide de collag\u00e8ne de l'ormeau<\/strong><\/h2>\n<p><strong>Peptide de collag\u00e8ne d'abalone<\/strong> offre toute une s\u00e9rie d'avantages nutritionnels, ce qui en fait un compl\u00e9ment pr\u00e9cieux \u00e0 tout r\u00e9gime de bien-\u00eatre. Le collag\u00e8ne est la prot\u00e9ine la plus abondante du corps humain et joue un r\u00f4le crucial dans le maintien de la structure et de la fonction de la peau, des articulations et des tissus conjonctifs. Avec l'\u00e2ge, la production naturelle de collag\u00e8ne diminue, entra\u00eenant des signes de vieillissement tels que les rides, le rel\u00e2chement de la peau et l'inconfort articulaire. Une suppl\u00e9mentation en <strong>Peptide de collag\u00e8ne d'abalone<\/strong> peut aider \u00e0 reconstituer les niveaux de collag\u00e8ne de l'organisme, ce qui favorise une peau saine, des articulations solides et une vitalit\u00e9 g\u00e9n\u00e9rale.<\/p>\n<p>La forme peptidique du collag\u00e8ne d'ormeau est hautement biodisponible, ce qui signifie qu'elle est facilement absorb\u00e9e et utilis\u00e9e par l'organisme. Il est donc plus efficace pour fournir les acides amin\u00e9s essentiels n\u00e9cessaires \u00e0 la synth\u00e8se du collag\u00e8ne que les mol\u00e9cules de collag\u00e8ne intactes de plus grande taille. En outre, <strong>Peptide de collag\u00e8ne d'abalone<\/strong> est une bonne source d'acides amin\u00e9s essentiels que l'organisme ne peut pas produire lui-m\u00eame, ce qui en fait un compl\u00e9ment prot\u00e9ique complet qui contribue \u00e0 la sant\u00e9 et au bien-\u00eatre g\u00e9n\u00e9ral.<\/p>\n<h2><strong>Avantages pour la sant\u00e9 du peptide de collag\u00e8ne de l'ormeau<\/strong><\/h2>\n<p>Les bienfaits pour la sant\u00e9 <strong>Peptide de collag\u00e8ne d'abalone<\/strong> sont nombreux et bien \u00e9tay\u00e9s par la recherche. L'un des avantages les plus reconnus est sa capacit\u00e9 \u00e0 am\u00e9liorer la sant\u00e9 de la peau. Il a \u00e9t\u00e9 d\u00e9montr\u00e9 que la consommation r\u00e9guli\u00e8re de peptides de collag\u00e8ne augmente l'hydratation, l'\u00e9lasticit\u00e9 et la douceur de la peau, r\u00e9duisant ainsi l'apparence des rides et ridules. Ainsi, les peptides de collag\u00e8ne <strong>Peptide de collag\u00e8ne d'abalone<\/strong> un excellent compl\u00e9ment pour ceux qui cherchent \u00e0 am\u00e9liorer leur routine de beaut\u00e9 de l'int\u00e9rieur.<\/p>\n<p><strong>Peptide de collag\u00e8ne d'abalone<\/strong> est \u00e9galement b\u00e9n\u00e9fique pour la sant\u00e9 des articulations. Les acides amin\u00e9s contenus dans les peptides de collag\u00e8ne favorisent l'entretien et la r\u00e9paration du cartilage, le tissu qui amortit les articulations et permet des mouvements fluides. Cela peut contribuer \u00e0 r\u00e9duire les douleurs et les raideurs articulaires, en particulier chez les personnes souffrant d'arthrose ou pratiquant des activit\u00e9s physiques \u00e0 fort impact. En outre, les propri\u00e9t\u00e9s anti-inflammatoires des peptides de collag\u00e8ne de l'ormeau peuvent contribuer \u00e0 r\u00e9duire l'inflammation dans les articulations, ce qui renforce encore la sant\u00e9 et la mobilit\u00e9 des articulations.<\/p>\n<p>Pour le bien-\u00eatre g\u00e9n\u00e9ral, <strong>Peptide de collag\u00e8ne d'abalone<\/strong> soutient la sant\u00e9 des tissus conjonctifs dans tout le corps, y compris les tendons, les ligaments et les os. Il s'agit donc d'un compl\u00e9ment pr\u00e9cieux pour les athl\u00e8tes, les personnes \u00e2g\u00e9es et tous ceux qui cherchent \u00e0 renforcer leur sant\u00e9 musculo-squelettique. La glycine contenue dans le collag\u00e8ne d'ormeau favorise \u00e9galement un sommeil sain et les fonctions cognitives, ce qui en fait un suppl\u00e9ment bien \u00e9quilibr\u00e9 pour la vitalit\u00e9 g\u00e9n\u00e9rale.<\/p>","protected":false},"excerpt":{"rendered":"<p><strong>Peptide de collag\u00e8ne d'abalone\u00a0<\/strong>est un type de peptide de collag\u00e8ne d\u00e9riv\u00e9 de l'ormeau, un type d'escargot de mer tr\u00e8s appr\u00e9ci\u00e9 pour ses utilisations culinaires et m\u00e9dicinales. Les peptides de collag\u00e8ne sont de courtes cha\u00eenes d'acides amin\u00e9s d\u00e9riv\u00e9es du collag\u00e8ne, la principale prot\u00e9ine pr\u00e9sente dans la peau, les os et les tissus conjonctifs des animaux, y compris les humains.<\/p>","protected":false},"featured_media":879,"template":"","meta":{"_acf_changed":false},"product_brand":[],"product_cat":[41],"product_tag":[],"class_list":{"0":"post-878","1":"product","2":"type-product","3":"status-publish","4":"has-post-thumbnail","6":"product_cat-peptide","8":"first","9":"instock","10":"shipping-taxable","11":"product-type-simple"},"acf":[],"_links":{"self":[{"href":"https:\/\/wankonbiotech.com\/fr\/wp-json\/wp\/v2\/product\/878","targetHints":{"allow":["GET"]}}],"collection":[{"href":"https:\/\/wankonbiotech.com\/fr\/wp-json\/wp\/v2\/product"}],"about":[{"href":"https:\/\/wankonbiotech.com\/fr\/wp-json\/wp\/v2\/types\/product"}],"wp:featuredmedia":[{"embeddable":true,"href":"https:\/\/wankonbiotech.com\/fr\/wp-json\/wp\/v2\/media\/879"}],"wp:attachment":[{"href":"https:\/\/wankonbiotech.com\/fr\/wp-json\/wp\/v2\/media?parent=878"}],"wp:term":[{"taxonomy":"product_brand","embeddable":true,"href":"https:\/\/wankonbiotech.com\/fr\/wp-json\/wp\/v2\/product_brand?post=878"},{"taxonomy":"product_cat","embeddable":true,"href":"https:\/\/wankonbiotech.com\/fr\/wp-json\/wp\/v2\/product_cat?post=878"},{"taxonomy":"product_tag","embeddable":true,"href":"https:\/\/wankonbiotech.com\/fr\/wp-json\/wp\/v2\/product_tag?post=878"}],"curies":[{"name":"wp","href":"https:\/\/api.w.org\/{rel}","templated":true}]}}