{"id":874,"date":"2024-08-16T15:46:33","date_gmt":"2024-08-16T15:46:33","guid":{"rendered":"http:\/\/wankonbiotech.com\/?post_type=product&#038;p=874"},"modified":"2024-08-16T15:47:33","modified_gmt":"2024-08-16T15:47:33","slug":"avocado-fruit-powder","status":"publish","type":"product","link":"https:\/\/wankonbiotech.com\/fr\/produit-2\/poudre-de-fruit-davocat-2\/","title":{"rendered":"Fabricant chinois de poudre de fruit d'avocat"},"content":{"rendered":"<table>\n<tbody>\n<tr>\n<td>\n<div><strong>Nom de l'article<\/strong><\/div>\n<\/td>\n<td>\n<div>Poudre d'avocat<\/div>\n<\/td>\n<\/tr>\n<tr>\n<td>\n<div><strong>\u00c9chantillon<\/strong><\/div>\n<\/td>\n<td>\n<div>\u00c9chantillon gratuit disponible<\/div>\n<\/td>\n<\/tr>\n<tr>\n<td>\n<div><strong>Certificat<\/strong><\/div>\n<\/td>\n<td>\n<div>Certificat biologique ISO, EU et USDA<\/div>\n<\/td>\n<\/tr>\n<tr>\n<td>\n<div><strong>Temps d'\u00e9chantillonnage<\/strong><\/div>\n<\/td>\n<td>\n<div>Environ 2 \u00e0 5 jours<\/div>\n<\/td>\n<\/tr>\n<tr>\n<td>\n<div><strong>Exp\u00e9dition<\/strong><\/div>\n<\/td>\n<td>\n<div>Prise en charge de l'express, du fret terrestre, du fret maritime et du fret a\u00e9rien.<\/div>\n<\/td>\n<\/tr>\n<\/tbody>\n<\/table>\n<h2><strong>Introduction<\/strong><\/h2>\n<p><strong>Poudre d'avocat<\/strong>\u00a0est une forme concentr\u00e9e d'avocat qui a \u00e9t\u00e9 d\u00e9shydrat\u00e9 et r\u00e9duit en poudre fine par les m\u00e9thodes de s\u00e9chage par pulv\u00e9risation ou par lyophilisation. Il conserve la saveur naturelle et les propri\u00e9t\u00e9s nutritionnelles des avocats frais, ce qui en fait un ingr\u00e9dient pratique \u00e0 utiliser dans une vari\u00e9t\u00e9 d'applications alimentaires et de boissons. La poudre d'avocat peut \u00eatre utilis\u00e9e pour ajouter de la saveur, de l'onctuosit\u00e9 et des avantages nutritionnels aux smoothies, aux sauces, aux assaisonnements, aux trempettes, aux produits de boulangerie, etc. Elle est souvent pr\u00e9sent\u00e9e comme un moyen pratique d'incorporer les propri\u00e9t\u00e9s b\u00e9n\u00e9fiques de l'avocat dans des produits sans avoir besoin d'avocats frais, et elle peut \u00e9galement offrir une dur\u00e9e de conservation plus longue et un stockage plus facile.<\/p>\n<p><img fetchpriority=\"high\" decoding=\"async\" class=\"alignnone size-full wp-image-876\" src=\"http:\/\/wankonbiotech.com\/wp-content\/uploads\/2024\/08\/Avocado-Fruit-Powder.jpg\" alt=\"Poudre d&#039;avocat\" width=\"1024\" height=\"683\" title=\"\" srcset=\"https:\/\/wankonbiotech.com\/wp-content\/uploads\/2024\/08\/Avocado-Fruit-Powder.jpg 1024w, https:\/\/wankonbiotech.com\/wp-content\/uploads\/2024\/08\/Avocado-Fruit-Powder-300x200.jpg 300w, https:\/\/wankonbiotech.com\/wp-content\/uploads\/2024\/08\/Avocado-Fruit-Powder-768x512.jpg 768w, https:\/\/wankonbiotech.com\/wp-content\/uploads\/2024\/08\/Avocado-Fruit-Powder-600x400.jpg 600w\" sizes=\"(max-width: 1024px) 100vw, 1024px\" \/><\/p>\n<h2><strong>Qu'est-ce que la poudre d'avocat ?<\/strong><\/h2>\n<p><strong>Poudre d'avocat<\/strong> est fabriqu\u00e9 \u00e0 partir d'avocats m\u00fbrs qui sont soigneusement s\u00e9ch\u00e9s et r\u00e9duits en poudre fine. Le processus commence par la s\u00e9lection d'avocats m\u00fbrs de haute qualit\u00e9, qui sont ensuite d\u00e9shydrat\u00e9s pour \u00e9liminer l'humidit\u00e9 tout en pr\u00e9servant leur riche teneur en nutriments. Une fois s\u00e9ch\u00e9s, les avocats sont broy\u00e9s en une poudre qui conserve la texture cr\u00e9meuse, la saveur douce et les bienfaits nutritionnels du fruit frais. Cette poudre est biologique, c'est-\u00e0-dire qu'elle est exempte de pesticides synth\u00e9tiques, d'herbicides et d'OGM, ce qui en fait un compl\u00e9ment pur et naturel qui peut facilement \u00eatre incorpor\u00e9 dans divers r\u00e9gimes alimentaires.<\/p>\n<h2><strong>Avantages nutritionnels de la poudre de fruit d'avocat<\/strong><\/h2>\n<p><strong>Poudre d'avocat<\/strong> est une source riche en graisses mono-insatur\u00e9es saines, en particulier en acide ol\u00e9ique, connu pour sa contribution \u00e0 la sant\u00e9 cardiovasculaire. Ces graisses saines contribuent \u00e0 r\u00e9duire le taux de mauvais cholest\u00e9rol (LDL) tout en augmentant le taux de bon cholest\u00e9rol (HDL), ce qui favorise la sant\u00e9 cardiovasculaire globale. En outre, l'avocat est une bonne source de fibres alimentaires, qui contribuent \u00e0 la sant\u00e9 digestive en favorisant un transit intestinal r\u00e9gulier et en pr\u00e9venant la constipation.<\/p>\n<p><img decoding=\"async\" class=\"alignnone wp-image-877 size-full\" src=\"http:\/\/wankonbiotech.com\/wp-content\/uploads\/2024\/08\/Avocado-Fruit-Powder1.jpg\" alt=\"Poudre d&#039;avocat\" width=\"1024\" height=\"536\" title=\"\" srcset=\"https:\/\/wankonbiotech.com\/wp-content\/uploads\/2024\/08\/Avocado-Fruit-Powder1.jpg 1024w, https:\/\/wankonbiotech.com\/wp-content\/uploads\/2024\/08\/Avocado-Fruit-Powder1-300x157.jpg 300w, https:\/\/wankonbiotech.com\/wp-content\/uploads\/2024\/08\/Avocado-Fruit-Powder1-768x402.jpg 768w, https:\/\/wankonbiotech.com\/wp-content\/uploads\/2024\/08\/Avocado-Fruit-Powder1-600x314.jpg 600w\" sizes=\"(max-width: 1024px) 100vw, 1024px\" \/><\/p>\n<p>La poudre contient \u00e9galement des vitamines et des min\u00e9raux essentiels, notamment les vitamines E, K et C, ainsi que le potassium, le magn\u00e9sium et l'acide folique. La vitamine E est un puissant antioxydant qui prot\u00e8ge les cellules des dommages oxydatifs, tandis que la vitamine K joue un r\u00f4le crucial dans la sant\u00e9 des os et la coagulation du sang. La vitamine C soutient la fonction immunitaire et la sant\u00e9 de la peau, et le potassium contenu dans les avocats aide \u00e0 r\u00e9guler la pression art\u00e9rielle et \u00e0 maintenir l'\u00e9quilibre des fluides dans l'organisme. La pr\u00e9sence de folate est particuli\u00e8rement b\u00e9n\u00e9fique pour les femmes enceintes, car elle contribue au bon d\u00e9veloppement du f\u0153tus.<\/p>","protected":false},"excerpt":{"rendered":"<p><strong>Poudre d'avocat<\/strong> est fabriqu\u00e9 \u00e0 partir d'avocats m\u00fbrs qui sont soigneusement s\u00e9ch\u00e9s et r\u00e9duits en poudre fine. Le processus commence par la s\u00e9lection d'avocats m\u00fbrs et de haute qualit\u00e9, qui sont ensuite d\u00e9shydrat\u00e9s pour \u00e9liminer l'humidit\u00e9 tout en pr\u00e9servant leur riche teneur en nutriments.<\/p>","protected":false},"featured_media":875,"template":"","meta":{"_acf_changed":false},"product_brand":[],"product_cat":[37],"product_tag":[],"class_list":{"0":"post-874","1":"product","2":"type-product","3":"status-publish","4":"has-post-thumbnail","6":"product_cat-organic-fruit-and-vegetable-powder","8":"first","9":"instock","10":"shipping-taxable","11":"product-type-simple"},"acf":[],"_links":{"self":[{"href":"https:\/\/wankonbiotech.com\/fr\/wp-json\/wp\/v2\/product\/874","targetHints":{"allow":["GET"]}}],"collection":[{"href":"https:\/\/wankonbiotech.com\/fr\/wp-json\/wp\/v2\/product"}],"about":[{"href":"https:\/\/wankonbiotech.com\/fr\/wp-json\/wp\/v2\/types\/product"}],"wp:featuredmedia":[{"embeddable":true,"href":"https:\/\/wankonbiotech.com\/fr\/wp-json\/wp\/v2\/media\/875"}],"wp:attachment":[{"href":"https:\/\/wankonbiotech.com\/fr\/wp-json\/wp\/v2\/media?parent=874"}],"wp:term":[{"taxonomy":"product_brand","embeddable":true,"href":"https:\/\/wankonbiotech.com\/fr\/wp-json\/wp\/v2\/product_brand?post=874"},{"taxonomy":"product_cat","embeddable":true,"href":"https:\/\/wankonbiotech.com\/fr\/wp-json\/wp\/v2\/product_cat?post=874"},{"taxonomy":"product_tag","embeddable":true,"href":"https:\/\/wankonbiotech.com\/fr\/wp-json\/wp\/v2\/product_tag?post=874"}],"curies":[{"name":"wp","href":"https:\/\/api.w.org\/{rel}","templated":true}]}}