{"id":854,"date":"2024-08-14T16:19:00","date_gmt":"2024-08-14T16:19:00","guid":{"rendered":"http:\/\/wankonbiotech.com\/?post_type=product&#038;p=854"},"modified":"2024-08-14T16:19:00","modified_gmt":"2024-08-14T16:19:00","slug":"high-quality-bilberry-extract-powder-manufacturers","status":"publish","type":"product","link":"https:\/\/wankonbiotech.com\/fr\/produit-2\/fabricant-de-poudre-dextrait-de-myrtille-de-haute-qualite-2\/","title":{"rendered":"Fabricant de poudre d'extrait de myrtille de haute qualit\u00e9"},"content":{"rendered":"<table>\n<tbody>\n<tr>\n<td>\n<div><strong>Nom du produit<\/strong><\/div>\n<\/td>\n<td>Fabricant de poudre d'extrait de myrtille de haute qualit\u00e9<\/td>\n<\/tr>\n<tr>\n<td>\n<div><strong>Apparence<\/strong><\/div>\n<\/td>\n<td>\n<div>poudre fine pourpre<\/div>\n<\/td>\n<\/tr>\n<tr>\n<td>\n<div><strong>dur\u00e9e de conservation<\/strong><\/div>\n<\/td>\n<td>\n<div>24 mois<\/div>\n<\/td>\n<\/tr>\n<\/tbody>\n<\/table>\n<h2><strong>Introduction<\/strong><\/h2>\n<p>La demande de compl\u00e9ments naturels et riches en nutriments augmente, <strong>Extrait de myrtille en poudre<\/strong> a gagn\u00e9 en popularit\u00e9 gr\u00e2ce \u00e0 ses puissants bienfaits pour la sant\u00e9. Connu pour sa teneur \u00e9lev\u00e9e en antioxydants, en particulier en anthocyanines, l'extrait de myrtille est largement reconnu pour favoriser la vision, la sant\u00e9 cardiovasculaire et le bien-\u00eatre g\u00e9n\u00e9ral.<\/p>\n<p><img fetchpriority=\"high\" decoding=\"async\" class=\"aligncenter wp-image-857 size-full\" src=\"http:\/\/wankonbiotech.com\/wp-content\/uploads\/2024\/08\/Bilberry-Extract-Powder1.jpg\" alt=\"Extrait de myrtille en poudre\" width=\"474\" height=\"355\" title=\"\" srcset=\"https:\/\/wankonbiotech.com\/wp-content\/uploads\/2024\/08\/Bilberry-Extract-Powder1.jpg 474w, https:\/\/wankonbiotech.com\/wp-content\/uploads\/2024\/08\/Bilberry-Extract-Powder1-300x225.jpg 300w\" sizes=\"(max-width: 474px) 100vw, 474px\" \/><\/p>\n<p>Que vous soyez un athl\u00e8te cherchant \u00e0 am\u00e9liorer ses performances, une personne soucieuse de sa sant\u00e9 cherchant \u00e0 augmenter son apport en antioxydants ou une personne cherchant \u00e0 soutenir la sant\u00e9 des yeux, <strong>Extrait de myrtille en poudre<\/strong> offre une solution pratique et efficace.<\/p>\n<h2><strong>Qu'est-ce que l'extrait de myrtille en poudre ?<\/strong><\/h2>\n<p><strong>Extrait de myrtille en poudre<\/strong> est d\u00e9riv\u00e9 des petites baies bleu fonc\u00e9 de la myrtille, un proche parent de l'airelle. Les baies sont r\u00e9colt\u00e9es, s\u00e9ch\u00e9es, puis finement broy\u00e9es en une poudre qui conserve la couleur violet fonc\u00e9 et le profil nutritif puissant du fruit frais. Cette poudre est particuli\u00e8rement riche en anthocyanes, un type d'antioxydant qui donne aux myrtilles leur couleur caract\u00e9ristique et leurs nombreux bienfaits pour la sant\u00e9. <strong>Extrait de myrtille en poudre<\/strong> est biologique, ce qui garantit qu'il est exempt de pesticides synth\u00e9tiques, d'herbicides et d'OGM, ce qui en fait un compl\u00e9ment pur et naturel qui peut facilement \u00eatre incorpor\u00e9 dans une vari\u00e9t\u00e9 de r\u00e9gimes alimentaires.<\/p>\n<h2><strong>Avantages nutritionnels de l'extrait de myrtille en poudre<\/strong><\/h2>\n<p><strong>Extrait de myrtille en poudre<\/strong> regorge de nutriments essentiels et d'antioxydants qui contribuent \u00e0 la sant\u00e9 et au bien-\u00eatre g\u00e9n\u00e9ral. Les plus remarquables sont les anthocyanes, de puissants antioxydants connus pour leur r\u00f4le dans la protection des cellules contre le stress oxydatif, la r\u00e9duction de l'inflammation et le soutien de la sant\u00e9 cardiovasculaire. Ces compos\u00e9s sont \u00e9galement b\u00e9n\u00e9fiques pour la sant\u00e9 des yeux, car ils contribuent \u00e0 renforcer les capillaires oculaires et \u00e0 am\u00e9liorer la circulation vers la r\u00e9tine.<\/p>\n<p><img decoding=\"async\" class=\"alignnone wp-image-856 size-full\" src=\"http:\/\/wankonbiotech.com\/wp-content\/uploads\/2024\/08\/Bilberry-Extract-Powder.jpg\" alt=\"Poudre de fruit biologique\" width=\"1000\" height=\"600\" title=\"\" srcset=\"https:\/\/wankonbiotech.com\/wp-content\/uploads\/2024\/08\/Bilberry-Extract-Powder.jpg 1000w, https:\/\/wankonbiotech.com\/wp-content\/uploads\/2024\/08\/Bilberry-Extract-Powder-300x180.jpg 300w, https:\/\/wankonbiotech.com\/wp-content\/uploads\/2024\/08\/Bilberry-Extract-Powder-768x461.jpg 768w, https:\/\/wankonbiotech.com\/wp-content\/uploads\/2024\/08\/Bilberry-Extract-Powder-600x360.jpg 600w\" sizes=\"(max-width: 1000px) 100vw, 1000px\" \/><\/p>\n<p>En plus des anthocyanes, <strong>Extrait de myrtille en poudre<\/strong> contient des vitamines C et E, qui sont essentielles \u00e0 la fonction immunitaire, \u00e0 la sant\u00e9 de la peau et \u00e0 la protection cellulaire globale. La poudre fournit \u00e9galement des fibres alimentaires qui facilitent la digestion et favorisent un microbiome intestinal sain. En outre, les myrtilles sont une source de flavono\u00efdes, un autre groupe d'antioxydants qui offrent des avantages suppl\u00e9mentaires en mati\u00e8re de protection contre les maladies chroniques.<\/p>\n<h2><strong>Les bienfaits de l'extrait de myrtille en poudre<\/strong><\/h2>\n<p>Les bienfaits pour la sant\u00e9 <strong>Extrait de myrtille en poudre<\/strong> sont nombreux et bien document\u00e9s. L'un des avantages les plus reconnus est sa capacit\u00e9 \u00e0 favoriser la sant\u00e9 des yeux. Il a \u00e9t\u00e9 d\u00e9montr\u00e9 que les anthocyanes contenues dans les myrtilles am\u00e9liorent la vision nocturne, r\u00e9duisent la fatigue oculaire et prot\u00e8gent contre des affections telles que la d\u00e9g\u00e9n\u00e9rescence maculaire et la cataracte. Ainsi, les myrtilles <strong>Extrait de myrtille en poudre<\/strong> un excellent compl\u00e9ment pour les personnes qui passent de longues heures devant des \u00e9crans ou qui ont des ant\u00e9c\u00e9dents familiaux d'affections oculaires.<\/p>\n<p><strong>Extrait de myrtille en poudre<\/strong> est \u00e9galement b\u00e9n\u00e9fique pour la sant\u00e9 cardiovasculaire. Les antioxydants contenus dans les myrtilles contribuent \u00e0 abaisser le taux de mauvais cholest\u00e9rol (LDL), \u00e0 r\u00e9duire la pression art\u00e9rielle et \u00e0 am\u00e9liorer le fonctionnement des vaisseaux sanguins, ce qui peut r\u00e9duire le risque de maladie cardiaque. En outre, les propri\u00e9t\u00e9s anti-inflammatoires de l'extrait de myrtille favorisent la sant\u00e9 cardiaque globale en r\u00e9duisant l'inflammation dans les art\u00e8res et en pr\u00e9venant les dommages oxydatifs du syst\u00e8me cardiovasculaire.<\/p>\n<p>Pour ceux qui cherchent \u00e0 favoriser le bien-\u00eatre g\u00e9n\u00e9ral, <strong>Extrait de myrtille en poudre<\/strong> offre un puissant coup de pouce au syst\u00e8me immunitaire. La combinaison de vitamines, d'antioxydants et de flavono\u00efdes contribue \u00e0 prot\u00e9ger l'organisme contre les infections, \u00e0 r\u00e9duire l'inflammation et \u00e0 favoriser un vieillissement en bonne sant\u00e9. La teneur en fibres de la poudre contribue \u00e9galement \u00e0 la sant\u00e9 digestive en favorisant un transit intestinal r\u00e9gulier et en pr\u00e9venant la constipation.<\/p>\n<h2><strong>Applications de l'extrait de myrtille en poudre dans l'industrie alimentaire et des boissons<\/strong><\/h2>\n<p><strong>Extrait de myrtille en poudre<\/strong> est incroyablement polyvalent et peut \u00eatre incorpor\u00e9 dans une grande vari\u00e9t\u00e9 de produits alimentaires et de boissons. Sa saveur riche et l\u00e9g\u00e8rement acidul\u00e9e en fait un ingr\u00e9dient id\u00e9al pour les smoothies, les jus et les shots de bien-\u00eatre. Il peut \u00e9galement \u00eatre ajout\u00e9 aux produits de boulangerie tels que les muffins, les g\u00e2teaux et les barres \u00e9nerg\u00e9tiques pour en am\u00e9liorer la saveur et le contenu nutritionnel.<\/p>\n<p>Sur le march\u00e9 en pleine expansion des aliments fonctionnels et des compl\u00e9ments alimentaires, <strong>Extrait de myrtille en poudre<\/strong> est de plus en plus utilis\u00e9 dans les compl\u00e9ments alimentaires, les boissons sant\u00e9 et m\u00eame comme colorant naturel en raison de sa teinte violette vibrante. Son profil nutritif naturel en fait un ingr\u00e9dient pr\u00e9cieux pour les fabricants de produits alimentaires qui cherchent \u00e0 r\u00e9pondre \u00e0 la demande de produits \u00e0 forte teneur en antioxydants, de produits biologiques et de produits \"clean label\". En outre, <strong>Extrait de myrtille en poudre<\/strong> peut \u00eatre utilis\u00e9 en combinaison avec d'autres super-aliments pour cr\u00e9er des m\u00e9langes d'antioxydants puissants qui favorisent la sant\u00e9 et le bien-\u00eatre en g\u00e9n\u00e9ral.<\/p>","protected":false},"excerpt":{"rendered":"<p><strong>Extrait de myrtille en poudre<\/strong> est incroyablement polyvalent et peut \u00eatre incorpor\u00e9 dans une grande vari\u00e9t\u00e9 de produits alimentaires et de boissons. Sa saveur riche et l\u00e9g\u00e8rement acidul\u00e9e en fait un ingr\u00e9dient id\u00e9al pour les smoothies, les jus et les shots de bien-\u00eatre. Il peut \u00e9galement \u00eatre ajout\u00e9 aux produits de boulangerie tels que les muffins, les g\u00e2teaux et les barres \u00e9nerg\u00e9tiques pour en am\u00e9liorer la saveur et le contenu nutritionnel.<\/p>","protected":false},"featured_media":855,"template":"","meta":{"_acf_changed":false},"product_brand":[],"product_cat":[37],"product_tag":[],"class_list":{"0":"post-854","1":"product","2":"type-product","3":"status-publish","4":"has-post-thumbnail","6":"product_cat-organic-fruit-and-vegetable-powder","8":"first","9":"instock","10":"shipping-taxable","11":"product-type-simple"},"acf":[],"_links":{"self":[{"href":"https:\/\/wankonbiotech.com\/fr\/wp-json\/wp\/v2\/product\/854","targetHints":{"allow":["GET"]}}],"collection":[{"href":"https:\/\/wankonbiotech.com\/fr\/wp-json\/wp\/v2\/product"}],"about":[{"href":"https:\/\/wankonbiotech.com\/fr\/wp-json\/wp\/v2\/types\/product"}],"wp:featuredmedia":[{"embeddable":true,"href":"https:\/\/wankonbiotech.com\/fr\/wp-json\/wp\/v2\/media\/855"}],"wp:attachment":[{"href":"https:\/\/wankonbiotech.com\/fr\/wp-json\/wp\/v2\/media?parent=854"}],"wp:term":[{"taxonomy":"product_brand","embeddable":true,"href":"https:\/\/wankonbiotech.com\/fr\/wp-json\/wp\/v2\/product_brand?post=854"},{"taxonomy":"product_cat","embeddable":true,"href":"https:\/\/wankonbiotech.com\/fr\/wp-json\/wp\/v2\/product_cat?post=854"},{"taxonomy":"product_tag","embeddable":true,"href":"https:\/\/wankonbiotech.com\/fr\/wp-json\/wp\/v2\/product_tag?post=854"}],"curies":[{"name":"wp","href":"https:\/\/api.w.org\/{rel}","templated":true}]}}