{"id":850,"date":"2024-08-14T16:00:24","date_gmt":"2024-08-14T16:00:24","guid":{"rendered":"http:\/\/wankonbiotech.com\/?post_type=product&#038;p=850"},"modified":"2024-08-14T16:00:24","modified_gmt":"2024-08-14T16:00:24","slug":"cranberry-extract-powder","status":"publish","type":"product","link":"https:\/\/wankonbiotech.com\/fr\/produit-2\/extrait-de-canneberge-en-poudre-2\/","title":{"rendered":"Extrait de canneberge en poudre de haute qualit\u00e9 Poudre de fruit de canneberge"},"content":{"rendered":"<table>\n<tbody>\n<tr>\n<td width=\"497\"><strong>Nom latin<\/strong><\/td>\n<td width=\"497\">\u00a0Vaccinium Macrocarpon L<\/td>\n<\/tr>\n<tr>\n<td width=\"497\"><strong>Solvant d'extraction<\/strong><\/td>\n<td width=\"497\">\u00a0Eau\u00f0anol<\/td>\n<\/tr>\n<tr>\n<td width=\"497\"><strong>Apparence<\/strong><\/td>\n<td width=\"497\">Poudre fine rouge pourpre fonc\u00e9<\/td>\n<\/tr>\n<\/tbody>\n<\/table>\n<h2><strong>Introduction<\/strong><\/h2>\n<p>Dans le monde des poudres de fruits biologiques, <strong>Extrait de canneberge en poudre<\/strong> se distingue comme \u00e9tant un suppl\u00e9ment puissant rempli d'antioxydants et de propri\u00e9t\u00e9s b\u00e9n\u00e9fiques pour la sant\u00e9. D\u00e9riv\u00e9e de la canneberge, un fruit connu pour sa couleur rouge vif et sa saveur acidul\u00e9e, cette poudre offre un moyen pratique d'int\u00e9grer les nombreux bienfaits de la canneberge dans votre routine quotidienne. Que vous cherchiez \u00e0 soutenir la sant\u00e9 des voies urinaires, \u00e0 renforcer votre syst\u00e8me immunitaire ou simplement \u00e0 ajouter un \u00e9l\u00e9ment nutritif \u00e0 votre r\u00e9gime alimentaire, cette poudre est un moyen pratique d'int\u00e9grer les nombreux bienfaits des canneberges dans votre routine quotidienne, <strong>Extrait de canneberge en poudre<\/strong> est un choix polyvalent et efficace. Cet article explore les avantages, les applications et les raisons pour lesquelles il est possible d'en faire usage. <strong>Extrait de canneberge en poudre<\/strong> est en train de devenir un produit de base dans la cat\u00e9gorie des poudres de fruits et l\u00e9gumes biologiques.<\/p>\n<p><img fetchpriority=\"high\" decoding=\"async\" class=\"alignnone size-full wp-image-852\" src=\"http:\/\/wankonbiotech.com\/wp-content\/uploads\/2024\/08\/Cranberry-Extract-Powder.webp\" alt=\"Extrait de canneberge en poudre\" width=\"1040\" height=\"652\" title=\"\" srcset=\"https:\/\/wankonbiotech.com\/wp-content\/uploads\/2024\/08\/Cranberry-Extract-Powder.webp 1040w, https:\/\/wankonbiotech.com\/wp-content\/uploads\/2024\/08\/Cranberry-Extract-Powder-300x188.webp 300w, https:\/\/wankonbiotech.com\/wp-content\/uploads\/2024\/08\/Cranberry-Extract-Powder-1024x642.webp 1024w, https:\/\/wankonbiotech.com\/wp-content\/uploads\/2024\/08\/Cranberry-Extract-Powder-768x481.webp 768w, https:\/\/wankonbiotech.com\/wp-content\/uploads\/2024\/08\/Cranberry-Extract-Powder-600x376.webp 600w\" sizes=\"(max-width: 1040px) 100vw, 1040px\" \/><\/p>\n<h2><strong>Qu'est-ce que l'extrait de canneberge en poudre ?<\/strong><\/h2>\n<p><strong>Extrait de canneberge en poudre<\/strong> est fabriqu\u00e9 \u00e0 partir de canneberges s\u00e9ch\u00e9es qui ont \u00e9t\u00e9 finement r\u00e9duites en poudre. Le processus commence par la r\u00e9colte de canneberges fra\u00eeches, qui sont ensuite s\u00e9ch\u00e9es pour \u00e9liminer l'humidit\u00e9 tout en pr\u00e9servant leur riche teneur en nutriments. Une fois s\u00e9ch\u00e9es, les canneberges sont broy\u00e9es en une fine poudre qui conserve la couleur vive et la saveur acidul\u00e9e caract\u00e9ristiques du fruit. Cette poudre est biologique, ce qui garantit qu'elle est exempte de pesticides synth\u00e9tiques, d'herbicides et d'OGM, ce qui en fait un compl\u00e9ment pur et naturel. <strong>Extrait de canneberge en poudre<\/strong> est riche en vitamines, en min\u00e9raux et en compos\u00e9s bioactifs qui favorisent la sant\u00e9 et le bien-\u00eatre en g\u00e9n\u00e9ral.<\/p>\n<h2><strong>Avantages nutritionnels de l'extrait de canneberge en poudre<\/strong><\/h2>\n<p><strong>Extrait de canneberge en poudre<\/strong> est un suppl\u00e9ment riche en nutriments, offrant une source importante de vitamines C, E et K. La vitamine C est un antioxydant puissant qui soutient la fonction immunitaire, la sant\u00e9 de la peau et la cicatrisation des plaies. La vitamine E agit comme un antioxydant qui aide \u00e0 prot\u00e9ger les cellules des dommages oxydatifs, tandis que la vitamine K joue un r\u00f4le crucial dans la sant\u00e9 des os et la coagulation du sang.<\/p>\n<p>L'une des caract\u00e9ristiques les plus remarquables de <strong>Extrait de canneberge en poudre<\/strong> est sa teneur \u00e9lev\u00e9e en antioxydants, en particulier en proanthocyanidines. Ces antioxydants aident \u00e0 combattre le stress oxydatif, \u00e0 r\u00e9duire l'inflammation et \u00e0 prot\u00e9ger l'organisme des maladies chroniques. Les canneberges sont \u00e9galement connues pour leur capacit\u00e9 \u00e0 favoriser la sant\u00e9 des voies urinaires gr\u00e2ce \u00e0 la pr\u00e9sence de compos\u00e9s qui emp\u00eachent les bact\u00e9ries d'adh\u00e9rer aux parois des voies urinaires.<\/p>\n<p><img decoding=\"async\" class=\"alignnone size-full wp-image-853\" src=\"http:\/\/wankonbiotech.com\/wp-content\/uploads\/2024\/08\/Cranberry-Extract-Powder1.jpg\" alt=\"Extrait de canneberge en poudre\" width=\"1600\" height=\"1200\" title=\"\" srcset=\"https:\/\/wankonbiotech.com\/wp-content\/uploads\/2024\/08\/Cranberry-Extract-Powder1.jpg 1600w, https:\/\/wankonbiotech.com\/wp-content\/uploads\/2024\/08\/Cranberry-Extract-Powder1-300x225.jpg 300w, https:\/\/wankonbiotech.com\/wp-content\/uploads\/2024\/08\/Cranberry-Extract-Powder1-1024x768.jpg 1024w, https:\/\/wankonbiotech.com\/wp-content\/uploads\/2024\/08\/Cranberry-Extract-Powder1-768x576.jpg 768w, https:\/\/wankonbiotech.com\/wp-content\/uploads\/2024\/08\/Cranberry-Extract-Powder1-1536x1152.jpg 1536w, https:\/\/wankonbiotech.com\/wp-content\/uploads\/2024\/08\/Cranberry-Extract-Powder1-600x450.jpg 600w\" sizes=\"(max-width: 1600px) 100vw, 1600px\" \/><\/p>\n<p>En plus de sa teneur en antioxydants, <strong>Extrait de canneberge en poudre<\/strong> est une bonne source de fibres alimentaires, qui contribuent \u00e0 la sant\u00e9 digestive en favorisant un transit intestinal r\u00e9gulier et en pr\u00e9venant la constipation. Les compos\u00e9s naturels pr\u00e9sents dans les canneberges, notamment les flavono\u00efdes et les acides ph\u00e9noliques, am\u00e9liorent encore le profil nutritionnel de ce puissant suppl\u00e9ment.<\/p>","protected":false},"excerpt":{"rendered":"<p><strong>Extrait de canneberge en poudre<\/strong> est un suppl\u00e9ment riche en nutriments, offrant une source importante de vitamines C, E et K. La vitamine C est un antioxydant puissant qui soutient la fonction immunitaire, la sant\u00e9 de la peau et la cicatrisation des plaies. La vitamine E agit comme un antioxydant qui aide \u00e0 prot\u00e9ger les cellules des dommages oxydatifs, tandis que la vitamine K joue un r\u00f4le crucial dans la sant\u00e9 des os et la coagulation du sang.<\/p>","protected":false},"featured_media":851,"template":"","meta":{"_acf_changed":false},"product_brand":[],"product_cat":[37],"product_tag":[],"class_list":{"0":"post-850","1":"product","2":"type-product","3":"status-publish","4":"has-post-thumbnail","6":"product_cat-organic-fruit-and-vegetable-powder","8":"first","9":"instock","10":"shipping-taxable","11":"product-type-simple"},"acf":[],"_links":{"self":[{"href":"https:\/\/wankonbiotech.com\/fr\/wp-json\/wp\/v2\/product\/850","targetHints":{"allow":["GET"]}}],"collection":[{"href":"https:\/\/wankonbiotech.com\/fr\/wp-json\/wp\/v2\/product"}],"about":[{"href":"https:\/\/wankonbiotech.com\/fr\/wp-json\/wp\/v2\/types\/product"}],"wp:featuredmedia":[{"embeddable":true,"href":"https:\/\/wankonbiotech.com\/fr\/wp-json\/wp\/v2\/media\/851"}],"wp:attachment":[{"href":"https:\/\/wankonbiotech.com\/fr\/wp-json\/wp\/v2\/media?parent=850"}],"wp:term":[{"taxonomy":"product_brand","embeddable":true,"href":"https:\/\/wankonbiotech.com\/fr\/wp-json\/wp\/v2\/product_brand?post=850"},{"taxonomy":"product_cat","embeddable":true,"href":"https:\/\/wankonbiotech.com\/fr\/wp-json\/wp\/v2\/product_cat?post=850"},{"taxonomy":"product_tag","embeddable":true,"href":"https:\/\/wankonbiotech.com\/fr\/wp-json\/wp\/v2\/product_tag?post=850"}],"curies":[{"name":"wp","href":"https:\/\/api.w.org\/{rel}","templated":true}]}}