{"id":784,"date":"2024-08-12T14:10:42","date_gmt":"2024-08-12T14:10:42","guid":{"rendered":"http:\/\/wankonbiotech.com\/?post_type=product&#038;p=784"},"modified":"2024-08-12T14:12:55","modified_gmt":"2024-08-12T14:12:55","slug":"kale-extract-powder","status":"publish","type":"product","link":"https:\/\/wankonbiotech.com\/fr\/produit-2\/extrait-de-chou-frise-en-poudre-2\/","title":{"rendered":"Extrait de chou fris\u00e9 en poudre de haute qualit\u00e9 Pure Organic Kale Extract Powder Suppl\u00e9ment \u00e0 base de plantes 10:1 20:1 Extrait de chou fris\u00e9 en poudre"},"content":{"rendered":"<table>\n<tbody>\n<tr style=\"height: 24px;\">\n<td style=\"height: 24px;\" colspan=\"1\" rowspan=\"1\">\n<div data-spm-anchor-id=\"a2700.details.0.i36.43f72463zzVohM\"><strong>Nom du produit<\/strong><\/div>\n<\/td>\n<td style=\"height: 24px;\" colspan=\"1\" rowspan=\"1\">\n<div data-spm-anchor-id=\"a2700.details.0.i38.43f72463zzVohM\">Poudre de chou fris\u00e9<\/div>\n<\/td>\n<\/tr>\n<tr style=\"height: 24px;\">\n<td style=\"height: 24px;\" colspan=\"1\" rowspan=\"1\">\n<div><strong>Apparence<\/strong><\/div>\n<\/td>\n<td style=\"height: 24px;\" colspan=\"1\" rowspan=\"1\">\n<div data-spm-anchor-id=\"a2700.details.0.i37.43f72463zzVohM\">Poudre verte<\/div>\n<\/td>\n<\/tr>\n<tr style=\"height: 24px;\">\n<td style=\"height: 24px;\" colspan=\"1\" rowspan=\"1\">\n<div><strong>Sp\u00e9cifications<\/strong><\/div>\n<\/td>\n<td style=\"height: 24px;\" colspan=\"1\" rowspan=\"1\">\n<div>jus de chou vert en poudre<\/div>\n<\/td>\n<\/tr>\n<tr style=\"height: 24px;\">\n<td style=\"height: 24px;\" colspan=\"1\" rowspan=\"1\">\n<div><strong>Stockage<\/strong><\/div>\n<\/td>\n<td style=\"height: 24px;\" colspan=\"1\" rowspan=\"1\">\n<div>Conserver dans un endroit frais, sec et sombre, dans un r\u00e9cipient ou un cylindre herm\u00e9tiquement ferm\u00e9.<\/div>\n<\/td>\n<\/tr>\n<\/tbody>\n<\/table>\n<h2><strong>Introduction<\/strong><\/h2>\n<p>Dans le domaine des super-aliments biologiques, <strong>Extrait de chou fris\u00e9 en poudre<\/strong> se distingue comme un suppl\u00e9ment puissant et riche en nutriments. Le chou fris\u00e9, souvent consid\u00e9r\u00e9 comme un super-aliment, regorge de vitamines, de min\u00e9raux et d'antioxydants qui favorisent la sant\u00e9 et le bien-\u00eatre en g\u00e9n\u00e9ral. En convertissant ce vert feuillu en une poudre pratique, <strong>Extrait de chou fris\u00e9 en poudre<\/strong> vous permet d'int\u00e9grer plus facilement que jamais ces bienfaits pour la sant\u00e9 dans votre alimentation quotidienne.<\/p>\n<p><img fetchpriority=\"high\" decoding=\"async\" class=\"alignnone size-full wp-image-786\" src=\"http:\/\/wankonbiotech.com\/wp-content\/uploads\/2024\/08\/Kale-Extract-Powder.jpg\" alt=\"Extrait de chou fris\u00e9 en poudre\" width=\"1404\" height=\"672\" title=\"\" srcset=\"https:\/\/wankonbiotech.com\/wp-content\/uploads\/2024\/08\/Kale-Extract-Powder.jpg 1404w, https:\/\/wankonbiotech.com\/wp-content\/uploads\/2024\/08\/Kale-Extract-Powder-300x144.jpg 300w, https:\/\/wankonbiotech.com\/wp-content\/uploads\/2024\/08\/Kale-Extract-Powder-1024x490.jpg 1024w, https:\/\/wankonbiotech.com\/wp-content\/uploads\/2024\/08\/Kale-Extract-Powder-768x368.jpg 768w, https:\/\/wankonbiotech.com\/wp-content\/uploads\/2024\/08\/Kale-Extract-Powder-600x287.jpg 600w\" sizes=\"(max-width: 1404px) 100vw, 1404px\" \/><\/p>\n<h2><strong>Qu'est-ce que l'extrait de chou fris\u00e9 en poudre ?<\/strong><\/h2>\n<p><strong>Extrait de chou fris\u00e9 en poudre<\/strong> est fabriqu\u00e9 \u00e0 partir de feuilles de chou fris\u00e9 d\u00e9shydrat\u00e9es et finement moulues, l'un des l\u00e9gumes les plus riches en nutriments qui soient. Le chou fris\u00e9 fait partie de la famille des l\u00e9gumes crucif\u00e8res, qui comprend le brocoli, le chou-fleur et le chou de Bruxelles. Pour cr\u00e9er la poudre, les feuilles de chou fris\u00e9 fra\u00eeches sont r\u00e9colt\u00e9es, lav\u00e9es, puis s\u00e9ch\u00e9es d\u00e9licatement \u00e0 basse temp\u00e9rature afin de pr\u00e9server leur teneur en nutriments. Les feuilles s\u00e9ch\u00e9es sont ensuite broy\u00e9es en une fine poudre, qui conserve la couleur verte \u00e9clatante et le profil nutritionnel du chou fris\u00e9 frais. Cette poudre est biologique, ce qui signifie qu'elle est exempte de pesticides synth\u00e9tiques, d'herbicides et d'OGM, ce qui en fait un suppl\u00e9ment propre et naturel.<\/p>\n<h2><strong>Avantages nutritionnels de l'extrait de chou fris\u00e9 en poudre<\/strong><\/h2>\n<p><strong>Extrait de chou fris\u00e9 en poudre<\/strong> est une source riche en vitamines essentielles, en min\u00e9raux et en antioxydants. Il est particuli\u00e8rement riche en vitamines A, C et K. La vitamine A contribue \u00e0 la sant\u00e9 des yeux et \u00e0 la fonction immunitaire, tandis que la vitamine C est essentielle \u00e0 la production de collag\u00e8ne, \u00e0 la sant\u00e9 de la peau et \u00e0 la d\u00e9fense immunitaire. La vitamine K joue un r\u00f4le cl\u00e9 dans la sant\u00e9 des os et la coagulation du sang. En outre, le chou fris\u00e9 est une bonne source de min\u00e9raux tels que le calcium, le potassium et le magn\u00e9sium, qui sont essentiels \u00e0 la solidit\u00e9 des os, \u00e0 la sant\u00e9 du c\u0153ur et \u00e0 la fonction musculaire.<\/p>\n<p><img decoding=\"async\" class=\"alignnone size-full wp-image-787\" src=\"http:\/\/wankonbiotech.com\/wp-content\/uploads\/2024\/08\/Kale-Extract-Powder1.jpg\" alt=\"Extrait de chou fris\u00e9 en poudre\" width=\"2500\" height=\"1667\" title=\"\" srcset=\"https:\/\/wankonbiotech.com\/wp-content\/uploads\/2024\/08\/Kale-Extract-Powder1.jpg 2500w, https:\/\/wankonbiotech.com\/wp-content\/uploads\/2024\/08\/Kale-Extract-Powder1-300x200.jpg 300w, https:\/\/wankonbiotech.com\/wp-content\/uploads\/2024\/08\/Kale-Extract-Powder1-1024x683.jpg 1024w, https:\/\/wankonbiotech.com\/wp-content\/uploads\/2024\/08\/Kale-Extract-Powder1-768x512.jpg 768w, https:\/\/wankonbiotech.com\/wp-content\/uploads\/2024\/08\/Kale-Extract-Powder1-1536x1024.jpg 1536w, https:\/\/wankonbiotech.com\/wp-content\/uploads\/2024\/08\/Kale-Extract-Powder1-2048x1366.jpg 2048w, https:\/\/wankonbiotech.com\/wp-content\/uploads\/2024\/08\/Kale-Extract-Powder1-600x400.jpg 600w\" sizes=\"(max-width: 2500px) 100vw, 2500px\" \/><\/p>\n<p>L'une des caract\u00e9ristiques les plus remarquables de <strong>Extrait de chou fris\u00e9 en poudre<\/strong> est sa teneur \u00e9lev\u00e9e en antioxydants, notamment des compos\u00e9s comme la querc\u00e9tine et le kaempf\u00e9rol. Ces antioxydants aident \u00e0 combattre le stress oxydatif, \u00e0 r\u00e9duire l'inflammation et \u00e0 prot\u00e9ger l'organisme des maladies chroniques. Le chou fris\u00e9 est \u00e9galement riche en fibres, qui contribuent \u00e0 la sant\u00e9 digestive en favorisant un transit intestinal r\u00e9gulier et en pr\u00e9venant la constipation. En outre, le chou fris\u00e9 est riche en fibres, <strong>Extrait de chou fris\u00e9 en poudre<\/strong> est pauvre en calories mais riche en eau, ce qui en fait un compl\u00e9ment id\u00e9al pour la gestion du poids et la sant\u00e9 en g\u00e9n\u00e9ral.<\/p>","protected":false},"excerpt":{"rendered":"<p>Que vous soyez un athl\u00e8te, un consommateur soucieux de sa sant\u00e9 ou que vous cherchiez simplement \u00e0 augmenter votre apport nutritionnel, <strong>Extrait de chou fris\u00e9 en poudre<\/strong> offre un moyen simple mais puissant d'am\u00e9liorer votre bien-\u00eatre g\u00e9n\u00e9ral. Cet article explore les avantages, les utilisations et les raisons pour lesquelles l'utilisation de l'huile d'olive est n\u00e9cessaire. <strong>Extrait de chou fris\u00e9 en poudre<\/strong> devient un \u00e9l\u00e9ment essentiel de la cat\u00e9gorie des poudres de fruits et l\u00e9gumes biologiques.<\/p>","protected":false},"featured_media":785,"template":"","meta":{"_acf_changed":false},"product_brand":[],"product_cat":[37],"product_tag":[],"class_list":{"0":"post-784","1":"product","2":"type-product","3":"status-publish","4":"has-post-thumbnail","6":"product_cat-organic-fruit-and-vegetable-powder","8":"first","9":"instock","10":"shipping-taxable","11":"product-type-simple"},"acf":[],"_links":{"self":[{"href":"https:\/\/wankonbiotech.com\/fr\/wp-json\/wp\/v2\/product\/784","targetHints":{"allow":["GET"]}}],"collection":[{"href":"https:\/\/wankonbiotech.com\/fr\/wp-json\/wp\/v2\/product"}],"about":[{"href":"https:\/\/wankonbiotech.com\/fr\/wp-json\/wp\/v2\/types\/product"}],"wp:featuredmedia":[{"embeddable":true,"href":"https:\/\/wankonbiotech.com\/fr\/wp-json\/wp\/v2\/media\/785"}],"wp:attachment":[{"href":"https:\/\/wankonbiotech.com\/fr\/wp-json\/wp\/v2\/media?parent=784"}],"wp:term":[{"taxonomy":"product_brand","embeddable":true,"href":"https:\/\/wankonbiotech.com\/fr\/wp-json\/wp\/v2\/product_brand?post=784"},{"taxonomy":"product_cat","embeddable":true,"href":"https:\/\/wankonbiotech.com\/fr\/wp-json\/wp\/v2\/product_cat?post=784"},{"taxonomy":"product_tag","embeddable":true,"href":"https:\/\/wankonbiotech.com\/fr\/wp-json\/wp\/v2\/product_tag?post=784"}],"curies":[{"name":"wp","href":"https:\/\/api.w.org\/{rel}","templated":true}]}}