{"id":781,"date":"2024-08-12T13:55:43","date_gmt":"2024-08-12T13:55:43","guid":{"rendered":"http:\/\/wankonbiotech.com\/?post_type=product&#038;p=781"},"modified":"2024-08-12T13:58:58","modified_gmt":"2024-08-12T13:58:58","slug":"peanut-protein-powder-manufacturers","status":"publish","type":"product","link":"https:\/\/wankonbiotech.com\/fr\/produit-2\/fabricants-de-proteines-en-poudre-darachide-2\/","title":{"rendered":"Fabricants de prot\u00e9ines d'arachide en poudre"},"content":{"rendered":"<table>\n<tbody>\n<tr>\n<td width=\"284\"><strong>Nom du produit<\/strong><\/td>\n<td width=\"284\">Poudre de prot\u00e9ines de cacahu\u00e8tes<\/td>\n<\/tr>\n<tr>\n<td width=\"284\"><strong>Sp\u00e9cifications<\/strong><\/td>\n<td width=\"284\">\u00a0Poudre fine jaune, odeur et go\u00fbt caract\u00e9ristiques, Min. 50%Prot\u00e9ines(sur base s\u00e8che), faible teneur en sucre, faible teneur en mati\u00e8res grasses, sans cholest\u00e9rol et haute valeur nutritionnelle.<\/td>\n<\/tr>\n<tr>\n<td width=\"284\"><strong>Certificats<\/strong><\/td>\n<td width=\"284\">\u00a0ISO22000 ; Halal ; Certification NON-GMO<\/td>\n<\/tr>\n<tr>\n<td width=\"284\"><strong>Capacit\u00e9 d'approvisionnement annuelle<\/strong><\/td>\n<td width=\"284\">\u00a0Plus de 3000 tonnes<\/td>\n<\/tr>\n<tr>\n<td width=\"284\"><strong>Caract\u00e9ristiques<\/strong><\/td>\n<td width=\"284\">\u00a0Bonne solubilit\u00e9 ; bonne stabilit\u00e9 ; faible viscosit\u00e9 ; facile \u00e0 dig\u00e9rer et \u00e0 absorber ;<\/td>\n<\/tr>\n<tr>\n<td width=\"284\"><strong>Application<\/strong><\/td>\n<td width=\"284\">\u00a0Aliments nutritionnels, aliments pour athl\u00e8tes, aliments de sant\u00e9 destin\u00e9s \u00e0 des populations particuli\u00e8res.<\/td>\n<\/tr>\n<\/tbody>\n<\/table>\n<h2><strong>Introduction<\/strong><\/h2>\n<p><strong>Poudre de prot\u00e9ines de cacahu\u00e8tes<\/strong>\u00a0est une sorte de prot\u00e9ine v\u00e9g\u00e9tale qui ne subit pas de d\u00e9naturation \u00e0 la chaleur et qui a une valeur nutritionnelle \u00e9lev\u00e9e. Elle conserve int\u00e9gralement les nutriments contenus dans les arachides. Elle a une valeur \u00e9lev\u00e9e en prot\u00e9ines solubles et en NSI, une bonne solubilit\u00e9 dans l'eau, une blancheur et une saveur l\u00e9g\u00e8re, ainsi que le parfum unique des cacahu\u00e8tes. Sa valeur nutritionnelle peut \u00eatre compar\u00e9e \u00e0 celle des prot\u00e9ines animales. Les vitamines, les oligo-\u00e9l\u00e9ments et les min\u00e9raux ont un taux d'utilisation efficace de 98%, sont facilement dig\u00e9r\u00e9s et absorb\u00e9s par le corps humain et contiennent moins de facteurs antinutritionnels que le soja. Il s'agit d'un produit nutritionnel naturel \u00e0 faible teneur en sucre et en mati\u00e8res grasses, sans cholest\u00e9rol et \u00e0 haute valeur nutritive.<\/p>\n<p><img fetchpriority=\"high\" decoding=\"async\" class=\"size-full wp-image-783 aligncenter\" src=\"http:\/\/wankonbiotech.com\/wp-content\/uploads\/2024\/08\/IMG_Peanuts.jpg\" alt=\"Poudre de prot\u00e9ines de cacahu\u00e8tes\" width=\"1080\" height=\"720\" title=\"\" srcset=\"https:\/\/wankonbiotech.com\/wp-content\/uploads\/2024\/08\/IMG_Peanuts.jpg 1080w, https:\/\/wankonbiotech.com\/wp-content\/uploads\/2024\/08\/IMG_Peanuts-300x200.jpg 300w, https:\/\/wankonbiotech.com\/wp-content\/uploads\/2024\/08\/IMG_Peanuts-1024x683.jpg 1024w, https:\/\/wankonbiotech.com\/wp-content\/uploads\/2024\/08\/IMG_Peanuts-768x512.jpg 768w, https:\/\/wankonbiotech.com\/wp-content\/uploads\/2024\/08\/IMG_Peanuts-600x400.jpg 600w\" sizes=\"(max-width: 1080px) 100vw, 1080px\" \/><\/p>\n<h2><strong>Qu'est-ce que la poudre de prot\u00e9ines de cacahu\u00e8tes ?<\/strong><\/h2>\n<p><strong>Poudre de prot\u00e9ines de cacahu\u00e8tes<\/strong> est fabriqu\u00e9 \u00e0 partir de cacahu\u00e8tes crues ou grill\u00e9es qui ont \u00e9t\u00e9 press\u00e9es pour en retirer la plus grande partie de l'huile, puis broy\u00e9es en une fine poudre. Il en r\u00e9sulte un produit riche en prot\u00e9ines qui conserve la riche saveur de noix des arachides tout en \u00e9tant pauvre en graisses et en hydrates de carbone. Cette poudre de prot\u00e9ines est naturellement sans gluten et peut \u00eatre utilis\u00e9e dans une vari\u00e9t\u00e9 d'applications culinaires, des smoothies aux shakes en passant par la p\u00e2tisserie et la cuisine. <strong>Poudre de prot\u00e9ines de cacahu\u00e8tes<\/strong> est une excellente source de prot\u00e9ines d'origine v\u00e9g\u00e9tale, offrant un profil d'acides amin\u00e9s \u00e9quilibr\u00e9 qui favorise la r\u00e9paration musculaire et la sant\u00e9 globale.<\/p>\n<h2><strong>Avantages nutritionnels de la poudre de prot\u00e9ines de cacahu\u00e8te<\/strong><\/h2>\n<p><strong>Poudre de prot\u00e9ines de cacahu\u00e8tes<\/strong> est un suppl\u00e9ment riche en nutriments, offrant une teneur \u00e9lev\u00e9e en prot\u00e9ines, g\u00e9n\u00e9ralement comprise entre 40 et 50% en poids, en fonction de la m\u00e9thode de traitement. Cela en fait une excellente source de prot\u00e9ines pour les v\u00e9g\u00e9taliens, les v\u00e9g\u00e9tariens et tous ceux qui cherchent \u00e0 augmenter leur apport en prot\u00e9ines sans d\u00e9pendre des produits d'origine animale. Outre les prot\u00e9ines, la poudre d'arachide est riche en vitamines et min\u00e9raux essentiels, dont le magn\u00e9sium, le phosphore et les vitamines B, qui contribuent \u00e0 la production d'\u00e9nergie, \u00e0 la sant\u00e9 des os et \u00e0 la vitalit\u00e9 g\u00e9n\u00e9rale.<\/p>\n<p>Les cacahu\u00e8tes sont \u00e9galement connues pour leurs bonnes graisses, en particulier les graisses monoinsatur\u00e9es et polyinsatur\u00e9es, qui contribuent \u00e0 la sant\u00e9 cardiaque en aidant \u00e0 r\u00e9duire le taux de mauvais cholest\u00e9rol. <strong>Poudre de prot\u00e9ines de cacahu\u00e8tes<\/strong> Les cacahu\u00e8tes sont une bonne source de fibres, qui facilitent la digestion et aident \u00e0 maintenir la sensation de sati\u00e9t\u00e9, ce qui facilite la gestion du poids. En outre, les cacahu\u00e8tes sont une bonne source de fibres, qui facilitent la digestion et aident \u00e0 maintenir une sensation de sati\u00e9t\u00e9, ce qui facilite la gestion du poids.Wankon Biotech's <a href=\"http:\/\/wankonbiotech.com\/fr\/categorie-produit\/proteines-vegetales-biologiques\/\">Prot\u00e9ines v\u00e9g\u00e9tales biologiques<\/a> Cat\u00e9gorie.<\/p>","protected":false},"excerpt":{"rendered":"<p><strong>Poudre de prot\u00e9ines de cacahu\u00e8tes<\/strong> est fabriqu\u00e9 \u00e0 partir de cacahu\u00e8tes crues ou grill\u00e9es qui ont \u00e9t\u00e9 press\u00e9es pour en retirer la plus grande partie de l'huile, puis broy\u00e9es en une fine poudre. Il en r\u00e9sulte un produit riche en prot\u00e9ines qui conserve la riche saveur de noix des arachides tout en \u00e9tant pauvre en graisses et en hydrates de carbone. Cette poudre de prot\u00e9ines est naturellement sans gluten et peut \u00eatre utilis\u00e9e dans une vari\u00e9t\u00e9 d'applications culinaires, des smoothies aux shakes en passant par la p\u00e2tisserie et la cuisine. <strong>Poudre de prot\u00e9ines de cacahu\u00e8tes<\/strong> est une excellente source de prot\u00e9ines d'origine v\u00e9g\u00e9tale, offrant un profil d'acides amin\u00e9s \u00e9quilibr\u00e9 qui favorise la r\u00e9paration musculaire et la sant\u00e9 globale.<\/p>","protected":false},"featured_media":782,"template":"","meta":{"_acf_changed":false},"product_brand":[],"product_cat":[39],"product_tag":[],"class_list":{"0":"post-781","1":"product","2":"type-product","3":"status-publish","4":"has-post-thumbnail","6":"product_cat-organic-plant-based-protein","8":"first","9":"instock","10":"shipping-taxable","11":"product-type-simple"},"acf":[],"_links":{"self":[{"href":"https:\/\/wankonbiotech.com\/fr\/wp-json\/wp\/v2\/product\/781","targetHints":{"allow":["GET"]}}],"collection":[{"href":"https:\/\/wankonbiotech.com\/fr\/wp-json\/wp\/v2\/product"}],"about":[{"href":"https:\/\/wankonbiotech.com\/fr\/wp-json\/wp\/v2\/types\/product"}],"wp:featuredmedia":[{"embeddable":true,"href":"https:\/\/wankonbiotech.com\/fr\/wp-json\/wp\/v2\/media\/782"}],"wp:attachment":[{"href":"https:\/\/wankonbiotech.com\/fr\/wp-json\/wp\/v2\/media?parent=781"}],"wp:term":[{"taxonomy":"product_brand","embeddable":true,"href":"https:\/\/wankonbiotech.com\/fr\/wp-json\/wp\/v2\/product_brand?post=781"},{"taxonomy":"product_cat","embeddable":true,"href":"https:\/\/wankonbiotech.com\/fr\/wp-json\/wp\/v2\/product_cat?post=781"},{"taxonomy":"product_tag","embeddable":true,"href":"https:\/\/wankonbiotech.com\/fr\/wp-json\/wp\/v2\/product_tag?post=781"}],"curies":[{"name":"wp","href":"https:\/\/api.w.org\/{rel}","templated":true}]}}