{"id":779,"date":"2024-08-12T05:53:04","date_gmt":"2024-08-12T05:53:04","guid":{"rendered":"http:\/\/wankonbiotech.com\/?post_type=product&#038;p=779"},"modified":"2024-08-12T05:53:04","modified_gmt":"2024-08-12T05:53:04","slug":"millet-protein-powder","status":"publish","type":"product","link":"https:\/\/wankonbiotech.com\/fr\/produit-2\/poudre-de-proteines-de-millet-2\/","title":{"rendered":"Prot\u00e9ines de millet en poudre"},"content":{"rendered":"<h2><strong>Introduction<\/strong><\/h2>\n<p>En utilisant le millet comme mati\u00e8re premi\u00e8re, hydrolyse enzymatique composite \u00e0 basse temp\u00e9rature et autres biotechnologies \u00e0 liens multiples, extraction de\u00a0<strong>Prot\u00e9ines de millet en poudre<\/strong>\u00a0riche en divers acides amin\u00e9s et en min\u00e9raux. Ce produit a une valeur nutritionnelle \u00e9lev\u00e9e et est riche en prot\u00e9ines, en graisses et en vitamines. Il est non seulement comestible, mais peut \u00e9galement \u00eatre utilis\u00e9 comme m\u00e9dicament. Le millet est riche en prot\u00e9ines, en vitamine B1 et en sels inorganiques. Le millet est riche en vitamines B1, B12, etc., et a pour effet de pr\u00e9venir l'indigestion, de lutter contre la n\u00e9vrite et de pr\u00e9venir le b\u00e9rib\u00e9ri. Le millet a pour effet de pr\u00e9venir les naus\u00e9es et les vomissements.<\/p>\n<p>Les nutriments du millet sont complets et riches, et le taux d'absorption des diff\u00e9rents nutriments est \u00e9lev\u00e9. Selon les informations disponibles, la digestibilit\u00e9 des prot\u00e9ines du millet est de 83,4%, celle des graisses de 90,8% et celle des hydrates de carbone de 99,4%, ce qui fait du millet une bonne source de nutrition ; le rapport thermique des trois nutriments thermog\u00e9niques du millet est de 14,2% pour les prot\u00e9ines, de 4,5% pour les graisses et de 81,34% pour les hydrates de carbone, les graisses ayant le rapport calorique le plus faible, ce qui fait du millet une bonne mati\u00e8re premi\u00e8re pour la production d'aliments et de boissons.\u00a0<strong>Prot\u00e9ines de millet en poudre<\/strong>\u00a0un aliment sain.<\/p>\n<h2><strong>Qu'est-ce que la poudre de prot\u00e9ines de millet ?<\/strong><\/h2>\n<p><strong>Prot\u00e9ines de millet en poudre<\/strong> est produit par la transformation des grains de millet, un groupe de gramin\u00e9es \u00e0 petites graines cultiv\u00e9es depuis des milliers d'ann\u00e9es. Le millet est connu pour sa grande r\u00e9sistance, capable de pousser dans des conditions difficiles avec un minimum d'eau et de nutriments dans le sol. Les grains sont r\u00e9colt\u00e9s, nettoy\u00e9s, puis moulus en une fine poudre riche en prot\u00e9ines et en nutriments essentiels. Cette poudre de prot\u00e9ines est naturellement exempte de gluten, ce qui la rend adapt\u00e9e aux personnes atteintes de la maladie c\u0153liaque ou sensibles au gluten. En outre, le millet est hypoallerg\u00e9nique et facile \u00e0 dig\u00e9rer, ce qui en fait une source de prot\u00e9ines id\u00e9ale pour un large \u00e9ventail de besoins alimentaires.<\/p>\n<h2><strong>Avantages nutritionnels de la poudre de prot\u00e9ines de millet<\/strong><\/h2>\n<p><strong>Prot\u00e9ines de millet en poudre<\/strong> est une centrale nutritionnelle, offrant une riche source de prot\u00e9ines d'origine v\u00e9g\u00e9tale, essentielles \u00e0 la r\u00e9paration et \u00e0 la croissance musculaire, ainsi qu'au fonctionnement g\u00e9n\u00e9ral de l'organisme. Chaque portion contient g\u00e9n\u00e9ralement 20-25% de prot\u00e9ines en poids, en fonction de la m\u00e9thode de traitement. Le millet est \u00e9galement riche en fibres alimentaires, qui contribuent \u00e0 la sant\u00e9 digestive en favorisant un transit intestinal r\u00e9gulier et en pr\u00e9venant la constipation. Ces fibres aident \u00e9galement \u00e0 r\u00e9guler la glyc\u00e9mie, ce qui fait du millet un aliment \u00e0 faible indice glyc\u00e9mique, id\u00e9al pour g\u00e9rer le diab\u00e8te et pr\u00e9venir les pics et les chutes d'\u00e9nergie.<\/p>\n<p>En plus des prot\u00e9ines et des fibres, <strong>Prot\u00e9ines de millet en poudre<\/strong> regorge de vitamines et de min\u00e9raux essentiels, dont le magn\u00e9sium, le phosphore et les vitamines B, qui favorisent la production d'\u00e9nergie, la sant\u00e9 des os et la vitalit\u00e9 g\u00e9n\u00e9rale. Le millet est \u00e9galement une bonne source d'antioxydants, qui contribuent \u00e0 prot\u00e9ger l'organisme du stress oxydatif et de l'inflammation. La pr\u00e9sence de ces nutriments fait du <strong>Prot\u00e9ines de millet en poudre<\/strong> non seulement une source de prot\u00e9ines, mais aussi un ingr\u00e9dient alimentaire fonctionnel offrant d'autres avantages pour la sant\u00e9.<\/p>","protected":false},"excerpt":{"rendered":"<p>En utilisant le millet comme mati\u00e8re premi\u00e8re, hydrolyse enzymatique composite \u00e0 basse temp\u00e9rature et autres biotechnologies \u00e0 liens multiples, extraction de\u00a0<strong>Prot\u00e9ines de millet en poudre<\/strong>\u00a0riche en divers acides amin\u00e9s et en min\u00e9raux. Ce produit a une valeur nutritionnelle \u00e9lev\u00e9e et est riche en prot\u00e9ines, en graisses et en vitamines. Il est non seulement comestible, mais peut \u00e9galement \u00eatre utilis\u00e9 comme m\u00e9dicament. Le millet est riche en prot\u00e9ines, en vitamine B1 et en sels inorganiques. Le millet est riche en vitamines B1, B12, etc., et a pour effet de pr\u00e9venir l'indigestion, de lutter contre la n\u00e9vrite et de pr\u00e9venir le b\u00e9rib\u00e9ri. Le millet a pour effet de pr\u00e9venir les naus\u00e9es et les vomissements.<\/p>","protected":false},"featured_media":780,"template":"","meta":{"_acf_changed":false},"product_brand":[],"product_cat":[39],"product_tag":[],"class_list":{"0":"post-779","1":"product","2":"type-product","3":"status-publish","4":"has-post-thumbnail","6":"product_cat-organic-plant-based-protein","8":"first","9":"instock","10":"shipping-taxable","11":"product-type-simple"},"acf":[],"_links":{"self":[{"href":"https:\/\/wankonbiotech.com\/fr\/wp-json\/wp\/v2\/product\/779","targetHints":{"allow":["GET"]}}],"collection":[{"href":"https:\/\/wankonbiotech.com\/fr\/wp-json\/wp\/v2\/product"}],"about":[{"href":"https:\/\/wankonbiotech.com\/fr\/wp-json\/wp\/v2\/types\/product"}],"wp:featuredmedia":[{"embeddable":true,"href":"https:\/\/wankonbiotech.com\/fr\/wp-json\/wp\/v2\/media\/780"}],"wp:attachment":[{"href":"https:\/\/wankonbiotech.com\/fr\/wp-json\/wp\/v2\/media?parent=779"}],"wp:term":[{"taxonomy":"product_brand","embeddable":true,"href":"https:\/\/wankonbiotech.com\/fr\/wp-json\/wp\/v2\/product_brand?post=779"},{"taxonomy":"product_cat","embeddable":true,"href":"https:\/\/wankonbiotech.com\/fr\/wp-json\/wp\/v2\/product_cat?post=779"},{"taxonomy":"product_tag","embeddable":true,"href":"https:\/\/wankonbiotech.com\/fr\/wp-json\/wp\/v2\/product_tag?post=779"}],"curies":[{"name":"wp","href":"https:\/\/api.w.org\/{rel}","templated":true}]}}