{"id":775,"date":"2024-08-12T05:39:30","date_gmt":"2024-08-12T05:39:30","guid":{"rendered":"http:\/\/wankonbiotech.com\/?post_type=product&#038;p=775"},"modified":"2024-08-12T05:39:30","modified_gmt":"2024-08-12T05:39:30","slug":"high-quality-instant-oat-protein-powder-oat-extract-oat-beta-glucan-powder","status":"publish","type":"product","link":"https:\/\/wankonbiotech.com\/fr\/produit-2\/poudre-de-proteine-davoine-instantanee-de-haute-qualite-extrait-davoine-poudre-de-beta-glucane-davoine-2\/","title":{"rendered":"Poudre de prot\u00e9ines d'avoine instantan\u00e9es de haute qualit\u00e9 Extrait d'avoine Poudre de b\u00eata-glucane d'avoine"},"content":{"rendered":"<table>\n<tbody>\n<tr>\n<td width=\"284\"><strong>Nom latin<\/strong><\/td>\n<td width=\"284\">\u00a0Avena sativa L.<\/td>\n<\/tr>\n<tr>\n<td width=\"284\"><strong>Apparence<\/strong><\/td>\n<td width=\"284\">\u00a0Poudre fine blanc cass\u00e9<\/td>\n<\/tr>\n<tr>\n<td width=\"284\"><strong>Sp\u00e9cifications<\/strong><\/td>\n<td width=\"284\">50%~80%<\/td>\n<\/tr>\n<\/tbody>\n<\/table>\n<h2><strong>Introduction<\/strong><\/h2>\n<p>L'avoine est la seule c\u00e9r\u00e9ale dont la principale prot\u00e9ine de stockage (80%) est une globuline ou une prot\u00e9ine de type l\u00e9gumineuse, l'av\u00e9naline.\u00a0<strong>Prot\u00e9ines d'avoine en poudre<\/strong>\u00a0est un concentr\u00e9 naturel et unique de prot\u00e9ines v\u00e9g\u00e9tales \u00e0 base d'avoine chinoise sans OGM qui aide les fabricants \u00e0 r\u00e9pondre \u00e0 la demande croissante des consommateurs pour des aliments et des suppl\u00e9ments nutritifs et enrichis en prot\u00e9ines. Il est adapt\u00e9 aux v\u00e9g\u00e9taliens, a bon go\u00fbt et constitue une excellente alternative aux autres sources de prot\u00e9ines laiti\u00e8res et v\u00e9g\u00e9tales. Tout cela en fait l'ingr\u00e9dient id\u00e9al pour augmenter la teneur en prot\u00e9ines d'une large gamme de produits. La qualit\u00e9 des prot\u00e9ines de soja est presque \u00e9quivalente \u00e0 celle des prot\u00e9ines de viande, de lait et d'\u0153uf, selon les recherches de l'Organisation mondiale de la sant\u00e9.<\/p>\n<p><img fetchpriority=\"high\" decoding=\"async\" class=\"wp-image-777 size-large aligncenter\" src=\"http:\/\/wankonbiotech.com\/wp-content\/uploads\/2024\/08\/Oat-Protein-Powder-1024x683.webp\" alt=\"Prot\u00e9ines d&#039;avoine en poudre\" width=\"1024\" height=\"683\" title=\"\" srcset=\"https:\/\/wankonbiotech.com\/wp-content\/uploads\/2024\/08\/Oat-Protein-Powder-1024x683.webp 1024w, https:\/\/wankonbiotech.com\/wp-content\/uploads\/2024\/08\/Oat-Protein-Powder-300x200.webp 300w, https:\/\/wankonbiotech.com\/wp-content\/uploads\/2024\/08\/Oat-Protein-Powder-768x512.webp 768w, https:\/\/wankonbiotech.com\/wp-content\/uploads\/2024\/08\/Oat-Protein-Powder-1536x1024.webp 1536w, https:\/\/wankonbiotech.com\/wp-content\/uploads\/2024\/08\/Oat-Protein-Powder-2048x1366.webp 2048w, https:\/\/wankonbiotech.com\/wp-content\/uploads\/2024\/08\/Oat-Protein-Powder-600x400.webp 600w\" sizes=\"(max-width: 1024px) 100vw, 1024px\" \/><\/p>\n<h2><strong>Qu'est-ce que la poudre de prot\u00e9ines d'avoine ?<\/strong><\/h2>\n<p><strong>Prot\u00e9ines d'avoine en poudre<\/strong> est d\u00e9riv\u00e9 de l'avoine enti\u00e8re, une c\u00e9r\u00e9ale connue pour sa teneur \u00e9lev\u00e9e en fibres et ses bienfaits pour la sant\u00e9 du c\u0153ur. La prot\u00e9ine est extraite de l'avoine par un processus qui consiste \u00e0 s\u00e9parer la prot\u00e9ine de l'amidon et des fibres, ce qui permet d'obtenir une poudre fine riche en prot\u00e9ines et en nutriments essentiels. Cette prot\u00e9ine en poudre est naturellement sans gluten et hypoallerg\u00e9nique, ce qui en fait une excellente option pour les personnes souffrant de sensibilit\u00e9s alimentaires ou suivant un r\u00e9gime sans gluten. <strong>Prot\u00e9ines d'avoine en poudre<\/strong> offre un profil complet d'acides amin\u00e9s, ce qui en fait un compl\u00e9ment pr\u00e9cieux \u00e0 un r\u00e9gime alimentaire \u00e9quilibr\u00e9.<\/p>\n<h2><strong>Avantages nutritionnels de la poudre de prot\u00e9ines d'avoine<\/strong><\/h2>\n<p><strong>Prot\u00e9ines d'avoine en poudre<\/strong> est une source riche en prot\u00e9ines essentielles \u00e0 la r\u00e9paration et \u00e0 la croissance des muscles ainsi qu'au bon fonctionnement de l'organisme en g\u00e9n\u00e9ral. Chaque portion contient g\u00e9n\u00e9ralement environ 50-60% de prot\u00e9ines en poids, en fonction de la m\u00e9thode de traitement. Outre les prot\u00e9ines, la prot\u00e9ine d'avoine est riche en fibres alimentaires, en particulier en b\u00eata-glucane, connu pour sa capacit\u00e9 \u00e0 r\u00e9duire le taux de cholest\u00e9rol et \u00e0 favoriser la sant\u00e9 cardiaque. Cela signifie que la prot\u00e9ine d'avoine est riche en fibres alimentaires. <strong>Prot\u00e9ines d'avoine en poudre<\/strong> non seulement une source de prot\u00e9ines, mais aussi un ingr\u00e9dient alimentaire fonctionnel offrant d'autres avantages pour la sant\u00e9.<\/p>\n<p><img decoding=\"async\" class=\"alignnone wp-image-778 size-full\" src=\"http:\/\/wankonbiotech.com\/wp-content\/uploads\/2024\/08\/Oat-Protein-Powder.jpg\" alt=\"Prot\u00e9ines d&#039;avoine en poudre\" width=\"1600\" height=\"896\" title=\"\" srcset=\"https:\/\/wankonbiotech.com\/wp-content\/uploads\/2024\/08\/Oat-Protein-Powder.jpg 1600w, https:\/\/wankonbiotech.com\/wp-content\/uploads\/2024\/08\/Oat-Protein-Powder-300x168.jpg 300w, https:\/\/wankonbiotech.com\/wp-content\/uploads\/2024\/08\/Oat-Protein-Powder-1024x573.jpg 1024w, https:\/\/wankonbiotech.com\/wp-content\/uploads\/2024\/08\/Oat-Protein-Powder-768x430.jpg 768w, https:\/\/wankonbiotech.com\/wp-content\/uploads\/2024\/08\/Oat-Protein-Powder-1536x860.jpg 1536w, https:\/\/wankonbiotech.com\/wp-content\/uploads\/2024\/08\/Oat-Protein-Powder-600x336.jpg 600w\" sizes=\"(max-width: 1600px) 100vw, 1600px\" \/><\/p>\n<p>En outre, <strong>Prot\u00e9ines d'avoine en poudre<\/strong> regorge de vitamines et de min\u00e9raux essentiels, dont le fer, le magn\u00e9sium et le phosphore, qui contribuent \u00e0 la production d'\u00e9nergie, \u00e0 la sant\u00e9 des os et \u00e0 la vitalit\u00e9 g\u00e9n\u00e9rale. La pr\u00e9sence d'antioxydants dans l'avoine, tels que les avenanthramides, am\u00e9liore encore le profil nutritionnel de cette prot\u00e9ine en poudre, en lui conf\u00e9rant des propri\u00e9t\u00e9s anti-inflammatoires et de renforcement du syst\u00e8me immunitaire.<\/p>","protected":false},"excerpt":{"rendered":"<p><strong>Prot\u00e9ines d'avoine en poudre<\/strong> regorge de vitamines et de min\u00e9raux essentiels, dont le fer, le magn\u00e9sium et le phosphore, qui contribuent \u00e0 la production d'\u00e9nergie, \u00e0 la sant\u00e9 des os et \u00e0 la vitalit\u00e9 g\u00e9n\u00e9rale. La pr\u00e9sence d'antioxydants dans l'avoine, tels que les avenanthramides, am\u00e9liore encore le profil nutritionnel de cette prot\u00e9ine en poudre, en lui conf\u00e9rant des propri\u00e9t\u00e9s anti-inflammatoires et de renforcement du syst\u00e8me immunitaire.<\/p>","protected":false},"featured_media":776,"template":"","meta":{"_acf_changed":false},"product_brand":[],"product_cat":[39],"product_tag":[],"class_list":{"0":"post-775","1":"product","2":"type-product","3":"status-publish","4":"has-post-thumbnail","6":"product_cat-organic-plant-based-protein","8":"first","9":"instock","10":"shipping-taxable","11":"product-type-simple"},"acf":[],"_links":{"self":[{"href":"https:\/\/wankonbiotech.com\/fr\/wp-json\/wp\/v2\/product\/775","targetHints":{"allow":["GET"]}}],"collection":[{"href":"https:\/\/wankonbiotech.com\/fr\/wp-json\/wp\/v2\/product"}],"about":[{"href":"https:\/\/wankonbiotech.com\/fr\/wp-json\/wp\/v2\/types\/product"}],"wp:featuredmedia":[{"embeddable":true,"href":"https:\/\/wankonbiotech.com\/fr\/wp-json\/wp\/v2\/media\/776"}],"wp:attachment":[{"href":"https:\/\/wankonbiotech.com\/fr\/wp-json\/wp\/v2\/media?parent=775"}],"wp:term":[{"taxonomy":"product_brand","embeddable":true,"href":"https:\/\/wankonbiotech.com\/fr\/wp-json\/wp\/v2\/product_brand?post=775"},{"taxonomy":"product_cat","embeddable":true,"href":"https:\/\/wankonbiotech.com\/fr\/wp-json\/wp\/v2\/product_cat?post=775"},{"taxonomy":"product_tag","embeddable":true,"href":"https:\/\/wankonbiotech.com\/fr\/wp-json\/wp\/v2\/product_tag?post=775"}],"curies":[{"name":"wp","href":"https:\/\/api.w.org\/{rel}","templated":true}]}}