{"id":760,"date":"2024-08-11T05:24:08","date_gmt":"2024-08-11T05:24:08","guid":{"rendered":"http:\/\/wankonbiotech.com\/?post_type=product&#038;p=760"},"modified":"2024-08-11T05:24:41","modified_gmt":"2024-08-11T05:24:41","slug":"organic-textured-pea-protein-manufacturers","status":"publish","type":"product","link":"https:\/\/wankonbiotech.com\/fr\/produit-2\/fabricants-de-proteines-de-pois-texturees-biologiques-2\/","title":{"rendered":"Fabricants de prot\u00e9ines de pois textur\u00e9es biologiques"},"content":{"rendered":"<table>\n<tbody>\n<tr>\n<td width=\"218\"><strong>Nom du produit<\/strong><\/td>\n<td width=\"218\">\u00a0Prot\u00e9ines de pois textur\u00e9es biologiques<\/td>\n<\/tr>\n<tr>\n<td width=\"218\"><strong>Sp\u00e9cifications<\/strong><\/td>\n<td width=\"218\">\u00a060%~80% Prot\u00e9ine<\/td>\n<\/tr>\n<tr>\n<td width=\"218\"><strong>Certificats<\/strong><\/td>\n<td width=\"218\">\u00a0ISO22000 ; Halal ; Certification NON-OGM, certificat biologique de l'USDA et de l'UE<\/td>\n<\/tr>\n<\/tbody>\n<\/table>\n<h2><strong>Introduction<\/strong><\/h2>\n<p><strong>La prot\u00e9ine de pois textur\u00e9e biologique est<\/strong>\u00a0a<strong>\u00a0produit r\u00e9g\u00e9n\u00e9rateur<\/strong>Le TPP est un produit naturel sans gluten et sans soja, cultiv\u00e9 \u00e0 partir de pois biologiques pour cr\u00e9er des substituts de viande \u00e0 haute teneur en prot\u00e9ines et \u00e0 base de plantes, sans OGM et sans gluten. Le TPP est un produit naturel sans gluten ni soja, au go\u00fbt satisfaisant et \u00e0 la texture attrayante, ce qui en fait un compl\u00e9ment parfait aux ingr\u00e9dients courants dans un large \u00e9ventail d'applications.<\/p>\n<p><img fetchpriority=\"high\" decoding=\"async\" class=\"wp-image-765 size-large aligncenter\" src=\"http:\/\/wankonbiotech.com\/wp-content\/uploads\/2024\/08\/WEB-Pet-food-front-page-image_TVP_-202205-2048x796-1-1024x398.png\" alt=\"prot\u00e9ine de pois textur\u00e9e biologique\" width=\"1024\" height=\"398\" title=\"\" srcset=\"https:\/\/wankonbiotech.com\/wp-content\/uploads\/2024\/08\/WEB-Pet-food-front-page-image_TVP_-202205-2048x796-1-1024x398.png 1024w, https:\/\/wankonbiotech.com\/wp-content\/uploads\/2024\/08\/WEB-Pet-food-front-page-image_TVP_-202205-2048x796-1-300x117.png 300w, https:\/\/wankonbiotech.com\/wp-content\/uploads\/2024\/08\/WEB-Pet-food-front-page-image_TVP_-202205-2048x796-1-768x299.png 768w, https:\/\/wankonbiotech.com\/wp-content\/uploads\/2024\/08\/WEB-Pet-food-front-page-image_TVP_-202205-2048x796-1-1536x597.png 1536w, https:\/\/wankonbiotech.com\/wp-content\/uploads\/2024\/08\/WEB-Pet-food-front-page-image_TVP_-202205-2048x796-1-600x233.png 600w, https:\/\/wankonbiotech.com\/wp-content\/uploads\/2024\/08\/WEB-Pet-food-front-page-image_TVP_-202205-2048x796-1.png 2048w\" sizes=\"(max-width: 1024px) 100vw, 1024px\" \/><\/p>\n<p>La prot\u00e9ine de pois textur\u00e9e offre une solution innovante pour cr\u00e9er des produits nutritionnellement riches avec une texture am\u00e9lior\u00e9e. Une fois r\u00e9hydrat\u00e9e, la prot\u00e9ine de pois textur\u00e9e simule la texture et la sensation en bouche de la viande.<br \/>\nL'avantage unique de la prot\u00e9ine de pois textur\u00e9e r\u00e9side dans la taille de ses granules. Sa petite taille et son aspect fibreux la rendent id\u00e9ale pour les applications de viande hach\u00e9e \u00e0 base de plantes et les saucisses et galettes v\u00e9g\u00e9taliennes. Elle est sp\u00e9cifiquement connue pour am\u00e9liorer la jutosit\u00e9 des produits et imiter la sensation de mordre dans la viande.<\/p>\n<h2><strong>Qu'est-ce que la prot\u00e9ine de pois textur\u00e9e biologique ?<\/strong><\/h2>\n<p>La prot\u00e9ine de pois textur\u00e9e biologique est d\u00e9riv\u00e9e de pois jaunes, qui sont trait\u00e9s pour extraire et concentrer la prot\u00e9ine. La prot\u00e9ine est ensuite transform\u00e9e en une forme textur\u00e9e, qui peut \u00eatre utilis\u00e9e comme substitut de viande dans divers plats. Ce processus consiste \u00e0 chauffer la prot\u00e9ine de pois sous pression, ce qui cr\u00e9e une texture fibreuse similaire \u00e0 celle de la viande. Le r\u00e9sultat est un produit riche en prot\u00e9ines, semblable \u00e0 de la viande et enti\u00e8rement v\u00e9g\u00e9tal, ce qui en fait une excellente option pour les v\u00e9g\u00e9tariens, les v\u00e9g\u00e9taliens et tous ceux qui cherchent \u00e0 r\u00e9duire leur consommation de viande.<\/p>\n<h2><strong>Avantages nutritionnels de la prot\u00e9ine de pois textur\u00e9e biologique<\/strong><\/h2>\n<p>La prot\u00e9ine de pois textur\u00e9e biologique n'est pas seulement une source de prot\u00e9ines, c'est un compl\u00e9ment nutritionnel complet. Chaque portion fournit une teneur \u00e9lev\u00e9e en prot\u00e9ines, g\u00e9n\u00e9ralement autour de 80% en poids, ainsi que les neuf acides amin\u00e9s essentiels n\u00e9cessaires \u00e0 la r\u00e9paration et \u00e0 la croissance des muscles. Cela en fait une source de prot\u00e9ines pr\u00e9cieuse pour les athl\u00e8tes, les culturistes et les personnes ayant un mode de vie actif.<\/p>\n<p><img decoding=\"async\" class=\"wp-image-763 size-full aligncenter\" src=\"http:\/\/wankonbiotech.com\/wp-content\/uploads\/2024\/08\/organic-textured-pea-protein1.jpg\" alt=\"prot\u00e9ine de pois textur\u00e9e biologique\" width=\"1600\" height=\"901\" title=\"\" srcset=\"https:\/\/wankonbiotech.com\/wp-content\/uploads\/2024\/08\/organic-textured-pea-protein1.jpg 1600w, https:\/\/wankonbiotech.com\/wp-content\/uploads\/2024\/08\/organic-textured-pea-protein1-300x169.jpg 300w, https:\/\/wankonbiotech.com\/wp-content\/uploads\/2024\/08\/organic-textured-pea-protein1-1024x577.jpg 1024w, https:\/\/wankonbiotech.com\/wp-content\/uploads\/2024\/08\/organic-textured-pea-protein1-768x432.jpg 768w, https:\/\/wankonbiotech.com\/wp-content\/uploads\/2024\/08\/organic-textured-pea-protein1-1536x865.jpg 1536w, https:\/\/wankonbiotech.com\/wp-content\/uploads\/2024\/08\/organic-textured-pea-protein1-600x338.jpg 600w\" sizes=\"(max-width: 1600px) 100vw, 1600px\" \/><\/p>\n<p>En plus des prot\u00e9ines, la prot\u00e9ine de pois textur\u00e9e biologique est riche en fibres alimentaires, qui soutiennent la sant\u00e9 digestive en favorisant un transit intestinal r\u00e9gulier et en pr\u00e9venant la constipation. C'est \u00e9galement une bonne source de fer, un min\u00e9ral essentiel qui aide \u00e0 transporter l'oxyg\u00e8ne dans tout le corps et soutient les niveaux d'\u00e9nergie. En outre, la prot\u00e9ine de pois est pauvre en graisses et exempte de cholest\u00e9rol, ce qui en fait une option saine pour le c\u0153ur. Parce qu'elle est hypoallerg\u00e9nique, la prot\u00e9ine de pois textur\u00e9e biologique convient aux personnes souffrant de sensibilit\u00e9s alimentaires ou d'allergies au soja, aux produits laitiers ou au gluten.<a href=\"http:\/\/wankonbiotech.com\/fr\/categorie-produit\/proteines-vegetales-biologiques\/\" target=\"_new\" rel=\"noreferrer noopener\">La cat\u00e9gorie des prot\u00e9ines v\u00e9g\u00e9tales biologiques de Wankon Biotech<\/a>.<\/p>","protected":false},"excerpt":{"rendered":"<p><strong>La prot\u00e9ine de pois textur\u00e9e biologique est<\/strong>\u00a0a<strong>\u00a0produit r\u00e9g\u00e9n\u00e9rateur<\/strong>Le TPP est un produit naturel sans gluten et sans soja, cultiv\u00e9 \u00e0 partir de pois biologiques pour cr\u00e9er des substituts de viande \u00e0 haute teneur en prot\u00e9ines et \u00e0 base de plantes, sans OGM et sans gluten. Le TPP est un produit naturel sans gluten ni soja, au go\u00fbt satisfaisant et \u00e0 la texture attrayante, ce qui en fait un compl\u00e9ment parfait aux ingr\u00e9dients courants dans un large \u00e9ventail d'applications.<\/p>","protected":false},"featured_media":762,"template":"","meta":{"_acf_changed":false},"product_brand":[],"product_cat":[39],"product_tag":[],"class_list":{"0":"post-760","1":"product","2":"type-product","3":"status-publish","4":"has-post-thumbnail","6":"product_cat-organic-plant-based-protein","8":"first","9":"instock","10":"shipping-taxable","11":"product-type-simple"},"acf":[],"_links":{"self":[{"href":"https:\/\/wankonbiotech.com\/fr\/wp-json\/wp\/v2\/product\/760","targetHints":{"allow":["GET"]}}],"collection":[{"href":"https:\/\/wankonbiotech.com\/fr\/wp-json\/wp\/v2\/product"}],"about":[{"href":"https:\/\/wankonbiotech.com\/fr\/wp-json\/wp\/v2\/types\/product"}],"wp:featuredmedia":[{"embeddable":true,"href":"https:\/\/wankonbiotech.com\/fr\/wp-json\/wp\/v2\/media\/762"}],"wp:attachment":[{"href":"https:\/\/wankonbiotech.com\/fr\/wp-json\/wp\/v2\/media?parent=760"}],"wp:term":[{"taxonomy":"product_brand","embeddable":true,"href":"https:\/\/wankonbiotech.com\/fr\/wp-json\/wp\/v2\/product_brand?post=760"},{"taxonomy":"product_cat","embeddable":true,"href":"https:\/\/wankonbiotech.com\/fr\/wp-json\/wp\/v2\/product_cat?post=760"},{"taxonomy":"product_tag","embeddable":true,"href":"https:\/\/wankonbiotech.com\/fr\/wp-json\/wp\/v2\/product_tag?post=760"}],"curies":[{"name":"wp","href":"https:\/\/api.w.org\/{rel}","templated":true}]}}