{"id":751,"date":"2024-08-10T15:44:27","date_gmt":"2024-08-10T15:44:27","guid":{"rendered":"http:\/\/wankonbiotech.com\/?post_type=product&#038;p=751"},"modified":"2024-08-11T04:47:02","modified_gmt":"2024-08-11T04:47:02","slug":"mankai-duckweed-powder","status":"publish","type":"product","link":"https:\/\/wankonbiotech.com\/fr\/produit-2\/poudre-de-lentilles-deau-mankai\/","title":{"rendered":"Poudre de lentilles d'eau Mankai"},"content":{"rendered":"<table>\n<tbody>\n<tr>\n<td colspan=\"1\" rowspan=\"1\"><strong>Nom du produit<\/strong><\/td>\n<td colspan=\"1\" rowspan=\"1\">Poudre de lentilles d'eau<\/td>\n<\/tr>\n<tr>\n<td colspan=\"1\" rowspan=\"1\"><strong>Apparence<\/strong><\/td>\n<td colspan=\"1\" rowspan=\"1\">Poudre fine<\/td>\n<\/tr>\n<tr>\n<td colspan=\"1\" rowspan=\"1\"><strong>Grade<\/strong><\/td>\n<td colspan=\"1\" rowspan=\"1\">Grade cosm\u00e9tique\/Grade m\u00e9dical\/Grade alimentaire<\/td>\n<\/tr>\n<tr>\n<td colspan=\"1\" rowspan=\"1\"><strong>Partie de la plante utilis\u00e9e<\/strong><\/td>\n<td colspan=\"1\" rowspan=\"1\">Lemna minor L. herbe enti\u00e8re<\/td>\n<\/tr>\n<tr>\n<td colspan=\"1\" rowspan=\"1\"><strong>Sp\u00e9cifications<\/strong><\/td>\n<td colspan=\"1\" rowspan=\"1\">G\u00e9lule ; poudre pure<\/td>\n<\/tr>\n<tr>\n<td colspan=\"1\" rowspan=\"1\"><strong>La puret\u00e9<\/strong><\/td>\n<td colspan=\"1\" rowspan=\"1\">99%<\/td>\n<\/tr>\n<\/tbody>\n<\/table>\n<h2><strong>Introduction<\/strong><\/h2>\n<p><strong>Poudre de lentilles d'eau Mankai\u00a0<\/strong>est<strong>\u00a0<\/strong>fabriqu\u00e9 \u00e0 partir d'une lentille d'eau sp\u00e9ciale, \u00e9galement appel\u00e9e\u00a0<strong>Lemna minor<\/strong>,\u00a0<strong>Lentille d'eau<\/strong>,\u00a0<strong>LENTEIN<\/strong>et\u00a0<strong>man kai<\/strong>La lentille d'eau est une plante aquatique qui vit \u00e0 la surface de l'eau. Ce sont de petites plantes aquatiques \u00e0 fleurs, qui poussent dans les eaux douces \u00e0 temp\u00e9rature chaude, et qui font partie de la famille des lentilles d'eau Lemna et Wolffiaor. Selon ceux qui ont eu le privil\u00e8ge de mettre la main sur la forme brute des lentilles d'eau, leur go\u00fbt est similaire \u00e0 celui des lentilles normales (elles ont une saveur douce et abondante), mais elles poussent dans de l'eau riche en nutriments plut\u00f4t que dans de la terre.<\/p>\n<p><img fetchpriority=\"high\" decoding=\"async\" class=\"wp-image-753 size-full aligncenter\" src=\"http:\/\/wankonbiotech.com\/wp-content\/uploads\/2024\/08\/Mankai-Duckweed-superfood-GettyImages-1330156251-225893cb25d044c89b187173cd254cdd.jpg\" alt=\"Poudre de lentilles d&#039;eau Mankai dans un bol entour\u00e9 de plantes de lentilles d&#039;eau.\" width=\"1500\" height=\"1000\" title=\"\" srcset=\"https:\/\/wankonbiotech.com\/wp-content\/uploads\/2024\/08\/Mankai-Duckweed-superfood-GettyImages-1330156251-225893cb25d044c89b187173cd254cdd.jpg 1500w, https:\/\/wankonbiotech.com\/wp-content\/uploads\/2024\/08\/Mankai-Duckweed-superfood-GettyImages-1330156251-225893cb25d044c89b187173cd254cdd-300x200.jpg 300w, https:\/\/wankonbiotech.com\/wp-content\/uploads\/2024\/08\/Mankai-Duckweed-superfood-GettyImages-1330156251-225893cb25d044c89b187173cd254cdd-1024x683.jpg 1024w, https:\/\/wankonbiotech.com\/wp-content\/uploads\/2024\/08\/Mankai-Duckweed-superfood-GettyImages-1330156251-225893cb25d044c89b187173cd254cdd-768x512.jpg 768w, https:\/\/wankonbiotech.com\/wp-content\/uploads\/2024\/08\/Mankai-Duckweed-superfood-GettyImages-1330156251-225893cb25d044c89b187173cd254cdd-600x400.jpg 600w, https:\/\/wankonbiotech.com\/wp-content\/uploads\/2024\/08\/elementor\/thumbs\/Mankai-Duckweed-superfood-GettyImages-1330156251-225893cb25d044c89b187173cd254cdd-qsesa5tgp5gq6j2r2m4ugvxnmzgbwgslqrajhrgb2g.jpg 750w\" sizes=\"(max-width: 1500px) 100vw, 1500px\" \/><\/p>\n<h2><strong>Qu'est-ce que la poudre de lentilles d'eau Mankai ?<\/strong><\/h2>\n<p>La poudre de lentilles d'eau Mankai est d\u00e9riv\u00e9e de la souche Mankai de lentilles d'eau, une petite plante aquatique verte qui pousse \u00e0 la surface de l'eau. Souvent appel\u00e9es \"lentilles d'eau\", les lentilles d'eau sont reconnues pour leur croissance rapide et leur teneur \u00e9lev\u00e9e en prot\u00e9ines. La souche Mankai, en particulier, est connue pour son profil nutritionnel sup\u00e9rieur. Pour cr\u00e9er la poudre de lentilles d'eau Mankai, les plantes sont r\u00e9colt\u00e9es, s\u00e9ch\u00e9es et broy\u00e9es en une fine poudre qui peut \u00eatre facilement incorpor\u00e9e dans divers aliments et boissons. Cette poudre est riche en prot\u00e9ines, en acides amin\u00e9s essentiels, en vitamines, en min\u00e9raux et en fibres alimentaires, ce qui en fait un compl\u00e9ment complet et hautement nutritif.<\/p>\n<h2><strong>Avantages nutritionnels de la poudre de lentille d'eau Mankai<\/strong><\/h2>\n<p>La poudre de lentilles d'eau Mankai est un concentr\u00e9 nutritionnel, offrant une riche source de prot\u00e9ines d'origine v\u00e9g\u00e9tale comparable aux sources animales. Chaque portion fournit g\u00e9n\u00e9ralement environ 45-50% de prot\u00e9ines, ainsi qu'un profil complet d'acides amin\u00e9s, y compris les neuf acides amin\u00e9s essentiels que le corps ne peut pas produire lui-m\u00eame. Cela en fait une excellente source de prot\u00e9ines pour les v\u00e9g\u00e9taliens, les v\u00e9g\u00e9tariens et tous ceux qui cherchent \u00e0 r\u00e9duire leur d\u00e9pendance aux produits d'origine animale.<\/p>\n<p>Outre les prot\u00e9ines, la poudre de lentilles d'eau Mankai contient des nutriments essentiels tels que le fer, la vitamine B12 et les acides gras om\u00e9ga-3. La pr\u00e9sence de la vitamine B12 est particuli\u00e8rement remarquable, car elle est rare dans les aliments d'origine v\u00e9g\u00e9tale et est essentielle \u00e0 la fonction nerveuse et \u00e0 la production d'ADN et de globules rouges. Les acides gras om\u00e9ga-3 favorisent la sant\u00e9 cardiaque, r\u00e9duisent l'inflammation et jouent un r\u00f4le dans le fonctionnement du cerveau. La poudre de lentilles d'eau Mankai est \u00e9galement une bonne source d'antioxydants, qui contribuent \u00e0 prot\u00e9ger l'organisme du stress oxydatif et \u00e0 favoriser la sant\u00e9 globale.<\/p>","protected":false},"excerpt":{"rendered":"<p>La poudre de lentilles d'eau Mankai est un concentr\u00e9 nutritionnel, offrant une riche source de prot\u00e9ines d'origine v\u00e9g\u00e9tale comparable aux sources animales. Chaque portion fournit g\u00e9n\u00e9ralement environ 45-50% de prot\u00e9ines, ainsi qu'un profil complet d'acides amin\u00e9s, y compris les neuf acides amin\u00e9s essentiels que le corps ne peut pas produire lui-m\u00eame. Cela en fait une excellente source de prot\u00e9ines pour les v\u00e9g\u00e9taliens, les v\u00e9g\u00e9tariens et tous ceux qui cherchent \u00e0 r\u00e9duire leur d\u00e9pendance aux produits d'origine animale.<\/p>","protected":false},"featured_media":752,"template":"","meta":{"_acf_changed":false},"product_brand":[],"product_cat":[39],"product_tag":[],"class_list":{"0":"post-751","1":"product","2":"type-product","3":"status-publish","4":"has-post-thumbnail","6":"product_cat-organic-plant-based-protein","8":"first","9":"instock","10":"shipping-taxable","11":"product-type-simple"},"acf":[],"_links":{"self":[{"href":"https:\/\/wankonbiotech.com\/fr\/wp-json\/wp\/v2\/product\/751","targetHints":{"allow":["GET"]}}],"collection":[{"href":"https:\/\/wankonbiotech.com\/fr\/wp-json\/wp\/v2\/product"}],"about":[{"href":"https:\/\/wankonbiotech.com\/fr\/wp-json\/wp\/v2\/types\/product"}],"wp:featuredmedia":[{"embeddable":true,"href":"https:\/\/wankonbiotech.com\/fr\/wp-json\/wp\/v2\/media\/752"}],"wp:attachment":[{"href":"https:\/\/wankonbiotech.com\/fr\/wp-json\/wp\/v2\/media?parent=751"}],"wp:term":[{"taxonomy":"product_brand","embeddable":true,"href":"https:\/\/wankonbiotech.com\/fr\/wp-json\/wp\/v2\/product_brand?post=751"},{"taxonomy":"product_cat","embeddable":true,"href":"https:\/\/wankonbiotech.com\/fr\/wp-json\/wp\/v2\/product_cat?post=751"},{"taxonomy":"product_tag","embeddable":true,"href":"https:\/\/wankonbiotech.com\/fr\/wp-json\/wp\/v2\/product_tag?post=751"}],"curies":[{"name":"wp","href":"https:\/\/api.w.org\/{rel}","templated":true}]}}