{"id":747,"date":"2024-08-10T15:31:11","date_gmt":"2024-08-10T15:31:11","guid":{"rendered":"http:\/\/wankonbiotech.com\/?post_type=product&#038;p=747"},"modified":"2024-08-11T04:47:25","modified_gmt":"2024-08-11T04:47:25","slug":"factory-wholesale-quinoa-protein-powder-80-quinoa-powder","status":"publish","type":"product","link":"https:\/\/wankonbiotech.com\/fr\/produit-2\/poudre-de-proteine-de-quinoa-en-gros-de-lusine-80-poudre-de-quinoa-2\/","title":{"rendered":"Poudre de prot\u00e9ine de quinoa en gros 80% poudre de quinoa"},"content":{"rendered":"<table>\n<tbody>\n<tr>\n<td><strong>Nom du produit<\/strong><\/td>\n<td>Poudre de prot\u00e9ines de quinoa<\/td>\n<\/tr>\n<tr>\n<td><strong>Mod\u00e8le<\/strong><\/td>\n<td>80%<\/td>\n<\/tr>\n<tr>\n<td><strong>Apparence<\/strong><\/td>\n<td>Couleur jaune clair<\/td>\n<\/tr>\n<tr>\n<td><strong>Pi\u00e8ce usag\u00e9e<\/strong><\/td>\n<td>Graine de quinoa<\/td>\n<\/tr>\n<tr>\n<td><strong>Formulaire<\/strong><\/td>\n<td>Poudre<\/td>\n<\/tr>\n<tr>\n<td><strong>Technologie de production<\/strong><\/td>\n<td>S\u00e9ch\u00e9 par pulv\u00e9risation<\/td>\n<\/tr>\n<tr>\n<td><strong>Grade<\/strong><\/td>\n<td>Ingr\u00e9dients alimentaires<\/td>\n<\/tr>\n<tr>\n<td><strong>Stockage<\/strong><\/td>\n<td>dans de bonnes conditions de stockage et \u00e0 l'abri de la lumi\u00e8re directe du soleil<\/td>\n<\/tr>\n<tr>\n<td><strong>Dur\u00e9e de conservation<\/strong><\/td>\n<td>2 ans<\/td>\n<\/tr>\n<tr>\n<td><strong>D\u00e9lai de livraison<\/strong><\/td>\n<td>1-2 jours apr\u00e8s le paiement<\/td>\n<\/tr>\n<\/tbody>\n<\/table>\n<h2><strong>Introduction<\/strong><\/h2>\n<p><strong>Poudre de prot\u00e9ines de quinoa<\/strong>\u00a0est l'un des seuls aliments d'origine v\u00e9g\u00e9tale consid\u00e9r\u00e9 comme une prot\u00e9ine compl\u00e8te, car il fournit tous les acides amin\u00e9s essentiels. Il constitue environ 60 % du grain de quinoa, alors que le germe de bl\u00e9 ne repr\u00e9sente que 3 % du grain de bl\u00e9. Le quinoa est donc un substitut sain aux prot\u00e9ines de la viande et des produits laitiers, en particulier pour contr\u00f4ler le poids, et sa teneur \u00e9lev\u00e9e en prot\u00e9ines vous aide \u00e0 vous sentir rassasi\u00e9 plus longtemps. Le quinoa est \u00e9galement une option sans gluten pour les personnes allergiques au bl\u00e9.<\/p>\n<p><img fetchpriority=\"high\" decoding=\"async\" class=\"wp-image-750 size-full aligncenter\" src=\"http:\/\/wankonbiotech.com\/wp-content\/uploads\/2024\/08\/quinoa-protein-powder-1024x661-1.jpg\" alt=\"Poudre de prot\u00e9ines de quinoa\" width=\"1024\" height=\"661\" title=\"\" srcset=\"https:\/\/wankonbiotech.com\/wp-content\/uploads\/2024\/08\/quinoa-protein-powder-1024x661-1.jpg 1024w, https:\/\/wankonbiotech.com\/wp-content\/uploads\/2024\/08\/quinoa-protein-powder-1024x661-1-300x194.jpg 300w, https:\/\/wankonbiotech.com\/wp-content\/uploads\/2024\/08\/quinoa-protein-powder-1024x661-1-768x496.jpg 768w, https:\/\/wankonbiotech.com\/wp-content\/uploads\/2024\/08\/quinoa-protein-powder-1024x661-1-600x387.jpg 600w\" sizes=\"(max-width: 1024px) 100vw, 1024px\" \/><br \/>\nContrairement \u00e0 la plupart des autres sources de prot\u00e9ines d'origine v\u00e9g\u00e9tale, le quinoa est consid\u00e9r\u00e9 comme une source de prot\u00e9ines de haute qualit\u00e9 contenant les neuf acides amin\u00e9s essentiels. Le quinoa contient une quantit\u00e9 exceptionnellement \u00e9lev\u00e9e de lysine, un acide amin\u00e9 qui fait g\u00e9n\u00e9ralement d\u00e9faut dans les sources v\u00e9g\u00e9tales, et il est riche en histidine et en m\u00e9thionine. La digestibilit\u00e9 des prot\u00e9ines de quinoa est comparable \u00e0 celle de la cas\u00e9ine, une prot\u00e9ine de haute qualit\u00e9 que l'on trouve dans les produits laitiers.<\/p>\n<h2><strong>Qu'est-ce que la poudre de prot\u00e9ines de quinoa ?<\/strong><\/h2>\n<p>La poudre de prot\u00e9ines de quinoa est produite par la transformation des graines de quinoa, une pseudo-c\u00e9r\u00e9ale originaire de la r\u00e9gion andine de l'Am\u00e9rique du Sud. Les graines sont r\u00e9colt\u00e9es, nettoy\u00e9es et broy\u00e9es en une fine poudre riche en prot\u00e9ines, en fibres et en acides amin\u00e9s essentiels. Contrairement \u00e0 de nombreuses autres prot\u00e9ines d'origine v\u00e9g\u00e9tale, le quinoa est une prot\u00e9ine compl\u00e8te, c'est-\u00e0-dire qu'il contient les neuf acides amin\u00e9s essentiels que l'organisme ne peut pas produire lui-m\u00eame. Cela fait de la poudre de prot\u00e9ines de quinoa une source de prot\u00e9ines tr\u00e8s pr\u00e9cieuse, en particulier pour les personnes qui suivent un r\u00e9gime v\u00e9g\u00e9talien ou v\u00e9g\u00e9tarien.<\/p>\n<h2><strong>Avantages nutritionnels de la poudre de prot\u00e9ines de quinoa<\/strong><\/h2>\n<p>La poudre de prot\u00e9ines de quinoa est un concentr\u00e9 nutritionnel qui constitue une excellente source de prot\u00e9ines de haute qualit\u00e9. Chaque portion contient g\u00e9n\u00e9ralement entre 12 et 15 grammes de prot\u00e9ines, en fonction de la m\u00e9thode de traitement. Outre les prot\u00e9ines, le quinoa est \u00e9galement riche en fibres alimentaires, qui facilitent la digestion et aident \u00e0 maintenir un poids sant\u00e9 en favorisant la sensation de sati\u00e9t\u00e9. En outre, la poudre de prot\u00e9ines de quinoa regorge de vitamines et de min\u00e9raux essentiels, notamment de magn\u00e9sium, de fer et de vitamines B, qui favorisent la production d'\u00e9nergie, la sant\u00e9 des os et la vitalit\u00e9 g\u00e9n\u00e9rale.<\/p>\n<p><img decoding=\"async\" class=\"wp-image-749 size-large aligncenter\" src=\"http:\/\/wankonbiotech.com\/wp-content\/uploads\/2024\/08\/quinoa-flour-scaled-1-1024x485.webp\" alt=\"Poudre de prot\u00e9ines de quinoa\" width=\"1024\" height=\"485\" title=\"\" srcset=\"https:\/\/wankonbiotech.com\/wp-content\/uploads\/2024\/08\/quinoa-flour-scaled-1-1024x485.webp 1024w, https:\/\/wankonbiotech.com\/wp-content\/uploads\/2024\/08\/quinoa-flour-scaled-1-300x142.webp 300w, https:\/\/wankonbiotech.com\/wp-content\/uploads\/2024\/08\/quinoa-flour-scaled-1-768x363.webp 768w, https:\/\/wankonbiotech.com\/wp-content\/uploads\/2024\/08\/quinoa-flour-scaled-1-1536x727.webp 1536w, https:\/\/wankonbiotech.com\/wp-content\/uploads\/2024\/08\/quinoa-flour-scaled-1-600x284.webp 600w, https:\/\/wankonbiotech.com\/wp-content\/uploads\/2024\/08\/quinoa-flour-scaled-1.webp 2048w\" sizes=\"(max-width: 1024px) 100vw, 1024px\" \/><\/p>\n<p>Un autre avantage notable de la poudre de prot\u00e9ines de quinoa est sa teneur en antioxydants, en particulier la querc\u00e9tine et le kaempf\u00e9rol, qui contribuent \u00e0 prot\u00e9ger l'organisme du stress oxydatif et de l'inflammation. Les graisses saines pr\u00e9sentes dans le quinoa, notamment les acides gras om\u00e9ga-3 et om\u00e9ga-6, contribuent \u00e9galement \u00e0 son profil nutritionnel, en favorisant la sant\u00e9 cardiaque et en r\u00e9duisant le risque de maladies chroniques.<\/p>\n<p>Pour en savoir plus sur cette prot\u00e9ine et d'autres prot\u00e9ines d'origine v\u00e9g\u00e9tale, consultez le site suivant <a href=\"http:\/\/wankonbiotech.com\/fr\/categorie-produit\/proteines-vegetales-biologiques\/\" target=\"_new\" rel=\"noreferrer noopener\">La cat\u00e9gorie des prot\u00e9ines v\u00e9g\u00e9tales biologiques de Wankon Biotech<\/a>.<\/p>","protected":false},"excerpt":{"rendered":"<p>La poudre de prot\u00e9ines de quinoa est l'un des seuls aliments d'origine v\u00e9g\u00e9tale \u00e0 \u00eatre consid\u00e9r\u00e9 comme une prot\u00e9ine compl\u00e8te, car elle fournit tous les acides amin\u00e9s essentiels. Le germe de bl\u00e9 repr\u00e9sente environ 60 % du grain de quinoa, alors que le germe de bl\u00e9 ne repr\u00e9sente que 3 % du grain de bl\u00e9. Le quinoa est donc un substitut sain aux prot\u00e9ines de la viande et des produits laitiers, en particulier pour contr\u00f4ler le poids, et sa teneur \u00e9lev\u00e9e en prot\u00e9ines vous aide \u00e0 vous sentir rassasi\u00e9 plus longtemps. Le quinoa est \u00e9galement une option sans gluten pour les personnes allergiques au bl\u00e9.<\/p>","protected":false},"featured_media":748,"template":"","meta":{"_acf_changed":false},"product_brand":[],"product_cat":[39],"product_tag":[],"class_list":{"0":"post-747","1":"product","2":"type-product","3":"status-publish","4":"has-post-thumbnail","6":"product_cat-organic-plant-based-protein","8":"first","9":"instock","10":"shipping-taxable","11":"product-type-simple"},"acf":[],"_links":{"self":[{"href":"https:\/\/wankonbiotech.com\/fr\/wp-json\/wp\/v2\/product\/747","targetHints":{"allow":["GET"]}}],"collection":[{"href":"https:\/\/wankonbiotech.com\/fr\/wp-json\/wp\/v2\/product"}],"about":[{"href":"https:\/\/wankonbiotech.com\/fr\/wp-json\/wp\/v2\/types\/product"}],"wp:featuredmedia":[{"embeddable":true,"href":"https:\/\/wankonbiotech.com\/fr\/wp-json\/wp\/v2\/media\/748"}],"wp:attachment":[{"href":"https:\/\/wankonbiotech.com\/fr\/wp-json\/wp\/v2\/media?parent=747"}],"wp:term":[{"taxonomy":"product_brand","embeddable":true,"href":"https:\/\/wankonbiotech.com\/fr\/wp-json\/wp\/v2\/product_brand?post=747"},{"taxonomy":"product_cat","embeddable":true,"href":"https:\/\/wankonbiotech.com\/fr\/wp-json\/wp\/v2\/product_cat?post=747"},{"taxonomy":"product_tag","embeddable":true,"href":"https:\/\/wankonbiotech.com\/fr\/wp-json\/wp\/v2\/product_tag?post=747"}],"curies":[{"name":"wp","href":"https:\/\/api.w.org\/{rel}","templated":true}]}}