{"id":741,"date":"2024-08-10T15:14:46","date_gmt":"2024-08-10T15:14:46","guid":{"rendered":"http:\/\/wankonbiotech.com\/?post_type=product&#038;p=741"},"modified":"2024-08-11T04:41:43","modified_gmt":"2024-08-11T04:41:43","slug":"pure-natural-organic-watermelon-seed-protein-powder-bulk-wholesale","status":"publish","type":"product","link":"https:\/\/wankonbiotech.com\/fr\/produit-2\/poudre-de-proteine-de-graine-de-pasteque-pure-et-naturelle-en-vrac-en-gros-2\/","title":{"rendered":"Pure Natural Organic Watermelon Seed Protein Powder Bulk Wholesale"},"content":{"rendered":"<table>\n<tbody>\n<tr>\n<td width=\"284\"><strong>Nom latin<\/strong><\/td>\n<td width=\"284\">\u00a0Citrullus lanatus<\/td>\n<\/tr>\n<tr>\n<td width=\"284\"><strong>Apparence<\/strong><\/td>\n<td width=\"284\">\u00a0Poudre blanc cass\u00e9<\/td>\n<\/tr>\n<tr>\n<td width=\"284\"><strong>Sp\u00e9cifications<\/strong><\/td>\n<td width=\"284\">\u00a050% 60% Prot\u00e9ine<\/td>\n<\/tr>\n<\/tbody>\n<\/table>\n<h2><strong>Introduction<\/strong><\/h2>\n<p>La prot\u00e9ine de graine de past\u00e8que est une prot\u00e9ine v\u00e9g\u00e9tale d\u00e9riv\u00e9e des graines de past\u00e8que (Citrullus Lanatus). C'est une riche source d'acides amin\u00e9s essentiels, ce qui en fait une excellente option pour les v\u00e9g\u00e9tariens et les v\u00e9g\u00e9taliens qui cherchent \u00e0 augmenter leur apport en prot\u00e9ines. La prot\u00e9ine est g\u00e9n\u00e9ralement extraite des graines \u00e0 l'aide de diverses m\u00e9thodes telles que la pression \u00e0 froid, le d\u00e9graissage et le broyage.<\/p>\n<p>Cette prot\u00e9ine de graine est une bonne source d'acides amin\u00e9s et de nutriments essentiels. Elle contient g\u00e9n\u00e9ralement un profil bien \u00e9quilibr\u00e9 d'acides amin\u00e9s, y compris des acides amin\u00e9s \u00e0 cha\u00eene ramifi\u00e9e (BCAA) tels que la leucine, l'isoleucine et la valine, qui sont importants pour la croissance et la r\u00e9paration des muscles. En outre, cette prot\u00e9ine est riche en arginine, un acide amin\u00e9 qui joue un r\u00f4le dans divers processus physiologiques tels que la fonction immunitaire, la cicatrisation des plaies et la s\u00e9cr\u00e9tion hormonale.<\/p>\n<p><img fetchpriority=\"high\" decoding=\"async\" class=\"wp-image-743 size-full aligncenter\" src=\"http:\/\/wankonbiotech.com\/wp-content\/uploads\/2024\/08\/Watermelon-Seed-side-effects-10-1.jpg\" alt=\"Prot\u00e9ines de graines de past\u00e8que\" width=\"1200\" height=\"900\" title=\"\" srcset=\"https:\/\/wankonbiotech.com\/wp-content\/uploads\/2024\/08\/Watermelon-Seed-side-effects-10-1.jpg 1200w, https:\/\/wankonbiotech.com\/wp-content\/uploads\/2024\/08\/Watermelon-Seed-side-effects-10-1-300x225.jpg 300w, https:\/\/wankonbiotech.com\/wp-content\/uploads\/2024\/08\/Watermelon-Seed-side-effects-10-1-1024x768.jpg 1024w, https:\/\/wankonbiotech.com\/wp-content\/uploads\/2024\/08\/Watermelon-Seed-side-effects-10-1-768x576.jpg 768w, https:\/\/wankonbiotech.com\/wp-content\/uploads\/2024\/08\/Watermelon-Seed-side-effects-10-1-600x450.jpg 600w\" sizes=\"(max-width: 1200px) 100vw, 1200px\" \/><\/p>\n<h2><strong>Qu'est-ce que la prot\u00e9ine de p\u00e9pins de past\u00e8que ?<\/strong><\/h2>\n<p>La prot\u00e9ine de p\u00e9pins de past\u00e8que est d\u00e9riv\u00e9e des p\u00e9pins de past\u00e8que, en particulier des p\u00e9pins qui sont souvent jet\u00e9s apr\u00e8s avoir consomm\u00e9 le fruit. Ces graines sont nettoy\u00e9es, s\u00e9ch\u00e9es, puis press\u00e9es \u00e0 froid pour en extraire l'huile, ce qui laisse un tourteau riche en nutriments. Ce tourteau est ensuite finement broy\u00e9 en poudre, ce qui permet d'obtenir un compl\u00e9ment hyperprot\u00e9in\u00e9 \u00e0 la fois polyvalent et nutritif. Watermelon Seed Protein est une excellente source de prot\u00e9ines d'origine v\u00e9g\u00e9tale, fournissant un profil complet d'acides amin\u00e9s, ainsi que des vitamines, des min\u00e9raux et des graisses saines.<\/p>\n<p><img decoding=\"async\" class=\"wp-image-746 size-full aligncenter\" src=\"http:\/\/wankonbiotech.com\/wp-content\/uploads\/2024\/08\/how-to-eat-melon-seeds-1706228877.jpg\" alt=\"\" width=\"1500\" height=\"1000\" title=\"\" srcset=\"https:\/\/wankonbiotech.com\/wp-content\/uploads\/2024\/08\/how-to-eat-melon-seeds-1706228877.jpg 1500w, https:\/\/wankonbiotech.com\/wp-content\/uploads\/2024\/08\/how-to-eat-melon-seeds-1706228877-300x200.jpg 300w, https:\/\/wankonbiotech.com\/wp-content\/uploads\/2024\/08\/how-to-eat-melon-seeds-1706228877-1024x683.jpg 1024w, https:\/\/wankonbiotech.com\/wp-content\/uploads\/2024\/08\/how-to-eat-melon-seeds-1706228877-768x512.jpg 768w, https:\/\/wankonbiotech.com\/wp-content\/uploads\/2024\/08\/how-to-eat-melon-seeds-1706228877-600x400.jpg 600w\" sizes=\"(max-width: 1500px) 100vw, 1500px\" \/><\/p>\n<h2><strong>Avantages nutritionnels des prot\u00e9ines de graines de past\u00e8que<\/strong><\/h2>\n<p>La prot\u00e9ine de graine de past\u00e8que est une puissance nutritionnelle, offrant une riche source de prot\u00e9ines essentielles \u00e0 la r\u00e9paration et \u00e0 la croissance musculaire, ainsi qu'au fonctionnement g\u00e9n\u00e9ral de l'organisme. Chaque portion de Watermelon Seed Protein fournit une quantit\u00e9 significative de prot\u00e9ines, g\u00e9n\u00e9ralement autour de 60% par poids, ce qui en fait un excellent choix pour ceux qui cherchent \u00e0 augmenter leur apport en prot\u00e9ines. En plus des prot\u00e9ines, c'est aussi une bonne source d'acides amin\u00e9s essentiels, dont l'arginine, qui contribue \u00e0 la sant\u00e9 cardiovasculaire.<\/p>\n<p>En outre, les prot\u00e9ines de graines de past\u00e8que contiennent des nutriments vitaux tels que le magn\u00e9sium, le fer et le zinc. Le magn\u00e9sium est essentiel \u00e0 la fonction musculaire et \u00e0 la production d'\u00e9nergie, tandis que le fer favorise une bonne circulation sanguine et pr\u00e9vient l'an\u00e9mie. Le zinc joue un r\u00f4le crucial dans la fonction immunitaire et la cicatrisation des plaies. Watermelon Seed Protein est \u00e9galement pauvre en glucides et contient des graisses saines, notamment des acides gras om\u00e9ga-6, qui sont b\u00e9n\u00e9fiques pour la sant\u00e9 cardiaque et la r\u00e9duction de l'inflammation.<\/p>\n<p>Pour en savoir plus sur cette prot\u00e9ine et d'autres prot\u00e9ines d'origine v\u00e9g\u00e9tale, consultez le site suivant <a href=\"http:\/\/wankonbiotech.com\/fr\/categorie-produit\/proteines-vegetales-biologiques\/\" target=\"_new\" rel=\"noreferrer noopener\">La cat\u00e9gorie des prot\u00e9ines v\u00e9g\u00e9tales biologiques de Wankon Biotech<\/a>.<\/p>","protected":false},"excerpt":{"rendered":"<p>La prot\u00e9ine de graine de past\u00e8que est une prot\u00e9ine v\u00e9g\u00e9tale d\u00e9riv\u00e9e des graines de past\u00e8que (Citrullus Lanatus). C'est une riche source d'acides amin\u00e9s essentiels, ce qui en fait une excellente option pour les v\u00e9g\u00e9tariens et les v\u00e9g\u00e9taliens qui cherchent \u00e0 augmenter leur apport en prot\u00e9ines. La prot\u00e9ine est g\u00e9n\u00e9ralement extraite des graines \u00e0 l'aide de diverses m\u00e9thodes telles que la pression \u00e0 froid, le d\u00e9graissage et le broyage.<\/p>","protected":false},"featured_media":742,"template":"","meta":{"_acf_changed":false},"product_brand":[],"product_cat":[39],"product_tag":[],"class_list":{"0":"post-741","1":"product","2":"type-product","3":"status-publish","4":"has-post-thumbnail","6":"product_cat-organic-plant-based-protein","8":"first","9":"instock","10":"shipping-taxable","11":"product-type-simple"},"acf":[],"_links":{"self":[{"href":"https:\/\/wankonbiotech.com\/fr\/wp-json\/wp\/v2\/product\/741","targetHints":{"allow":["GET"]}}],"collection":[{"href":"https:\/\/wankonbiotech.com\/fr\/wp-json\/wp\/v2\/product"}],"about":[{"href":"https:\/\/wankonbiotech.com\/fr\/wp-json\/wp\/v2\/types\/product"}],"wp:featuredmedia":[{"embeddable":true,"href":"https:\/\/wankonbiotech.com\/fr\/wp-json\/wp\/v2\/media\/742"}],"wp:attachment":[{"href":"https:\/\/wankonbiotech.com\/fr\/wp-json\/wp\/v2\/media?parent=741"}],"wp:term":[{"taxonomy":"product_brand","embeddable":true,"href":"https:\/\/wankonbiotech.com\/fr\/wp-json\/wp\/v2\/product_brand?post=741"},{"taxonomy":"product_cat","embeddable":true,"href":"https:\/\/wankonbiotech.com\/fr\/wp-json\/wp\/v2\/product_cat?post=741"},{"taxonomy":"product_tag","embeddable":true,"href":"https:\/\/wankonbiotech.com\/fr\/wp-json\/wp\/v2\/product_tag?post=741"}],"curies":[{"name":"wp","href":"https:\/\/api.w.org\/{rel}","templated":true}]}}