{"id":718,"date":"2024-08-10T10:58:21","date_gmt":"2024-08-10T10:58:21","guid":{"rendered":"http:\/\/wankonbiotech.com\/?post_type=product&#038;p=718"},"modified":"2024-08-10T11:03:11","modified_gmt":"2024-08-10T11:03:11","slug":"high-purity-lupine-seed-protein","status":"publish","type":"product","link":"https:\/\/wankonbiotech.com\/fr\/produit-2\/proteine-de-graine-de-lupin-de-haute-purete-2\/","title":{"rendered":"Prot\u00e9ine de graines de lupin de haute puret\u00e9"},"content":{"rendered":"<table>\n<tbody>\n<tr>\n<td width=\"284\"><strong>Autre nom de produit<\/strong><\/td>\n<td width=\"284\">Prot\u00e9ine de lupin<\/td>\n<\/tr>\n<tr>\n<td width=\"284\"><strong>Nom latin<\/strong><\/td>\n<td width=\"284\">\u00a0Lupinus micranthus Guss.<\/td>\n<\/tr>\n<tr>\n<td width=\"284\"><strong>Sp\u00e9cifications<\/strong><\/td>\n<td width=\"284\">60%~65%<\/td>\n<\/tr>\n<tr>\n<td width=\"284\"><strong>Apparence<\/strong><\/td>\n<td width=\"284\">\u00a0Poudre blanc cass\u00e9<\/td>\n<\/tr>\n<\/tbody>\n<\/table>\n<h2><strong>Introduction<\/strong><\/h2>\n<p>La prot\u00e9ine de graine de lupin est une prot\u00e9ine d\u00e9riv\u00e9e des graines de lupins, qui font partie de la famille des l\u00e9gumineuses. La prot\u00e9ine de graine de lupin est consid\u00e9r\u00e9e comme une prot\u00e9ine v\u00e9g\u00e9tale de haute qualit\u00e9, car elle est riche en acides amin\u00e9s essentiels et a une teneur \u00e9lev\u00e9e en prot\u00e9ines. Elle peut \u00eatre utilis\u00e9e dans les produits alimentaires comme source de prot\u00e9ines, en particulier dans les produits v\u00e9g\u00e9taliens et v\u00e9g\u00e9tariens, et a \u00e9galement des applications potentielles dans l'industrie de l'alimentation animale. En outre, la prot\u00e9ine de graine de lupin peut avoir des effets b\u00e9n\u00e9fiques sur la sant\u00e9, notamment en favorisant la croissance musculaire et en fournissant une source d'\u00e9nergie.<\/p>\n<p><img fetchpriority=\"high\" decoding=\"async\" class=\"alignnone wp-image-721 size-full\" src=\"http:\/\/wankonbiotech.com\/wp-content\/uploads\/2024\/08\/shutterstock_1758089033-scaled-e1657039272498.jpg\" alt=\"Prot\u00e9ine de graines de lupin\" width=\"1600\" height=\"1067\" title=\"\" srcset=\"https:\/\/wankonbiotech.com\/wp-content\/uploads\/2024\/08\/shutterstock_1758089033-scaled-e1657039272498.jpg 1600w, https:\/\/wankonbiotech.com\/wp-content\/uploads\/2024\/08\/shutterstock_1758089033-scaled-e1657039272498-300x200.jpg 300w, https:\/\/wankonbiotech.com\/wp-content\/uploads\/2024\/08\/shutterstock_1758089033-scaled-e1657039272498-1024x683.jpg 1024w, https:\/\/wankonbiotech.com\/wp-content\/uploads\/2024\/08\/shutterstock_1758089033-scaled-e1657039272498-768x512.jpg 768w, https:\/\/wankonbiotech.com\/wp-content\/uploads\/2024\/08\/shutterstock_1758089033-scaled-e1657039272498-1536x1024.jpg 1536w, https:\/\/wankonbiotech.com\/wp-content\/uploads\/2024\/08\/shutterstock_1758089033-scaled-e1657039272498-600x400.jpg 600w\" sizes=\"(max-width: 1600px) 100vw, 1600px\" \/><br \/>\nLa prot\u00e9ine de graine de lupin contient une s\u00e9rie d'ingr\u00e9dients actifs, principalement des acides amin\u00e9s essentiels, tels que la leucine, l'isoleucine, la valine, la lysine et d'autres. Ces acides amin\u00e9s sont des composants importants des prot\u00e9ines et jouent un r\u00f4le crucial dans divers processus physiologiques de l'organisme. En outre, la prot\u00e9ine de graine de lupin peut \u00e9galement contenir des substances phytochimiques, des fibres et d'autres nutriments naturellement pr\u00e9sents dans les graines de lupin. Cette source de prot\u00e9ines est souvent utilis\u00e9e dans les produits alimentaires et les compl\u00e9ments \u00e0 base de plantes en raison de sa valeur nutritionnelle et de ses propri\u00e9t\u00e9s fonctionnelles.<\/p>\n<h2><strong>Qu'est-ce que la prot\u00e9ine de graines de lupin ?<\/strong><\/h2>\n<p>La prot\u00e9ine de graines de lupin est une prot\u00e9ine v\u00e9g\u00e9tale d\u00e9riv\u00e9e des graines du lupin, qui appartient \u00e0 la famille des l\u00e9gumineuses. La prot\u00e9ine est extraite par un processus qui consiste \u00e0 d\u00e9cortiquer et \u00e0 broyer les graines pour cr\u00e9er une poudre fine et riche en nutriments. La prot\u00e9ine de graines de lupin est reconnue pour sa teneur \u00e9lev\u00e9e en prot\u00e9ines, qui peut aller de 60% \u00e0 65%, ce qui en fait l'une des sources de prot\u00e9ines d'origine v\u00e9g\u00e9tale les plus riches qui soient. En plus d'\u00eatre riche en prot\u00e9ines, la prot\u00e9ine de graines de lupin est naturellement sans gluten, pauvre en graisses et riche en fibres alimentaires, en acides amin\u00e9s essentiels et en min\u00e9raux importants.<\/p>\n<h2><strong>Avantages nutritionnels des prot\u00e9ines de graines de lupin<\/strong><\/h2>\n<p>L'une des caract\u00e9ristiques les plus remarquables de la prot\u00e9ine de graines de lupin est son profil nutritionnel complet. Cette prot\u00e9ine est une source compl\u00e8te d'acides amin\u00e9s essentiels, qui sont cruciaux pour la r\u00e9paration musculaire, la fonction immunitaire et la sant\u00e9 en g\u00e9n\u00e9ral. Gr\u00e2ce \u00e0 sa teneur \u00e9lev\u00e9e en prot\u00e9ines, la prot\u00e9ine de graines de lupin est une excellente option pour ceux qui cherchent \u00e0 augmenter leur apport en prot\u00e9ines sans d\u00e9pendre des produits d'origine animale. Elle est \u00e9galement riche en fibres alimentaires, qui favorisent la sant\u00e9 digestive, aident \u00e0 maintenir une glyc\u00e9mie stable et favorisent la sensation de sati\u00e9t\u00e9, contribuant ainsi \u00e0 la gestion du poids.<\/p>\n<p><img decoding=\"async\" class=\"wp-image-720 size-full aligncenter\" src=\"http:\/\/wankonbiotech.com\/wp-content\/uploads\/2024\/08\/kassey-downard-5s-ajSqziUE-unsplash.webp\" alt=\"Prot\u00e9ine de graines de lupin\" width=\"1000\" height=\"662\" title=\"\" srcset=\"https:\/\/wankonbiotech.com\/wp-content\/uploads\/2024\/08\/kassey-downard-5s-ajSqziUE-unsplash.webp 1000w, https:\/\/wankonbiotech.com\/wp-content\/uploads\/2024\/08\/kassey-downard-5s-ajSqziUE-unsplash-300x199.webp 300w, https:\/\/wankonbiotech.com\/wp-content\/uploads\/2024\/08\/kassey-downard-5s-ajSqziUE-unsplash-768x508.webp 768w, https:\/\/wankonbiotech.com\/wp-content\/uploads\/2024\/08\/kassey-downard-5s-ajSqziUE-unsplash-600x397.webp 600w\" sizes=\"(max-width: 1000px) 100vw, 1000px\" \/><\/p>\n<p>En outre, la prot\u00e9ine de graines de lupin est une bonne source de magn\u00e9sium, de calcium et de potassium, des min\u00e9raux essentiels \u00e0 la sant\u00e9 des os, \u00e0 la fonction musculaire et \u00e0 la sant\u00e9 cardiovasculaire. Contrairement \u00e0 de nombreuses autres prot\u00e9ines d'origine v\u00e9g\u00e9tale, la prot\u00e9ine de graines de lupin a un faible indice glyc\u00e9mique, ce qui en fait un choix id\u00e9al pour les personnes diab\u00e9tiques ou celles qui suivent un r\u00e9gime pauvre en glucides.<\/p>","protected":false},"excerpt":{"rendered":"<p>La prot\u00e9ine de graine de lupin est une prot\u00e9ine d\u00e9riv\u00e9e des graines de lupins, qui font partie de la famille des l\u00e9gumineuses. La prot\u00e9ine de graine de lupin est consid\u00e9r\u00e9e comme une prot\u00e9ine v\u00e9g\u00e9tale de haute qualit\u00e9, car elle est riche en acides amin\u00e9s essentiels et a une teneur \u00e9lev\u00e9e en prot\u00e9ines. Elle peut \u00eatre utilis\u00e9e dans les produits alimentaires comme source de prot\u00e9ines, en particulier dans les produits v\u00e9g\u00e9taliens et v\u00e9g\u00e9tariens, et a \u00e9galement des applications potentielles dans l'industrie de l'alimentation animale.<\/p>","protected":false},"featured_media":719,"template":"","meta":{"_acf_changed":false},"product_brand":[],"product_cat":[39],"product_tag":[],"class_list":{"0":"post-718","1":"product","2":"type-product","3":"status-publish","4":"has-post-thumbnail","6":"product_cat-organic-plant-based-protein","8":"first","9":"instock","10":"shipping-taxable","11":"product-type-simple"},"acf":[],"_links":{"self":[{"href":"https:\/\/wankonbiotech.com\/fr\/wp-json\/wp\/v2\/product\/718","targetHints":{"allow":["GET"]}}],"collection":[{"href":"https:\/\/wankonbiotech.com\/fr\/wp-json\/wp\/v2\/product"}],"about":[{"href":"https:\/\/wankonbiotech.com\/fr\/wp-json\/wp\/v2\/types\/product"}],"wp:featuredmedia":[{"embeddable":true,"href":"https:\/\/wankonbiotech.com\/fr\/wp-json\/wp\/v2\/media\/719"}],"wp:attachment":[{"href":"https:\/\/wankonbiotech.com\/fr\/wp-json\/wp\/v2\/media?parent=718"}],"wp:term":[{"taxonomy":"product_brand","embeddable":true,"href":"https:\/\/wankonbiotech.com\/fr\/wp-json\/wp\/v2\/product_brand?post=718"},{"taxonomy":"product_cat","embeddable":true,"href":"https:\/\/wankonbiotech.com\/fr\/wp-json\/wp\/v2\/product_cat?post=718"},{"taxonomy":"product_tag","embeddable":true,"href":"https:\/\/wankonbiotech.com\/fr\/wp-json\/wp\/v2\/product_tag?post=718"}],"curies":[{"name":"wp","href":"https:\/\/api.w.org\/{rel}","templated":true}]}}