{"id":709,"date":"2024-08-10T09:35:52","date_gmt":"2024-08-10T09:35:52","guid":{"rendered":"http:\/\/wankonbiotech.com\/?post_type=product&#038;p=709"},"modified":"2024-08-10T09:39:24","modified_gmt":"2024-08-10T09:39:24","slug":"pure-organic-almond-powder-cheap-high-quality-almond-protein-powder","status":"publish","type":"product","link":"https:\/\/wankonbiotech.com\/fr\/produit-2\/poudre-damande-biologique-pure-bon-marche-poudre-de-proteine-damande-de-haute-qualite-2\/","title":{"rendered":"Pure Organic Almond Powder Cheap High Quality Almond Protein Powder (poudre d'amande biologique pure)"},"content":{"rendered":"<table class=\"hight-light-first-column all magic-12\">\n<tbody>\n<tr>\n<td colspan=\"1\" rowspan=\"1\">\n<div><strong>Nom du produit<\/strong><\/div>\n<\/td>\n<td colspan=\"1\" rowspan=\"1\">\n<div>Prot\u00e9ines en poudre aux amandes<\/div>\n<\/td>\n<\/tr>\n<tr>\n<td colspan=\"1\" rowspan=\"1\">\n<div><strong>Apparence<\/strong><\/div>\n<\/td>\n<td colspan=\"4\" rowspan=\"1\">\n<div>Poudre blanc cass\u00e9<\/div>\n<\/td>\n<\/tr>\n<tr>\n<td colspan=\"1\" rowspan=\"1\">\n<div><strong>Sp\u00e9cifications<\/strong><\/div>\n<\/td>\n<td colspan=\"4\" rowspan=\"1\">\n<div>90%<\/div>\n<\/td>\n<\/tr>\n<\/tbody>\n<\/table>\n<h2><strong>Introduction<\/strong><\/h2>\n<p>Dans le monde toujours plus vaste de la nutrition \u00e0 base de plantes, la poudre de prot\u00e9ines d'amande est apparue comme une alternative unique et riche en nutriments aux sources de prot\u00e9ines traditionnelles. D\u00e9riv\u00e9e d'amandes finement moulues, cette poudre de prot\u00e9ines gagne en popularit\u00e9 aupr\u00e8s des consommateurs soucieux de leur sant\u00e9 et des amateurs de fitness. Connue pour son profil nutritionnel riche et ses applications polyvalentes, la poudre de prot\u00e9ines d'amande est plus qu'une simple source de prot\u00e9ines ; c'est un concentr\u00e9 de vitamines, de min\u00e9raux et de graisses saines qui contribuent au bien-\u00eatre g\u00e9n\u00e9ral. Cet article examine les diff\u00e9rents avantages, les utilisations et les raisons pour lesquelles la poudre de prot\u00e9ines d'amande est un choix sup\u00e9rieur sur le march\u00e9 des prot\u00e9ines d'origine v\u00e9g\u00e9tale.<\/p>\n<p><img fetchpriority=\"high\" decoding=\"async\" class=\"alignnone wp-image-712 size-full\" src=\"http:\/\/wankonbiotech.com\/wp-content\/uploads\/2024\/08\/Recipe-For-Almond-Meal-MSN-BCE.jpg\" alt=\"Prot\u00e9ines en poudre aux amandes\" width=\"1600\" height=\"900\" title=\"\" srcset=\"https:\/\/wankonbiotech.com\/wp-content\/uploads\/2024\/08\/Recipe-For-Almond-Meal-MSN-BCE.jpg 1600w, https:\/\/wankonbiotech.com\/wp-content\/uploads\/2024\/08\/Recipe-For-Almond-Meal-MSN-BCE-300x169.jpg 300w, https:\/\/wankonbiotech.com\/wp-content\/uploads\/2024\/08\/Recipe-For-Almond-Meal-MSN-BCE-1024x576.jpg 1024w, https:\/\/wankonbiotech.com\/wp-content\/uploads\/2024\/08\/Recipe-For-Almond-Meal-MSN-BCE-768x432.jpg 768w, https:\/\/wankonbiotech.com\/wp-content\/uploads\/2024\/08\/Recipe-For-Almond-Meal-MSN-BCE-1536x864.jpg 1536w, https:\/\/wankonbiotech.com\/wp-content\/uploads\/2024\/08\/Recipe-For-Almond-Meal-MSN-BCE-600x338.jpg 600w\" sizes=\"(max-width: 1600px) 100vw, 1600px\" \/><\/p>\n<h2><strong>Qu'est-ce que la poudre de prot\u00e9ines d'amande ?<\/strong><\/h2>\n<p>La poudre de prot\u00e9ines d'amande est obtenue en transformant des amandes enti\u00e8res en une fine poudre apr\u00e8s extraction de l'huile. Ce processus permet de pr\u00e9server la teneur en prot\u00e9ines tout en conservant une grande partie des nutriments b\u00e9n\u00e9fiques contenus dans les amandes. Le r\u00e9sultat est une poudre de couleur claire avec un l\u00e9ger go\u00fbt de noisette, ce qui en fait un ingr\u00e9dient polyvalent pour une vari\u00e9t\u00e9 d'applications culinaires. Contrairement \u00e0 de nombreuses autres poudres de prot\u00e9ines, la poudre de prot\u00e9ines d'amandes est naturellement riche en fibres, en graisses saines et en vitamines essentielles telles que la vitamine E, ce qui en fait un compl\u00e9ment nutritionnel holistique.<\/p>\n<h2><strong>Avantages nutritionnels de la poudre de prot\u00e9ines d'amande<\/strong><\/h2>\n<p>La poudre de prot\u00e9ines d'amande n'est pas seulement une question de prot\u00e9ines ; c'est un compl\u00e9ment nutritionnel complet. Chaque portion fournit une bonne quantit\u00e9 de prot\u00e9ines ainsi que des fibres alimentaires, qui facilitent la digestion et favorisent la sensation de sati\u00e9t\u00e9. En outre, la poudre de prot\u00e9ines d'amande est une excellente source de vitamine E, un antioxydant qui contribue \u00e0 la sant\u00e9 de la peau et du syst\u00e8me immunitaire. Les graisses saines contenues dans les amandes, notamment les graisses mono-insatur\u00e9es, contribuent \u00e0 la sant\u00e9 cardiaque en aidant \u00e0 r\u00e9duire le taux de mauvais cholest\u00e9rol. Cette poudre contient \u00e9galement des min\u00e9raux tels que le magn\u00e9sium, le calcium et le potassium, qui sont essentiels \u00e0 la sant\u00e9 des os et \u00e0 la fonction musculaire.<\/p>\n<h2><strong>Les bienfaits pour la sant\u00e9 de la poudre de prot\u00e9ines d'amande<\/strong><\/h2>\n<p>Les avantages pour la sant\u00e9 de la poudre de prot\u00e9ines d'amande vont bien au-del\u00e0 de son contenu nutritionnel. Elle est connue pour favoriser la sant\u00e9 cardiaque, gr\u00e2ce \u00e0 sa teneur \u00e9lev\u00e9e en graisses monoinsatur\u00e9es et \u00e0 la pr\u00e9sence d'arginine, un acide amin\u00e9 qui contribue \u00e0 am\u00e9liorer la circulation sanguine. La poudre de prot\u00e9ines d'amande est \u00e9galement b\u00e9n\u00e9fique pour les personnes qui g\u00e8rent leur poids, car sa combinaison de prot\u00e9ines, de fibres et de graisses saines favorise la sati\u00e9t\u00e9 et r\u00e9duit l'apport calorique global. En outre, les antioxydants contenus dans les prot\u00e9ines d'amande aident \u00e0 lutter contre le stress oxydatif, qui peut entra\u00eener des maladies chroniques et un vieillissement pr\u00e9matur\u00e9. Sa faible teneur en glucides et son faible indice glyc\u00e9mique en font un excellent choix pour les personnes qui g\u00e8rent leur taux de sucre dans le sang. <a href=\"http:\/\/wankonbiotech.com\/fr\/categorie-produit\/proteines-vegetales-biologiques\/\">poudres de prot\u00e9ines d'origine v\u00e9g\u00e9tale<\/a>.<\/p>\n<p><img decoding=\"async\" class=\"wp-image-711 size-full\" src=\"http:\/\/wankonbiotech.com\/wp-content\/uploads\/2024\/08\/v2-8hk12-h3grk.jpg\" alt=\"Prot\u00e9ines en poudre aux amandes\" width=\"1213\" height=\"832\" title=\"\" srcset=\"https:\/\/wankonbiotech.com\/wp-content\/uploads\/2024\/08\/v2-8hk12-h3grk.jpg 1213w, https:\/\/wankonbiotech.com\/wp-content\/uploads\/2024\/08\/v2-8hk12-h3grk-300x206.jpg 300w, https:\/\/wankonbiotech.com\/wp-content\/uploads\/2024\/08\/v2-8hk12-h3grk-1024x702.jpg 1024w, https:\/\/wankonbiotech.com\/wp-content\/uploads\/2024\/08\/v2-8hk12-h3grk-768x527.jpg 768w, https:\/\/wankonbiotech.com\/wp-content\/uploads\/2024\/08\/v2-8hk12-h3grk-600x412.jpg 600w\" sizes=\"(max-width: 1213px) 100vw, 1213px\" \/><\/p>","protected":false},"excerpt":{"rendered":"<p>Dans le monde toujours plus vaste de la nutrition \u00e0 base de plantes, la poudre de prot\u00e9ines d'amande est apparue comme une alternative unique et riche en nutriments aux sources de prot\u00e9ines traditionnelles. D\u00e9riv\u00e9e d'amandes finement moulues, cette poudre de prot\u00e9ines gagne en popularit\u00e9 aupr\u00e8s des consommateurs soucieux de leur sant\u00e9 et des amateurs de fitness.<\/p>","protected":false},"featured_media":710,"template":"","meta":{"_acf_changed":false},"product_brand":[],"product_cat":[39],"product_tag":[],"class_list":{"0":"post-709","1":"product","2":"type-product","3":"status-publish","4":"has-post-thumbnail","6":"product_cat-organic-plant-based-protein","8":"first","9":"instock","10":"shipping-taxable","11":"product-type-simple"},"acf":[],"_links":{"self":[{"href":"https:\/\/wankonbiotech.com\/fr\/wp-json\/wp\/v2\/product\/709","targetHints":{"allow":["GET"]}}],"collection":[{"href":"https:\/\/wankonbiotech.com\/fr\/wp-json\/wp\/v2\/product"}],"about":[{"href":"https:\/\/wankonbiotech.com\/fr\/wp-json\/wp\/v2\/types\/product"}],"wp:featuredmedia":[{"embeddable":true,"href":"https:\/\/wankonbiotech.com\/fr\/wp-json\/wp\/v2\/media\/710"}],"wp:attachment":[{"href":"https:\/\/wankonbiotech.com\/fr\/wp-json\/wp\/v2\/media?parent=709"}],"wp:term":[{"taxonomy":"product_brand","embeddable":true,"href":"https:\/\/wankonbiotech.com\/fr\/wp-json\/wp\/v2\/product_brand?post=709"},{"taxonomy":"product_cat","embeddable":true,"href":"https:\/\/wankonbiotech.com\/fr\/wp-json\/wp\/v2\/product_cat?post=709"},{"taxonomy":"product_tag","embeddable":true,"href":"https:\/\/wankonbiotech.com\/fr\/wp-json\/wp\/v2\/product_tag?post=709"}],"curies":[{"name":"wp","href":"https:\/\/api.w.org\/{rel}","templated":true}]}}