{"id":688,"date":"2024-08-09T15:46:58","date_gmt":"2024-08-09T15:46:58","guid":{"rendered":"http:\/\/wankonbiotech.com\/?post_type=product&#038;p=688"},"modified":"2024-08-09T16:11:53","modified_gmt":"2024-08-09T16:11:53","slug":"organic-pea-protein-powder-80-85-pea-protein-isolate","status":"publish","type":"product","link":"https:\/\/wankonbiotech.com\/fr\/produit-2\/poudre-de-proteines-de-pois-biologiques-80-85-isolat-de-proteines-de-pois-2\/","title":{"rendered":"Organic Pea Protein Powder 80% 85% Isolat de prot\u00e9ines de pois"},"content":{"rendered":"<table class=\"hight-light-first-column all magic-7\">\n<tbody>\n<tr>\n<td colspan=\"1\" rowspan=\"1\">\n<div data-spm-anchor-id=\"a2700.details.0.i32.1a93ed4drhhEQY\"><strong>Nom du produit<\/strong><\/div>\n<\/td>\n<td style=\"width: 63.7821%;\" colspan=\"1\" rowspan=\"1\">\n<div>Prot\u00e9ines de pois bio en poudre<\/div>\n<\/td>\n<\/tr>\n<tr>\n<td style=\"width: 33.9744%;\" colspan=\"1\" rowspan=\"1\">\n<div><strong>Pi\u00e8ce usag\u00e9e<\/strong><\/div>\n<\/td>\n<td style=\"width: 63.7821%;\" colspan=\"1\" rowspan=\"1\">\n<div>Haricot<\/div>\n<\/td>\n<\/tr>\n<tr>\n<td style=\"width: 33.9744%;\" colspan=\"1\" rowspan=\"1\">\n<div><strong>Sp\u00e9cifications<\/strong><\/div>\n<\/td>\n<td style=\"width: 63.7821%;\" colspan=\"1\" rowspan=\"1\">\n<div data-spm-anchor-id=\"a2700.details.0.i33.1a93ed4drhhEQY\">80%<\/div>\n<\/td>\n<\/tr>\n<tr>\n<td style=\"width: 33.9744%;\" colspan=\"1\" rowspan=\"1\">\n<div><strong>Couleur<\/strong><\/div>\n<\/td>\n<td style=\"width: 63.7821%;\" colspan=\"1\" rowspan=\"1\">\n<div>Poudre jaune clair<\/div>\n<\/td>\n<\/tr>\n<tr>\n<td style=\"width: 33.9744%;\" colspan=\"1\" rowspan=\"1\">\n<div><strong>MOQ<\/strong><\/div>\n<\/td>\n<td style=\"width: 63.7821%;\" colspan=\"1\" rowspan=\"1\">\n<div>20 kg<\/div>\n<\/td>\n<\/tr>\n<tr>\n<td style=\"width: 33.9744%;\" colspan=\"1\" rowspan=\"1\">\n<div><strong>\u00c9chantillon<\/strong><\/div>\n<\/td>\n<td style=\"width: 63.7821%;\" colspan=\"1\" rowspan=\"1\">\n<div>Gratuitement fourni<\/div>\n<\/td>\n<\/tr>\n<tr>\n<td style=\"width: 33.9744%;\" colspan=\"1\" rowspan=\"1\">\n<div><strong>Dur\u00e9e de conservation<\/strong><\/div>\n<\/td>\n<td style=\"width: 63.7821%;\" colspan=\"1\" rowspan=\"1\">\n<div>24 mois<\/div>\n<\/td>\n<\/tr>\n<\/tbody>\n<\/table>\n<h2><strong>Introduction<\/strong><\/h2>\n<p>Dans le paysage en \u00e9volution de la sant\u00e9 et du bien-\u00eatre, la prot\u00e9ine de pois biologique s'est impos\u00e9e comme une alternative de premier plan pour ceux qui recherchent une source de prot\u00e9ines durable et d'origine v\u00e9g\u00e9tale. Ce produit r\u00e9pond non seulement aux besoins alimentaires des v\u00e9g\u00e9taliens et des v\u00e9g\u00e9tariens, mais il s\u00e9duit \u00e9galement tous ceux qui s'int\u00e9ressent \u00e0 l'alimentation saine et aux produits biologiques. Dans cette exploration d\u00e9taill\u00e9e, nous nous pencherons sur les propri\u00e9t\u00e9s, les avantages et les applications uniques de la prot\u00e9ine de pois biologique, en expliquant pourquoi elle est un choix privil\u00e9gi\u00e9 parmi les consommateurs soucieux de leur sant\u00e9 et les fabricants de l'industrie alimentaire et des boissons.<\/p>\n<p><img fetchpriority=\"high\" decoding=\"async\" class=\"alignnone wp-image-692 size-full\" src=\"http:\/\/wankonbiotech.com\/wp-content\/uploads\/2024\/08\/pea-protein.jpg\" alt=\"Prot\u00e9ine de pois biologique\" width=\"1000\" height=\"500\" title=\"\" srcset=\"https:\/\/wankonbiotech.com\/wp-content\/uploads\/2024\/08\/pea-protein.jpg 1000w, https:\/\/wankonbiotech.com\/wp-content\/uploads\/2024\/08\/pea-protein-300x150.jpg 300w, https:\/\/wankonbiotech.com\/wp-content\/uploads\/2024\/08\/pea-protein-768x384.jpg 768w, https:\/\/wankonbiotech.com\/wp-content\/uploads\/2024\/08\/pea-protein-600x300.jpg 600w\" sizes=\"(max-width: 1000px) 100vw, 1000px\" \/><\/p>\n<h2><strong>Qu'est-ce que la prot\u00e9ine de pois biologique ?<\/strong><\/h2>\n<p>La prot\u00e9ine de pois biologique est d\u00e9riv\u00e9e de pois jaunes (Pisum sativum) et subit un processus d'extraction minutieux pour \u00e9liminer l'amidon et les fibres, laissant un concentr\u00e9 de prot\u00e9ines de haute qualit\u00e9. Le label \"biologique\" signifie que les pois utilis\u00e9s sont cultiv\u00e9s sans pesticides synth\u00e9tiques, herbicides ou organismes g\u00e9n\u00e9tiquement modifi\u00e9s (OGM), ce qui en fait une source de prot\u00e9ines plus propre et plus respectueuse de l'environnement. Le produit qui en r\u00e9sulte est une poudre fine de couleur beige qui s'incorpore facilement dans diverses applications alimentaires et de boissons. <a href=\"http:\/\/wankonbiotech.com\/fr\/categorie-produit\/proteines-vegetales-biologiques\/\">prot\u00e9ines v\u00e9g\u00e9tales biologiques<\/a>.<\/p>\n<h2><strong>Avantages nutritionnels de la prot\u00e9ine de pois biologique<\/strong><\/h2>\n<p>La prot\u00e9ine de pois biologique est un concentr\u00e9 de nutrition, offrant un profil complet d'acides amin\u00e9s, y compris les acides amin\u00e9s essentiels dont le corps humain a besoin. Elle est particuli\u00e8rement riche en acides amin\u00e9s \u00e0 cha\u00eene ramifi\u00e9e (BCAA) tels que la leucine, l'isoleucine et la valine, qui sont essentiels \u00e0 la croissance et \u00e0 la r\u00e9cup\u00e9ration musculaires. De plus, la prot\u00e9ine de pois biologique est hypoallerg\u00e9nique, ce qui la rend adapt\u00e9e aux personnes souffrant de sensibilit\u00e9s ou d'allergies alimentaires, notamment aux produits laitiers, au soja ou au gluten. Elle est \u00e9galement riche en fer, un min\u00e9ral essentiel qui fait souvent d\u00e9faut dans les r\u00e9gimes \u00e0 base de plantes.<\/p>\n<p><img decoding=\"async\" class=\"alignnone wp-image-691 size-full\" src=\"http:\/\/wankonbiotech.com\/wp-content\/uploads\/2024\/08\/pea_protein-1.webp\" alt=\"Prot\u00e9ines d&#039;origine v\u00e9g\u00e9tale\" width=\"1000\" height=\"684\" title=\"\" srcset=\"https:\/\/wankonbiotech.com\/wp-content\/uploads\/2024\/08\/pea_protein-1.webp 1000w, https:\/\/wankonbiotech.com\/wp-content\/uploads\/2024\/08\/pea_protein-1-300x205.webp 300w, https:\/\/wankonbiotech.com\/wp-content\/uploads\/2024\/08\/pea_protein-1-768x525.webp 768w, https:\/\/wankonbiotech.com\/wp-content\/uploads\/2024\/08\/pea_protein-1-600x410.webp 600w\" sizes=\"(max-width: 1000px) 100vw, 1000px\" \/><\/p>\n<h2><strong>Avantages pour la sant\u00e9 de la prot\u00e9ine de pois biologique<\/strong><\/h2>\n<p>Les avantages pour la sant\u00e9 de la prot\u00e9ine de pois biologique vont au-del\u00e0 de son contenu nutritionnel. Des \u00e9tudes ont montr\u00e9 qu'elle peut aider \u00e0 g\u00e9rer la pression art\u00e9rielle et soutenir la sant\u00e9 cardiaque gr\u00e2ce \u00e0 ses niveaux \u00e9lev\u00e9s d'arginine, un acide amin\u00e9 qui favorise la circulation sanguine. La prot\u00e9ine de pois biologique est \u00e9galement b\u00e9n\u00e9fique pour la sant\u00e9 digestive, car elle est facile \u00e0 dig\u00e9rer et moins susceptible de provoquer des ballonnements que d'autres sources de prot\u00e9ines. Son faible indice glyc\u00e9mique en fait un excellent choix pour ceux qui g\u00e8rent leur taux de sucre dans le sang, contribuant \u00e0 une \u00e9nergie soutenue sans pics ni chutes.<\/p>","protected":false},"excerpt":{"rendered":"<p>Dans le paysage en \u00e9volution de la sant\u00e9 et du bien-\u00eatre, la prot\u00e9ine de pois biologique s'est impos\u00e9e comme une alternative de premier plan pour ceux qui recherchent une source de prot\u00e9ines durable et d'origine v\u00e9g\u00e9tale. Ce produit r\u00e9pond non seulement aux besoins alimentaires des v\u00e9g\u00e9taliens et des v\u00e9g\u00e9tariens, mais il s\u00e9duit \u00e9galement tous ceux qui s'int\u00e9ressent \u00e0 l'alimentation saine et aux produits biologiques. Dans cette exploration d\u00e9taill\u00e9e, nous nous pencherons sur les propri\u00e9t\u00e9s, les avantages et les applications uniques de la prot\u00e9ine de pois biologique, en expliquant pourquoi elle est un choix privil\u00e9gi\u00e9 parmi les consommateurs soucieux de leur sant\u00e9 et les fabricants de l'industrie alimentaire et des boissons.<\/p>","protected":false},"featured_media":689,"template":"","meta":{"_acf_changed":false},"product_brand":[],"product_cat":[39],"product_tag":[],"class_list":{"0":"post-688","1":"product","2":"type-product","3":"status-publish","4":"has-post-thumbnail","6":"product_cat-organic-plant-based-protein","8":"first","9":"instock","10":"shipping-taxable","11":"product-type-simple"},"acf":[],"_links":{"self":[{"href":"https:\/\/wankonbiotech.com\/fr\/wp-json\/wp\/v2\/product\/688","targetHints":{"allow":["GET"]}}],"collection":[{"href":"https:\/\/wankonbiotech.com\/fr\/wp-json\/wp\/v2\/product"}],"about":[{"href":"https:\/\/wankonbiotech.com\/fr\/wp-json\/wp\/v2\/types\/product"}],"wp:featuredmedia":[{"embeddable":true,"href":"https:\/\/wankonbiotech.com\/fr\/wp-json\/wp\/v2\/media\/689"}],"wp:attachment":[{"href":"https:\/\/wankonbiotech.com\/fr\/wp-json\/wp\/v2\/media?parent=688"}],"wp:term":[{"taxonomy":"product_brand","embeddable":true,"href":"https:\/\/wankonbiotech.com\/fr\/wp-json\/wp\/v2\/product_brand?post=688"},{"taxonomy":"product_cat","embeddable":true,"href":"https:\/\/wankonbiotech.com\/fr\/wp-json\/wp\/v2\/product_cat?post=688"},{"taxonomy":"product_tag","embeddable":true,"href":"https:\/\/wankonbiotech.com\/fr\/wp-json\/wp\/v2\/product_tag?post=688"}],"curies":[{"name":"wp","href":"https:\/\/api.w.org\/{rel}","templated":true}]}}