{"id":651,"date":"2024-08-09T07:57:55","date_gmt":"2024-08-09T07:57:55","guid":{"rendered":"http:\/\/wankonbiotech.com\/?post_type=product&#038;p=651"},"modified":"2024-08-20T02:00:11","modified_gmt":"2024-08-20T02:00:11","slug":"pure-isolate-soy-protein-isolate-powder-90-soy-protein-isolate","status":"publish","type":"product","link":"https:\/\/wankonbiotech.com\/fr\/produit-2\/isolat-pur-disolat-de-proteine-de-soja-poudre-90-isolat-de-proteine-de-soja-2\/","title":{"rendered":"Pure Isolate Isolat de prot\u00e9ines de soja en poudre 90% Isolat de prot\u00e9ines de soja"},"content":{"rendered":"<table>\n<tbody>\n<tr>\n<td colspan=\"1\" rowspan=\"1\">\n<div data-spm-anchor-id=\"a2700.details.0.i39.5eef1e8aNrPzX8\"><strong>Nom du produit<\/strong><\/div>\n<\/td>\n<td colspan=\"1\" rowspan=\"1\">\n<div>Isolat de prot\u00e9ines de soja<\/div>\n<\/td>\n<\/tr>\n<tr>\n<td colspan=\"1\" rowspan=\"1\">\n<div><strong>Grade<\/strong><\/div>\n<\/td>\n<td colspan=\"1\" rowspan=\"1\">\n<div>Qualit\u00e9 alimentaire<\/div>\n<\/td>\n<\/tr>\n<tr>\n<td colspan=\"1\" rowspan=\"1\">\n<div><strong>Sp\u00e9cifications<\/strong><\/div>\n<\/td>\n<td colspan=\"1\" rowspan=\"1\">\n<div>90% Prot\u00e9ine<\/div>\n<\/td>\n<\/tr>\n<tr>\n<td colspan=\"1\" rowspan=\"1\">\n<div><strong>Formule mol\u00e9culaire<\/strong><\/div>\n<\/td>\n<td colspan=\"1\" rowspan=\"1\">\n<div>C13H10N2<\/div>\n<\/td>\n<\/tr>\n<tr>\n<td colspan=\"1\" rowspan=\"1\">\n<div><strong>Apparence<\/strong><\/div>\n<\/td>\n<td colspan=\"1\" rowspan=\"1\">\n<div>Poudre blanc clair ou blanc laiteux<\/div>\n<\/td>\n<\/tr>\n<tr>\n<td colspan=\"1\" rowspan=\"1\">\n<div><strong>M\u00e9thode d'essai<\/strong><\/div>\n<\/td>\n<td colspan=\"1\" rowspan=\"1\">\n<div>HPLC<\/div>\n<\/td>\n<\/tr>\n<tr>\n<td colspan=\"1\" rowspan=\"1\">\n<div><strong>CAS<\/strong><\/div>\n<\/td>\n<td colspan=\"1\" rowspan=\"1\">\n<div>9010-10-0<\/div>\n<\/td>\n<\/tr>\n<\/tbody>\n<\/table>\n<h2><strong>Introduction<\/strong><\/h2>\n<p>Dans le monde dynamique de la sant\u00e9 et de la nutrition, la demande de sources de prot\u00e9ines d'origine v\u00e9g\u00e9tale est en hausse, et l'isolat de prot\u00e9ines de soja se distingue comme une option sup\u00e9rieure. En tant que prot\u00e9ine en poudre d'origine v\u00e9g\u00e9tale, elle offre de nombreux avantages, ce qui en fait un ingr\u00e9dient essentiel pour les personnes soucieuses de leur sant\u00e9, les athl\u00e8tes et ceux qui cherchent une alternative aux prot\u00e9ines d'origine animale. D\u00e9couvrez notre gamme de <a href=\"http:\/\/wankonbiotech.com\/fr\/categorie-produit\/proteines-vegetales-biologiques\/\">Prot\u00e9ines v\u00e9g\u00e9tales biologiques<\/a>. Cette fiche produit pr\u00e9sente les propri\u00e9t\u00e9s, les avantages et les applications uniques de l'isolat de prot\u00e9ines de soja, en soulignant pourquoi il constitue un excellent choix pour les consommateurs et les entreprises.<\/p>\n<p><img fetchpriority=\"high\" decoding=\"async\" class=\"alignnone wp-image-682 size-full\" src=\"http:\/\/wankonbiotech.com\/wp-content\/uploads\/2024\/08\/soyproviso4-min_1_1200x.jpg\" alt=\"\" width=\"1199\" height=\"600\" title=\"\" srcset=\"https:\/\/wankonbiotech.com\/wp-content\/uploads\/2024\/08\/soyproviso4-min_1_1200x.jpg 1199w, https:\/\/wankonbiotech.com\/wp-content\/uploads\/2024\/08\/soyproviso4-min_1_1200x-300x150.jpg 300w, https:\/\/wankonbiotech.com\/wp-content\/uploads\/2024\/08\/soyproviso4-min_1_1200x-1024x512.jpg 1024w, https:\/\/wankonbiotech.com\/wp-content\/uploads\/2024\/08\/soyproviso4-min_1_1200x-768x384.jpg 768w, https:\/\/wankonbiotech.com\/wp-content\/uploads\/2024\/08\/soyproviso4-min_1_1200x-600x300.jpg 600w\" sizes=\"(max-width: 1199px) 100vw, 1199px\" \/><\/p>\n<h2><strong>Qu'est-ce que l'isolat de prot\u00e9ines de soja ?<\/strong><\/h2>\n<p>L'isolat de prot\u00e9ines de soja est une forme hautement raffin\u00e9e de prot\u00e9ines de soja, d\u00e9riv\u00e9e de flocons de soja d\u00e9graiss\u00e9s. Gr\u00e2ce \u00e0 un processus m\u00e9ticuleux de lavage des f\u00e8ves de soja avec de l'eau et de l'alcool, la prot\u00e9ine est extraite et purifi\u00e9e, ce qui permet d'obtenir un produit dont la teneur en prot\u00e9ines est sup\u00e9rieure \u00e0 90% en poids. Ce processus \u00e9limine la plupart des graisses et des hydrates de carbone, laissant derri\u00e8re lui une source de prot\u00e9ines concentr\u00e9e avec des niveaux minimaux de graisses et d'hydrates de carbone.<\/p>\n<p><img decoding=\"async\" class=\"alignnone wp-image-683 size-full\" src=\"http:\/\/wankonbiotech.com\/wp-content\/uploads\/2024\/08\/soy-protein-powder-with-soybeans-isolated-white-background_264757-86.jpg\" alt=\"\" width=\"1380\" height=\"920\" title=\"\" srcset=\"https:\/\/wankonbiotech.com\/wp-content\/uploads\/2024\/08\/soy-protein-powder-with-soybeans-isolated-white-background_264757-86.jpg 1380w, https:\/\/wankonbiotech.com\/wp-content\/uploads\/2024\/08\/soy-protein-powder-with-soybeans-isolated-white-background_264757-86-300x200.jpg 300w, https:\/\/wankonbiotech.com\/wp-content\/uploads\/2024\/08\/soy-protein-powder-with-soybeans-isolated-white-background_264757-86-1024x683.jpg 1024w, https:\/\/wankonbiotech.com\/wp-content\/uploads\/2024\/08\/soy-protein-powder-with-soybeans-isolated-white-background_264757-86-768x512.jpg 768w, https:\/\/wankonbiotech.com\/wp-content\/uploads\/2024\/08\/soy-protein-powder-with-soybeans-isolated-white-background_264757-86-600x400.jpg 600w\" sizes=\"(max-width: 1380px) 100vw, 1380px\" \/><\/p>\n<p>&nbsp;<\/p>\n<h2><strong>Avantages nutritionnels de l'isolat de prot\u00e9ines de soja<\/strong><\/h2>\n<p>L'isolat de prot\u00e9ines de soja n'est pas seulement riche en prot\u00e9ines, c'est aussi une prot\u00e9ine compl\u00e8te, qui contient les neuf acides amin\u00e9s essentiels dont le corps humain a besoin. Cela en fait une excellente option pour ceux qui cherchent \u00e0 satisfaire leurs besoins quotidiens en prot\u00e9ines, en particulier dans le cadre d'un r\u00e9gime \u00e0 base de plantes. En outre, l'isolat de prot\u00e9ines de soja est pauvre en graisses et en hydrates de carbone, ce qui le rend adapt\u00e9 aux personnes qui suivent un r\u00e9gime \u00e0 calories contr\u00f4l\u00e9es. La pr\u00e9sence d'isoflavones, un type de phytoestrog\u00e8ne, ajoute \u00e9galement \u00e0 son profil nutritionnel, offrant des avantages potentiels pour la sant\u00e9 tels que la r\u00e9duction du taux de cholest\u00e9rol et l'am\u00e9lioration de la sant\u00e9 cardiaque. <a href=\"http:\/\/wankonbiotech.com\/fr\/pourquoi-la-proteine-de-soja-devrait-etre-un-element-essentiel-de-votre-programme-dalimentation-saine-2\/\">sur les avantages des prot\u00e9ines de soja dans votre alimentation<\/a>.<\/p>\n<p><iframe title=\"Isolat de prot\u00e9ines de soja en poudre Display\" width=\"800\" height=\"450\" src=\"https:\/\/www.youtube.com\/embed\/tydPOFkIi8k?feature=oembed\" frameborder=\"0\" allow=\"accelerometer; autoplay; clipboard-write; encrypted-media; gyroscope; picture-in-picture; web-share\" referrerpolicy=\"strict-origin-when-cross-origin\" allowfullscreen><\/iframe><\/p>\n<p>&nbsp;<\/p>","protected":false},"excerpt":{"rendered":"<p>Dans le monde dynamique de la sant\u00e9 et de la nutrition, la demande de sources de prot\u00e9ines d'origine v\u00e9g\u00e9tale est en hausse, et l'isolat de prot\u00e9ines de soja se distingue comme une option sup\u00e9rieure. En tant que prot\u00e9ine v\u00e9g\u00e9tale en poudre, elle offre de nombreux avantages, ce qui en fait un ingr\u00e9dient essentiel pour les personnes soucieuses de leur sant\u00e9, les athl\u00e8tes et ceux qui cherchent une alternative aux prot\u00e9ines d'origine animale. Cette fiche produit pr\u00e9sente les propri\u00e9t\u00e9s, les avantages et les applications uniques de l'isolat de prot\u00e9ines de soja, en soulignant pourquoi il s'agit d'un excellent choix pour les consommateurs et les entreprises.<\/p>","protected":false},"featured_media":679,"template":"","meta":{"_acf_changed":false},"product_brand":[],"product_cat":[39],"product_tag":[],"class_list":{"0":"post-651","1":"product","2":"type-product","3":"status-publish","4":"has-post-thumbnail","6":"product_cat-organic-plant-based-protein","8":"first","9":"instock","10":"shipping-taxable","11":"product-type-simple"},"acf":[],"_links":{"self":[{"href":"https:\/\/wankonbiotech.com\/fr\/wp-json\/wp\/v2\/product\/651","targetHints":{"allow":["GET"]}}],"collection":[{"href":"https:\/\/wankonbiotech.com\/fr\/wp-json\/wp\/v2\/product"}],"about":[{"href":"https:\/\/wankonbiotech.com\/fr\/wp-json\/wp\/v2\/types\/product"}],"wp:featuredmedia":[{"embeddable":true,"href":"https:\/\/wankonbiotech.com\/fr\/wp-json\/wp\/v2\/media\/679"}],"wp:attachment":[{"href":"https:\/\/wankonbiotech.com\/fr\/wp-json\/wp\/v2\/media?parent=651"}],"wp:term":[{"taxonomy":"product_brand","embeddable":true,"href":"https:\/\/wankonbiotech.com\/fr\/wp-json\/wp\/v2\/product_brand?post=651"},{"taxonomy":"product_cat","embeddable":true,"href":"https:\/\/wankonbiotech.com\/fr\/wp-json\/wp\/v2\/product_cat?post=651"},{"taxonomy":"product_tag","embeddable":true,"href":"https:\/\/wankonbiotech.com\/fr\/wp-json\/wp\/v2\/product_tag?post=651"}],"curies":[{"name":"wp","href":"https:\/\/api.w.org\/{rel}","templated":true}]}}