{"id":1487,"date":"2025-01-12T03:54:52","date_gmt":"2025-01-12T03:54:52","guid":{"rendered":"http:\/\/wankonbiotech.com\/?post_type=product&#038;p=1487"},"modified":"2025-06-05T05:51:04","modified_gmt":"2025-06-05T05:51:04","slug":"organic-101-paeonia-lactiflora-powder","status":"publish","type":"product","link":"https:\/\/wankonbiotech.com\/fr\/produit-2\/organic-101-paeonia-lactiflora-powder\/","title":{"rendered":"Poudre de Paeonia lactiflora biologique 10:1"},"content":{"rendered":"<table style=\"width: 57.0232%; height: 216px;\">\n<thead>\n<tr style=\"height: 24px;\">\n<th style=\"height: 24px;\"><strong>Nom du produit<\/strong><\/th>\n<th style=\"height: 24px;\">Extrait de pivoine blanche 10:1<\/th>\n<\/tr>\n<\/thead>\n<tbody>\n<tr style=\"height: 24px;\">\n<td style=\"height: 24px;\"><strong>Alias du produit<\/strong><\/td>\n<td style=\"height: 24px;\">Pivoine blanche, Pivoine<\/td>\n<\/tr>\n<tr style=\"height: 24px;\">\n<td style=\"height: 24px;\"><strong>Nom scientifique<\/strong><\/td>\n<td style=\"height: 24px;\"><em>Paeonia lactiflora Pall.<\/em><\/td>\n<\/tr>\n<tr style=\"height: 24px;\">\n<td style=\"height: 24px;\"><strong>Apparence<\/strong><\/td>\n<td style=\"height: 24px;\">Poudre brune<\/td>\n<\/tr>\n<tr style=\"height: 24px;\">\n<td style=\"height: 24px;\"><strong>M\u00e9thode d'essai<\/strong><\/td>\n<td style=\"height: 24px;\">HPLC<\/td>\n<\/tr>\n<tr style=\"height: 24px;\">\n<td style=\"height: 24px;\"><strong>Sp\u00e9cifications<\/strong><\/td>\n<td style=\"height: 24px;\">10:1, Paeoniflorin 10%, Paeoniflorin 20%, Paeoniflorin 30% (En stock)<\/td>\n<\/tr>\n<tr style=\"height: 24px;\">\n<td style=\"height: 24px;\"><strong>Emballage<\/strong><\/td>\n<td style=\"height: 24px;\">Tambour en carton de 25 kg ; personnalisable en fonction des besoins du client<\/td>\n<\/tr>\n<tr style=\"height: 24px;\">\n<td style=\"height: 24px;\"><strong>Dur\u00e9e de conservation<\/strong><\/td>\n<td style=\"height: 24px;\">48 mois<\/td>\n<\/tr>\n<tr style=\"height: 24px;\">\n<td style=\"height: 24px;\"><strong>Conditions de stockage<\/strong><\/td>\n<td style=\"height: 24px;\">Conserver dans un endroit herm\u00e9tique, \u00e0 l'abri de la lumi\u00e8re et au frais. \u00c9viter les temp\u00e9ratures \u00e9lev\u00e9es et l'humidit\u00e9.<\/td>\n<\/tr>\n<\/tbody>\n<\/table>\n<h2><strong>Qu'est-ce que Paeonia Lactiflora ?<\/strong><\/h2>\n<p>Paeonia lactiflora, \u00e9galement connue sous le nom de pivoine blanche ou pivoine chinoise, est une plante \u00e0 fleurs originaire d'Asie. Elle est utilis\u00e9e depuis des milliers d'ann\u00e9es dans la m\u00e9decine traditionnelle chinoise (MTC) pour ses propri\u00e9t\u00e9s anti-inflammatoires, antioxydantes et calmantes. La racine de la plante est la partie la plus utilis\u00e9e, appr\u00e9ci\u00e9e pour ses bienfaits th\u00e9rapeutiques.<\/p>\n<p><img fetchpriority=\"high\" decoding=\"async\" class=\"aligncenter size-full wp-image-1488\" src=\"http:\/\/wankonbiotech.com\/wp-content\/uploads\/2025\/01\/Paeonia-Lactiflora.jpg\" alt=\"\" width=\"1200\" height=\"797\" title=\"\" srcset=\"https:\/\/wankonbiotech.com\/wp-content\/uploads\/2025\/01\/Paeonia-Lactiflora.jpg 1200w, https:\/\/wankonbiotech.com\/wp-content\/uploads\/2025\/01\/Paeonia-Lactiflora-300x199.jpg 300w, https:\/\/wankonbiotech.com\/wp-content\/uploads\/2025\/01\/Paeonia-Lactiflora-1024x680.jpg 1024w, https:\/\/wankonbiotech.com\/wp-content\/uploads\/2025\/01\/Paeonia-Lactiflora-768x510.jpg 768w, https:\/\/wankonbiotech.com\/wp-content\/uploads\/2025\/01\/Paeonia-Lactiflora-18x12.jpg 18w, https:\/\/wankonbiotech.com\/wp-content\/uploads\/2025\/01\/Paeonia-Lactiflora-600x399.jpg 600w\" sizes=\"(max-width: 1200px) 100vw, 1200px\" \/><\/p>\n<h2><strong>Principaux avantages de la poudre de Paeonia Lactiflora biologique 10:1<\/strong><\/h2>\n<ol>\n<li><strong>Propri\u00e9t\u00e9s anti-inflammatoires<\/strong>: Aide \u00e0 r\u00e9duire l'inflammation, ce qui le rend b\u00e9n\u00e9fique pour des affections telles que l'arthrite et les douleurs musculaires.<\/li>\n<li><strong>Soutien aux antioxydants<\/strong>: Prot\u00e8ge les cellules contre le stress oxydatif et les dommages caus\u00e9s par les radicaux libres, favorisant ainsi la sant\u00e9 globale.<\/li>\n<li><strong>L'\u00e9quilibre hormonal<\/strong>: Souvent utilis\u00e9 dans la MTC pour soutenir la sant\u00e9 reproductive des femmes et r\u00e9guler les cycles menstruels.<\/li>\n<li><strong>Sant\u00e9 de la peau<\/strong>: Il est utilis\u00e9 dans les produits de soin pour ses effets apaisants et anti-\u00e2ge.<\/li>\n<li><strong>Effets calmants<\/strong>: Reconnu pour sa capacit\u00e9 \u00e0 r\u00e9duire le stress et \u00e0 favoriser la relaxation, il contribue au bien-\u00eatre mental.<\/li>\n<\/ol>\n<h2><strong>Applications de la poudre de Paeonia Lactiflora biologique 10:1<\/strong><\/h2>\n<ul>\n<li><strong>Suppl\u00e9ments \u00e0 base de plantes<\/strong>: G\u00e9lules, comprim\u00e9s et teintures pour le soutien de la sant\u00e9 interne.<\/li>\n<li><strong>M\u00e9decine traditionnelle<\/strong>: Utilis\u00e9 dans les formulations de la MTC pour r\u00e9pondre \u00e0 divers probl\u00e8mes de sant\u00e9.<\/li>\n<li><strong>Produits de soins<\/strong>: Ajout\u00e9 aux cr\u00e8mes, s\u00e9rums et masques pour ses propri\u00e9t\u00e9s anti-inflammatoires et antioxydantes.<\/li>\n<li><strong>Aliments et boissons fonctionnels<\/strong>: Incorpor\u00e9 dans les th\u00e9s, les toniques et les boissons de sant\u00e9.<\/li>\n<\/ul>\n<h2><strong>Pourquoi choisir notre poudre de Paeonia Lactiflora 10:1 ?<\/strong><\/h2>\n<p>En tant qu'usine et distributeur professionnel d'extraits de plantes, nous nous engageons \u00e0 fournir des produits biologiques de premi\u00e8re qualit\u00e9. Notre poudre de Paeonia Lactiflora 10:1 biologique se distingue par sa qualit\u00e9 :<\/p>\n<ul>\n<li><strong>Certifi\u00e9 biologique<\/strong>: Provient de plantes de Paeonia lactiflora cultiv\u00e9es biologiquement, sans pesticides ni engrais synth\u00e9tiques.<\/li>\n<li><strong>Grande puissance<\/strong>: Un taux d'extraction de 10:1 garantit un produit concentr\u00e9 et efficace.<\/li>\n<li><strong>Test\u00e9 par des tiers<\/strong>: La puret\u00e9, les m\u00e9taux lourds et les contaminants microbiens ont \u00e9t\u00e9 v\u00e9rifi\u00e9s.<\/li>\n<li><strong>Durable et \u00e9thique<\/strong>: R\u00e9colte responsable pour soutenir la conservation de l'environnement.<\/li>\n<li><strong>Polyvalent<\/strong>: Disponible sous diff\u00e9rentes formes pour r\u00e9pondre \u00e0 vos besoins en mati\u00e8re de formulation.<\/li>\n<\/ul>\n<h2>FAQs sur la poudre de Paeonia Lactiflora biologique 10:1<\/h2>\n<p><strong>1. A quoi sert Paeonia lactiflora ?<\/strong><br \/>\nPaeonia lactiflora est traditionnellement utilis\u00e9 pour ses propri\u00e9t\u00e9s anti-inflammatoires, antioxydantes et calmantes. Elle est couramment utilis\u00e9e pour favoriser l'\u00e9quilibre hormonal, la sant\u00e9 de la peau et le bien-\u00eatre g\u00e9n\u00e9ral.<\/p>\n<p><strong>2. Que signifie un taux d'extraction de 10:1 ?<\/strong><br \/>\nUn rapport d'extraction de 10:1 signifie que 10 kilogrammes de racine brute de Paeonia lactiflora sont concentr\u00e9s en 1 kilogramme de poudre, ce qui donne un produit tr\u00e8s puissant et efficace.<\/p>\n<p><strong>3. L'utilisation de Paeonia lactiflora est-elle sans danger ?<\/strong><br \/>\nOui, Paeonia lactiflora est g\u00e9n\u00e9ralement s\u00fbr lorsqu'il est utilis\u00e9 conform\u00e9ment aux instructions. Toutefois, il est recommand\u00e9 de consulter un professionnel de la sant\u00e9 avant de commencer \u00e0 prendre un nouveau suppl\u00e9ment, en particulier si vous \u00eates enceinte, si vous allaitez ou si vous souffrez d'une maladie.<\/p>\n<p><strong>4. Paeonia lactiflora peut-il contribuer \u00e0 l'\u00e9quilibre hormonal ?<\/strong><br \/>\nOui, Paeonia lactiflora est souvent utilis\u00e9 dans la m\u00e9decine traditionnelle chinoise pour soutenir la sant\u00e9 reproductive des femmes et r\u00e9guler les cycles menstruels.<\/p>\n<p><strong>5. Ce produit est-il certifi\u00e9 biologique ?<\/strong><br \/>\nOui, notre poudre de Paeonia Lactiflora 10:1 est certifi\u00e9e biologique, ce qui garantit qu'elle est exempte de pesticides, d'engrais synth\u00e9tiques et d'autres produits chimiques nocifs.<\/p>\n<p><strong>6. Quels sont les bienfaits de Paeonia lactiflora pour la peau ?<\/strong><br \/>\nLa Paeonia lactiflora est connue pour ses propri\u00e9t\u00e9s anti-inflammatoires et antioxydantes, ce qui la rend b\u00e9n\u00e9fique pour apaiser les peaux irrit\u00e9es, r\u00e9duire les rougeurs et favoriser la jeunesse du teint.<\/p>","protected":false},"excerpt":{"rendered":"<p>Organic 10:1 Paeonia lactiflora Powder est un extrait v\u00e9g\u00e9tal certifi\u00e9 biologique de haute qualit\u00e9, d\u00e9riv\u00e9 des racines de Paeonia lactiflora, commun\u00e9ment appel\u00e9e pivoine blanche. Ce puissant extrait 10:1 est produit gr\u00e2ce \u00e0 un processus d'extraction m\u00e9ticuleux, garantissant une forme concentr\u00e9e des compos\u00e9s bioactifs de la plante, y compris la paeoniflorine. Id\u00e9ale pour les compl\u00e9ments alimentaires \u00e0 base de plantes, la m\u00e9decine traditionnelle et les formules de soins de la peau, notre poudre de Paeonia lactiflora biologique 10:1 est rigoureusement test\u00e9e pour en v\u00e9rifier la puret\u00e9, la puissance et la s\u00e9curit\u00e9. Elle provient de sources durables et est trait\u00e9e conform\u00e9ment aux normes biologiques les plus strictes, ce qui en fait un choix fiable pour les applications de sant\u00e9 et de bien-\u00eatre.<\/p>","protected":false},"featured_media":1490,"template":"","meta":{"_acf_changed":false},"product_brand":[],"product_cat":[40],"product_tag":[],"class_list":{"0":"post-1487","1":"product","2":"type-product","3":"status-publish","4":"has-post-thumbnail","6":"product_cat-organic-plant-extract","8":"first","9":"instock","10":"shipping-taxable","11":"purchasable","12":"product-type-variable"},"acf":[],"_links":{"self":[{"href":"https:\/\/wankonbiotech.com\/fr\/wp-json\/wp\/v2\/product\/1487","targetHints":{"allow":["GET"]}}],"collection":[{"href":"https:\/\/wankonbiotech.com\/fr\/wp-json\/wp\/v2\/product"}],"about":[{"href":"https:\/\/wankonbiotech.com\/fr\/wp-json\/wp\/v2\/types\/product"}],"wp:featuredmedia":[{"embeddable":true,"href":"https:\/\/wankonbiotech.com\/fr\/wp-json\/wp\/v2\/media\/1490"}],"wp:attachment":[{"href":"https:\/\/wankonbiotech.com\/fr\/wp-json\/wp\/v2\/media?parent=1487"}],"wp:term":[{"taxonomy":"product_brand","embeddable":true,"href":"https:\/\/wankonbiotech.com\/fr\/wp-json\/wp\/v2\/product_brand?post=1487"},{"taxonomy":"product_cat","embeddable":true,"href":"https:\/\/wankonbiotech.com\/fr\/wp-json\/wp\/v2\/product_cat?post=1487"},{"taxonomy":"product_tag","embeddable":true,"href":"https:\/\/wankonbiotech.com\/fr\/wp-json\/wp\/v2\/product_tag?post=1487"}],"curies":[{"name":"wp","href":"https:\/\/api.w.org\/{rel}","templated":true}]}}