{"id":981,"date":"2024-09-10T04:15:33","date_gmt":"2024-09-10T04:15:33","guid":{"rendered":"http:\/\/wankonbiotech.com\/?post_type=product&#038;p=981"},"modified":"2024-09-10T04:20:03","modified_gmt":"2024-09-10T04:20:03","slug":"mangosteen-peel-extract-alpha-mangostin-98-pure-powder","status":"publish","type":"product","link":"https:\/\/wankonbiotech.com\/es\/producto-2\/extracto-de-cascara-de-mangostan-alfa-mangostina-98-polvo-puro\/","title":{"rendered":"Extracto de C\u00e1scara de Mangost\u00e1n - Alfa-Mangostina 98% Polvo Puro"},"content":{"rendered":"<h2><strong>Introducci\u00f3n<\/strong><\/h2>\n<p>El extracto de c\u00e1scara de mangost\u00e1n es uno de los extractos naturales m\u00e1s potentes disponibles para las f\u00f3rmulas de cuidado de la piel y bienestar. Derivado de la c\u00e1scara de la fruta de mangost\u00e1n (<em>Garcinia mangostana<\/em>), este extracto altamente concentrado posee una impresionante pureza de 98% de alfa-mangostina, un potente compuesto antioxidante y antiinflamatorio. Conocido por su capacidad para proteger la piel, combatir los signos del envejecimiento y reducir la inflamaci\u00f3n, este extracto es un ingrediente muy solicitado en productos de primera calidad para el cuidado de la piel y la salud. En Xi'an Wankangyuan Biotechnology Co., Ltd., nos especializamos en proporcionar Extracto de C\u00e1scara de Mangost\u00e1n de alta calidad para ayudarle a crear productos eficaces inspirados en la naturaleza.<\/p>\n<p><img fetchpriority=\"high\" decoding=\"async\" class=\"wp-image-982 size-full aligncenter\" src=\"http:\/\/wankonbiotech.com\/wp-content\/uploads\/2024\/09\/32b4e8b1bcfc967ffd29d79ff1.jpeg\" alt=\"Extracto de c\u00e1scara de mangost\u00e1n\" width=\"831\" height=\"651\" title=\"\" srcset=\"https:\/\/wankonbiotech.com\/wp-content\/uploads\/2024\/09\/32b4e8b1bcfc967ffd29d79ff1.jpeg 831w, https:\/\/wankonbiotech.com\/wp-content\/uploads\/2024\/09\/32b4e8b1bcfc967ffd29d79ff1-300x235.jpeg 300w, https:\/\/wankonbiotech.com\/wp-content\/uploads\/2024\/09\/32b4e8b1bcfc967ffd29d79ff1-768x602.jpeg 768w, https:\/\/wankonbiotech.com\/wp-content\/uploads\/2024\/09\/32b4e8b1bcfc967ffd29d79ff1-15x12.jpeg 15w, https:\/\/wankonbiotech.com\/wp-content\/uploads\/2024\/09\/32b4e8b1bcfc967ffd29d79ff1-600x470.jpeg 600w\" sizes=\"(max-width: 831px) 100vw, 831px\" \/><\/p>\n<h2><strong>\u00bfQu\u00e9 es la alfa-mangostina?<\/strong><\/h2>\n<p>La alfa-mangostina es una de las xantonas m\u00e1s activas que se encuentran en la c\u00e1scara de la fruta del mangost\u00e1n. Las xantonas son compuestos polifen\u00f3licos conocidos por sus potentes efectos antioxidantes y antiinflamatorios. La alfa-mangostina destaca como una xantona particularmente eficaz, con una amplia gama de beneficios potenciales para la salud de la piel, el bienestar e incluso propiedades anticancer\u00edgenas. Cuando se utiliza en el cuidado de la piel, la alfa-mangostina ayuda a protegerla del estr\u00e9s oxidativo, favorece la producci\u00f3n de col\u00e1geno y alivia la inflamaci\u00f3n, por lo que es ideal para diversas aplicaciones cosm\u00e9ticas y terap\u00e9uticas.<\/p>\n<h2><strong>Aplicaciones del extracto de c\u00e1scara de mangost\u00e1n<\/strong><\/h2>\n<p>Este potente extracto es vers\u00e1til y puede utilizarse en una amplia gama de productos para el cuidado de la piel y el bienestar. Algunas de las aplicaciones m\u00e1s comunes son:<\/p>\n<ul>\n<li><strong>Sueros antienvejecimiento:<\/strong> Para combatir las arrugas, mejorar la elasticidad de la piel y favorecer la producci\u00f3n de col\u00e1geno.<\/li>\n<li><strong>Tratamientos del acn\u00e9:<\/strong> Para reducir la inflamaci\u00f3n, prevenir el crecimiento bacteriano y calmar la piel irritada.<\/li>\n<li><strong>Cremas y sueros iluminadores:<\/strong> Para reducir las manchas oscuras y potenciar un cutis m\u00e1s radiante.<\/li>\n<li><strong>Lociones calmantes:<\/strong> Para aliviar rojeces, irritaciones y afecciones inflamatorias de la piel.<\/li>\n<li><strong>Suplementos para el bienestar:<\/strong> Como la alfa-mangostina tambi\u00e9n tiene beneficios cuando se ingiere, este extracto puede utilizarse en suplementos de salud para favorecer el bienestar general.<\/li>\n<\/ul>\n<h2><strong>C\u00f3mo se elabora el extracto de c\u00e1scara de mangost\u00e1n<\/strong><\/h2>\n<p>En Xi'an Wankangyuan Biotechnology, utilizamos t\u00e9cnicas de extracci\u00f3n y purificaci\u00f3n de vanguardia para obtener una forma altamente concentrada y pura de alfa-mangostina. El proceso comienza con c\u00e1scaras de mangost\u00e1n de origen sostenible, que se secan y procesan cuidadosamente para extraer las valiosas xantonas. Mediante avanzados m\u00e9todos de purificaci\u00f3n, aislamos la alfa-mangostina y producimos un polvo fino y puro con una potencia de 98%, garantizando la m\u00e1xima calidad para sus productos.<\/p>\n<h2><strong>Sostenibilidad y garant\u00eda de calidad<\/strong><\/h2>\n<p>En Xi'an Wankangyuan Biotechnology estamos profundamente comprometidos con la sostenibilidad y la calidad. Nuestro Extracto de C\u00e1scara de Mangost\u00e1n - Alfa-Mangostina 98% Polvo Puro se obtiene de forma responsable, garantizando que las c\u00e1scaras de mangost\u00e1n utilizadas se cosechan de forma respetuosa con el medio ambiente. Adem\u00e1s, cada lote de nuestro extracto se somete a rigurosas pruebas para garantizar que cumple con los m\u00e1s altos est\u00e1ndares de pureza y potencia, d\u00e1ndole confianza en la calidad de los ingredientes que utiliza.<\/p>\n<h2><strong>\u00bfPor qu\u00e9 elegir Xi'an Wankangyuan Biotechnology para el extracto de c\u00e1scara de mangost\u00e1n?<\/strong><\/h2>\n<p>Elegir Xi'an Wankangyuan Biotechnology significa asociarse con una empresa que conoce a fondo los sectores de la cosm\u00e9tica y la salud. Nuestro Mangosteen Peel Extract - Alpha-Mangostin 98% Pure Powder se produce con los m\u00e1s altos est\u00e1ndares de pureza y potencia, lo que le permite crear productos superiores para el cuidado de la piel y el bienestar que ofrecen resultados reales. Estamos orgullosos de nuestro compromiso con la innovaci\u00f3n, la calidad y la sostenibilidad, lo que nos convierte en un socio de confianza para marcas de todo el mundo.<\/p>","protected":false},"excerpt":{"rendered":"<p>El extracto de c\u00e1scara de mangost\u00e1n es uno de los extractos naturales m\u00e1s potentes disponibles para las f\u00f3rmulas de cuidado de la piel y bienestar. Derivado de la c\u00e1scara de la fruta de mangost\u00e1n (<em>Garcinia mangostana<\/em>), este extracto altamente concentrado presenta una impresionante pureza de 98% de alfa-mangostin, un potente compuesto antioxidante y antiinflamatorio.<\/p>","protected":false},"featured_media":983,"template":"","meta":{"_acf_changed":false},"product_brand":[],"product_cat":[31],"product_tag":[],"class_list":{"0":"post-981","1":"product","2":"type-product","3":"status-publish","4":"has-post-thumbnail","6":"product_cat-spices-and-seasonings","8":"first","9":"instock","10":"shipping-taxable","11":"product-type-simple"},"acf":[],"_links":{"self":[{"href":"https:\/\/wankonbiotech.com\/es\/wp-json\/wp\/v2\/product\/981","targetHints":{"allow":["GET"]}}],"collection":[{"href":"https:\/\/wankonbiotech.com\/es\/wp-json\/wp\/v2\/product"}],"about":[{"href":"https:\/\/wankonbiotech.com\/es\/wp-json\/wp\/v2\/types\/product"}],"wp:featuredmedia":[{"embeddable":true,"href":"https:\/\/wankonbiotech.com\/es\/wp-json\/wp\/v2\/media\/983"}],"wp:attachment":[{"href":"https:\/\/wankonbiotech.com\/es\/wp-json\/wp\/v2\/media?parent=981"}],"wp:term":[{"taxonomy":"product_brand","embeddable":true,"href":"https:\/\/wankonbiotech.com\/es\/wp-json\/wp\/v2\/product_brand?post=981"},{"taxonomy":"product_cat","embeddable":true,"href":"https:\/\/wankonbiotech.com\/es\/wp-json\/wp\/v2\/product_cat?post=981"},{"taxonomy":"product_tag","embeddable":true,"href":"https:\/\/wankonbiotech.com\/es\/wp-json\/wp\/v2\/product_tag?post=981"}],"curies":[{"name":"wp","href":"https:\/\/api.w.org\/{rel}","templated":true}]}}