{"id":971,"date":"2024-08-31T16:32:03","date_gmt":"2024-08-31T16:32:03","guid":{"rendered":"http:\/\/wankonbiotech.com\/?post_type=product&#038;p=971"},"modified":"2024-09-01T02:27:57","modified_gmt":"2024-09-01T02:27:57","slug":"blue-lotus-extract-powder","status":"publish","type":"product","link":"https:\/\/wankonbiotech.com\/es\/producto-2\/extracto-de-loto-azul-en-polvo-2\/","title":{"rendered":"Polvo de extracto de loto azul al por mayor de primera calidad"},"content":{"rendered":"<table>\n<tbody>\n<tr>\n<td>\n<div><strong>Nombre del producto:<\/strong><\/div>\n<\/td>\n<td>Extracto de loto azul en polvo<\/td>\n<\/tr>\n<tr>\n<td>\n<div><strong>Utiliza la pieza:<\/strong><\/div>\n<\/td>\n<td>\n<div>Flor<\/div>\n<\/td>\n<\/tr>\n<tr>\n<td>\n<div><strong>Apariencia:<\/strong><\/div>\n<\/td>\n<td>\n<div>Polvo amarillo pardo<\/div>\n<\/td>\n<\/tr>\n<tr>\n<td>\n<div><strong>Caducidad:<\/strong><\/div>\n<\/td>\n<td>\n<div>24 polillas<\/div>\n<\/td>\n<\/tr>\n<\/tbody>\n<\/table>\n<h2><strong>Introducci\u00f3n<\/strong><\/h2>\n<p>El extracto de loto es una planta acu\u00e1tica perenne, perteneciente al g\u00e9nero Nelumbo, que se cultiva habitualmente en jardines acu\u00e1ticos. Las ra\u00edces del loto se plantan en el suelo del fondo del estanque o del r\u00edo, mientras que las hojas flotan sobre la superficie del agua o se mantienen muy por encima de ella. Las flores suelen encontrarse en tallos gruesos que se elevan varios cent\u00edmetros por encima de las hojas. La planta alcanza normalmente una altura de unos 150 cm y una extensi\u00f3n horizontal de hasta 3 metros, pero algunos informes no verificados sit\u00faan la altura por encima de los 5 metros. Las hojas pueden alcanzar los 60 cm de di\u00e1metro, mientras que las vistosas flores pueden tener hasta 20 cm de di\u00e1metro.<\/p>\n<p><img fetchpriority=\"high\" decoding=\"async\" class=\"alignnone wp-image-973 size-full\" src=\"http:\/\/wankonbiotech.com\/wp-content\/uploads\/2024\/08\/blue_lotus_extract_dose-scaled-1.webp\" alt=\"Extracto de loto azul en polvo\" width=\"2048\" height=\"1365\" title=\"\" srcset=\"https:\/\/wankonbiotech.com\/wp-content\/uploads\/2024\/08\/blue_lotus_extract_dose-scaled-1.webp 2048w, https:\/\/wankonbiotech.com\/wp-content\/uploads\/2024\/08\/blue_lotus_extract_dose-scaled-1-300x200.webp 300w, https:\/\/wankonbiotech.com\/wp-content\/uploads\/2024\/08\/blue_lotus_extract_dose-scaled-1-1024x683.webp 1024w, https:\/\/wankonbiotech.com\/wp-content\/uploads\/2024\/08\/blue_lotus_extract_dose-scaled-1-768x512.webp 768w, https:\/\/wankonbiotech.com\/wp-content\/uploads\/2024\/08\/blue_lotus_extract_dose-scaled-1-1536x1024.webp 1536w, https:\/\/wankonbiotech.com\/wp-content\/uploads\/2024\/08\/blue_lotus_extract_dose-scaled-1-18x12.webp 18w, https:\/\/wankonbiotech.com\/wp-content\/uploads\/2024\/08\/blue_lotus_extract_dose-scaled-1-600x400.webp 600w\" sizes=\"(max-width: 2048px) 100vw, 2048px\" \/><\/p>\n<h2><strong>La esencia del extracto de loto azul en polvo<\/strong><\/h2>\n<p>Derivado del <strong>Nymphaea caerulea<\/strong> El loto azul es una planta muy apreciada desde hace siglos por sus propiedades calmantes y relajantes. En el \u00e1mbito del cuidado de la piel, el polvo de extracto de loto azul es reconocido por su capacidad para promover un cutis joven, combatir el estr\u00e9s oxidativo y proporcionar una hidrataci\u00f3n profunda. Este extracto es rico en flavonoides, antioxidantes y alcaloides, que act\u00faan sin\u00e9rgicamente para mejorar la textura y la elasticidad de la piel.<\/p>\n<h2><strong>Beneficios antienvejecimiento<\/strong><\/h2>\n<p>El polvo de extracto de loto azul es especialmente eficaz como ingrediente antienvejecimiento. Su alta concentraci\u00f3n de antioxidantes ayuda a neutralizar los radicales libres, que son una de las principales causas del envejecimiento prematuro. Al incorporar el polvo de extracto de loto azul a los productos para el cuidado de la piel, los fabricantes pueden ofrecer soluciones que reducen la aparici\u00f3n de l\u00edneas finas y arrugas, dejando la piel con un aspecto firme y rejuvenecido.<\/p>\n<h2><strong>Hidrataci\u00f3n y humectaci\u00f3n<\/strong><\/h2>\n<p>Adem\u00e1s de sus propiedades antienvejecimiento, el polvo de extracto de loto azul es un potente agente hidratante. Ayuda a retener la humedad, por lo que es ideal para f\u00f3rmulas dirigidas a pieles secas o deshidratadas. Las propiedades emolientes naturales del Loto Azul garantizan que la piel se mantenga suave, flexible y radiante, incluso en condiciones ambientales adversas.<\/p>\n<p><img decoding=\"async\" class=\"alignnone wp-image-974 size-full\" src=\"http:\/\/wankonbiotech.com\/wp-content\/uploads\/2024\/08\/Blue-lotus-extract-capsules-scaled-1.webp\" alt=\" Extracto de loto azul en polvo\" width=\"2560\" height=\"1736\" title=\"\" srcset=\"https:\/\/wankonbiotech.com\/wp-content\/uploads\/2024\/08\/Blue-lotus-extract-capsules-scaled-1.webp 2560w, https:\/\/wankonbiotech.com\/wp-content\/uploads\/2024\/08\/Blue-lotus-extract-capsules-scaled-1-300x203.webp 300w, https:\/\/wankonbiotech.com\/wp-content\/uploads\/2024\/08\/Blue-lotus-extract-capsules-scaled-1-1024x694.webp 1024w, https:\/\/wankonbiotech.com\/wp-content\/uploads\/2024\/08\/Blue-lotus-extract-capsules-scaled-1-768x521.webp 768w, https:\/\/wankonbiotech.com\/wp-content\/uploads\/2024\/08\/Blue-lotus-extract-capsules-scaled-1-1536x1042.webp 1536w, https:\/\/wankonbiotech.com\/wp-content\/uploads\/2024\/08\/Blue-lotus-extract-capsules-scaled-1-2048x1389.webp 2048w, https:\/\/wankonbiotech.com\/wp-content\/uploads\/2024\/08\/Blue-lotus-extract-capsules-scaled-1-18x12.webp 18w, https:\/\/wankonbiotech.com\/wp-content\/uploads\/2024\/08\/Blue-lotus-extract-capsules-scaled-1-600x407.webp 600w\" sizes=\"(max-width: 2560px) 100vw, 2560px\" \/><\/p>\n<h2><strong>Efectos calmantes y suavizantes<\/strong><\/h2>\n<p>Las propiedades calmantes del Loto Azul est\u00e1n bien documentadas, lo que lo convierte en una excelente elecci\u00f3n para productos dise\u00f1ados para calmar la piel irritada o sensible. Tanto si se utiliza en una mascarilla facial, un suero o una crema hidratante, el polvo de extracto de loto azul puede ayudar a reducir el enrojecimiento, la inflamaci\u00f3n y las molestias, favoreciendo un cutis equilibrado y saludable.<\/p>\n<h2><strong>Aplicaciones en productos para el cuidado de la piel<\/strong><\/h2>\n<p>Nuestro polvo de extracto de loto azul es vers\u00e1til y puede incorporarse perfectamente a diversos productos para el cuidado de la piel. Es adecuado para su uso en:<\/p>\n<ul>\n<li><strong>Cremas antiedad:<\/strong> Para mejorar la elasticidad de la piel y reducir los signos del envejecimiento.<\/li>\n<li><strong>Sueros hidratantes:<\/strong> Para una hidrataci\u00f3n profunda y un efecto rellenador de la piel.<\/li>\n<li><strong>Mascarillas faciales:<\/strong> Para calmar y suavizar la piel al tiempo que aporta nutrientes esenciales.<\/li>\n<li><strong>T\u00f3nicos y lociones:<\/strong> Para un impulso refrescante e hidratante.<\/li>\n<\/ul>\n<h2><strong>Calidad de confianza<\/strong><\/h2>\n<p>En Xi'an Wankangyuan Biotechnology, la calidad est\u00e1 en el centro de todo lo que hacemos. Nuestro polvo de extracto de loto azul se produce bajo estrictas medidas de control de calidad, garantizando que cada lote cumpla con los m\u00e1s altos est\u00e1ndares de pureza y potencia. Obtenemos nuestro Loto Azul de los mejores entornos naturales y utilizamos t\u00e9cnicas de extracci\u00f3n avanzadas para preservar las propiedades beneficiosas de la planta.<\/p>\n<h2><strong>\u00bfPor qu\u00e9 elegir el extracto de loto azul en polvo de Xi'an Wankangyuan?<\/strong><\/h2>\n<p>Asociarse con Xi'an Wankangyuan Biotechnology significa tener acceso a Extracto de Loto Azul en Polvo de primera calidad que no s\u00f3lo es eficaz, sino tambi\u00e9n seguro y responsable con el medio ambiente. Estamos comprometidos con las pr\u00e1cticas sostenibles y el abastecimiento \u00e9tico, garantizando que nuestros productos sean tan buenos para el planeta como para su piel.<\/p>\n<h2><strong>Preguntas frecuentes<\/strong><\/h2>\n<p><strong>\u00bfPara qu\u00e9 se utiliza el polvo de extracto de loto azul en el cuidado de la piel?<\/strong><br \/>\nEl polvo de extracto de loto azul se utiliza habitualmente por sus propiedades antienvejecimiento, hidratantes y calmantes. Es eficaz para reducir las l\u00edneas de expresi\u00f3n, mejorar la textura de la piel y calmar la piel irritada.<\/p>\n<p><strong>\u00bfSe puede utilizar el polvo de extracto de loto azul en todos los tipos de piel?<\/strong><br \/>\nS\u00ed, el polvo de extracto de loto azul es adecuado para todo tipo de pieles, incluidas las sensibles. Sus propiedades suaves e hidratantes lo convierten en una excelente opci\u00f3n para una amplia gama de productos de cuidado de la piel.<\/p>\n<p><strong>\u00bfC\u00f3mo debe conservarse el extracto de loto azul en polvo?<\/strong><br \/>\nPara mantener su potencia, el polvo de extracto de loto azul debe conservarse en un lugar fresco y seco, alejado de la luz solar directa y de la humedad.<\/p>\n<p><strong>\u00bfEl polvo de extracto de loto azul es seguro para el uso diario?<\/strong><br \/>\nS\u00ed, los productos formulados con polvo de extracto de loto azul suelen ser seguros para el uso diario, ya que el extracto es suave y no irrita.<\/p>\n<p><strong>\u00bfCu\u00e1l es la concentraci\u00f3n recomendada de extracto de loto azul en polvo en las formulaciones?<\/strong><br \/>\nLa concentraci\u00f3n recomendada de polvo de extracto de loto azul var\u00eda en funci\u00f3n del producto, pero suele utilizarse entre 0,5% y 5% en las f\u00f3rmulas para el cuidado de la piel.<\/p>\n<p><strong>\u00bfTiene fragancia el polvo de extracto de loto azul?<\/strong><br \/>\nEl polvo de extracto de loto azul tiene una fragancia suave y natural, sutil y agradable, que lo hace ideal para f\u00f3rmulas sensibles a las fragancias.<\/p>\n<p><strong>Enlaces entrantes:<\/strong><\/p>\n<ul>\n<li><a href=\"http:\/\/wankonbiotech.com\/es\/\" rel=\"noopener\">Xi'an Wankangyuan Biotecnolog\u00eda S.L. - Nuestro compromiso con la calidad<\/a><\/li>\n<\/ul>","protected":false},"excerpt":{"rendered":"<p>El extracto de loto es una planta acu\u00e1tica perenne, perteneciente al g\u00e9nero Nelumbo, que se cultiva habitualmente en jardines acu\u00e1ticos. Las ra\u00edces del loto se plantan en el suelo del fondo del estanque o del r\u00edo, mientras que las hojas flotan sobre la superficie del agua o se mantienen muy por encima de ella. Las flores suelen encontrarse en tallos gruesos que se elevan varios cent\u00edmetros por encima de las hojas.<\/p>","protected":false},"featured_media":972,"template":"","meta":{"_acf_changed":false},"product_brand":[],"product_cat":[40],"product_tag":[],"class_list":{"0":"post-971","1":"product","2":"type-product","3":"status-publish","4":"has-post-thumbnail","6":"product_cat-organic-plant-extract","8":"first","9":"instock","10":"shipping-taxable","11":"product-type-simple"},"acf":[],"_links":{"self":[{"href":"https:\/\/wankonbiotech.com\/es\/wp-json\/wp\/v2\/product\/971","targetHints":{"allow":["GET"]}}],"collection":[{"href":"https:\/\/wankonbiotech.com\/es\/wp-json\/wp\/v2\/product"}],"about":[{"href":"https:\/\/wankonbiotech.com\/es\/wp-json\/wp\/v2\/types\/product"}],"wp:featuredmedia":[{"embeddable":true,"href":"https:\/\/wankonbiotech.com\/es\/wp-json\/wp\/v2\/media\/972"}],"wp:attachment":[{"href":"https:\/\/wankonbiotech.com\/es\/wp-json\/wp\/v2\/media?parent=971"}],"wp:term":[{"taxonomy":"product_brand","embeddable":true,"href":"https:\/\/wankonbiotech.com\/es\/wp-json\/wp\/v2\/product_brand?post=971"},{"taxonomy":"product_cat","embeddable":true,"href":"https:\/\/wankonbiotech.com\/es\/wp-json\/wp\/v2\/product_cat?post=971"},{"taxonomy":"product_tag","embeddable":true,"href":"https:\/\/wankonbiotech.com\/es\/wp-json\/wp\/v2\/product_tag?post=971"}],"curies":[{"name":"wp","href":"https:\/\/api.w.org\/{rel}","templated":true}]}}