{"id":962,"date":"2024-08-23T05:59:22","date_gmt":"2024-08-23T05:59:22","guid":{"rendered":"http:\/\/wankonbiotech.com\/?post_type=product&#038;p=962"},"modified":"2024-08-23T06:02:40","modified_gmt":"2024-08-23T06:02:40","slug":"natural-fisetin-powder","status":"publish","type":"product","link":"https:\/\/wankonbiotech.com\/es\/producto-2\/fisetina-natural-en-polvo-2\/","title":{"rendered":"Fisetina natural en polvo"},"content":{"rendered":"<table>\n<tbody>\n<tr>\n<td><strong>Nombre del producto<\/strong><\/td>\n<td>Fisetina natural en polvo<\/td>\n<\/tr>\n<tr>\n<td><strong>Pureza<\/strong><\/td>\n<td>98%+<\/td>\n<\/tr>\n<tr>\n<td><strong>Apariencia<\/strong><\/td>\n<td>Polvo cristalino acicular amarillo<\/td>\n<\/tr>\n<tr>\n<td><strong>MOQ<\/strong><\/td>\n<td>1Kg<\/td>\n<\/tr>\n<tr>\n<td><strong>Paquete<\/strong><\/td>\n<td>1Kg\/Saco de papel de aluminio, 25Kg\/Tambor de papel<\/td>\n<\/tr>\n<tr>\n<td><strong>Stock<\/strong><\/td>\n<td>600 Kg<\/td>\n<\/tr>\n<tr>\n<td><strong>Hora de embarque<\/strong><\/td>\n<td>En un plazo de 2~3 d\u00edas laborables tras el pedido<\/td>\n<\/tr>\n<tr>\n<td><strong>Forma de pago<\/strong><\/td>\n<td>Transferencia bancaria<\/td>\n<\/tr>\n<\/tbody>\n<\/table>\n<h2><strong>Introducci\u00f3n<\/strong><\/h2>\n<p><strong>Fisetina natural en polvo<\/strong> se encuentra en una gran variedad de plantas. Se encuentra en muchas eudicotas, como Acacia greggii y Acacia berlandieri, as\u00ed como en la familia Fabaceae, y en plantas como Quebracho colorado y Rhus chinensis. Tambi\u00e9n se encuentra en el fustic joven, un tinte amarillo tradicional elaborado a partir del duramen del Cotinus coggygria, y en muchas verduras y frutas, como las fresas, las manzanas y las uvas. La fisetina tambi\u00e9n puede extraerse de zumos de frutas, vinos y bebidas como el t\u00e9. Tambi\u00e9n se encuentra en monocotiled\u00f3neas como la cebolla y en con\u00edferas como Callitropsis nootkatensis.<\/p>\n<h2><strong>\u00bfQu\u00e9 es el polvo natural de fisetina?<\/strong><\/h2>\n<p><strong>Fisetina natural en polvo<\/strong> es un flavonoide, un tipo de compuesto vegetal conocido por sus propiedades antioxidantes. Se encuentra en varias frutas y verduras, siendo las fresas una de las fuentes m\u00e1s ricas. <strong>Fisetina<\/strong> ha sido objeto de numerosos estudios cient\u00edficos debido a sus posibles beneficios para la salud, especialmente en los \u00e1mbitos del apoyo cognitivo, el antienvejecimiento y la protecci\u00f3n celular. Nuestro <strong>Fisetina natural en polvo<\/strong> se extrae y purifica para garantizar la m\u00e1xima potencia, proporcionando un suplemento de alta calidad que se alinea con sus objetivos de salud.<\/p>\n<p><img fetchpriority=\"high\" decoding=\"async\" class=\"alignnone size-full wp-image-963\" src=\"http:\/\/wankonbiotech.com\/wp-content\/uploads\/2024\/08\/OIP.jpg\" alt=\"Fisetina natural en polvo\" width=\"474\" height=\"355\" title=\"\" srcset=\"https:\/\/wankonbiotech.com\/wp-content\/uploads\/2024\/08\/OIP.jpg 474w, https:\/\/wankonbiotech.com\/wp-content\/uploads\/2024\/08\/OIP-300x225.jpg 300w, https:\/\/wankonbiotech.com\/wp-content\/uploads\/2024\/08\/OIP-16x12.jpg 16w\" sizes=\"(max-width: 474px) 100vw, 474px\" \/> <img decoding=\"async\" class=\"alignnone size-full wp-image-964\" src=\"http:\/\/wankonbiotech.com\/wp-content\/uploads\/2024\/08\/OIP-1.jpg\" alt=\"Fisetina natural en polvo\" width=\"474\" height=\"347\" title=\"\" srcset=\"https:\/\/wankonbiotech.com\/wp-content\/uploads\/2024\/08\/OIP-1.jpg 474w, https:\/\/wankonbiotech.com\/wp-content\/uploads\/2024\/08\/OIP-1-300x220.jpg 300w, https:\/\/wankonbiotech.com\/wp-content\/uploads\/2024\/08\/OIP-1-16x12.jpg 16w\" sizes=\"(max-width: 474px) 100vw, 474px\" \/><\/p>\n<h2><strong>Beneficios para la salud del polvo natural de fisetina<\/strong><\/h2>\n<p><strong>Fisetina natural en polvo<\/strong> ofrece una serie de beneficios para la salud, por lo que es una excelente adici\u00f3n a su rutina diaria:<\/p>\n<ul>\n<li><strong>Apoyo cognitivo<\/strong>: <strong>Fisetina<\/strong> es conocido por sus propiedades neuroprotectoras, que ayudan a mejorar la memoria y la funci\u00f3n cerebral. Favorece la salud de las neuronas y puede reducir el riesgo de deterioro cognitivo relacionado con la edad.<\/li>\n<li><strong>Poder antioxidante<\/strong>: Como potente antioxidante, <strong>Fisetina<\/strong> ayuda a neutralizar los radicales libres del organismo, reduciendo el estr\u00e9s oxidativo y protegiendo las c\u00e9lulas de los da\u00f1os.<\/li>\n<li><strong>Propiedades antienvejecimiento<\/strong>: <strong>Fisetina<\/strong> se ha demostrado que favorece la salud celular y la longevidad al reducir la inflamaci\u00f3n y favorecer los procesos naturales de desintoxicaci\u00f3n del organismo.<\/li>\n<li><strong>Efectos antiinflamatorios<\/strong>: <strong>Fisetina<\/strong> ayuda a modular las v\u00edas inflamatorias, lo que puede beneficiar a quienes padecen inflamaci\u00f3n cr\u00f3nica o afecciones relacionadas.<\/li>\n<\/ul>\n<h2><strong>Aplicaciones del polvo natural de fisetina<\/strong><\/h2>\n<p><strong>Fisetina natural en polvo<\/strong> es vers\u00e1til y puede incorporarse a diversas rutinas de salud y bienestar:<\/p>\n<ul>\n<li><strong>Suplementos diet\u00e9ticos<\/strong>: A\u00f1adir <strong>Fisetina en polvo<\/strong> a c\u00e1psulas o comprimidos para crear un potente suplemento antioxidante.<\/li>\n<li><strong>Batidos y bebidas<\/strong>: Mezclar <strong>Fisetina natural en polvo<\/strong> en batidos, zumos o agua para aumentar su ingesta diaria de antioxidantes.<\/li>\n<li><strong>Alimentos funcionales<\/strong>: Incorporar <strong>Fisetina en polvo<\/strong> en barritas saludables, tentempi\u00e9s energ\u00e9ticos u otros alimentos funcionales para obtener mayores beneficios nutricionales.<\/li>\n<\/ul>\n<h2><strong>\u00bfPor qu\u00e9 elegir nuestro polvo natural de fisetina?<\/strong><\/h2>\n<p>En <strong>Xi'an Wankangyuan Biotechnology Co., Ltd.<\/strong>nos enorgullecemos de producir ingredientes naturales de alta calidad que cumplen las normas m\u00e1s estrictas de pureza y eficacia. Nuestra <strong>Fisetina natural en polvo<\/strong> se obtiene de frutas y verduras de primera calidad y se procesa en nuestras modernas instalaciones, lo que garantiza que usted reciba un producto potente y puro. Con una amplia experiencia en la producci\u00f3n de extractos de plantas y suplementos para la salud, nos aseguramos de que nuestro <strong>Fisetina en polvo<\/strong> es eficaz y seguro a largo plazo.<\/p>\n<p>Nuestro compromiso con la calidad se refleja en nuestros rigurosos procesos de pruebas y control de calidad, que garantizan que cada lote de <strong>Fisetina natural en polvo<\/strong> cumple nuestras estrictas normas. Nos dedicamos a ofrecer productos que favorecen la salud y el bienestar, respaldados por la ciencia y producidos con integridad.<\/p>\n<h2><strong>Sostenibilidad y garant\u00eda de calidad<\/strong><\/h2>\n<p>Nuestra <strong>Fisetina natural en polvo<\/strong> se produce centr\u00e1ndose en la sostenibilidad y la responsabilidad medioambiental. Trabajamos en estrecha colaboraci\u00f3n con agricultores que practican una agricultura sostenible, lo que garantiza que nuestros ingredientes se cultivan y cosechan de forma respetuosa con el medio ambiente. Adem\u00e1s, nuestras instalaciones de procesamiento siguen las normas BPF (Buenas Pr\u00e1cticas de Fabricaci\u00f3n) e ISO, lo que garantiza que usted reciba un producto seguro y de alta calidad.<\/p>\n<p>Para saber m\u00e1s sobre \u00e9ste y otros suplementos naturales de alta calidad, visite <a href=\"http:\/\/wankonbiotech.com\/es\/product-category\/ingredientes-nutracenticos\/\" target=\"_new\" rel=\"noopener\">Categor\u00eda de ingredientes nutracen\u00e9ticos de Wankon Biotech<\/a>.<\/p>\n<h2><strong>Preguntas frecuentes<\/strong><\/h2>\n<p>\u00bfQu\u00e9 es el polvo natural de fisetina?<br \/>\n<strong>Fisetina natural en polvo<\/strong> es un flavonoide con propiedades antioxidantes, conocido por favorecer la salud cognitiva y reducir el estr\u00e9s oxidativo.<\/p>\n<p>\u00bfC\u00f3mo se utiliza Fisetin natural en polvo?<br \/>\nPuede a\u00f1adir <strong>Fisetina natural en polvo<\/strong> a batidos, bebidas o c\u00e1psulas para incorporar sus beneficios a tu rutina diaria.<\/p>\n<p>\u00bfEs seguro el uso prolongado de Fisetin natural en polvo?<br \/>\nS\u00ed, <strong>Fisetina natural en polvo<\/strong> es seguro para el uso a largo plazo y es un excelente suplemento para el apoyo cognitivo y el bienestar general.<\/p>\n<p>\u00bfCu\u00e1les son los beneficios para la salud de la Fisetina?<br \/>\n<strong>Fisetina<\/strong> favorece la salud cerebral, protege las c\u00e9lulas del estr\u00e9s oxidativo y tiene propiedades antienvejecimiento y antiinflamatorias.<\/p>\n<p>\u00bfD\u00f3nde puedo comprar Fisetina natural en polvo de alta calidad?<br \/>\nPuede adquirir <strong>Fisetina natural en polvo<\/strong> de proveedores de confianza como los de <a href=\"http:\/\/wankonbiotech.com\/es\/product-category\/proteina-vegetal-ecologica\/\" target=\"_new\" rel=\"noopener\">Categor\u00eda de ingredientes nutracen\u00e9ticos de Wankon Biotech<\/a>.<\/p>","protected":false},"excerpt":{"rendered":"<p><strong>Fisetina natural en polvo<\/strong> es un potente antioxidante derivado de frutas y verduras, sobre todo de las fresas. Es conocido por su capacidad para favorecer la salud cognitiva y proteger las c\u00e9lulas del estr\u00e9s oxidativo, <strong>Fisetina<\/strong> se reconoce cada vez m\u00e1s como un potente suplemento para promover la longevidad y el bienestar general.<\/p>","protected":false},"featured_media":965,"template":"","meta":{"_acf_changed":false},"product_brand":[],"product_cat":[35],"product_tag":[],"class_list":{"0":"post-962","1":"product","2":"type-product","3":"status-publish","4":"has-post-thumbnail","6":"product_cat-nutracentical-ingredients","8":"first","9":"instock","10":"shipping-taxable","11":"product-type-simple"},"acf":[],"_links":{"self":[{"href":"https:\/\/wankonbiotech.com\/es\/wp-json\/wp\/v2\/product\/962","targetHints":{"allow":["GET"]}}],"collection":[{"href":"https:\/\/wankonbiotech.com\/es\/wp-json\/wp\/v2\/product"}],"about":[{"href":"https:\/\/wankonbiotech.com\/es\/wp-json\/wp\/v2\/types\/product"}],"wp:featuredmedia":[{"embeddable":true,"href":"https:\/\/wankonbiotech.com\/es\/wp-json\/wp\/v2\/media\/965"}],"wp:attachment":[{"href":"https:\/\/wankonbiotech.com\/es\/wp-json\/wp\/v2\/media?parent=962"}],"wp:term":[{"taxonomy":"product_brand","embeddable":true,"href":"https:\/\/wankonbiotech.com\/es\/wp-json\/wp\/v2\/product_brand?post=962"},{"taxonomy":"product_cat","embeddable":true,"href":"https:\/\/wankonbiotech.com\/es\/wp-json\/wp\/v2\/product_cat?post=962"},{"taxonomy":"product_tag","embeddable":true,"href":"https:\/\/wankonbiotech.com\/es\/wp-json\/wp\/v2\/product_tag?post=962"}],"curies":[{"name":"wp","href":"https:\/\/api.w.org\/{rel}","templated":true}]}}