{"id":956,"date":"2024-08-23T05:16:21","date_gmt":"2024-08-23T05:16:21","guid":{"rendered":"http:\/\/wankonbiotech.com\/?post_type=product&#038;p=956"},"modified":"2024-08-23T05:38:37","modified_gmt":"2024-08-23T05:38:37","slug":"organic-black-chia-seed","status":"publish","type":"product","link":"https:\/\/wankonbiotech.com\/es\/producto-2\/semilla-de-chia-negra-ecologica-2\/","title":{"rendered":"Proveedor de Semillas de Ch\u00eda Negras Ecol\u00f3gicas de Calidad Superior"},"content":{"rendered":"<table>\n<tbody>\n<tr>\n<td colspan=\"1\" rowspan=\"1\"><strong>Nombre del producto:<\/strong><\/td>\n<td colspan=\"1\" rowspan=\"1\">Semillas de ch\u00eda ecol\u00f3gicas<\/td>\n<\/tr>\n<tr>\n<td colspan=\"1\" rowspan=\"1\"><strong>Pieza usada:<\/strong><\/td>\n<td colspan=\"1\" rowspan=\"1\">Semillas<\/td>\n<\/tr>\n<tr>\n<td colspan=\"1\" rowspan=\"1\"><strong>Aplicaci\u00f3n:<\/strong><\/td>\n<td colspan=\"1\" rowspan=\"1\">Complemento alimenticio<\/td>\n<\/tr>\n<tr>\n<td colspan=\"1\" rowspan=\"1\"><strong>Ensayo:<\/strong><\/td>\n<td colspan=\"1\" rowspan=\"1\">99%<\/td>\n<\/tr>\n<tr>\n<td colspan=\"1\" rowspan=\"1\"><strong>Grado:<\/strong><\/td>\n<td colspan=\"1\" rowspan=\"1\">Grado alimentario<\/td>\n<\/tr>\n<tr>\n<td colspan=\"1\" rowspan=\"1\"><strong>Caducidad:<\/strong><\/td>\n<td colspan=\"1\" rowspan=\"1\">2 a\u00f1os<\/td>\n<\/tr>\n<\/tbody>\n<\/table>\n<h2><strong>Introducci\u00f3n<\/strong><\/h2>\n<p><strong>Semillas de ch\u00eda negras ecol\u00f3gicas<\/strong> son un poderoso superalimento, conocido por su rico perfil nutricional y sus vers\u00e1tiles usos. Estas diminutas semillas son una fuente importante de \u00e1cidos grasos omega-3, fibra, prote\u00ednas y antioxidantes. Tanto si desea aumentar su nutrici\u00f3n diaria, como si desea contribuir a la salud del coraz\u00f3n o simplemente disfrutar de un ingrediente vers\u00e1til en sus comidas, <strong>Semillas de ch\u00eda negras ecol\u00f3gicas<\/strong> son una excelente opci\u00f3n para los consumidores preocupados por su salud.<\/p>\n<h2><strong>\u00bfQu\u00e9 son las semillas de ch\u00eda negra ecol\u00f3gica?<\/strong><\/h2>\n<p><strong>Semillas de ch\u00eda negras ecol\u00f3gicas<\/strong> proceden de la planta <em>Salvia hisp\u00e1nica<\/em>originarias de Am\u00e9rica Central y del Sur. Estas semillas han sido un alimento b\u00e1sico en las dietas ancestrales durante siglos, veneradas por sus propiedades energ\u00e9ticas y su densidad de nutrientes. Nuestro <strong>Semillas de ch\u00eda negras ecol\u00f3gicas<\/strong> se cultivan bajo estrictas normas ecol\u00f3gicas, lo que garantiza que est\u00e1n libres de pesticidas, herbicidas y organismos modificados gen\u00e9ticamente (OMG). Este compromiso con la calidad garantiza el consumo de un producto puro y natural, acorde con un estilo de vida saludable.<\/p>\n<p><img fetchpriority=\"high\" decoding=\"async\" class=\"alignnone wp-image-959 size-full\" src=\"http:\/\/wankonbiotech.com\/wp-content\/uploads\/2024\/08\/A-bowl-of-Organic-Black-Chia-Seeds-with-a-spoon-and-a-chia-seed-pudding.gif\" alt=\"Semilla de ch\u00eda negra ecol\u00f3gica\" width=\"1200\" height=\"600\" title=\"\"><\/p>\n<h2><strong>Beneficios para la salud de las semillas de ch\u00eda negras ecol\u00f3gicas<\/strong><\/h2>\n<p><strong>Semillas de ch\u00eda negras ecol\u00f3gicas<\/strong> ofrecen numerosos beneficios para la salud, lo que las convierte en un valioso complemento de cualquier dieta:<\/p>\n<ul>\n<li><strong>Rico en \u00e1cidos grasos Omega-3<\/strong>: Las semillas de ch\u00eda son una de las mejores fuentes vegetales de \u00e1cidos grasos omega-3, esenciales para la salud del coraz\u00f3n y la funci\u00f3n cerebral.<\/li>\n<li><strong>Alto contenido en fibra<\/strong>: Estas semillas est\u00e1n repletas de fibra diet\u00e9tica, lo que favorece la salud digestiva y ayuda a mantener un peso saludable al mantenernos saciados durante m\u00e1s tiempo.<\/li>\n<li><strong>Excelente fuente de prote\u00ednas<\/strong>: Con los nueve amino\u00e1cidos esenciales, las semillas de ch\u00eda son una prote\u00edna completa, por lo que son ideales para vegetarianos y veganos.<\/li>\n<li><strong>Potencia antioxidante<\/strong>: Los antioxidantes de las semillas de ch\u00eda ayudan a combatir los radicales libres, reduciendo el estr\u00e9s oxidativo y favoreciendo la salud en general.<\/li>\n<\/ul>\n<h2><strong>Aplicaciones de las semillas de ch\u00eda negra ecol\u00f3gica<\/strong><\/h2>\n<p><strong>Semillas de ch\u00eda negras ecol\u00f3gicas<\/strong> son incre\u00edblemente vers\u00e1tiles y pueden incorporarse f\u00e1cilmente a diversas comidas:<\/p>\n<ul>\n<li><strong>Smoothies y batidos<\/strong>: A\u00f1ade una cucharada de semillas de ch\u00eda a tus batidos o smoothies para aumentar sus nutrientes.<\/li>\n<li><strong>Horneado<\/strong>: Utilice semillas de ch\u00eda en pan, magdalenas o galletas para mejorar su contenido nutricional.<\/li>\n<li><strong>Puddings<\/strong>: Combina las semillas de ch\u00eda con tu leche o alternativa l\u00e1ctea favorita para crear un pudin delicioso y rico en nutrientes.<\/li>\n<li><strong>Ensaladas y yogures<\/strong>: Espolvorea semillas de ch\u00eda sobre ensaladas o yogur para a\u00f1adir textura y nutrici\u00f3n.<\/li>\n<\/ul>\n<h2><strong>\u00bfPor qu\u00e9 elegir nuestras semillas de ch\u00eda negras ecol\u00f3gicas?<\/strong><\/h2>\n<p>En <strong>Xi'an Wankangyuan Biotechnology Co., Ltd.<\/strong>nos enorgullecemos de producir ingredientes de alta calidad y ricos en nutrientes. Nuestra <strong>Semillas de ch\u00eda negras ecol\u00f3gicas<\/strong> proceden de las mejores granjas ecol\u00f3gicas y se procesan en nuestras instalaciones de \u00faltima generaci\u00f3n, garantizando que cada lote cumpla los m\u00e1s altos est\u00e1ndares de pureza y calidad. Gracias a nuestra amplia experiencia en el sector de las materias primas alimentarias y sanitarias, puede confiar en que nuestros productos le ayudar\u00e1n a alcanzar sus objetivos de bienestar.<\/p>\n<p>Nuestro proceso de producci\u00f3n se rige por estrictas medidas de control de calidad, desde la selecci\u00f3n de las semillas hasta el envasado final. Esta dedicaci\u00f3n a la excelencia garantiza que cada lote de <strong>Semillas de ch\u00eda negras ecol\u00f3gicas<\/strong> conserva su integridad nutricional, ofreci\u00e9ndole un producto tan sano como vers\u00e1til.<\/p>\n<h2><strong>Sostenibilidad y garant\u00eda de calidad<\/strong><\/h2>\n<p>Nuestra <strong>Semillas de ch\u00eda negras ecol\u00f3gicas<\/strong> se producen con un compromiso de sostenibilidad. Trabajamos en estrecha colaboraci\u00f3n con agricultores que practican una agricultura sostenible, lo que garantiza que nuestras semillas de ch\u00eda se cultivan en armon\u00eda con la naturaleza. Adem\u00e1s, nuestras instalaciones de procesamiento siguen las normas BPF (Buenas Pr\u00e1cticas de Fabricaci\u00f3n) e ISO, lo que garantiza que usted reciba un producto seguro y de alta calidad.<\/p>\n<p>Para saber m\u00e1s sobre \u00e9ste y otros superalimentos de alta calidad, visite <a href=\"http:\/\/wankonbiotech.com\/es\/product-category\/te-de-hierbas-cortado\/\" target=\"_new\" rel=\"noopener\">Categor\u00eda Superalimentos de Wankon Biotech<\/a>.<\/p>\n<p><!--more--><\/p>\n<h2><strong>Preguntas frecuentes<\/strong><\/h2>\n<p>\u00bfQu\u00e9 hace que las semillas de ch\u00eda negra ecol\u00f3gica sean un superalimento?<br \/>\n<strong>Semillas de ch\u00eda negras ecol\u00f3gicas<\/strong> se consideran un superalimento por su alto contenido en \u00e1cidos grasos omega-3, fibra, prote\u00ednas y antioxidantes.<\/p>\n<p>\u00bfC\u00f3mo puedo utilizar las semillas de ch\u00eda negra ecol\u00f3gica en mi dieta?<br \/>\nPuede a\u00f1adir <strong>Semillas de ch\u00eda negras ecol\u00f3gicas<\/strong> a batidos, productos horneados, pudines, ensaladas y yogures para darles un impulso nutritivo.<\/p>\n<p>\u00bfLas Semillas de Ch\u00eda Negras Ecol\u00f3gicas son aptas para veganos?<br \/>\nS\u00ed, <strong>Semillas de ch\u00eda negras ecol\u00f3gicas<\/strong> son una fuente completa de prote\u00ednas, por lo que son ideales para las dietas veganas y vegetarianas.<\/p>\n<p>\u00bfCu\u00e1les son los beneficios para la salud del consumo de Semillas de Ch\u00eda Negras Ecol\u00f3gicas?<br \/>\n<strong>Semillas de ch\u00eda negras ecol\u00f3gicas<\/strong> favorecen la salud cardiaca y digestiva y ayudan a mantener un peso saludable gracias a su alto contenido en fibra y omega-3.<\/p>\n<p>\u00bfD\u00f3nde puedo comprar semillas de ch\u00eda negra ecol\u00f3gica de alta calidad?<br \/>\nPuede adquirir <strong>Semillas de ch\u00eda negras ecol\u00f3gicas<\/strong> de proveedores de confianza como los de <a href=\"http:\/\/wankonbiotech.com\/es\/product-category\/proteina-vegetal-ecologica\/\" target=\"_new\" rel=\"noopener\">Categor\u00eda Superalimentos de Wankon Biotech<\/a>.<\/p>","protected":false},"excerpt":{"rendered":"<p><strong>Semillas de ch\u00eda negras ecol\u00f3gicas<\/strong> son un poderoso superalimento, conocido por su rico perfil nutricional y sus vers\u00e1tiles usos. Estas diminutas semillas son una fuente importante de \u00e1cidos grasos omega-3, fibra, prote\u00ednas y antioxidantes.<\/p>","protected":false},"featured_media":957,"template":"","meta":{"_acf_changed":false},"product_brand":[],"product_cat":[34],"product_tag":[],"class_list":{"0":"post-956","1":"product","2":"type-product","3":"status-publish","4":"has-post-thumbnail","6":"product_cat-herbal-tea-cut","8":"first","9":"instock","10":"shipping-taxable","11":"product-type-simple"},"acf":[],"_links":{"self":[{"href":"https:\/\/wankonbiotech.com\/es\/wp-json\/wp\/v2\/product\/956","targetHints":{"allow":["GET"]}}],"collection":[{"href":"https:\/\/wankonbiotech.com\/es\/wp-json\/wp\/v2\/product"}],"about":[{"href":"https:\/\/wankonbiotech.com\/es\/wp-json\/wp\/v2\/types\/product"}],"wp:featuredmedia":[{"embeddable":true,"href":"https:\/\/wankonbiotech.com\/es\/wp-json\/wp\/v2\/media\/957"}],"wp:attachment":[{"href":"https:\/\/wankonbiotech.com\/es\/wp-json\/wp\/v2\/media?parent=956"}],"wp:term":[{"taxonomy":"product_brand","embeddable":true,"href":"https:\/\/wankonbiotech.com\/es\/wp-json\/wp\/v2\/product_brand?post=956"},{"taxonomy":"product_cat","embeddable":true,"href":"https:\/\/wankonbiotech.com\/es\/wp-json\/wp\/v2\/product_cat?post=956"},{"taxonomy":"product_tag","embeddable":true,"href":"https:\/\/wankonbiotech.com\/es\/wp-json\/wp\/v2\/product_tag?post=956"}],"curies":[{"name":"wp","href":"https:\/\/api.w.org\/{rel}","templated":true}]}}