{"id":952,"date":"2024-08-21T16:09:39","date_gmt":"2024-08-21T16:09:39","guid":{"rendered":"http:\/\/wankonbiotech.com\/?post_type=product&#038;p=952"},"modified":"2024-11-20T01:23:24","modified_gmt":"2024-11-20T01:23:24","slug":"whey-protein-powder-for-bodybuilding-manufacturers","status":"publish","type":"product","link":"https:\/\/wankonbiotech.com\/es\/producto-2\/fabricantes-de-proteina-de-suero-en-polvo-para-culturismo\/","title":{"rendered":"Prote\u00edna de suero en polvo para culturismo"},"content":{"rendered":"<table>\n<tbody>\n<tr>\n<td>\n<div><strong>Nombre del producto<\/strong><\/div>\n<\/td>\n<td>\n<div class=\"magic-3\">Prote\u00edna de suero<\/div>\n<\/td>\n<\/tr>\n<tr>\n<td>\n<div><strong>Fuente<\/strong><\/div>\n<\/td>\n<td>\n<div class=\"magic-3\">leche<\/div>\n<\/td>\n<\/tr>\n<tr>\n<td>\n<div><strong>Apariencia<\/strong><\/div>\n<\/td>\n<td>\n<div class=\"magic-3\">polvo blanquecino<\/div>\n<\/td>\n<\/tr>\n<tr>\n<td>\n<div><strong>Especificaci\u00f3n<\/strong><\/div>\n<\/td>\n<td>\n<div class=\"magic-3\">90%<\/div>\n<\/td>\n<\/tr>\n<tr>\n<td>\n<div><strong>Temperatura efectiva<\/strong><\/div>\n<\/td>\n<td>\n<div class=\"magic-3\">25-50\u00b0C<\/div>\n<\/td>\n<\/tr>\n<tr>\n<td>\n<div><strong>pH y temperatura \u00f3ptimos<\/strong><\/div>\n<\/td>\n<td>\n<div class=\"magic-3\">5.5~6.0\/33\u00b0C<\/div>\n<\/td>\n<\/tr>\n<tr>\n<td>\n<div><strong>Aplicaci\u00f3n<\/strong><\/div>\n<\/td>\n<td>\n<div class=\"magic-3\">Preparados enzim\u00e1ticos<\/div>\n<\/td>\n<\/tr>\n<tr>\n<td>\n<div><strong>Certificado<\/strong><\/div>\n<\/td>\n<td>\n<div class=\"magic-3\">ISO Halal<\/div>\n<\/td>\n<\/tr>\n<tr>\n<td>\n<div><strong>Caducidad<\/strong><\/div>\n<\/td>\n<td>\n<div class=\"magic-3\">2 a\u00f1os almacenado correctamente<\/div>\n<\/td>\n<\/tr>\n<\/tbody>\n<\/table>\n<h2><strong>Introducci\u00f3n<\/strong><\/h2>\n<p><strong>Prote\u00edna de suero<\/strong> es un suplemento proteico muy apreciado, conocido por su capacidad para favorecer la recuperaci\u00f3n muscular y la salud en general. Derivado de la leche durante el proceso de elaboraci\u00f3n del queso, <strong>Prote\u00edna de suero<\/strong> es rico en amino\u00e1cidos esenciales, por lo que es un suplemento ideal para atletas, entusiastas del fitness y cualquier persona que desee aumentar su ingesta de prote\u00ednas. Tanto si tu objetivo es desarrollar m\u00fasculo, recuperarte despu\u00e9s de entrenar o simplemente mantener una dieta equilibrada, <strong>Prote\u00edna de suero<\/strong> ofrece una soluci\u00f3n c\u00f3moda y eficaz.<\/p>\n<h2><strong>\u00bfQu\u00e9 es la prote\u00edna de suero?<\/strong><\/h2>\n<p><strong>Prote\u00edna de suero<\/strong> es una prote\u00edna completa, lo que significa que contiene los nueve amino\u00e1cidos esenciales que el cuerpo necesita pero que no puede producir por s\u00ed mismo. El organismo la absorbe r\u00e1pidamente, lo que la hace especialmente eficaz para la recuperaci\u00f3n despu\u00e9s del entrenamiento. Existen diferentes tipos de <strong>Prote\u00edna de suero<\/strong> concentrado, aislado e hidrolizado, cada uno de los cuales var\u00eda en contenido prote\u00ednico y m\u00e9todos de procesado. <strong>Prote\u00edna de suero<\/strong> tambi\u00e9n es naturalmente baja en grasas y carbohidratos, lo que la convierte en un complemento vers\u00e1til para diversos planes diet\u00e9ticos.<\/p>\n<h2><strong>Beneficios de la prote\u00edna de suero para la salud<\/strong><\/h2>\n<p>El principal beneficio de <strong>Prote\u00edna de suero<\/strong> es su papel en la recuperaci\u00f3n y el crecimiento muscular. Despu\u00e9s del ejercicio, los m\u00fasculos necesitan prote\u00ednas para repararse y reconstruirse. <strong>Prote\u00edna de suero<\/strong> proporciona los bloques de construcci\u00f3n necesarios para facilitar este proceso. Su alto contenido en amino\u00e1cidos de cadena ramificada (BCAA), especialmente leucina, desempe\u00f1a un papel fundamental en la estimulaci\u00f3n de la s\u00edntesis de prote\u00ednas musculares.<\/p>\n<p><img fetchpriority=\"high\" decoding=\"async\" class=\"size-full wp-image-955 aligncenter\" src=\"http:\/\/wankonbiotech.com\/wp-content\/uploads\/2024\/08\/Whey-Protein-Powder-For-Bodybuilding-Manufacturers.jpg\" alt=\"Prote\u00edna de suero en polvo para culturismo Fabricantes\" width=\"794\" height=\"595\" title=\"\" srcset=\"https:\/\/wankonbiotech.com\/wp-content\/uploads\/2024\/08\/Whey-Protein-Powder-For-Bodybuilding-Manufacturers.jpg 794w, https:\/\/wankonbiotech.com\/wp-content\/uploads\/2024\/08\/Whey-Protein-Powder-For-Bodybuilding-Manufacturers-300x225.jpg 300w, https:\/\/wankonbiotech.com\/wp-content\/uploads\/2024\/08\/Whey-Protein-Powder-For-Bodybuilding-Manufacturers-768x576.jpg 768w, https:\/\/wankonbiotech.com\/wp-content\/uploads\/2024\/08\/Whey-Protein-Powder-For-Bodybuilding-Manufacturers-16x12.jpg 16w, https:\/\/wankonbiotech.com\/wp-content\/uploads\/2024\/08\/Whey-Protein-Powder-For-Bodybuilding-Manufacturers-600x450.jpg 600w\" sizes=\"(max-width: 794px) 100vw, 794px\" \/><\/p>\n<p>Adem\u00e1s de sus propiedades para aumentar la masa muscular, <strong>Prote\u00edna de suero<\/strong> contribuye a la salud general ayudando a cubrir las necesidades diarias de prote\u00ednas. Una ingesta adecuada de prote\u00ednas es esencial para mantener la masa muscular, favorecer la salud metab\u00f3lica y promover la saciedad, lo que puede ayudar a controlar el peso. Adem\u00e1s, <strong>Prote\u00edna de suero<\/strong> es beneficioso para la salud inmunitaria, ya que contiene inmunoglobulinas y lactoferrina, que favorecen la respuesta inmunitaria del organismo.<\/p>\n<h2><strong>Aplicaciones de la prote\u00edna de suero<\/strong><\/h2>\n<p><strong>Prote\u00edna de suero<\/strong> se utiliza ampliamente como suplemento diet\u00e9tico y puede incorporarse a diversos alimentos y bebidas:<\/p>\n<ul>\n<li><strong>Batidos post-entrenamiento:<\/strong> Mezclado con agua o leche, <strong>Prote\u00edna de suero<\/strong> es una forma f\u00e1cil y eficaz de potenciar la recuperaci\u00f3n despu\u00e9s del entrenamiento.<\/li>\n<li><strong>Sustituto de comidas:<\/strong> Combinado con otros ingredientes, <strong>Prote\u00edna de suero<\/strong> puede utilizarse en batidos y batidos sustitutivos de comidas para obtener una comida equilibrada y rica en prote\u00ednas.<\/li>\n<li><strong>Hornear:<\/strong> <strong>Prote\u00edna de suero<\/strong> puede a\u00f1adirse a productos horneados, como tortitas y magdalenas, para aumentar su contenido prote\u00ednico sin alterar significativamente el sabor o la textura.<\/li>\n<\/ul>\n<h2><strong>\u00bfPor qu\u00e9 elegir la prote\u00edna de suero?<\/strong><\/h2>\n<p>Elegir <strong>Prote\u00edna de suero<\/strong> garantiza una fuente de prote\u00ednas de alta calidad y biodisponibilidad que favorece la recuperaci\u00f3n muscular y la salud en general. Su versatilidad y facilidad de uso la convierten en un alimento b\u00e1sico en las dietas de atletas, culturistas y personas preocupadas por su salud. Adem\u00e1s, <strong>Prote\u00edna de suero<\/strong> est\u00e1 respaldado por numerosas investigaciones que destacan su eficacia para promover el crecimiento muscular, ayudar a controlar el peso y reforzar la funci\u00f3n inmunitaria.<\/p>\n<p><strong>Calidad y pureza<\/strong><\/p>\n<p>Al seleccionar <strong>Prote\u00edna de suero<\/strong>Por eso es importante elegir un producto puro, sin aditivos innecesarios y procedente de leche de alta calidad. Busque certificaciones como la de no OGM y aseg\u00farese de que el producto se somete a pruebas rigurosas para garantizar su calidad y eficacia.<\/p>","protected":false},"excerpt":{"rendered":"<p>La prote\u00edna de suero es conocido como el rey de la prote\u00edna, extra\u00eddo de la leche de una prote\u00edna con alto valor nutricional, f\u00e1cil de digerir las caracter\u00edsticas de absorci\u00f3n con una variedad de ingredientes activos.es reconocido como uno de los cuerpo humano de los suplementos de prote\u00edna de alta calidad.<\/p>","protected":false},"featured_media":954,"template":"","meta":{"_acf_changed":false},"product_brand":[],"product_cat":[36],"product_tag":[],"class_list":{"0":"post-952","1":"product","2":"type-product","3":"status-publish","4":"has-post-thumbnail","6":"product_cat-nutritional-formula-blend-powder","8":"first","9":"instock","10":"shipping-taxable","11":"product-type-simple"},"acf":[],"_links":{"self":[{"href":"https:\/\/wankonbiotech.com\/es\/wp-json\/wp\/v2\/product\/952","targetHints":{"allow":["GET"]}}],"collection":[{"href":"https:\/\/wankonbiotech.com\/es\/wp-json\/wp\/v2\/product"}],"about":[{"href":"https:\/\/wankonbiotech.com\/es\/wp-json\/wp\/v2\/types\/product"}],"wp:featuredmedia":[{"embeddable":true,"href":"https:\/\/wankonbiotech.com\/es\/wp-json\/wp\/v2\/media\/954"}],"wp:attachment":[{"href":"https:\/\/wankonbiotech.com\/es\/wp-json\/wp\/v2\/media?parent=952"}],"wp:term":[{"taxonomy":"product_brand","embeddable":true,"href":"https:\/\/wankonbiotech.com\/es\/wp-json\/wp\/v2\/product_brand?post=952"},{"taxonomy":"product_cat","embeddable":true,"href":"https:\/\/wankonbiotech.com\/es\/wp-json\/wp\/v2\/product_cat?post=952"},{"taxonomy":"product_tag","embeddable":true,"href":"https:\/\/wankonbiotech.com\/es\/wp-json\/wp\/v2\/product_tag?post=952"}],"curies":[{"name":"wp","href":"https:\/\/api.w.org\/{rel}","templated":true}]}}