{"id":948,"date":"2024-08-21T15:46:24","date_gmt":"2024-08-21T15:46:24","guid":{"rendered":"http:\/\/wankonbiotech.com\/?post_type=product&#038;p=948"},"modified":"2024-08-21T15:53:48","modified_gmt":"2024-08-21T15:53:48","slug":"organic-papain-powder-papain-enzyme-powder","status":"publish","type":"product","link":"https:\/\/wankonbiotech.com\/es\/producto-2\/papaina-organica-en-polvo-papaina-enzima-en-polvo\/","title":{"rendered":"Papa\u00edna Org\u00e1nica en Polvo \/ Enzima Papa\u00edna en Polvo de Calidad Alimentaria"},"content":{"rendered":"<table>\n<tbody>\n<tr style=\"height: 24px;\">\n<td><strong>Nombre del producto<\/strong><\/td>\n<td>Papa\u00edna ecol\u00f3gica en polvo<\/td>\n<td><strong>Nombre latino<\/strong><\/td>\n<td>Quina de flor com\u00fan<\/td>\n<\/tr>\n<tr style=\"height: 24px;\">\n<td><strong>Pieza usada<\/strong><\/td>\n<td>Fruta<\/td>\n<td><strong>Apariencia<\/strong><\/td>\n<td>Blanco Polvo fino<\/td>\n<\/tr>\n<tr style=\"height: 24px;\">\n<td><strong>Especificaci\u00f3n<\/strong><\/td>\n<td colspan=\"3\">Polvo puro<\/td>\n<\/tr>\n<tr style=\"height: 24px;\">\n<td><strong>Almacenamiento<\/strong><\/td>\n<td colspan=\"3\">Conservar en un recipiente bien cerrado, protegido de la humedad y de la luz solar directa.<\/td>\n<\/tr>\n<tr style=\"height: 12px;\">\n<td><strong>Vida \u00fatil<\/strong><\/td>\n<td colspan=\"3\">24 meses si est\u00e1 bien cerrado y almacenado<\/td>\n<\/tr>\n<tr style=\"height: 24px;\">\n<td><strong>M\u00e9todo de esterilizaci\u00f3n<\/strong><\/td>\n<td colspan=\"3\">Alta temperatura, no irradiado.<\/td>\n<\/tr>\n<\/tbody>\n<\/table>\n<h2><strong>Introducci\u00f3n<\/strong><\/h2>\n<p><strong>Enzima papa\u00edna en polvo<\/strong> es el uso de plantas de ingenier\u00eda biol\u00f3gica de papaya extracto de fruta inmadura de los productos biol\u00f3gicos y naturales, que se compone de 212 amino\u00e1cidos, peso molecular de 21000, pertenecen a contener azufre (SH) enzimas de cadena pept\u00eddica, tiene la proteasa y \u00e9ster de la actividad enzim\u00e1tica, y tienen una amplia gama de especificidad, prote\u00edna, polip\u00e9ptido de plantas y animales, \u00e9steres, amidas, etc tienen una fuerte capacidad de soluci\u00f3n de la enzima, sino que tambi\u00e9n tiene la capacidad de s\u00edntesis, el contenido de la hidr\u00f3lisis de prote\u00ednas para sintetizar prote\u00ednas tipo de material, esta capacidad se puede utilizar para mejorar la planta y el valor nutricional de prote\u00ednas animales de la naturaleza o funci\u00f3n.<\/p>\n<p><img fetchpriority=\"high\" decoding=\"async\" class=\"alignnone size-full wp-image-951\" src=\"http:\/\/wankonbiotech.com\/wp-content\/uploads\/2024\/08\/Organic-Papain-Powder.jpg\" alt=\" Un bol de Papa\u00edna Ecol\u00f3gica en Polvo con rodajas de papaya fresca y suplementos digestivos cercanos\" width=\"2000\" height=\"1333\" title=\"\" srcset=\"https:\/\/wankonbiotech.com\/wp-content\/uploads\/2024\/08\/Organic-Papain-Powder.jpg 2000w, https:\/\/wankonbiotech.com\/wp-content\/uploads\/2024\/08\/Organic-Papain-Powder-300x200.jpg 300w, https:\/\/wankonbiotech.com\/wp-content\/uploads\/2024\/08\/Organic-Papain-Powder-1024x682.jpg 1024w, https:\/\/wankonbiotech.com\/wp-content\/uploads\/2024\/08\/Organic-Papain-Powder-768x512.jpg 768w, https:\/\/wankonbiotech.com\/wp-content\/uploads\/2024\/08\/Organic-Papain-Powder-1536x1024.jpg 1536w, https:\/\/wankonbiotech.com\/wp-content\/uploads\/2024\/08\/Organic-Papain-Powder-18x12.jpg 18w, https:\/\/wankonbiotech.com\/wp-content\/uploads\/2024\/08\/Organic-Papain-Powder-600x400.jpg 600w\" sizes=\"(max-width: 2000px) 100vw, 2000px\" \/><\/p>\n<p>La actividad enzim\u00e1tica definici\u00f3n: espectrofotometr\u00eda ultravioleta puntos: al determinar las condiciones (37 + \/-0,2 \u00b0 C; PH 7,0) cada minuto de case\u00edna \u00e1cidos hidrolizado de liberaci\u00f3n de \u00e1cido dicloroisocian\u00farico sustancia soluble en la longitud de onda de 275 nm tienen absorbencia y 1 microgramos de tirosina espectrofotometr\u00eda es bastante, las enzimas necesarias para una vitalidad de esa unidad por u \/ g<\/p>\n<h2><strong>\u00bfQu\u00e9 es la papa\u00edna ecol\u00f3gica en polvo?<\/strong><\/h2>\n<p><strong>Papa\u00edna ecol\u00f3gica en polvo<\/strong> se obtiene del l\u00e1tex del fruto de la papaya (<em>Carica papaya<\/em>). Esta enzima es conocida por sus propiedades proteol\u00edticas, lo que significa que ayuda a descomponer las prote\u00ednas en p\u00e9ptidos y amino\u00e1cidos m\u00e1s peque\u00f1os. Debido a su origen natural y eficacia, <strong>Papa\u00edna<\/strong> se utiliza ampliamente como ayuda digestiva, ablandador de la carne e ingrediente en f\u00f3rmulas para el cuidado de la piel. Cuando se obtiene org\u00e1nicamente, <strong>Papa\u00edna en polvo<\/strong> ofrece la ventaja adicional de no contener pesticidas ni aditivos sint\u00e9ticos, lo que se ajusta a las preferencias de los consumidores ecol\u00f3gicos y de etiqueta limpia.<\/p>\n<h2><strong>Beneficios para la salud de la papa\u00edna org\u00e1nica en polvo<\/strong><\/h2>\n<p>El principal beneficio de <strong>Papa\u00edna ecol\u00f3gica en polvo<\/strong> reside en su capacidad para facilitar la digesti\u00f3n. Al descomponer las prote\u00ednas de manera m\u00e1s eficiente, <strong>Papa\u00edna<\/strong> ayuda a reducir la hinchaz\u00f3n, los gases y la indigesti\u00f3n, por lo que es un excelente remedio natural para las molestias digestivas. Es especialmente beneficioso para las personas con trastornos digestivos o que tienen dificultades para digerir alimentos ricos en prote\u00ednas.<\/p>\n<p>Adem\u00e1s de sus beneficios digestivos, <strong>Papa\u00edna ecol\u00f3gica en polvo<\/strong> tiene propiedades antiinflamatorias. Puede ayudar a reducir la inflamaci\u00f3n y favorecer la cicatrizaci\u00f3n, por lo que resulta \u00fatil tanto en suplementos diet\u00e9ticos como en aplicaciones t\u00f3picas. Por ejemplo, se suele utilizar en productos para el cuidado de la piel con el fin de exfoliarla suavemente, eliminar las c\u00e9lulas muertas y mejorar su aspecto.<\/p>\n<h2><strong>Aplicaciones de la papa\u00edna org\u00e1nica en polvo<\/strong><\/h2>\n<p><strong>Papa\u00edna ecol\u00f3gica en polvo<\/strong> es muy vers\u00e1til y puede utilizarse en diversas industrias:<\/p>\n<ul>\n<li><strong>Industria alimentaria:<\/strong> Utilizado como ablandador natural de la carne, mejora su textura y tambi\u00e9n se emplea en suplementos prote\u00ednicos para facilitar la digesti\u00f3n.<\/li>\n<li><strong>Sanidad:<\/strong> Com\u00fanmente utilizado en suplementos digestivos, <strong>Papa\u00edna<\/strong> favorece la salud digestiva general y la asimilaci\u00f3n de las prote\u00ednas.<\/li>\n<li><strong>Cosm\u00e9ticos:<\/strong> Se encuentra en exfoliantes, mascarillas y otros productos para el cuidado de la piel, <strong>Papa\u00edna<\/strong> favorece la renovaci\u00f3n y la claridad de la piel.<\/li>\n<\/ul>\n<h2><strong>\u00bfPor qu\u00e9 elegir papa\u00edna org\u00e1nica en polvo?<\/strong><\/h2>\n<p>Elegir <strong>Papa\u00edna ecol\u00f3gica en polvo<\/strong> le garantiza que est\u00e1 obteniendo una enzima natural de alta calidad, libre de productos qu\u00edmicos nocivos. Procedente de papayas de cultivo ecol\u00f3gico, esta enzima en polvo es ideal para consumidores y fabricantes preocupados por la salud, la sostenibilidad y los ingredientes de etiquetado limpio. Su amplia gama de aplicaciones y beneficios la convierten en un valioso complemento tanto para su r\u00e9gimen de salud como para las f\u00f3rmulas de sus productos.<\/p>","protected":false},"excerpt":{"rendered":"<p><strong>Papa\u00edna ecol\u00f3gica en polvo<\/strong> se obtiene del l\u00e1tex del fruto de la papaya (<em>Carica papaya<\/em>). Esta enzima es conocida por sus propiedades proteol\u00edticas, lo que significa que ayuda a descomponer las prote\u00ednas en p\u00e9ptidos y amino\u00e1cidos m\u00e1s peque\u00f1os. Debido a su origen natural y eficacia, <strong>Papa\u00edna<\/strong> se utiliza ampliamente como ayuda digestiva, ablandador de la carne e ingrediente en f\u00f3rmulas para el cuidado de la piel. Cuando se obtiene org\u00e1nicamente, <strong>Papa\u00edna en polvo<\/strong> ofrece la ventaja adicional de no contener pesticidas ni aditivos sint\u00e9ticos, lo que se ajusta a las preferencias de los consumidores ecol\u00f3gicos y de etiqueta limpia.<\/p>","protected":false},"featured_media":949,"template":"","meta":{"_acf_changed":false},"product_brand":[],"product_cat":[38],"product_tag":[],"class_list":{"0":"post-948","1":"product","2":"type-product","3":"status-publish","4":"has-post-thumbnail","6":"product_cat-organic-juice-concentrate","8":"first","9":"instock","10":"shipping-taxable","11":"product-type-simple"},"acf":[],"_links":{"self":[{"href":"https:\/\/wankonbiotech.com\/es\/wp-json\/wp\/v2\/product\/948","targetHints":{"allow":["GET"]}}],"collection":[{"href":"https:\/\/wankonbiotech.com\/es\/wp-json\/wp\/v2\/product"}],"about":[{"href":"https:\/\/wankonbiotech.com\/es\/wp-json\/wp\/v2\/types\/product"}],"wp:featuredmedia":[{"embeddable":true,"href":"https:\/\/wankonbiotech.com\/es\/wp-json\/wp\/v2\/media\/949"}],"wp:attachment":[{"href":"https:\/\/wankonbiotech.com\/es\/wp-json\/wp\/v2\/media?parent=948"}],"wp:term":[{"taxonomy":"product_brand","embeddable":true,"href":"https:\/\/wankonbiotech.com\/es\/wp-json\/wp\/v2\/product_brand?post=948"},{"taxonomy":"product_cat","embeddable":true,"href":"https:\/\/wankonbiotech.com\/es\/wp-json\/wp\/v2\/product_cat?post=948"},{"taxonomy":"product_tag","embeddable":true,"href":"https:\/\/wankonbiotech.com\/es\/wp-json\/wp\/v2\/product_tag?post=948"}],"curies":[{"name":"wp","href":"https:\/\/api.w.org\/{rel}","templated":true}]}}