{"id":943,"date":"2024-08-20T14:54:19","date_gmt":"2024-08-20T14:54:19","guid":{"rendered":"http:\/\/wankonbiotech.com\/?post_type=product&#038;p=943"},"modified":"2024-11-07T05:27:12","modified_gmt":"2024-11-07T05:27:12","slug":"cepharanthine-powder","status":"publish","type":"product","link":"https:\/\/wankonbiotech.com\/es\/producto-2\/cefarantina-en-polvo-2\/","title":{"rendered":"Extracto natural de Stephania Japonica 98% Cepharanthine Polvo"},"content":{"rendered":"<table>\n<tbody>\n<tr>\n<td><strong>Nombre del producto<\/strong><\/td>\n<td>Cepharanthin Polvo<\/td>\n<td><strong>Nombre latino<\/strong><\/td>\n<td>Extracto de Stephania Japonica<\/td>\n<\/tr>\n<tr>\n<td><strong>Pieza usada<\/strong><\/td>\n<td>Ra\u00edz<\/td>\n<td><strong>Apariencia<\/strong><\/td>\n<td>Polvo blanco<\/td>\n<\/tr>\n<tr>\n<td><strong>Almacenamiento<\/strong><\/td>\n<td colspan=\"3\">Conservar en un recipiente bien cerrado, protegido de la humedad y de la luz solar directa<\/td>\n<\/tr>\n<tr>\n<td><strong>Vida \u00fatil<\/strong><\/td>\n<td colspan=\"3\">24 meses si est\u00e1 bien cerrado y almacenado<\/td>\n<\/tr>\n<tr>\n<td><strong>MOQ<\/strong><\/td>\n<td colspan=\"3\">10g.<\/td>\n<\/tr>\n<\/tbody>\n<\/table>\n<h2><strong>Introducci\u00f3n<\/strong><\/h2>\n<p><strong>Cepharanthine Polvo<\/strong>\u00a0 se extrae de las ra\u00edces de una planta end\u00e9mica de la provincia de Yunnan, Stephania japonica (Thunb.) Miers. La cefaranthina puede aumentar el n\u00famero de leucocitos de la sangre perif\u00e9rica y promover la hiperplasia del tejido de la m\u00e9dula \u00f3sea, utiliz\u00e1ndose principalmente para curar la disminuci\u00f3n y falta de leucocitos causada por la quimioterapia contra el c\u00e1ncer y otros factores. Actualmente se utiliza en el tratamiento de la p\u00farpura trombocitop\u00e9nica. Es conveniente dosificarlo para la inhibici\u00f3n de la fibrosis pulmonar sin reacciones adversas significativas.<\/p>\n<p><img fetchpriority=\"high\" decoding=\"async\" class=\"alignnone wp-image-945 size-full\" src=\"http:\/\/wankonbiotech.com\/wp-content\/uploads\/2024\/08\/Stephania-Japonica-Extract.webp\" alt=\"Extracto de Stephania Japonica\" width=\"1024\" height=\"768\" title=\"\" srcset=\"https:\/\/wankonbiotech.com\/wp-content\/uploads\/2024\/08\/Stephania-Japonica-Extract.webp 1024w, https:\/\/wankonbiotech.com\/wp-content\/uploads\/2024\/08\/Stephania-Japonica-Extract-300x225.webp 300w, https:\/\/wankonbiotech.com\/wp-content\/uploads\/2024\/08\/Stephania-Japonica-Extract-768x576.webp 768w, https:\/\/wankonbiotech.com\/wp-content\/uploads\/2024\/08\/Stephania-Japonica-Extract-16x12.webp 16w, https:\/\/wankonbiotech.com\/wp-content\/uploads\/2024\/08\/Stephania-Japonica-Extract-600x450.webp 600w\" sizes=\"(max-width: 1024px) 100vw, 1024px\" \/><\/p>\n<h2><strong>\u00bfQu\u00e9 es la cefaranthina en polvo?<\/strong><\/h2>\n<p><strong>Cepharanthine Polvo<\/strong> se extrae del <em>Stephania cepharantha<\/em> originaria de Asia. Este compuesto de origen vegetal es un alcaloide conocido por sus propiedades farmacol\u00f3gicas, entre ellas sus efectos antiinflamatorios, antioxidantes e inmunomoduladores. <strong>Cefarantina<\/strong> act\u00faa modulando la respuesta inmunitaria y reduciendo la inflamaci\u00f3n, por lo que resulta valioso tanto en la medicina tradicional como en la moderna.<img decoding=\"async\" class=\"alignnone wp-image-946 size-full\" src=\"http:\/\/wankonbiotech.com\/wp-content\/uploads\/2024\/08\/Stephania-Japonica-Extract1.webp\" alt=\"Cepharanthine Polvo\" width=\"1618\" height=\"1080\" title=\"\" srcset=\"https:\/\/wankonbiotech.com\/wp-content\/uploads\/2024\/08\/Stephania-Japonica-Extract1.webp 1618w, https:\/\/wankonbiotech.com\/wp-content\/uploads\/2024\/08\/Stephania-Japonica-Extract1-300x200.webp 300w, https:\/\/wankonbiotech.com\/wp-content\/uploads\/2024\/08\/Stephania-Japonica-Extract1-1024x684.webp 1024w, https:\/\/wankonbiotech.com\/wp-content\/uploads\/2024\/08\/Stephania-Japonica-Extract1-768x513.webp 768w, https:\/\/wankonbiotech.com\/wp-content\/uploads\/2024\/08\/Stephania-Japonica-Extract1-1536x1025.webp 1536w, https:\/\/wankonbiotech.com\/wp-content\/uploads\/2024\/08\/Stephania-Japonica-Extract1-18x12.webp 18w, https:\/\/wankonbiotech.com\/wp-content\/uploads\/2024\/08\/Stephania-Japonica-Extract1-600x400.webp 600w\" sizes=\"(max-width: 1618px) 100vw, 1618px\" \/><\/p>\n<h2><strong>Beneficios de la cefaranthina en polvo para la salud<\/strong><\/h2>\n<p><strong>Cepharanthine Polvo<\/strong> es muy apreciado por su capacidad para reforzar la funci\u00f3n inmunitaria. Refuerza las defensas naturales del organismo modulando el sistema inmunitario, ayud\u00e1ndole a responder m\u00e1s eficazmente a los agentes pat\u00f3genos. Esto lo hace especialmente \u00fatil para quienes desean reforzar su salud inmunitaria, sobre todo en \u00e9pocas de estr\u00e9s o enfermedad.<\/p>\n<p>Adem\u00e1s de sus propiedades inmunoestimulantes, <strong>Cepharanthine Polvo<\/strong> es conocido por sus efectos antiinflamatorios. Ayuda a reducir la inflamaci\u00f3n inhibiendo la producci\u00f3n de citoquinas inflamatorias, que intervienen en la inflamaci\u00f3n cr\u00f3nica y en diversas afecciones de salud. Esta acci\u00f3n antiinflamatoria hace que <strong>Cepharanthine Polvo<\/strong> beneficioso para las personas que padecen trastornos inflamatorios o que desean prevenir la inflamaci\u00f3n cr\u00f3nica.<\/p>\n<h2><strong>Aplicaciones de la cefaranthina en polvo<\/strong><\/h2>\n<p><strong>Cepharanthine Polvo<\/strong> es vers\u00e1til en sus aplicaciones. Puede utilizarse como suplemento diet\u00e9tico para reforzar la salud inmunitaria y reducir la inflamaci\u00f3n. Adem\u00e1s, se est\u00e1n estudiando sus posibles beneficios en el tratamiento de diversas afecciones, como trastornos autoinmunitarios, c\u00e1ncer e infecciones v\u00edricas. Su capacidad para mejorar la salud celular y proteger contra el estr\u00e9s oxidativo tambi\u00e9n lo convierte en un valioso complemento de los reg\u00edmenes antienvejecimiento.<\/p>\n<h2><strong>\u00bfPor qu\u00e9 elegir Cepharanthine en polvo?<\/strong><\/h2>\n<p>Elegir <strong>Cepharanthine Polvo<\/strong> ofrece una forma natural y eficaz de apoyar su salud. A diferencia de los medicamentos sint\u00e9ticos, <strong>Cefarantina<\/strong> procede de una fuente natural y se utiliza tradicionalmente desde hace siglos. Su amplio espectro de beneficios, desde el apoyo inmunitario hasta los efectos antiinflamatorios, lo convierten en un valioso suplemento para el bienestar general.<\/p>\n<h2><strong>Calidad y pureza<\/strong><\/h2>\n<p>Al seleccionar <strong>Cepharanthine Polvo<\/strong>es importante elegir un producto puro y sin contaminantes. Alta calidad <strong>Cefarantina<\/strong> se fabrican bajo estrictas normas de control de calidad, lo que garantiza que aportan los beneficios deseados para la salud sin ning\u00fan aditivo nocivo.<\/p>","protected":false},"excerpt":{"rendered":"<p><strong>Cefarantina<\/strong> El polvo se extrae de las ra\u00edces de la planta end\u00e9mica de la provincia de Yunnan, Stephania japonica (Thunb.) Miers. Cepharanthine puede aumentar el n\u00famero de leucocitos de sangre perif\u00e9rica y promover la hiperplasia del tejido de la m\u00e9dula \u00f3sea, siendo utilizado principalmente para curar la disminuci\u00f3n de leucocitos y la falta causada por la quimioterapia del c\u00e1ncer y otros factores.<\/p>","protected":false},"featured_media":944,"template":"","meta":{"_acf_changed":false},"product_brand":[],"product_cat":[40],"product_tag":[],"class_list":{"0":"post-943","1":"product","2":"type-product","3":"status-publish","4":"has-post-thumbnail","6":"product_cat-organic-plant-extract","8":"first","9":"instock","10":"shipping-taxable","11":"product-type-simple"},"acf":[],"_links":{"self":[{"href":"https:\/\/wankonbiotech.com\/es\/wp-json\/wp\/v2\/product\/943","targetHints":{"allow":["GET"]}}],"collection":[{"href":"https:\/\/wankonbiotech.com\/es\/wp-json\/wp\/v2\/product"}],"about":[{"href":"https:\/\/wankonbiotech.com\/es\/wp-json\/wp\/v2\/types\/product"}],"wp:featuredmedia":[{"embeddable":true,"href":"https:\/\/wankonbiotech.com\/es\/wp-json\/wp\/v2\/media\/944"}],"wp:attachment":[{"href":"https:\/\/wankonbiotech.com\/es\/wp-json\/wp\/v2\/media?parent=943"}],"wp:term":[{"taxonomy":"product_brand","embeddable":true,"href":"https:\/\/wankonbiotech.com\/es\/wp-json\/wp\/v2\/product_brand?post=943"},{"taxonomy":"product_cat","embeddable":true,"href":"https:\/\/wankonbiotech.com\/es\/wp-json\/wp\/v2\/product_cat?post=943"},{"taxonomy":"product_tag","embeddable":true,"href":"https:\/\/wankonbiotech.com\/es\/wp-json\/wp\/v2\/product_tag?post=943"}],"curies":[{"name":"wp","href":"https:\/\/api.w.org\/{rel}","templated":true}]}}