{"id":933,"date":"2024-08-19T15:53:40","date_gmt":"2024-08-19T15:53:40","guid":{"rendered":"http:\/\/wankonbiotech.com\/?post_type=product&#038;p=933"},"modified":"2024-08-19T16:11:59","modified_gmt":"2024-08-19T16:11:59","slug":"d-mannose","status":"publish","type":"product","link":"https:\/\/wankonbiotech.com\/es\/producto-2\/d-manosa-2\/","title":{"rendered":"Edulcorante alimentario D-manosa D-manosa en polvo"},"content":{"rendered":"<table>\n<tbody>\n<tr>\n<td><strong>Art\u00edculo<\/strong><\/td>\n<td>Especificaciones<\/td>\n<\/tr>\n<tr>\n<td><strong>Nombre del producto<\/strong><\/td>\n<td>D-Manosa<\/td>\n<\/tr>\n<tr>\n<td><strong>Ensayo<\/strong><\/td>\n<td>99%<\/td>\n<\/tr>\n<tr>\n<td><strong>Apariencia<\/strong><\/td>\n<td>Polvo de cristal blanco<\/td>\n<\/tr>\n<tr>\n<td><strong>Cas No.<\/strong><\/td>\n<td>3458-28-4<\/td>\n<\/tr>\n<tr>\n<td><strong>F\u00f3rmula molecular<\/strong><\/td>\n<td>C6H12O6<\/td>\n<\/tr>\n<tr>\n<td><strong>Peso molecular<\/strong><\/td>\n<td>180.16<\/td>\n<\/tr>\n<\/tbody>\n<\/table>\n<h2><strong>Introducci\u00f3n<\/strong><\/h2>\n<p><strong>D-Manosa<\/strong> es un suplemento natural que ha ganado reconocimiento por su eficacia en el apoyo a la salud del tracto urinario. Este az\u00facar simple, que se encuentra en diversas frutas y verduras, es conocido por su capacidad \u00fanica para ayudar a prevenir las infecciones del tracto urinario (ITU) sin necesidad de antibi\u00f3ticos. Seguro, natural y bien tolerado, <strong>D-Manosa<\/strong> se est\u00e1 convirtiendo en una opci\u00f3n popular para quienes desean mantener su salud urinaria de forma natural.<\/p>\n<p><img fetchpriority=\"high\" decoding=\"async\" class=\"alignnone size-full wp-image-937\" src=\"http:\/\/wankonbiotech.com\/wp-content\/uploads\/2024\/08\/D-Mannose-1.png\" alt=\"D-Manosa\" width=\"1350\" height=\"650\" title=\"\" srcset=\"https:\/\/wankonbiotech.com\/wp-content\/uploads\/2024\/08\/D-Mannose-1.png 1350w, https:\/\/wankonbiotech.com\/wp-content\/uploads\/2024\/08\/D-Mannose-1-300x144.png 300w, https:\/\/wankonbiotech.com\/wp-content\/uploads\/2024\/08\/D-Mannose-1-1024x493.png 1024w, https:\/\/wankonbiotech.com\/wp-content\/uploads\/2024\/08\/D-Mannose-1-768x370.png 768w, https:\/\/wankonbiotech.com\/wp-content\/uploads\/2024\/08\/D-Mannose-1-18x9.png 18w, https:\/\/wankonbiotech.com\/wp-content\/uploads\/2024\/08\/D-Mannose-1-600x289.png 600w\" sizes=\"(max-width: 1350px) 100vw, 1350px\" \/><\/p>\n<h2><strong>\u00bfQu\u00e9 es la D-manosa?<\/strong><\/h2>\n<p><strong>D-Manosa<\/strong> es un tipo de az\u00facar estrechamente relacionado con la glucosa, pero que el organismo metaboliza de forma diferente. A diferencia de la glucosa, que se utiliza como fuente de energ\u00eda, <strong>D-Manosa<\/strong> atraviesa el tracto urinario casi sin cambios. Esta propiedad \u00fanica le permite adherirse a las bacterias, en particular E. coli, que suelen ser las responsables de las infecciones urinarias. Al unirse a estas bacterias, <strong>D-Manosa<\/strong> ayuda a expulsarlas de las v\u00edas urinarias, evitando que se adhieran a las paredes de la vejiga y provoquen infecciones.<\/p>\n<h2><strong>Beneficios de la D-Manosa para la salud<\/strong><\/h2>\n<p>El principal beneficio de <strong>D-Manosa<\/strong> es su capacidad para contribuir a la salud del tracto urinario mediante la prevenci\u00f3n y el tratamiento de las infecciones urinarias. Es especialmente eficaz contra las infecciones recurrentes, ofreciendo una alternativa natural a los antibi\u00f3ticos. <strong>D-Manosa<\/strong> act\u00faa impidiendo que las bacterias nocivas se adhieran a las paredes del tracto urinario, reduciendo la probabilidad de infecci\u00f3n.<\/p>\n<p>A diferencia de los antibi\u00f3ticos, que pueden alterar el equilibrio de las bacterias sanas del organismo, <strong>D-Manosa<\/strong> se dirige selectivamente a las bacterias nocivas, ayudando a mantener un microbioma sano. Esto lo convierte en una opci\u00f3n segura para el uso a largo plazo, sin riesgo de resistencia a los antibi\u00f3ticos.<\/p>\n<h2><strong>C\u00f3mo utilizar la D-manosa<\/strong><\/h2>\n<p><strong>D-Manosa<\/strong> est\u00e1 disponible en varias formas, incluidos polvos y c\u00e1psulas, lo que facilita su incorporaci\u00f3n a la rutina diaria. Para uso preventivo, puede tomarse una vez al d\u00eda, mientras que pueden recomendarse dosis m\u00e1s altas al inicio de los s\u00edntomas de la ITU. Lo mejor es tomarlo con agua para garantizar que llegue eficazmente a las v\u00edas urinarias.<\/p>\n<h2><strong>\u00bfPor qu\u00e9 elegir D-Manosa?<\/strong><\/h2>\n<p>Elegir <strong>D-Manosa<\/strong> ofrece una serie de beneficios. Es un suplemento natural y no t\u00f3xico que puede ser utilizado con seguridad por la mayor\u00eda de las personas, incluidos ni\u00f1os y ancianos. Proporciona una forma eficaz de controlar y prevenir las infecciones urinarias sin los efectos secundarios asociados a los antibi\u00f3ticos. Adem\u00e1s, <strong>D-Manosa<\/strong> es suave con el sistema digestivo y no interfiere en los niveles de az\u00facar en sangre, por lo que es adecuado para personas diab\u00e9ticas.<\/p>\n<h2><strong>Calidad y seguridad<\/strong><\/h2>\n<p>Al seleccionar <strong>D-Manosa<\/strong>Por ello, es importante elegir un producto puro y sin aditivos innecesarios. Busque suplementos de alta calidad procedentes de fuentes no modificadas gen\u00e9ticamente y fabricados en instalaciones que cumplan estrictas normas de calidad. Garantizar la pureza y calidad del suplemento es clave para conseguir los mejores resultados para la salud urinaria.<\/p>","protected":false},"excerpt":{"rendered":"<p><strong>D-Manosa<\/strong> es un suplemento natural que ha ganado reconocimiento por su eficacia en el apoyo a la salud del tracto urinario.<\/p>","protected":false},"featured_media":936,"template":"","meta":{"_acf_changed":false},"product_brand":[],"product_cat":[31],"product_tag":[],"class_list":{"0":"post-933","1":"product","2":"type-product","3":"status-publish","4":"has-post-thumbnail","6":"product_cat-spices-and-seasonings","8":"first","9":"instock","10":"shipping-taxable","11":"product-type-simple"},"acf":[],"_links":{"self":[{"href":"https:\/\/wankonbiotech.com\/es\/wp-json\/wp\/v2\/product\/933","targetHints":{"allow":["GET"]}}],"collection":[{"href":"https:\/\/wankonbiotech.com\/es\/wp-json\/wp\/v2\/product"}],"about":[{"href":"https:\/\/wankonbiotech.com\/es\/wp-json\/wp\/v2\/types\/product"}],"wp:featuredmedia":[{"embeddable":true,"href":"https:\/\/wankonbiotech.com\/es\/wp-json\/wp\/v2\/media\/936"}],"wp:attachment":[{"href":"https:\/\/wankonbiotech.com\/es\/wp-json\/wp\/v2\/media?parent=933"}],"wp:term":[{"taxonomy":"product_brand","embeddable":true,"href":"https:\/\/wankonbiotech.com\/es\/wp-json\/wp\/v2\/product_brand?post=933"},{"taxonomy":"product_cat","embeddable":true,"href":"https:\/\/wankonbiotech.com\/es\/wp-json\/wp\/v2\/product_cat?post=933"},{"taxonomy":"product_tag","embeddable":true,"href":"https:\/\/wankonbiotech.com\/es\/wp-json\/wp\/v2\/product_tag?post=933"}],"curies":[{"name":"wp","href":"https:\/\/api.w.org\/{rel}","templated":true}]}}