{"id":919,"date":"2024-08-17T04:28:39","date_gmt":"2024-08-17T04:28:39","guid":{"rendered":"http:\/\/wankonbiotech.com\/?post_type=product&#038;p=919"},"modified":"2024-08-17T04:33:22","modified_gmt":"2024-08-17T04:33:22","slug":"magnesium-lactate","status":"publish","type":"product","link":"https:\/\/wankonbiotech.com\/es\/producto-2\/lactato-de-magnesio\/","title":{"rendered":"Aditivos alimentarios naturales puros Lactato de magnesio"},"content":{"rendered":"<table>\n<tbody>\n<tr>\n<td><strong>Nombre del producto<\/strong><\/td>\n<td>Lactato de magnesio<\/td>\n<\/tr>\n<tr>\n<td><strong>Apariencia<\/strong><\/td>\n<td>Polvo blanco<\/td>\n<\/tr>\n<tr>\n<td><strong>Especificaciones<\/strong><\/td>\n<td>99%<\/td>\n<\/tr>\n<tr>\n<td><strong>N\u00ba CAS<\/strong><\/td>\n<td>18917-93-6<\/td>\n<\/tr>\n<tr>\n<td><strong>Grado<\/strong><\/td>\n<td>Grado alimentario<\/td>\n<\/tr>\n<tr>\n<td><strong>Certificado<\/strong><\/td>\n<td>ISO\/HALAL\/KOSHER<\/td>\n<\/tr>\n<tr>\n<td><strong>COA\/MSDS\/TDS<\/strong><\/td>\n<td>Disponible<\/td>\n<\/tr>\n<tr>\n<td><strong>Muestra<\/strong><\/td>\n<td>Libre oferta<\/td>\n<\/tr>\n<tr>\n<td><strong>MOQ<\/strong><\/td>\n<td>Cualquier cantidad de pedido es bienvenida<\/td>\n<\/tr>\n<tr>\n<td><strong>Almacenamiento<\/strong><\/td>\n<td>Conservar en lugar fresco y seco. Mantener alejado de la luz fuerte y el calor.<\/td>\n<\/tr>\n<tr>\n<td><strong>Embalaje<\/strong><\/td>\n<td>1kg\/Saco de pl\u00e1stico, 25kgs\/Tambor (Dos sacos de pl\u00e1stico dentro con tambores de papel), O seg\u00fan los requisitos del cliente).<\/td>\n<\/tr>\n<tr>\n<td><strong>Vida \u00fatil<\/strong><\/td>\n<td>2 a\u00f1os en buenas condiciones de almacenamiento.<\/td>\n<\/tr>\n<\/tbody>\n<\/table>\n<h2><span style=\"color: #000000;\">Introducci\u00f3n <\/span><\/h2>\n<p>En el \u00e1mbito de los aditivos alimentarios y los complementos diet\u00e9ticos, el lactato de magnesio se ha ganado el reconocimiento como fuente eficaz y natural de magnesio. El magnesio es un mineral esencial que desempe\u00f1a un papel vital en numerosas funciones corporales, como la funci\u00f3n muscular y nerviosa, la producci\u00f3n de energ\u00eda y la salud \u00f3sea. Sin embargo, muchas personas carecen de magnesio suficiente en su dieta. El lactato de magnesio proporciona una forma biodisponible de este mineral esencial, lo que lo convierte en una opci\u00f3n ideal tanto para los fabricantes de alimentos como para los consumidores preocupados por su salud. Este art\u00edculo examina las ventajas, aplicaciones y razones de la creciente popularidad y confianza en el lactato de magnesio como aditivo clave en las industrias alimentaria y de suplementos.<\/p>\n<p><img fetchpriority=\"high\" decoding=\"async\" class=\"alignnone wp-image-923 size-full\" src=\"http:\/\/wankonbiotech.com\/wp-content\/uploads\/2024\/08\/Magnesium-Lactate-powder.jpeg\" alt=\"Lactato de magnesio en polvo\" width=\"1800\" height=\"1269\" title=\"\" srcset=\"https:\/\/wankonbiotech.com\/wp-content\/uploads\/2024\/08\/Magnesium-Lactate-powder.jpeg 1800w, https:\/\/wankonbiotech.com\/wp-content\/uploads\/2024\/08\/Magnesium-Lactate-powder-300x212.jpeg 300w, https:\/\/wankonbiotech.com\/wp-content\/uploads\/2024\/08\/Magnesium-Lactate-powder-1024x722.jpeg 1024w, https:\/\/wankonbiotech.com\/wp-content\/uploads\/2024\/08\/Magnesium-Lactate-powder-768x541.jpeg 768w, https:\/\/wankonbiotech.com\/wp-content\/uploads\/2024\/08\/Magnesium-Lactate-powder-1536x1083.jpeg 1536w, https:\/\/wankonbiotech.com\/wp-content\/uploads\/2024\/08\/Magnesium-Lactate-powder-18x12.jpeg 18w, https:\/\/wankonbiotech.com\/wp-content\/uploads\/2024\/08\/Magnesium-Lactate-powder-600x423.jpeg 600w\" sizes=\"(max-width: 1800px) 100vw, 1800px\" \/><\/p>\n<p>&nbsp;<\/p>\n<h2><span style=\"color: #000000;\">\u00bfQu\u00e9 es el lactato de magnesio? <\/span><\/h2>\n<p>El lactato de magnesio es un compuesto formado por la reacci\u00f3n del magnesio con el \u00e1cido l\u00e1ctico. Se utiliza frecuentemente como suplemento diet\u00e9tico y aditivo alimentario para proporcionar una forma de magnesio f\u00e1cilmente absorbible. A diferencia de otras formas de suplementos de magnesio que pueden causar molestias digestivas, el lactato de magnesio es suave en el est\u00f3mago y tiene una alta biodisponibilidad, lo que significa que es efectivamente absorbido y utilizado por el cuerpo. Esto hace que sea una opci\u00f3n \u00f3ptima para aquellos que buscan aumentar su ingesta de magnesio de una manera natural y eficiente.<\/p>\n<p>&nbsp;<\/p>","protected":false},"excerpt":{"rendered":"<p>En el \u00e1mbito de los aditivos alimentarios y los complementos diet\u00e9ticos, el lactato de magnesio se ha ganado el reconocimiento como fuente eficaz y natural de magnesio. El magnesio es un mineral esencial que desempe\u00f1a un papel vital en numerosas funciones corporales, como la funci\u00f3n muscular y nerviosa, la producci\u00f3n de energ\u00eda y la salud \u00f3sea.<\/p>","protected":false},"featured_media":920,"template":"","meta":{"_acf_changed":false},"product_brand":[],"product_cat":[31],"product_tag":[],"class_list":{"0":"post-919","1":"product","2":"type-product","3":"status-publish","4":"has-post-thumbnail","6":"product_cat-spices-and-seasonings","8":"first","9":"instock","10":"shipping-taxable","11":"product-type-simple"},"acf":[],"_links":{"self":[{"href":"https:\/\/wankonbiotech.com\/es\/wp-json\/wp\/v2\/product\/919","targetHints":{"allow":["GET"]}}],"collection":[{"href":"https:\/\/wankonbiotech.com\/es\/wp-json\/wp\/v2\/product"}],"about":[{"href":"https:\/\/wankonbiotech.com\/es\/wp-json\/wp\/v2\/types\/product"}],"wp:featuredmedia":[{"embeddable":true,"href":"https:\/\/wankonbiotech.com\/es\/wp-json\/wp\/v2\/media\/920"}],"wp:attachment":[{"href":"https:\/\/wankonbiotech.com\/es\/wp-json\/wp\/v2\/media?parent=919"}],"wp:term":[{"taxonomy":"product_brand","embeddable":true,"href":"https:\/\/wankonbiotech.com\/es\/wp-json\/wp\/v2\/product_brand?post=919"},{"taxonomy":"product_cat","embeddable":true,"href":"https:\/\/wankonbiotech.com\/es\/wp-json\/wp\/v2\/product_cat?post=919"},{"taxonomy":"product_tag","embeddable":true,"href":"https:\/\/wankonbiotech.com\/es\/wp-json\/wp\/v2\/product_tag?post=919"}],"curies":[{"name":"wp","href":"https:\/\/api.w.org\/{rel}","templated":true}]}}