{"id":878,"date":"2024-08-16T16:04:47","date_gmt":"2024-08-16T16:04:47","guid":{"rendered":"http:\/\/wankonbiotech.com\/?post_type=product&#038;p=878"},"modified":"2024-08-16T16:05:43","modified_gmt":"2024-08-16T16:05:43","slug":"abalone-collagen-peptide-raw-materials","status":"publish","type":"product","link":"https:\/\/wankonbiotech.com\/es\/producto-2\/materias-primas-del-peptido-de-colageno-de-abalon-2\/","title":{"rendered":"Materias primas del p\u00e9ptido de col\u00e1geno de abal\u00f3n"},"content":{"rendered":"<table>\n<tbody>\n<tr>\n<td><strong>Nombre del producto<\/strong><\/td>\n<td>P\u00e9ptidos de col\u00e1geno de abal\u00f3n<\/td>\n<\/tr>\n<tr>\n<td><strong>Fuente<\/strong><\/td>\n<td>Abul\u00f3n natural<\/td>\n<\/tr>\n<tr>\n<td><strong>Pieza utilizada<\/strong><\/td>\n<td>Cuerpo<\/td>\n<\/tr>\n<tr>\n<td><strong>Principios activos<\/strong><\/td>\n<td>Abal\u00f3n, polip\u00e9ptido de abal\u00f3n, polisac\u00e1rido de abal\u00f3n, prote\u00ednas, vitaminas y amino\u00e1cidos<\/td>\n<\/tr>\n<\/tbody>\n<\/table>\n<h2><strong>Introducci\u00f3n<\/strong><\/h2>\n<p><strong>P\u00e9ptido de col\u00e1geno de abal\u00f3n\u00a0<\/strong>es un tipo de p\u00e9ptido de col\u00e1geno derivado del abal\u00f3n, un tipo de caracol marino muy apreciado por sus usos culinarios y medicinales. Los p\u00e9ptidos de col\u00e1geno son cadenas cortas de amino\u00e1cidos derivados del col\u00e1geno, la principal prote\u00edna de la piel, los huesos y los tejidos conjuntivos de los animales, incluidos los humanos.<\/p>\n<p><img fetchpriority=\"high\" decoding=\"async\" class=\"alignnone size-full wp-image-880\" src=\"http:\/\/wankonbiotech.com\/wp-content\/uploads\/2024\/08\/Abalone.webp\" alt=\"P\u00e9ptido de col\u00e1geno de abal\u00f3n en polvo\" width=\"1200\" height=\"600\" title=\"\" srcset=\"https:\/\/wankonbiotech.com\/wp-content\/uploads\/2024\/08\/Abalone.webp 1200w, https:\/\/wankonbiotech.com\/wp-content\/uploads\/2024\/08\/Abalone-300x150.webp 300w, https:\/\/wankonbiotech.com\/wp-content\/uploads\/2024\/08\/Abalone-1024x512.webp 1024w, https:\/\/wankonbiotech.com\/wp-content\/uploads\/2024\/08\/Abalone-768x384.webp 768w, https:\/\/wankonbiotech.com\/wp-content\/uploads\/2024\/08\/Abalone-600x300.webp 600w\" sizes=\"(max-width: 1200px) 100vw, 1200px\" \/><\/p>\n<p>Este p\u00e9ptido es rico en amino\u00e1cidos, especialmente glicina, prolina e hidroxiprolina, que son esenciales para mantener la salud y la estructura de la piel, el cabello, las u\u00f1as y las articulaciones. Se le atribuyen varios beneficios, entre ellos favorecer la elasticidad de la piel, reducir la aparici\u00f3n de arrugas, fortalecer el cabello y las u\u00f1as y favorecer la salud de las articulaciones.<\/p>\n<p>El p\u00e9ptido de col\u00e1geno suele estar hidrolizado, lo que significa que se ha descompuesto en p\u00e9ptidos m\u00e1s peque\u00f1os, lo que facilita su absorci\u00f3n y utilizaci\u00f3n por el organismo. Se suele utilizar como ingrediente en productos de belleza y para el cuidado de la piel, as\u00ed como en suplementos diet\u00e9ticos destinados a la salud de la piel y las articulaciones.<\/p>\n<h2><strong>\u00bfQu\u00e9 es el p\u00e9ptido de col\u00e1geno de abal\u00f3n?<\/strong><\/h2>\n<p><strong>P\u00e9ptido de col\u00e1geno de abal\u00f3n<\/strong> se obtiene del col\u00e1geno de los tejidos conjuntivos y las conchas del abal\u00f3n, un molusco muy apreciado por su valor culinario y nutritivo. El col\u00e1geno se extrae mediante un suave proceso enzim\u00e1tico que lo descompone en p\u00e9ptidos m\u00e1s peque\u00f1os, m\u00e1s f\u00e1ciles de absorber y utilizar por el organismo. A continuaci\u00f3n, estos p\u00e9ptidos se transforman en un polvo fino que conserva los compuestos bioactivos y los amino\u00e1cidos esenciales inherentes al col\u00e1geno de abal\u00f3n. Este p\u00e9ptido de col\u00e1geno es rico en glicina, prolina e hidroxiprolina, amino\u00e1cidos esenciales para la s\u00edntesis de col\u00e1geno y el mantenimiento de una piel, articulaciones y tejidos conjuntivos sanos.<\/p>\n<h2><strong>Beneficios nutricionales del p\u00e9ptido de col\u00e1geno de abal\u00f3n<\/strong><\/h2>\n<p><strong>P\u00e9ptido de col\u00e1geno de abal\u00f3n<\/strong> ofrece una serie de beneficios nutricionales que lo convierten en un valioso complemento de cualquier r\u00e9gimen de bienestar. El col\u00e1geno es la prote\u00edna m\u00e1s abundante del cuerpo humano y desempe\u00f1a un papel crucial en el mantenimiento de la estructura y la funci\u00f3n de la piel, las articulaciones y los tejidos conjuntivos. A medida que envejecemos, la producci\u00f3n natural de col\u00e1geno del cuerpo disminuye, dando lugar a signos de envejecimiento como arrugas, flacidez de la piel y molestias en las articulaciones. La suplementaci\u00f3n con <strong>P\u00e9ptido de col\u00e1geno de abal\u00f3n<\/strong> puede ayudar a reponer los niveles de col\u00e1geno del organismo, favoreciendo la salud de la piel, la fortaleza de las articulaciones y la vitalidad general.<\/p>\n<p>La forma pept\u00eddica del col\u00e1geno de abal\u00f3n es altamente biodisponible, lo que significa que es f\u00e1cilmente absorbida y utilizada por el organismo. Esto hace que sea m\u00e1s eficaz en la entrega de los amino\u00e1cidos esenciales necesarios para la s\u00edntesis de col\u00e1geno en comparaci\u00f3n con las mol\u00e9culas de col\u00e1geno m\u00e1s grandes e intactas. Adem\u00e1s, <strong>P\u00e9ptido de col\u00e1geno de abal\u00f3n<\/strong> es una buena fuente de amino\u00e1cidos esenciales que el organismo no puede producir por s\u00ed mismo, lo que lo convierte en un suplemento proteico completo que favorece la salud y el bienestar general.<\/p>\n<h2><strong>Beneficios para la salud del p\u00e9ptido de col\u00e1geno de abal\u00f3n<\/strong><\/h2>\n<p>Los beneficios para la salud de <strong>P\u00e9ptido de col\u00e1geno de abal\u00f3n<\/strong> son amplios y est\u00e1n bien avalados por la investigaci\u00f3n. Uno de los beneficios m\u00e1s reconocidos es su capacidad para mejorar la salud de la piel. Se ha demostrado que el consumo regular de p\u00e9ptidos de col\u00e1geno aumenta la hidrataci\u00f3n, elasticidad y suavidad de la piel, reduciendo la aparici\u00f3n de l\u00edneas finas y arrugas. Esto hace que <strong>P\u00e9ptido de col\u00e1geno de abal\u00f3n<\/strong> un excelente suplemento para quienes buscan mejorar su rutina de belleza desde el interior.<\/p>\n<p><strong>P\u00e9ptido de col\u00e1geno de abal\u00f3n<\/strong> tambi\u00e9n es beneficioso para la salud de las articulaciones. Los amino\u00e1cidos de los p\u00e9ptidos de col\u00e1geno contribuyen al mantenimiento y reparaci\u00f3n del cart\u00edlago, el tejido que amortigua las articulaciones y permite un movimiento suave. Esto puede ayudar a reducir el dolor y la rigidez de las articulaciones, sobre todo en personas con artrosis o que realizan actividades f\u00edsicas de alto impacto. Adem\u00e1s, las propiedades antiinflamatorias de los p\u00e9ptidos de col\u00e1geno del abal\u00f3n pueden ayudar a reducir la inflamaci\u00f3n de las articulaciones, favoreciendo a\u00fan m\u00e1s la salud articular y la movilidad.<\/p>\n<p>Para el bienestar general, <strong>P\u00e9ptido de col\u00e1geno de abal\u00f3n<\/strong> favorece la salud de los tejidos conjuntivos de todo el cuerpo, incluidos tendones, ligamentos y huesos. Esto lo convierte en un suplemento valioso para atletas, adultos mayores y cualquier persona que desee mejorar su salud musculoesquel\u00e9tica. El contenido de glicina en el col\u00e1geno de abul\u00f3n tambi\u00e9n contribuye a la salud de los patrones de sue\u00f1o y la funci\u00f3n cognitiva, por lo que es un suplemento completo para la vitalidad general.<\/p>","protected":false},"excerpt":{"rendered":"<p><strong>P\u00e9ptido de col\u00e1geno de abal\u00f3n\u00a0<\/strong>es un tipo de p\u00e9ptido de col\u00e1geno derivado del abal\u00f3n, un tipo de caracol marino muy apreciado por sus usos culinarios y medicinales. Los p\u00e9ptidos de col\u00e1geno son cadenas cortas de amino\u00e1cidos derivados del col\u00e1geno, la principal prote\u00edna de la piel, los huesos y los tejidos conjuntivos de los animales, incluidos los humanos.<\/p>","protected":false},"featured_media":879,"template":"","meta":{"_acf_changed":false},"product_brand":[],"product_cat":[41],"product_tag":[],"class_list":{"0":"post-878","1":"product","2":"type-product","3":"status-publish","4":"has-post-thumbnail","6":"product_cat-peptide","8":"first","9":"instock","10":"shipping-taxable","11":"product-type-simple"},"acf":[],"_links":{"self":[{"href":"https:\/\/wankonbiotech.com\/es\/wp-json\/wp\/v2\/product\/878","targetHints":{"allow":["GET"]}}],"collection":[{"href":"https:\/\/wankonbiotech.com\/es\/wp-json\/wp\/v2\/product"}],"about":[{"href":"https:\/\/wankonbiotech.com\/es\/wp-json\/wp\/v2\/types\/product"}],"wp:featuredmedia":[{"embeddable":true,"href":"https:\/\/wankonbiotech.com\/es\/wp-json\/wp\/v2\/media\/879"}],"wp:attachment":[{"href":"https:\/\/wankonbiotech.com\/es\/wp-json\/wp\/v2\/media?parent=878"}],"wp:term":[{"taxonomy":"product_brand","embeddable":true,"href":"https:\/\/wankonbiotech.com\/es\/wp-json\/wp\/v2\/product_brand?post=878"},{"taxonomy":"product_cat","embeddable":true,"href":"https:\/\/wankonbiotech.com\/es\/wp-json\/wp\/v2\/product_cat?post=878"},{"taxonomy":"product_tag","embeddable":true,"href":"https:\/\/wankonbiotech.com\/es\/wp-json\/wp\/v2\/product_tag?post=878"}],"curies":[{"name":"wp","href":"https:\/\/api.w.org\/{rel}","templated":true}]}}