{"id":874,"date":"2024-08-16T15:46:33","date_gmt":"2024-08-16T15:46:33","guid":{"rendered":"http:\/\/wankonbiotech.com\/?post_type=product&#038;p=874"},"modified":"2024-08-16T15:47:33","modified_gmt":"2024-08-16T15:47:33","slug":"avocado-fruit-powder","status":"publish","type":"product","link":"https:\/\/wankonbiotech.com\/es\/producto-2\/polvo-de-aguacate-2\/","title":{"rendered":"China Aguacate en polvo Fabricantes"},"content":{"rendered":"<table>\n<tbody>\n<tr>\n<td>\n<div><strong>Nombre del art\u00edculo<\/strong><\/div>\n<\/td>\n<td>\n<div>Aguacate en polvo<\/div>\n<\/td>\n<\/tr>\n<tr>\n<td>\n<div><strong>Muestra<\/strong><\/div>\n<\/td>\n<td>\n<div>Muestra gratuita disponible<\/div>\n<\/td>\n<\/tr>\n<tr>\n<td>\n<div><strong>Certificado<\/strong><\/div>\n<\/td>\n<td>\n<div>Certificado ecol\u00f3gico ISO .EU y USDA<\/div>\n<\/td>\n<\/tr>\n<tr>\n<td>\n<div><strong>Tiempo de muestreo<\/strong><\/div>\n<\/td>\n<td>\n<div>Entre 2 y 5 d\u00edas<\/div>\n<\/td>\n<\/tr>\n<tr>\n<td>\n<div><strong>Env\u00edo<\/strong><\/div>\n<\/td>\n<td>\n<div>Apoyo express, transporte terrestre, transporte mar\u00edtimo, transporte a\u00e9reo.<\/div>\n<\/td>\n<\/tr>\n<\/tbody>\n<\/table>\n<h2><strong>Introducci\u00f3n<\/strong><\/h2>\n<p><strong>Polvo de aguacate<\/strong>\u00a0es una forma concentrada de aguacate que se ha deshidratado y molido hasta obtener un polvo fino con los m\u00e9todos de secado por pulverizaci\u00f3n o liofilizaci\u00f3n. Conserva el sabor natural y las propiedades nutritivas del aguacate fresco, lo que lo convierte en un ingrediente conveniente para su uso en una variedad de aplicaciones de alimentos y bebidas. El aguacate en polvo se puede utilizar para a\u00f1adir sabor, cremosidad y beneficios nutricionales a batidos, salsas, aderezos, salsas, productos horneados y mucho m\u00e1s. A menudo se promociona como una forma c\u00f3moda de incorporar las propiedades saludables del aguacate a los productos sin necesidad de utilizar aguacates frescos, y tambi\u00e9n puede ofrecer una vida \u00fatil m\u00e1s larga y un almacenamiento m\u00e1s f\u00e1cil.<\/p>\n<p><img fetchpriority=\"high\" decoding=\"async\" class=\"alignnone size-full wp-image-876\" src=\"http:\/\/wankonbiotech.com\/wp-content\/uploads\/2024\/08\/Avocado-Fruit-Powder.jpg\" alt=\"Aguacate en polvo\" width=\"1024\" height=\"683\" title=\"\" srcset=\"https:\/\/wankonbiotech.com\/wp-content\/uploads\/2024\/08\/Avocado-Fruit-Powder.jpg 1024w, https:\/\/wankonbiotech.com\/wp-content\/uploads\/2024\/08\/Avocado-Fruit-Powder-300x200.jpg 300w, https:\/\/wankonbiotech.com\/wp-content\/uploads\/2024\/08\/Avocado-Fruit-Powder-768x512.jpg 768w, https:\/\/wankonbiotech.com\/wp-content\/uploads\/2024\/08\/Avocado-Fruit-Powder-600x400.jpg 600w\" sizes=\"(max-width: 1024px) 100vw, 1024px\" \/><\/p>\n<h2><strong>\u00bfQu\u00e9 es el aguacate en polvo?<\/strong><\/h2>\n<p><strong>Aguacate en polvo<\/strong> se elabora a partir de aguacates maduros cuidadosamente deshidratados y molidos hasta obtener un polvo fino. El proceso comienza con la selecci\u00f3n de aguacates maduros de alta calidad, que se deshidratan para eliminar la humedad y preservar su rico contenido en nutrientes. Una vez secos, los aguacates se muelen hasta obtener un polvo que conserva la textura cremosa, el sabor suave y los beneficios nutricionales de la fruta fresca. Este polvo es org\u00e1nico, lo que significa que est\u00e1 libre de pesticidas sint\u00e9ticos, herbicidas y OMG, por lo que es un suplemento puro y natural que puede incorporarse f\u00e1cilmente a diversas rutinas diet\u00e9ticas.<\/p>\n<h2><strong>Beneficios nutricionales del aguacate en polvo<\/strong><\/h2>\n<p><strong>Aguacate en polvo<\/strong> es una fuente rica en grasas monoinsaturadas saludables, especialmente \u00e1cido oleico, conocido por favorecer la salud del coraz\u00f3n. Estas grasas saludables ayudan a reducir los niveles de colesterol malo (LDL) y a aumentar los de colesterol bueno (HDL), favoreciendo la salud cardiovascular en general. Adem\u00e1s, el aguacate es una buena fuente de fibra diet\u00e9tica, que favorece la salud digestiva al promover movimientos intestinales regulares y prevenir el estre\u00f1imiento.<\/p>\n<p><img decoding=\"async\" class=\"alignnone wp-image-877 size-full\" src=\"http:\/\/wankonbiotech.com\/wp-content\/uploads\/2024\/08\/Avocado-Fruit-Powder1.jpg\" alt=\"Aguacate en polvo\" width=\"1024\" height=\"536\" title=\"\" srcset=\"https:\/\/wankonbiotech.com\/wp-content\/uploads\/2024\/08\/Avocado-Fruit-Powder1.jpg 1024w, https:\/\/wankonbiotech.com\/wp-content\/uploads\/2024\/08\/Avocado-Fruit-Powder1-300x157.jpg 300w, https:\/\/wankonbiotech.com\/wp-content\/uploads\/2024\/08\/Avocado-Fruit-Powder1-768x402.jpg 768w, https:\/\/wankonbiotech.com\/wp-content\/uploads\/2024\/08\/Avocado-Fruit-Powder1-600x314.jpg 600w\" sizes=\"(max-width: 1024px) 100vw, 1024px\" \/><\/p>\n<p>El polvo tambi\u00e9n contiene vitaminas y minerales esenciales, como las vitaminas E, K y C, as\u00ed como potasio, magnesio y folato. La vitamina E es un potente antioxidante que protege las c\u00e9lulas del da\u00f1o oxidativo, mientras que la vitamina K desempe\u00f1a un papel crucial en la salud \u00f3sea y la coagulaci\u00f3n de la sangre. La vitamina C contribuye a la funci\u00f3n inmunitaria y a la salud de la piel, y el potasio de los aguacates ayuda a regular la tensi\u00f3n arterial y a mantener el equilibrio de l\u00edquidos en el organismo. La presencia de folato es especialmente beneficiosa para las mujeres embarazadas, ya que favorece el desarrollo sano del feto.<\/p>","protected":false},"excerpt":{"rendered":"<p><strong>Aguacate en polvo<\/strong> se elabora a partir de aguacates maduros cuidadosamente deshidratados y molidos hasta obtener un polvo fino. El proceso comienza con la selecci\u00f3n de aguacates maduros de alta calidad, que luego se deshidratan para eliminar la humedad y preservar su rico contenido en nutrientes.<\/p>","protected":false},"featured_media":875,"template":"","meta":{"_acf_changed":false},"product_brand":[],"product_cat":[37],"product_tag":[],"class_list":{"0":"post-874","1":"product","2":"type-product","3":"status-publish","4":"has-post-thumbnail","6":"product_cat-organic-fruit-and-vegetable-powder","8":"first","9":"instock","10":"shipping-taxable","11":"product-type-simple"},"acf":[],"_links":{"self":[{"href":"https:\/\/wankonbiotech.com\/es\/wp-json\/wp\/v2\/product\/874","targetHints":{"allow":["GET"]}}],"collection":[{"href":"https:\/\/wankonbiotech.com\/es\/wp-json\/wp\/v2\/product"}],"about":[{"href":"https:\/\/wankonbiotech.com\/es\/wp-json\/wp\/v2\/types\/product"}],"wp:featuredmedia":[{"embeddable":true,"href":"https:\/\/wankonbiotech.com\/es\/wp-json\/wp\/v2\/media\/875"}],"wp:attachment":[{"href":"https:\/\/wankonbiotech.com\/es\/wp-json\/wp\/v2\/media?parent=874"}],"wp:term":[{"taxonomy":"product_brand","embeddable":true,"href":"https:\/\/wankonbiotech.com\/es\/wp-json\/wp\/v2\/product_brand?post=874"},{"taxonomy":"product_cat","embeddable":true,"href":"https:\/\/wankonbiotech.com\/es\/wp-json\/wp\/v2\/product_cat?post=874"},{"taxonomy":"product_tag","embeddable":true,"href":"https:\/\/wankonbiotech.com\/es\/wp-json\/wp\/v2\/product_tag?post=874"}],"curies":[{"name":"wp","href":"https:\/\/api.w.org\/{rel}","templated":true}]}}