{"id":854,"date":"2024-08-14T16:19:00","date_gmt":"2024-08-14T16:19:00","guid":{"rendered":"http:\/\/wankonbiotech.com\/?post_type=product&#038;p=854"},"modified":"2024-08-14T16:19:00","modified_gmt":"2024-08-14T16:19:00","slug":"high-quality-bilberry-extract-powder-manufacturers","status":"publish","type":"product","link":"https:\/\/wankonbiotech.com\/es\/producto-2\/fabricantes-de-extracto-de-arandano-en-polvo-de-alta-calidad-2\/","title":{"rendered":"Extracto de ar\u00e1ndano en polvo de alta calidad Fabricantes"},"content":{"rendered":"<table>\n<tbody>\n<tr>\n<td>\n<div><strong>Nombre del producto<\/strong><\/div>\n<\/td>\n<td>Extracto de ar\u00e1ndano en polvo de alta calidad Fabricantes<\/td>\n<\/tr>\n<tr>\n<td>\n<div><strong>Apariencia<\/strong><\/div>\n<\/td>\n<td>\n<div>polvo fino p\u00farpura<\/div>\n<\/td>\n<\/tr>\n<tr>\n<td>\n<div><strong>vida \u00fatil<\/strong><\/div>\n<\/td>\n<td>\n<div>24 meses<\/div>\n<\/td>\n<\/tr>\n<\/tbody>\n<\/table>\n<h2><strong>Introducci\u00f3n<\/strong><\/h2>\n<p>A medida que crece la demanda de suplementos naturales y ricos en nutrientes, <strong>Extracto de ar\u00e1ndano en polvo<\/strong> ha ganado popularidad por sus poderosos beneficios para la salud. Conocido por su alto contenido en antioxidantes, especialmente antocianinas, el extracto de ar\u00e1ndano es ampliamente reconocido por favorecer la visi\u00f3n, la salud cardiovascular y el bienestar general.<\/p>\n<p><img fetchpriority=\"high\" decoding=\"async\" class=\"aligncenter wp-image-857 size-full\" src=\"http:\/\/wankonbiotech.com\/wp-content\/uploads\/2024\/08\/Bilberry-Extract-Powder1.jpg\" alt=\"Extracto de ar\u00e1ndano en polvo\" width=\"474\" height=\"355\" title=\"\" srcset=\"https:\/\/wankonbiotech.com\/wp-content\/uploads\/2024\/08\/Bilberry-Extract-Powder1.jpg 474w, https:\/\/wankonbiotech.com\/wp-content\/uploads\/2024\/08\/Bilberry-Extract-Powder1-300x225.jpg 300w\" sizes=\"(max-width: 474px) 100vw, 474px\" \/><\/p>\n<p>Tanto si es usted un atleta que busca mejorar su rendimiento, como una persona preocupada por su salud que desea aumentar su ingesta de antioxidantes o alguien que quiere mejorar su salud ocular, <strong>Extracto de ar\u00e1ndano en polvo<\/strong> ofrece una soluci\u00f3n c\u00f3moda y eficaz.<\/p>\n<h2><strong>\u00bfQu\u00e9 es el polvo de extracto de ar\u00e1ndano?<\/strong><\/h2>\n<p><strong>Extracto de ar\u00e1ndano en polvo<\/strong> se obtiene de las peque\u00f1as bayas de color azul oscuro de la planta del ar\u00e1ndano, pariente cercano del ar\u00e1ndano rojo. Las bayas se recolectan, se secan y se muelen finamente hasta obtener un polvo que conserva el color p\u00farpura intenso y el potente perfil nutricional de la fruta fresca. Este polvo es especialmente rico en antocianinas, un tipo de antioxidante que confiere a los ar\u00e1ndanos su color caracter\u00edstico y numerosos beneficios para la salud. <strong>Extracto de ar\u00e1ndano en polvo<\/strong> es org\u00e1nico, lo que garantiza que est\u00e1 libre de pesticidas sint\u00e9ticos, herbicidas y OMG, por lo que es un suplemento puro y natural que se puede incorporar f\u00e1cilmente a una variedad de rutinas diet\u00e9ticas.<\/p>\n<h2><strong>Beneficios nutricionales del extracto de ar\u00e1ndano en polvo<\/strong><\/h2>\n<p><strong>Extracto de ar\u00e1ndano en polvo<\/strong> est\u00e1 repleta de nutrientes esenciales y antioxidantes que contribuyen a la salud y el bienestar general. Entre ellos destacan las antocianinas, potentes antioxidantes conocidos por su papel en la protecci\u00f3n de las c\u00e9lulas frente al estr\u00e9s oxidativo, la reducci\u00f3n de la inflamaci\u00f3n y el apoyo a la salud cardiovascular. Estos compuestos tambi\u00e9n son beneficiosos para la salud ocular, ya que ayudan a fortalecer los capilares de los ojos y mejoran la circulaci\u00f3n de la retina.<\/p>\n<p><img decoding=\"async\" class=\"alignnone wp-image-856 size-full\" src=\"http:\/\/wankonbiotech.com\/wp-content\/uploads\/2024\/08\/Bilberry-Extract-Powder.jpg\" alt=\"Fruta ecol\u00f3gica en polvo\" width=\"1000\" height=\"600\" title=\"\" srcset=\"https:\/\/wankonbiotech.com\/wp-content\/uploads\/2024\/08\/Bilberry-Extract-Powder.jpg 1000w, https:\/\/wankonbiotech.com\/wp-content\/uploads\/2024\/08\/Bilberry-Extract-Powder-300x180.jpg 300w, https:\/\/wankonbiotech.com\/wp-content\/uploads\/2024\/08\/Bilberry-Extract-Powder-768x461.jpg 768w, https:\/\/wankonbiotech.com\/wp-content\/uploads\/2024\/08\/Bilberry-Extract-Powder-600x360.jpg 600w\" sizes=\"(max-width: 1000px) 100vw, 1000px\" \/><\/p>\n<p>Adem\u00e1s de las antocianinas, <strong>Extracto de ar\u00e1ndano en polvo<\/strong> contiene vitaminas C y E, vitales para la funci\u00f3n inmunitaria, la salud de la piel y la protecci\u00f3n celular en general. El polvo tambi\u00e9n aporta fibra diet\u00e9tica, que facilita la digesti\u00f3n y favorece un microbioma intestinal sano. Adem\u00e1s, los ar\u00e1ndanos son una fuente de flavonoides, otro grupo de antioxidantes que ofrecen beneficios protectores adicionales contra las enfermedades cr\u00f3nicas.<\/p>\n<h2><strong>Beneficios para la salud del extracto de ar\u00e1ndano en polvo<\/strong><\/h2>\n<p>Los beneficios para la salud de <strong>Extracto de ar\u00e1ndano en polvo<\/strong> son amplias y est\u00e1n bien documentadas. Uno de los beneficios m\u00e1s reconocidos es su capacidad para favorecer la salud ocular. Se ha demostrado que las antocianinas de los ar\u00e1ndanos mejoran la visi\u00f3n nocturna, reducen la fatiga ocular y protegen contra afecciones como la degeneraci\u00f3n macular y las cataratas. Esto hace que <strong>Extracto de ar\u00e1ndano en polvo<\/strong> un suplemento excelente para las personas que pasan muchas horas delante de pantallas o tienen antecedentes familiares de afecciones oculares.<\/p>\n<p><strong>Extracto de ar\u00e1ndano en polvo<\/strong> tambi\u00e9n es beneficioso para la salud cardiovascular. Los antioxidantes de los ar\u00e1ndanos ayudan a reducir los niveles de colesterol malo (LDL), disminuyen la presi\u00f3n arterial y mejoran el funcionamiento de los vasos sangu\u00edneos, lo que puede disminuir el riesgo de cardiopat\u00edas. Adem\u00e1s, las propiedades antiinflamatorias del extracto de ar\u00e1ndano favorecen la salud general del coraz\u00f3n al reducir la inflamaci\u00f3n de las arterias y prevenir el da\u00f1o oxidativo del sistema cardiovascular.<\/p>\n<p>Para quienes buscan un apoyo al bienestar general, <strong>Extracto de ar\u00e1ndano en polvo<\/strong> ofrece un potente refuerzo del sistema inmunitario. La combinaci\u00f3n de vitaminas, antioxidantes y flavonoides ayuda a proteger el organismo de las infecciones, reducir la inflamaci\u00f3n y promover un envejecimiento saludable. El contenido en fibra del polvo tambi\u00e9n contribuye a la salud digestiva, ya que favorece los movimientos intestinales regulares y previene el estre\u00f1imiento.<\/p>\n<h2><strong>Aplicaciones del extracto de ar\u00e1ndano en polvo en la industria alimentaria y de bebidas<\/strong><\/h2>\n<p><strong>Extracto de ar\u00e1ndano en polvo<\/strong> es incre\u00edblemente vers\u00e1til y puede incorporarse a una gran variedad de alimentos y bebidas. Su sabor rico y ligeramente \u00e1cido lo convierte en un ingrediente ideal para batidos, zumos y chupitos de bienestar. Tambi\u00e9n puede a\u00f1adirse a productos horneados como magdalenas, pasteles y barritas energ\u00e9ticas para potenciar su sabor y contenido nutricional.<\/p>\n<p>En el creciente mercado de los alimentos y suplementos funcionales, <strong>Extracto de ar\u00e1ndano en polvo<\/strong> se utiliza cada vez m\u00e1s en suplementos diet\u00e9ticos, bebidas saludables e incluso como colorante natural debido a su vibrante tono p\u00farpura. Su perfil de nutrientes naturales lo convierte en un ingrediente valioso para los fabricantes de alimentos que buscan satisfacer la demanda de productos con alto contenido en antioxidantes, ecol\u00f3gicos y de etiquetado limpio. Adem\u00e1s, <strong>Extracto de ar\u00e1ndano en polvo<\/strong> puede utilizarse en combinaci\u00f3n con otros superalimentos para crear potentes mezclas antioxidantes que favorecen la salud y el bienestar general.<\/p>","protected":false},"excerpt":{"rendered":"<p><strong>Extracto de ar\u00e1ndano en polvo<\/strong> es incre\u00edblemente vers\u00e1til y puede incorporarse a una gran variedad de alimentos y bebidas. Su sabor rico y ligeramente \u00e1cido lo convierte en un ingrediente ideal para batidos, zumos y chupitos de bienestar. Tambi\u00e9n puede a\u00f1adirse a productos horneados como magdalenas, pasteles y barritas energ\u00e9ticas para potenciar su sabor y contenido nutricional.<\/p>","protected":false},"featured_media":855,"template":"","meta":{"_acf_changed":false},"product_brand":[],"product_cat":[37],"product_tag":[],"class_list":{"0":"post-854","1":"product","2":"type-product","3":"status-publish","4":"has-post-thumbnail","6":"product_cat-organic-fruit-and-vegetable-powder","8":"first","9":"instock","10":"shipping-taxable","11":"product-type-simple"},"acf":[],"_links":{"self":[{"href":"https:\/\/wankonbiotech.com\/es\/wp-json\/wp\/v2\/product\/854","targetHints":{"allow":["GET"]}}],"collection":[{"href":"https:\/\/wankonbiotech.com\/es\/wp-json\/wp\/v2\/product"}],"about":[{"href":"https:\/\/wankonbiotech.com\/es\/wp-json\/wp\/v2\/types\/product"}],"wp:featuredmedia":[{"embeddable":true,"href":"https:\/\/wankonbiotech.com\/es\/wp-json\/wp\/v2\/media\/855"}],"wp:attachment":[{"href":"https:\/\/wankonbiotech.com\/es\/wp-json\/wp\/v2\/media?parent=854"}],"wp:term":[{"taxonomy":"product_brand","embeddable":true,"href":"https:\/\/wankonbiotech.com\/es\/wp-json\/wp\/v2\/product_brand?post=854"},{"taxonomy":"product_cat","embeddable":true,"href":"https:\/\/wankonbiotech.com\/es\/wp-json\/wp\/v2\/product_cat?post=854"},{"taxonomy":"product_tag","embeddable":true,"href":"https:\/\/wankonbiotech.com\/es\/wp-json\/wp\/v2\/product_tag?post=854"}],"curies":[{"name":"wp","href":"https:\/\/api.w.org\/{rel}","templated":true}]}}