{"id":850,"date":"2024-08-14T16:00:24","date_gmt":"2024-08-14T16:00:24","guid":{"rendered":"http:\/\/wankonbiotech.com\/?post_type=product&#038;p=850"},"modified":"2024-08-14T16:00:24","modified_gmt":"2024-08-14T16:00:24","slug":"cranberry-extract-powder","status":"publish","type":"product","link":"https:\/\/wankonbiotech.com\/es\/producto-2\/extracto-de-arandano-rojo-en-polvo-2\/","title":{"rendered":"Extracto de ar\u00e1ndano rojo en polvo de alta calidad Fruta del ar\u00e1ndano rojo en polvo"},"content":{"rendered":"<table>\n<tbody>\n<tr>\n<td width=\"497\"><strong>Nombre latino<\/strong><\/td>\n<td width=\"497\">\u00a0Vaccinium macrocarpon L<\/td>\n<\/tr>\n<tr>\n<td width=\"497\"><strong>Disolvente del extracto<\/strong><\/td>\n<td width=\"497\">\u00a0Agua\u00f0anol<\/td>\n<\/tr>\n<tr>\n<td width=\"497\"><strong>Apariencia<\/strong><\/td>\n<td width=\"497\">Polvo fino de color rojo p\u00farpura intenso<\/td>\n<\/tr>\n<\/tbody>\n<\/table>\n<h2><strong>Introducci\u00f3n<\/strong><\/h2>\n<p>En el mundo de la fruta en polvo ecol\u00f3gica, <strong>Extracto de ar\u00e1ndano rojo en polvo<\/strong> destaca como un potente suplemento repleto de antioxidantes y propiedades beneficiosas para la salud. Derivado de los ar\u00e1ndanos, una fruta conocida por su vibrante color rojo y sabor \u00e1cido, este polvo ofrece una manera conveniente de incorporar los numerosos beneficios para la salud de los ar\u00e1ndanos en su rutina diaria. Si usted est\u00e1 buscando para apoyar la salud del tracto urinario, reforzar su sistema inmunol\u00f3gico, o simplemente a\u00f1adir un elemento nutritivo a su dieta, <strong>Extracto de ar\u00e1ndano rojo en polvo<\/strong> es una opci\u00f3n vers\u00e1til y eficaz. Este art\u00edculo explora las ventajas, aplicaciones y razones por las que... <strong>Extracto de ar\u00e1ndano rojo en polvo<\/strong> se est\u00e1 convirtiendo en un producto b\u00e1sico en la categor\u00eda de frutas y verduras ecol\u00f3gicas en polvo.<\/p>\n<p><img fetchpriority=\"high\" decoding=\"async\" class=\"alignnone size-full wp-image-852\" src=\"http:\/\/wankonbiotech.com\/wp-content\/uploads\/2024\/08\/Cranberry-Extract-Powder.webp\" alt=\"Extracto de ar\u00e1ndano rojo en polvo\" width=\"1040\" height=\"652\" title=\"\" srcset=\"https:\/\/wankonbiotech.com\/wp-content\/uploads\/2024\/08\/Cranberry-Extract-Powder.webp 1040w, https:\/\/wankonbiotech.com\/wp-content\/uploads\/2024\/08\/Cranberry-Extract-Powder-300x188.webp 300w, https:\/\/wankonbiotech.com\/wp-content\/uploads\/2024\/08\/Cranberry-Extract-Powder-1024x642.webp 1024w, https:\/\/wankonbiotech.com\/wp-content\/uploads\/2024\/08\/Cranberry-Extract-Powder-768x481.webp 768w, https:\/\/wankonbiotech.com\/wp-content\/uploads\/2024\/08\/Cranberry-Extract-Powder-600x376.webp 600w\" sizes=\"(max-width: 1040px) 100vw, 1040px\" \/><\/p>\n<h2><strong>\u00bfQu\u00e9 es el extracto de ar\u00e1ndano rojo en polvo?<\/strong><\/h2>\n<p><strong>Extracto de ar\u00e1ndano rojo en polvo<\/strong> se elabora a partir de ar\u00e1ndanos rojos deshidratados y finamente molidos hasta convertirlos en polvo. El proceso comienza con la recolecci\u00f3n de ar\u00e1ndanos rojos frescos, que luego se secan para eliminar la humedad y preservar su rico contenido en nutrientes. Una vez secos, los ar\u00e1ndanos se muelen hasta obtener un polvo fino que conserva el color brillante y el sabor \u00e1cido caracter\u00edsticos de la fruta. Este polvo es org\u00e1nico, lo que garantiza que est\u00e1 libre de pesticidas sint\u00e9ticos, herbicidas y OMG, convirti\u00e9ndolo en un suplemento puro y natural. <strong>Extracto de ar\u00e1ndano rojo en polvo<\/strong> es rico en vitaminas, minerales y compuestos bioactivos que favorecen la salud y el bienestar general.<\/p>\n<h2><strong>Beneficios nutricionales del extracto de ar\u00e1ndano rojo en polvo<\/strong><\/h2>\n<p><strong>Extracto de ar\u00e1ndano rojo en polvo<\/strong> es un suplemento rico en nutrientes, que ofrece una rica fuente de vitaminas C, E y K. La vitamina C es un potente antioxidante que contribuye a la funci\u00f3n inmunitaria, la salud de la piel y la cicatrizaci\u00f3n de heridas. La vitamina E act\u00faa como antioxidante que ayuda a proteger las c\u00e9lulas del da\u00f1o oxidativo, mientras que la vitamina K desempe\u00f1a un papel crucial en la salud \u00f3sea y la coagulaci\u00f3n de la sangre.<\/p>\n<p>Una de las caracter\u00edsticas m\u00e1s destacadas de <strong>Extracto de ar\u00e1ndano rojo en polvo<\/strong> es su alto contenido en antioxidantes, sobre todo proantocianidinas. Estos antioxidantes ayudan a combatir el estr\u00e9s oxidativo, reducen la inflamaci\u00f3n y protegen al organismo de enfermedades cr\u00f3nicas. Los ar\u00e1ndanos tambi\u00e9n son conocidos por su capacidad para favorecer la salud de las v\u00edas urinarias, debido a la presencia de compuestos que impiden que las bacterias se adhieran a las paredes de las v\u00edas urinarias.<\/p>\n<p><img decoding=\"async\" class=\"alignnone size-full wp-image-853\" src=\"http:\/\/wankonbiotech.com\/wp-content\/uploads\/2024\/08\/Cranberry-Extract-Powder1.jpg\" alt=\"Extracto de ar\u00e1ndano rojo en polvo\" width=\"1600\" height=\"1200\" title=\"\" srcset=\"https:\/\/wankonbiotech.com\/wp-content\/uploads\/2024\/08\/Cranberry-Extract-Powder1.jpg 1600w, https:\/\/wankonbiotech.com\/wp-content\/uploads\/2024\/08\/Cranberry-Extract-Powder1-300x225.jpg 300w, https:\/\/wankonbiotech.com\/wp-content\/uploads\/2024\/08\/Cranberry-Extract-Powder1-1024x768.jpg 1024w, https:\/\/wankonbiotech.com\/wp-content\/uploads\/2024\/08\/Cranberry-Extract-Powder1-768x576.jpg 768w, https:\/\/wankonbiotech.com\/wp-content\/uploads\/2024\/08\/Cranberry-Extract-Powder1-1536x1152.jpg 1536w, https:\/\/wankonbiotech.com\/wp-content\/uploads\/2024\/08\/Cranberry-Extract-Powder1-600x450.jpg 600w\" sizes=\"(max-width: 1600px) 100vw, 1600px\" \/><\/p>\n<p>Adem\u00e1s de su contenido en antioxidantes, <strong>Extracto de ar\u00e1ndano rojo en polvo<\/strong> es una buena fuente de fibra diet\u00e9tica, que contribuye a la salud digestiva favoreciendo los movimientos intestinales regulares y previniendo el estre\u00f1imiento. Los compuestos naturales que se encuentran en los ar\u00e1ndanos rojos, incluidos los flavonoides y los \u00e1cidos fen\u00f3licos, mejoran a\u00fan m\u00e1s el perfil nutricional de este potente suplemento.<\/p>","protected":false},"excerpt":{"rendered":"<p><strong>Extracto de ar\u00e1ndano rojo en polvo<\/strong> es un suplemento rico en nutrientes, que ofrece una rica fuente de vitaminas C, E y K. La vitamina C es un potente antioxidante que contribuye a la funci\u00f3n inmunitaria, la salud de la piel y la cicatrizaci\u00f3n de heridas. La vitamina E act\u00faa como antioxidante que ayuda a proteger las c\u00e9lulas del da\u00f1o oxidativo, mientras que la vitamina K desempe\u00f1a un papel crucial en la salud \u00f3sea y la coagulaci\u00f3n de la sangre.<\/p>","protected":false},"featured_media":851,"template":"","meta":{"_acf_changed":false},"product_brand":[],"product_cat":[37],"product_tag":[],"class_list":{"0":"post-850","1":"product","2":"type-product","3":"status-publish","4":"has-post-thumbnail","6":"product_cat-organic-fruit-and-vegetable-powder","8":"first","9":"instock","10":"shipping-taxable","11":"product-type-simple"},"acf":[],"_links":{"self":[{"href":"https:\/\/wankonbiotech.com\/es\/wp-json\/wp\/v2\/product\/850","targetHints":{"allow":["GET"]}}],"collection":[{"href":"https:\/\/wankonbiotech.com\/es\/wp-json\/wp\/v2\/product"}],"about":[{"href":"https:\/\/wankonbiotech.com\/es\/wp-json\/wp\/v2\/types\/product"}],"wp:featuredmedia":[{"embeddable":true,"href":"https:\/\/wankonbiotech.com\/es\/wp-json\/wp\/v2\/media\/851"}],"wp:attachment":[{"href":"https:\/\/wankonbiotech.com\/es\/wp-json\/wp\/v2\/media?parent=850"}],"wp:term":[{"taxonomy":"product_brand","embeddable":true,"href":"https:\/\/wankonbiotech.com\/es\/wp-json\/wp\/v2\/product_brand?post=850"},{"taxonomy":"product_cat","embeddable":true,"href":"https:\/\/wankonbiotech.com\/es\/wp-json\/wp\/v2\/product_cat?post=850"},{"taxonomy":"product_tag","embeddable":true,"href":"https:\/\/wankonbiotech.com\/es\/wp-json\/wp\/v2\/product_tag?post=850"}],"curies":[{"name":"wp","href":"https:\/\/api.w.org\/{rel}","templated":true}]}}