{"id":784,"date":"2024-08-12T14:10:42","date_gmt":"2024-08-12T14:10:42","guid":{"rendered":"http:\/\/wankonbiotech.com\/?post_type=product&#038;p=784"},"modified":"2024-08-12T14:12:55","modified_gmt":"2024-08-12T14:12:55","slug":"kale-extract-powder","status":"publish","type":"product","link":"https:\/\/wankonbiotech.com\/es\/producto-2\/extracto-de-col-rizada-en-polvo-2\/","title":{"rendered":"Extracto de col rizada org\u00e1nica pura de alta calidad en polvo Col rizada en polvo Suplemento herbal 10:1 20:1 Extracto de col rizada en polvo"},"content":{"rendered":"<table>\n<tbody>\n<tr style=\"height: 24px;\">\n<td style=\"height: 24px;\" colspan=\"1\" rowspan=\"1\">\n<div data-spm-anchor-id=\"a2700.details.0.i36.43f72463zzVohM\"><strong>Nombre del producto<\/strong><\/div>\n<\/td>\n<td style=\"height: 24px;\" colspan=\"1\" rowspan=\"1\">\n<div data-spm-anchor-id=\"a2700.details.0.i38.43f72463zzVohM\">Col rizada en polvo<\/div>\n<\/td>\n<\/tr>\n<tr style=\"height: 24px;\">\n<td style=\"height: 24px;\" colspan=\"1\" rowspan=\"1\">\n<div><strong>Apariencia<\/strong><\/div>\n<\/td>\n<td style=\"height: 24px;\" colspan=\"1\" rowspan=\"1\">\n<div data-spm-anchor-id=\"a2700.details.0.i37.43f72463zzVohM\">Polvo verde<\/div>\n<\/td>\n<\/tr>\n<tr style=\"height: 24px;\">\n<td style=\"height: 24px;\" colspan=\"1\" rowspan=\"1\">\n<div><strong>Especificaci\u00f3n<\/strong><\/div>\n<\/td>\n<td style=\"height: 24px;\" colspan=\"1\" rowspan=\"1\">\n<div>zumo puro de col rizada en polvo<\/div>\n<\/td>\n<\/tr>\n<tr style=\"height: 24px;\">\n<td style=\"height: 24px;\" colspan=\"1\" rowspan=\"1\">\n<div><strong>Almacenamiento<\/strong><\/div>\n<\/td>\n<td style=\"height: 24px;\" colspan=\"1\" rowspan=\"1\">\n<div>Conservar en un lugar fresco, seco y oscuro, en un recipiente o cilindro herm\u00e9ticamente cerrado.<\/div>\n<\/td>\n<\/tr>\n<\/tbody>\n<\/table>\n<h2><strong>Introducci\u00f3n<\/strong><\/h2>\n<p>En el \u00e1mbito de los superalimentos ecol\u00f3gicos, <strong>Extracto de col rizada en polvo<\/strong> destaca como un suplemento potente y rico en nutrientes. La col rizada, a menudo aclamada como un superalimento, est\u00e1 repleta de vitaminas, minerales y antioxidantes que favorecen la salud y el bienestar general. Convirtiendo esta hoja verde en un c\u00f3modo polvo, <strong>Extracto de col rizada en polvo<\/strong> hace que sea m\u00e1s f\u00e1cil que nunca incorporar estos beneficios para la salud a su dieta diaria.<\/p>\n<p><img fetchpriority=\"high\" decoding=\"async\" class=\"alignnone size-full wp-image-786\" src=\"http:\/\/wankonbiotech.com\/wp-content\/uploads\/2024\/08\/Kale-Extract-Powder.jpg\" alt=\"Extracto de col rizada en polvo\" width=\"1404\" height=\"672\" title=\"\" srcset=\"https:\/\/wankonbiotech.com\/wp-content\/uploads\/2024\/08\/Kale-Extract-Powder.jpg 1404w, https:\/\/wankonbiotech.com\/wp-content\/uploads\/2024\/08\/Kale-Extract-Powder-300x144.jpg 300w, https:\/\/wankonbiotech.com\/wp-content\/uploads\/2024\/08\/Kale-Extract-Powder-1024x490.jpg 1024w, https:\/\/wankonbiotech.com\/wp-content\/uploads\/2024\/08\/Kale-Extract-Powder-768x368.jpg 768w, https:\/\/wankonbiotech.com\/wp-content\/uploads\/2024\/08\/Kale-Extract-Powder-600x287.jpg 600w\" sizes=\"(max-width: 1404px) 100vw, 1404px\" \/><\/p>\n<h2><strong>\u00bfQu\u00e9 es el extracto de col rizada en polvo?<\/strong><\/h2>\n<p><strong>Extracto de col rizada en polvo<\/strong> se elabora a partir de hojas de col rizada deshidratadas y finamente trituradas, una de las verduras m\u00e1s nutritivas que existen. La col rizada pertenece a la familia de las cruc\u00edferas, que incluye el br\u00e9col, la coliflor y las coles de Bruselas. Para crear el polvo, las hojas frescas de col rizada se recogen, se lavan y se secan suavemente a bajas temperaturas para preservar su contenido en nutrientes. A continuaci\u00f3n, las hojas secas se muelen hasta obtener un polvo fino, que conserva el vibrante color verde y el perfil nutricional de la col rizada fresca. Este polvo es org\u00e1nico, lo que significa que est\u00e1 libre de pesticidas sint\u00e9ticos, herbicidas y OMG, por lo que es un suplemento limpio y natural.<\/p>\n<h2><strong>Beneficios nutricionales del extracto de col rizada en polvo<\/strong><\/h2>\n<p><strong>Extracto de col rizada en polvo<\/strong> es una fuente de vitaminas, minerales y antioxidantes esenciales. Es especialmente rica en vitaminas A, C y K. La vitamina A favorece la salud ocular y la funci\u00f3n inmunitaria, mientras que la vitamina C es crucial para la producci\u00f3n de col\u00e1geno, la salud de la piel y las defensas inmunitarias. La vitamina K desempe\u00f1a un papel clave en la salud \u00f3sea y la coagulaci\u00f3n de la sangre. Adem\u00e1s, la col rizada es una buena fuente de minerales como el calcio, el potasio y el magnesio, vitales para la fortaleza de los huesos, la salud del coraz\u00f3n y la funci\u00f3n muscular.<\/p>\n<p><img decoding=\"async\" class=\"alignnone size-full wp-image-787\" src=\"http:\/\/wankonbiotech.com\/wp-content\/uploads\/2024\/08\/Kale-Extract-Powder1.jpg\" alt=\"Extracto de col rizada en polvo\" width=\"2500\" height=\"1667\" title=\"\" srcset=\"https:\/\/wankonbiotech.com\/wp-content\/uploads\/2024\/08\/Kale-Extract-Powder1.jpg 2500w, https:\/\/wankonbiotech.com\/wp-content\/uploads\/2024\/08\/Kale-Extract-Powder1-300x200.jpg 300w, https:\/\/wankonbiotech.com\/wp-content\/uploads\/2024\/08\/Kale-Extract-Powder1-1024x683.jpg 1024w, https:\/\/wankonbiotech.com\/wp-content\/uploads\/2024\/08\/Kale-Extract-Powder1-768x512.jpg 768w, https:\/\/wankonbiotech.com\/wp-content\/uploads\/2024\/08\/Kale-Extract-Powder1-1536x1024.jpg 1536w, https:\/\/wankonbiotech.com\/wp-content\/uploads\/2024\/08\/Kale-Extract-Powder1-2048x1366.jpg 2048w, https:\/\/wankonbiotech.com\/wp-content\/uploads\/2024\/08\/Kale-Extract-Powder1-600x400.jpg 600w\" sizes=\"(max-width: 2500px) 100vw, 2500px\" \/><\/p>\n<p>Una de las caracter\u00edsticas m\u00e1s destacadas de <strong>Extracto de col rizada en polvo<\/strong> es su alto contenido en antioxidantes, incluidos compuestos como la quercetina y el kaempferol. Estos antioxidantes ayudan a combatir el estr\u00e9s oxidativo, reducen la inflamaci\u00f3n y protegen al organismo de enfermedades cr\u00f3nicas. La col rizada tambi\u00e9n es rica en fibra, que favorece la salud digestiva al promover movimientos intestinales regulares y prevenir el estre\u00f1imiento. Adem\u00e1s, <strong>Extracto de col rizada en polvo<\/strong> es bajo en calor\u00edas pero alto en contenido de agua, lo que lo convierte en un suplemento ideal para el control del peso y la salud en general.<\/p>","protected":false},"excerpt":{"rendered":"<p>Ya sea usted deportista, un consumidor preocupado por su salud o simplemente desee aumentar su aporte nutricional, <strong>Extracto de col rizada en polvo<\/strong> ofrece una forma sencilla pero potente de mejorar el bienestar general. Este art\u00edculo explora las ventajas, los usos y las razones por las que <strong>Extracto de col rizada en polvo<\/strong> se est\u00e1 convirtiendo en una parte esencial de la categor\u00eda de frutas y verduras ecol\u00f3gicas en polvo.<\/p>","protected":false},"featured_media":785,"template":"","meta":{"_acf_changed":false},"product_brand":[],"product_cat":[37],"product_tag":[],"class_list":{"0":"post-784","1":"product","2":"type-product","3":"status-publish","4":"has-post-thumbnail","6":"product_cat-organic-fruit-and-vegetable-powder","8":"first","9":"instock","10":"shipping-taxable","11":"product-type-simple"},"acf":[],"_links":{"self":[{"href":"https:\/\/wankonbiotech.com\/es\/wp-json\/wp\/v2\/product\/784","targetHints":{"allow":["GET"]}}],"collection":[{"href":"https:\/\/wankonbiotech.com\/es\/wp-json\/wp\/v2\/product"}],"about":[{"href":"https:\/\/wankonbiotech.com\/es\/wp-json\/wp\/v2\/types\/product"}],"wp:featuredmedia":[{"embeddable":true,"href":"https:\/\/wankonbiotech.com\/es\/wp-json\/wp\/v2\/media\/785"}],"wp:attachment":[{"href":"https:\/\/wankonbiotech.com\/es\/wp-json\/wp\/v2\/media?parent=784"}],"wp:term":[{"taxonomy":"product_brand","embeddable":true,"href":"https:\/\/wankonbiotech.com\/es\/wp-json\/wp\/v2\/product_brand?post=784"},{"taxonomy":"product_cat","embeddable":true,"href":"https:\/\/wankonbiotech.com\/es\/wp-json\/wp\/v2\/product_cat?post=784"},{"taxonomy":"product_tag","embeddable":true,"href":"https:\/\/wankonbiotech.com\/es\/wp-json\/wp\/v2\/product_tag?post=784"}],"curies":[{"name":"wp","href":"https:\/\/api.w.org\/{rel}","templated":true}]}}