{"id":781,"date":"2024-08-12T13:55:43","date_gmt":"2024-08-12T13:55:43","guid":{"rendered":"http:\/\/wankonbiotech.com\/?post_type=product&#038;p=781"},"modified":"2024-08-12T13:58:58","modified_gmt":"2024-08-12T13:58:58","slug":"peanut-protein-powder-manufacturers","status":"publish","type":"product","link":"https:\/\/wankonbiotech.com\/es\/producto-2\/fabricantes-de-proteina-de-cacahuete-en-polvo-2\/","title":{"rendered":"Prote\u00edna de cacahuete en polvo Fabricantes"},"content":{"rendered":"<table>\n<tbody>\n<tr>\n<td width=\"284\"><strong>Nombre del producto<\/strong><\/td>\n<td width=\"284\">Prote\u00edna de cacahuete en polvo<\/td>\n<\/tr>\n<tr>\n<td width=\"284\"><strong>Especificaci\u00f3n<\/strong><\/td>\n<td width=\"284\">\u00a0Polvo fino amarillo, olor y sabor caracter\u00edsticos, Min. 50%Prote\u00edna(en base seca), bajo en az\u00facar, bajo en grasa, sin colesterol y alto valor nutritivo.<\/td>\n<\/tr>\n<tr>\n<td width=\"284\"><strong>Certificados<\/strong><\/td>\n<td width=\"284\">\u00a0ISO22000; Halal; Certificaci\u00f3n NO OGM<\/td>\n<\/tr>\n<tr>\n<td width=\"284\"><strong>Capacidad de suministro anual<\/strong><\/td>\n<td width=\"284\">\u00a0M\u00e1s de 3000 toneladas<\/td>\n<\/tr>\n<tr>\n<td width=\"284\"><strong>Caracter\u00edsticas<\/strong><\/td>\n<td width=\"284\">\u00a0Buena solubilidad; Buena estabilidad; Baja viscosidad; F\u00e1cil de digerir y absorber;<\/td>\n<\/tr>\n<tr>\n<td width=\"284\"><strong>Aplicaci\u00f3n<\/strong><\/td>\n<td width=\"284\">\u00a0Alimentos nutritivos, alimentos para deportistas, alimentos saludables para poblaciones especiales.<\/td>\n<\/tr>\n<\/tbody>\n<\/table>\n<h2><strong>Introducci\u00f3n<\/strong><\/h2>\n<p><strong>Prote\u00edna de cacahuete en polvo<\/strong>\u00a0es un tipo de prote\u00edna vegetal sin desnaturalizaci\u00f3n t\u00e9rmica de la prote\u00edna y con un alto valor nutritivo. Conserva completamente los nutrientes del cacahuete. Tiene un alto valor de prote\u00edna soluble y NSI, buena solubilidad en agua, blancura y sabor ligero, y tiene la fragancia \u00fanica de los cacahuetes. Su valor nutritivo puede compararse con el de la prote\u00edna animal. Las vitaminas, los oligoelementos y los minerales tienen una tasa de utilizaci\u00f3n efectiva de 98%, son f\u00e1cilmente digeridos y absorbidos por el cuerpo humano y contienen menos factores antinutricionales que la soja. Es un producto nutricional natural con bajo contenido de az\u00facar, bajo contenido de grasa, sin colesterol y de alto valor nutritivo.<\/p>\n<p><img fetchpriority=\"high\" decoding=\"async\" class=\"size-full wp-image-783 aligncenter\" src=\"http:\/\/wankonbiotech.com\/wp-content\/uploads\/2024\/08\/IMG_Peanuts.jpg\" alt=\"Prote\u00edna de cacahuete en polvo\" width=\"1080\" height=\"720\" title=\"\" srcset=\"https:\/\/wankonbiotech.com\/wp-content\/uploads\/2024\/08\/IMG_Peanuts.jpg 1080w, https:\/\/wankonbiotech.com\/wp-content\/uploads\/2024\/08\/IMG_Peanuts-300x200.jpg 300w, https:\/\/wankonbiotech.com\/wp-content\/uploads\/2024\/08\/IMG_Peanuts-1024x683.jpg 1024w, https:\/\/wankonbiotech.com\/wp-content\/uploads\/2024\/08\/IMG_Peanuts-768x512.jpg 768w, https:\/\/wankonbiotech.com\/wp-content\/uploads\/2024\/08\/IMG_Peanuts-600x400.jpg 600w\" sizes=\"(max-width: 1080px) 100vw, 1080px\" \/><\/p>\n<h2><strong>\u00bfQu\u00e9 es la prote\u00edna de cacahuete en polvo?<\/strong><\/h2>\n<p><strong>Prote\u00edna de cacahuete en polvo<\/strong> se elabora a partir de cacahuetes crudos o tostados, prensados para eliminar la mayor parte del aceite y molidos hasta obtener un polvo fino. El resultado es un producto rico en prote\u00ednas que conserva el rico sabor a nuez de los cacahuetes, al tiempo que es bajo en grasas y carbohidratos. Esta prote\u00edna en polvo no contiene gluten por naturaleza y puede utilizarse en una gran variedad de aplicaciones culinarias, desde batidos y licuados hasta reposter\u00eda y cocina. <strong>Prote\u00edna de cacahuete en polvo<\/strong> es una excelente fuente de prote\u00ednas de origen vegetal, que proporciona un perfil equilibrado de amino\u00e1cidos que favorece la reparaci\u00f3n muscular y la salud en general.<\/p>\n<h2><strong>Beneficios nutricionales de la prote\u00edna de cacahuete en polvo<\/strong><\/h2>\n<p><strong>Prote\u00edna de cacahuete en polvo<\/strong> es un suplemento rico en nutrientes, que ofrece un alto contenido en prote\u00ednas que suele oscilar entre 40 y 50% en peso, dependiendo del m\u00e9todo de elaboraci\u00f3n. Esto lo convierte en una excelente fuente de prote\u00ednas para veganos, vegetarianos y cualquiera que desee aumentar su ingesta de prote\u00ednas sin depender de productos animales. Adem\u00e1s de prote\u00ednas, el cacahuete en polvo es rico en vitaminas y minerales esenciales, como magnesio, f\u00f3sforo y vitaminas B, que contribuyen a la producci\u00f3n de energ\u00eda, la salud \u00f3sea y la vitalidad general.<\/p>\n<p>Los cacahuetes tambi\u00e9n son conocidos por sus grasas saludables, sobre todo las monoinsaturadas y poliinsaturadas, que contribuyen a la salud del coraz\u00f3n al ayudar a reducir los niveles de colesterol malo. <strong>Prote\u00edna de cacahuete en polvo<\/strong> conserva parte de estas grasas saludables, proporcionando una fuente equilibrada de nutrici\u00f3n. Adem\u00e1s, los cacahuetes son una buena fuente de fibra, que favorece la digesti\u00f3n y ayuda a mantener la sensaci\u00f3n de saciedad, lo que facilita el control del peso. <a href=\"http:\/\/wankonbiotech.com\/es\/product-category\/proteina-vegetal-ecologica\/\">Prote\u00edna vegetal ecol\u00f3gica<\/a> Categor\u00eda.<\/p>","protected":false},"excerpt":{"rendered":"<p><strong>Prote\u00edna de cacahuete en polvo<\/strong> se elabora a partir de cacahuetes crudos o tostados, prensados para eliminar la mayor parte del aceite y molidos hasta obtener un polvo fino. El resultado es un producto rico en prote\u00ednas que conserva el rico sabor a nuez de los cacahuetes, al tiempo que es bajo en grasas y carbohidratos. Esta prote\u00edna en polvo no contiene gluten por naturaleza y puede utilizarse en una gran variedad de aplicaciones culinarias, desde batidos y licuados hasta reposter\u00eda y cocina. <strong>Prote\u00edna de cacahuete en polvo<\/strong> es una excelente fuente de prote\u00ednas de origen vegetal, que proporciona un perfil equilibrado de amino\u00e1cidos que favorece la reparaci\u00f3n muscular y la salud en general.<\/p>","protected":false},"featured_media":782,"template":"","meta":{"_acf_changed":false},"product_brand":[],"product_cat":[39],"product_tag":[],"class_list":{"0":"post-781","1":"product","2":"type-product","3":"status-publish","4":"has-post-thumbnail","6":"product_cat-organic-plant-based-protein","8":"first","9":"instock","10":"shipping-taxable","11":"product-type-simple"},"acf":[],"_links":{"self":[{"href":"https:\/\/wankonbiotech.com\/es\/wp-json\/wp\/v2\/product\/781","targetHints":{"allow":["GET"]}}],"collection":[{"href":"https:\/\/wankonbiotech.com\/es\/wp-json\/wp\/v2\/product"}],"about":[{"href":"https:\/\/wankonbiotech.com\/es\/wp-json\/wp\/v2\/types\/product"}],"wp:featuredmedia":[{"embeddable":true,"href":"https:\/\/wankonbiotech.com\/es\/wp-json\/wp\/v2\/media\/782"}],"wp:attachment":[{"href":"https:\/\/wankonbiotech.com\/es\/wp-json\/wp\/v2\/media?parent=781"}],"wp:term":[{"taxonomy":"product_brand","embeddable":true,"href":"https:\/\/wankonbiotech.com\/es\/wp-json\/wp\/v2\/product_brand?post=781"},{"taxonomy":"product_cat","embeddable":true,"href":"https:\/\/wankonbiotech.com\/es\/wp-json\/wp\/v2\/product_cat?post=781"},{"taxonomy":"product_tag","embeddable":true,"href":"https:\/\/wankonbiotech.com\/es\/wp-json\/wp\/v2\/product_tag?post=781"}],"curies":[{"name":"wp","href":"https:\/\/api.w.org\/{rel}","templated":true}]}}