{"id":779,"date":"2024-08-12T05:53:04","date_gmt":"2024-08-12T05:53:04","guid":{"rendered":"http:\/\/wankonbiotech.com\/?post_type=product&#038;p=779"},"modified":"2024-08-12T05:53:04","modified_gmt":"2024-08-12T05:53:04","slug":"millet-protein-powder","status":"publish","type":"product","link":"https:\/\/wankonbiotech.com\/es\/producto-2\/proteina-de-mijo-en-polvo-2\/","title":{"rendered":"Prote\u00edna de mijo en polvo"},"content":{"rendered":"<h2><strong>Introducci\u00f3n<\/strong><\/h2>\n<p>Utilizando mijo como materia prima, hidr\u00f3lisis enzim\u00e1tica compuesta a baja temperatura y otras biotecnolog\u00edas multienlace, extrayendo\u00a0<strong>Prote\u00edna de mijo en polvo<\/strong>\u00a0rico en diversos amino\u00e1cidos y minerales. Este producto tiene un alto valor nutritivo y es rico en prote\u00ednas, grasas y vitaminas. No s\u00f3lo es comestible, sino que tambi\u00e9n puede utilizarse como medicamento. El mijo es rico en prote\u00ednas, vitamina B1 y sales inorg\u00e1nicas. El mijo es rico en vitaminas B1, B12, etc., y tiene el efecto de prevenir la indigesti\u00f3n y la antineuritis y prevenir el beriberi. El mijo tiene el efecto de prevenir las n\u00e1useas y los v\u00f3mitos.<\/p>\n<p>Los nutrientes del mijo son completos y ricos, y la tasa de absorci\u00f3n de diversos nutrientes es alta. Seg\u00fan la informaci\u00f3n disponible, la digestibilidad de las prote\u00ednas del mijo es de 83,4%, la de las grasas de 90,8% y la de los hidratos de carbono de 99,4%, lo que constituye la base para que el mijo se convierta en una buena fuente de nutrici\u00f3n; la relaci\u00f3n cal\u00f3rica de los tres nutrientes termog\u00e9nicos del mijo es de 14,2% para las prote\u00ednas, 4,5% para las grasas y 81,34% para los hidratos de carbono, entre los cuales las grasas tienen la relaci\u00f3n cal\u00f3rica m\u00e1s baja, lo que convierte al mijo en una buena materia prima para producir...\u00a0<strong>Prote\u00edna de mijo en polvo<\/strong>\u00a0un alimento saludable.<\/p>\n<h2><strong>\u00bfQu\u00e9 es la prote\u00edna de mijo en polvo?<\/strong><\/h2>\n<p><strong>Prote\u00edna de mijo en polvo<\/strong> se produce procesando granos de mijo, un grupo de gram\u00edneas de semilla peque\u00f1a que se cultivan desde hace miles de a\u00f1os. El mijo es conocido por su gran resistencia, capaz de crecer en condiciones duras con un m\u00ednimo de agua y nutrientes del suelo. Los granos se cosechan, se limpian y se muelen hasta obtener un polvo fino rico en prote\u00ednas y nutrientes esenciales. Esta prote\u00edna en polvo no contiene gluten, por lo que es apta para cel\u00edacos y personas sensibles al gluten. Adem\u00e1s, el mijo es hipoalerg\u00e9nico y de f\u00e1cil digesti\u00f3n, lo que lo convierte en una fuente de prote\u00ednas ideal para una amplia gama de necesidades diet\u00e9ticas.<\/p>\n<h2><strong>Beneficios nutricionales de la prote\u00edna de mijo en polvo<\/strong><\/h2>\n<p><strong>Prote\u00edna de mijo en polvo<\/strong> es una fuente de prote\u00ednas de origen vegetal esencial para la reparaci\u00f3n muscular, el crecimiento y el funcionamiento general del organismo. Cada raci\u00f3n suele contener entre 20 y 25% de prote\u00ednas en peso, seg\u00fan el m\u00e9todo de elaboraci\u00f3n. El mijo tambi\u00e9n es rico en fibra diet\u00e9tica, que contribuye a la salud digestiva favoreciendo los movimientos intestinales regulares y previniendo el estre\u00f1imiento. Esta fibra tambi\u00e9n ayuda a regular los niveles de az\u00facar en sangre, por lo que el mijo es un alimento de bajo \u00edndice gluc\u00e9mico ideal para controlar la diabetes y prevenir los picos y los bajones de energ\u00eda.<\/p>\n<p>Adem\u00e1s de prote\u00ednas y fibra, <strong>Prote\u00edna de mijo en polvo<\/strong> est\u00e1 repleto de vitaminas y minerales esenciales, como magnesio, f\u00f3sforo y vitaminas B, que contribuyen a la producci\u00f3n de energ\u00eda, la salud \u00f3sea y la vitalidad general. El mijo tambi\u00e9n es una buena fuente de antioxidantes, que ayudan a proteger el organismo del estr\u00e9s oxidativo y la inflamaci\u00f3n. La presencia de estos nutrientes hace que <strong>Prote\u00edna de mijo en polvo<\/strong> no s\u00f3lo una fuente de prote\u00ednas, sino tambi\u00e9n un ingrediente alimentario funcional con beneficios adicionales para la salud.<\/p>","protected":false},"excerpt":{"rendered":"<p>Utilizando mijo como materia prima, hidr\u00f3lisis enzim\u00e1tica compuesta a baja temperatura y otras biotecnolog\u00edas multienlace, extrayendo\u00a0<strong>Prote\u00edna de mijo en polvo<\/strong>\u00a0rico en diversos amino\u00e1cidos y minerales. Este producto tiene un alto valor nutritivo y es rico en prote\u00ednas, grasas y vitaminas. No s\u00f3lo es comestible, sino que tambi\u00e9n puede utilizarse como medicamento. El mijo es rico en prote\u00ednas, vitamina B1 y sales inorg\u00e1nicas. El mijo es rico en vitaminas B1, B12, etc., y tiene el efecto de prevenir la indigesti\u00f3n y la antineuritis y prevenir el beriberi. El mijo tiene el efecto de prevenir las n\u00e1useas y los v\u00f3mitos.<\/p>","protected":false},"featured_media":780,"template":"","meta":{"_acf_changed":false},"product_brand":[],"product_cat":[39],"product_tag":[],"class_list":{"0":"post-779","1":"product","2":"type-product","3":"status-publish","4":"has-post-thumbnail","6":"product_cat-organic-plant-based-protein","8":"first","9":"instock","10":"shipping-taxable","11":"product-type-simple"},"acf":[],"_links":{"self":[{"href":"https:\/\/wankonbiotech.com\/es\/wp-json\/wp\/v2\/product\/779","targetHints":{"allow":["GET"]}}],"collection":[{"href":"https:\/\/wankonbiotech.com\/es\/wp-json\/wp\/v2\/product"}],"about":[{"href":"https:\/\/wankonbiotech.com\/es\/wp-json\/wp\/v2\/types\/product"}],"wp:featuredmedia":[{"embeddable":true,"href":"https:\/\/wankonbiotech.com\/es\/wp-json\/wp\/v2\/media\/780"}],"wp:attachment":[{"href":"https:\/\/wankonbiotech.com\/es\/wp-json\/wp\/v2\/media?parent=779"}],"wp:term":[{"taxonomy":"product_brand","embeddable":true,"href":"https:\/\/wankonbiotech.com\/es\/wp-json\/wp\/v2\/product_brand?post=779"},{"taxonomy":"product_cat","embeddable":true,"href":"https:\/\/wankonbiotech.com\/es\/wp-json\/wp\/v2\/product_cat?post=779"},{"taxonomy":"product_tag","embeddable":true,"href":"https:\/\/wankonbiotech.com\/es\/wp-json\/wp\/v2\/product_tag?post=779"}],"curies":[{"name":"wp","href":"https:\/\/api.w.org\/{rel}","templated":true}]}}