{"id":775,"date":"2024-08-12T05:39:30","date_gmt":"2024-08-12T05:39:30","guid":{"rendered":"http:\/\/wankonbiotech.com\/?post_type=product&#038;p=775"},"modified":"2024-08-12T05:39:30","modified_gmt":"2024-08-12T05:39:30","slug":"high-quality-instant-oat-protein-powder-oat-extract-oat-beta-glucan-powder","status":"publish","type":"product","link":"https:\/\/wankonbiotech.com\/es\/producto-2\/proteina-de-avena-en-polvo-instantanea-de-alta-calidad-extracto-de-avena-betaglucano-de-avena-en-polvo-2\/","title":{"rendered":"Prote\u00edna de avena en polvo instant\u00e1nea de alta calidad Extracto de avena Beta glucano de avena en polvo"},"content":{"rendered":"<table>\n<tbody>\n<tr>\n<td width=\"284\"><strong>Nombre latino<\/strong><\/td>\n<td width=\"284\">\u00a0Avena sativa L.<\/td>\n<\/tr>\n<tr>\n<td width=\"284\"><strong>Apariencia<\/strong><\/td>\n<td width=\"284\">\u00a0Polvo fino blanquecino<\/td>\n<\/tr>\n<tr>\n<td width=\"284\"><strong>Especificaci\u00f3n<\/strong><\/td>\n<td width=\"284\">50%~80%<\/td>\n<\/tr>\n<\/tbody>\n<\/table>\n<h2><strong>Introducci\u00f3n<\/strong><\/h2>\n<p>La avena es el \u00fanico cereal que contiene una globulina o prote\u00edna similar a la leguminosa, la avenalina, como principal prote\u00edna de almacenamiento (80%).\u00a0<strong>Prote\u00edna de avena en polvo<\/strong>\u00a0es un concentrado de prote\u00edna vegetal \u00fanico y natural a base de avena china no modificada gen\u00e9ticamente que ayuda a los fabricantes a satisfacer la creciente demanda de los consumidores de alimentos y suplementos nutritivos enriquecidos con prote\u00ednas. Es apto para veganos, tiene buen sabor y es una excelente alternativa a otras fuentes de prote\u00ednas l\u00e1cteas y vegetales. Todo ello la convierte en el ingrediente ideal para aumentar el contenido prote\u00ednico de una amplia gama de productos. Su calidad es casi equivalente a la de la prote\u00edna de soja, que, seg\u00fan las investigaciones de la Organizaci\u00f3n Mundial de la Salud, es igual a la de las prote\u00ednas de la carne, la leche y el huevo.<\/p>\n<p><img fetchpriority=\"high\" decoding=\"async\" class=\"wp-image-777 size-large aligncenter\" src=\"http:\/\/wankonbiotech.com\/wp-content\/uploads\/2024\/08\/Oat-Protein-Powder-1024x683.webp\" alt=\"Prote\u00edna de avena en polvo\" width=\"1024\" height=\"683\" title=\"\" srcset=\"https:\/\/wankonbiotech.com\/wp-content\/uploads\/2024\/08\/Oat-Protein-Powder-1024x683.webp 1024w, https:\/\/wankonbiotech.com\/wp-content\/uploads\/2024\/08\/Oat-Protein-Powder-300x200.webp 300w, https:\/\/wankonbiotech.com\/wp-content\/uploads\/2024\/08\/Oat-Protein-Powder-768x512.webp 768w, https:\/\/wankonbiotech.com\/wp-content\/uploads\/2024\/08\/Oat-Protein-Powder-1536x1024.webp 1536w, https:\/\/wankonbiotech.com\/wp-content\/uploads\/2024\/08\/Oat-Protein-Powder-2048x1366.webp 2048w, https:\/\/wankonbiotech.com\/wp-content\/uploads\/2024\/08\/Oat-Protein-Powder-600x400.webp 600w\" sizes=\"(max-width: 1024px) 100vw, 1024px\" \/><\/p>\n<h2><strong>\u00bfQu\u00e9 es la prote\u00edna de avena en polvo?<\/strong><\/h2>\n<p><strong>Prote\u00edna de avena en polvo<\/strong> se obtiene de la avena integral, un cereal conocido por su alto contenido en fibra y sus beneficios cardiosaludables. La prote\u00edna se extrae de la avena mediante un proceso que consiste en separar la prote\u00edna del almid\u00f3n y la fibra, lo que da como resultado un polvo fino rico en prote\u00ednas y nutrientes esenciales. Esta prote\u00edna en polvo no contiene gluten y es hipoalerg\u00e9nica por naturaleza, lo que la convierte en una excelente opci\u00f3n para las personas con sensibilidad alimentaria o que siguen una dieta sin gluten. <strong>Prote\u00edna de avena en polvo<\/strong> ofrece un perfil completo de amino\u00e1cidos, lo que lo convierte en un valioso complemento de una dieta equilibrada.<\/p>\n<h2><strong>Beneficios nutricionales de la prote\u00edna de avena en polvo<\/strong><\/h2>\n<p><strong>Prote\u00edna de avena en polvo<\/strong> es una fuente de prote\u00ednas esencial para la reparaci\u00f3n muscular, el crecimiento y el funcionamiento general del organismo. Cada raci\u00f3n contiene normalmente entre 50 y 60% de prote\u00edna en peso, dependiendo del m\u00e9todo de procesado. Adem\u00e1s de prote\u00ednas, la prote\u00edna de avena es rica en fibra diet\u00e9tica, especialmente betaglucano, conocido por su capacidad para reducir los niveles de colesterol y contribuir a la salud del coraz\u00f3n. Esto hace que <strong>Prote\u00edna de avena en polvo<\/strong> no s\u00f3lo una fuente de prote\u00ednas, sino tambi\u00e9n un ingrediente alimentario funcional con beneficios adicionales para la salud.<\/p>\n<p><img decoding=\"async\" class=\"alignnone wp-image-778 size-full\" src=\"http:\/\/wankonbiotech.com\/wp-content\/uploads\/2024\/08\/Oat-Protein-Powder.jpg\" alt=\"Prote\u00edna de avena en polvo\" width=\"1600\" height=\"896\" title=\"\" srcset=\"https:\/\/wankonbiotech.com\/wp-content\/uploads\/2024\/08\/Oat-Protein-Powder.jpg 1600w, https:\/\/wankonbiotech.com\/wp-content\/uploads\/2024\/08\/Oat-Protein-Powder-300x168.jpg 300w, https:\/\/wankonbiotech.com\/wp-content\/uploads\/2024\/08\/Oat-Protein-Powder-1024x573.jpg 1024w, https:\/\/wankonbiotech.com\/wp-content\/uploads\/2024\/08\/Oat-Protein-Powder-768x430.jpg 768w, https:\/\/wankonbiotech.com\/wp-content\/uploads\/2024\/08\/Oat-Protein-Powder-1536x860.jpg 1536w, https:\/\/wankonbiotech.com\/wp-content\/uploads\/2024\/08\/Oat-Protein-Powder-600x336.jpg 600w\" sizes=\"(max-width: 1600px) 100vw, 1600px\" \/><\/p>\n<p>Adem\u00e1s, <strong>Prote\u00edna de avena en polvo<\/strong> contiene vitaminas y minerales esenciales, como hierro, magnesio y f\u00f3sforo, que contribuyen a la producci\u00f3n de energ\u00eda, la salud \u00f3sea y la vitalidad general. La presencia de antioxidantes en la avena, como avenantramidas, mejora a\u00fan m\u00e1s el perfil nutricional de esta prote\u00edna en polvo, proporcionando propiedades anti-inflamatorias y de refuerzo inmunol\u00f3gico.<\/p>","protected":false},"excerpt":{"rendered":"<p><strong>Prote\u00edna de avena en polvo<\/strong> contiene vitaminas y minerales esenciales, como hierro, magnesio y f\u00f3sforo, que contribuyen a la producci\u00f3n de energ\u00eda, la salud \u00f3sea y la vitalidad general. La presencia de antioxidantes en la avena, como avenantramidas, mejora a\u00fan m\u00e1s el perfil nutricional de esta prote\u00edna en polvo, proporcionando propiedades anti-inflamatorias y de refuerzo inmunol\u00f3gico.<\/p>","protected":false},"featured_media":776,"template":"","meta":{"_acf_changed":false},"product_brand":[],"product_cat":[39],"product_tag":[],"class_list":{"0":"post-775","1":"product","2":"type-product","3":"status-publish","4":"has-post-thumbnail","6":"product_cat-organic-plant-based-protein","8":"first","9":"instock","10":"shipping-taxable","11":"product-type-simple"},"acf":[],"_links":{"self":[{"href":"https:\/\/wankonbiotech.com\/es\/wp-json\/wp\/v2\/product\/775","targetHints":{"allow":["GET"]}}],"collection":[{"href":"https:\/\/wankonbiotech.com\/es\/wp-json\/wp\/v2\/product"}],"about":[{"href":"https:\/\/wankonbiotech.com\/es\/wp-json\/wp\/v2\/types\/product"}],"wp:featuredmedia":[{"embeddable":true,"href":"https:\/\/wankonbiotech.com\/es\/wp-json\/wp\/v2\/media\/776"}],"wp:attachment":[{"href":"https:\/\/wankonbiotech.com\/es\/wp-json\/wp\/v2\/media?parent=775"}],"wp:term":[{"taxonomy":"product_brand","embeddable":true,"href":"https:\/\/wankonbiotech.com\/es\/wp-json\/wp\/v2\/product_brand?post=775"},{"taxonomy":"product_cat","embeddable":true,"href":"https:\/\/wankonbiotech.com\/es\/wp-json\/wp\/v2\/product_cat?post=775"},{"taxonomy":"product_tag","embeddable":true,"href":"https:\/\/wankonbiotech.com\/es\/wp-json\/wp\/v2\/product_tag?post=775"}],"curies":[{"name":"wp","href":"https:\/\/api.w.org\/{rel}","templated":true}]}}