{"id":760,"date":"2024-08-11T05:24:08","date_gmt":"2024-08-11T05:24:08","guid":{"rendered":"http:\/\/wankonbiotech.com\/?post_type=product&#038;p=760"},"modified":"2024-08-11T05:24:41","modified_gmt":"2024-08-11T05:24:41","slug":"organic-textured-pea-protein-manufacturers","status":"publish","type":"product","link":"https:\/\/wankonbiotech.com\/es\/producto-2\/fabricantes-de-proteina-de-guisante-texturizada-ecologica-2\/","title":{"rendered":"Prote\u00edna de guisante texturizada ecol\u00f3gica Fabricantes"},"content":{"rendered":"<table>\n<tbody>\n<tr>\n<td width=\"218\"><strong>Nombre del producto<\/strong><\/td>\n<td width=\"218\">\u00a0Prote\u00edna de guisante texturizada ecol\u00f3gica<\/td>\n<\/tr>\n<tr>\n<td width=\"218\"><strong>Especificaci\u00f3n<\/strong><\/td>\n<td width=\"218\">\u00a0Prote\u00edna 60%~80%<\/td>\n<\/tr>\n<tr>\n<td width=\"218\"><strong>Certificados<\/strong><\/td>\n<td width=\"218\">\u00a0ISO22000; Halal; Certificaci\u00f3n NO OGM, certificado ecol\u00f3gico USDA y UE<\/td>\n<\/tr>\n<\/tbody>\n<\/table>\n<h2><strong>Introducci\u00f3n<\/strong><\/h2>\n<p><strong>La prote\u00edna de guisante texturizada ecol\u00f3gica es<\/strong>\u00a0a<strong>\u00a0producto regenerador<\/strong>, cultivado a partir de guisantes ecol\u00f3gicos para crear alternativas c\u00e1rnicas vegetales ricas en prote\u00ednas, sin OMG, sin soja y sin gluten. El TPP es un producto natural sin gluten ni soja, con un sabor satisfactorio y una textura atractiva, lo que lo convierte en un complemento perfecto para ingredientes comunes en una amplia gama de aplicaciones.<\/p>\n<p><img fetchpriority=\"high\" decoding=\"async\" class=\"wp-image-765 size-large aligncenter\" src=\"http:\/\/wankonbiotech.com\/wp-content\/uploads\/2024\/08\/WEB-Pet-food-front-page-image_TVP_-202205-2048x796-1-1024x398.png\" alt=\"prote\u00edna de guisante texturizada ecol\u00f3gica\" width=\"1024\" height=\"398\" title=\"\" srcset=\"https:\/\/wankonbiotech.com\/wp-content\/uploads\/2024\/08\/WEB-Pet-food-front-page-image_TVP_-202205-2048x796-1-1024x398.png 1024w, https:\/\/wankonbiotech.com\/wp-content\/uploads\/2024\/08\/WEB-Pet-food-front-page-image_TVP_-202205-2048x796-1-300x117.png 300w, https:\/\/wankonbiotech.com\/wp-content\/uploads\/2024\/08\/WEB-Pet-food-front-page-image_TVP_-202205-2048x796-1-768x299.png 768w, https:\/\/wankonbiotech.com\/wp-content\/uploads\/2024\/08\/WEB-Pet-food-front-page-image_TVP_-202205-2048x796-1-1536x597.png 1536w, https:\/\/wankonbiotech.com\/wp-content\/uploads\/2024\/08\/WEB-Pet-food-front-page-image_TVP_-202205-2048x796-1-600x233.png 600w, https:\/\/wankonbiotech.com\/wp-content\/uploads\/2024\/08\/WEB-Pet-food-front-page-image_TVP_-202205-2048x796-1.png 2048w\" sizes=\"(max-width: 1024px) 100vw, 1024px\" \/><\/p>\n<p>La prote\u00edna de guisante texturizada ofrece una soluci\u00f3n innovadora para crear productos ricos en nutrientes con una textura mejorada. Una vez rehidratada, la prote\u00edna de guisante texturizada simula la textura y la sensaci\u00f3n en boca de la carne.<br \/>\nLa ventaja exclusiva de la prote\u00edna de guisante texturizada reside en el tama\u00f1o de sus gr\u00e1nulos. Su peque\u00f1o tama\u00f1o y su aspecto fibroso la hacen ideal para aplicaciones de carne picada de origen vegetal y para salchichas y hamburguesas veganas. Se sabe espec\u00edficamente que aumenta la jugosidad de los productos e imita la sensaci\u00f3n de morder la carne.<\/p>\n<h2><strong>\u00bfQu\u00e9 es la prote\u00edna de guisante texturizada ecol\u00f3gica?<\/strong><\/h2>\n<p>La prote\u00edna de guisante texturizada ecol\u00f3gica procede de guisantes amarillos, que se procesan para extraer y concentrar la prote\u00edna. A continuaci\u00f3n, la prote\u00edna se transforma en una forma texturizada, que puede utilizarse como sustituto de la carne en diversos platos. Este proceso implica calentar la prote\u00edna del guisante a presi\u00f3n, lo que crea una textura fibrosa similar a la de la carne. El resultado es un producto rico en prote\u00ednas, similar a la carne y totalmente vegetal, lo que lo convierte en una excelente opci\u00f3n para vegetarianos, veganos y cualquiera que desee reducir su consumo de carne.<\/p>\n<h2><strong>Beneficios nutricionales de la prote\u00edna de guisante texturizada ecol\u00f3gica<\/strong><\/h2>\n<p>La Prote\u00edna de Guisante Texturizada Ecol\u00f3gica no es s\u00f3lo una fuente de prote\u00ednas; es un suplemento nutricional completo. Cada porci\u00f3n proporciona un alto contenido en prote\u00ednas, normalmente alrededor de 80% en peso, junto con los nueve amino\u00e1cidos esenciales necesarios para la reparaci\u00f3n y el crecimiento muscular. Esto la convierte en una valiosa fuente de prote\u00ednas para atletas, culturistas y personas con estilos de vida activos.<\/p>\n<p><img decoding=\"async\" class=\"wp-image-763 size-full aligncenter\" src=\"http:\/\/wankonbiotech.com\/wp-content\/uploads\/2024\/08\/organic-textured-pea-protein1.jpg\" alt=\"prote\u00edna de guisante texturizada ecol\u00f3gica\" width=\"1600\" height=\"901\" title=\"\" srcset=\"https:\/\/wankonbiotech.com\/wp-content\/uploads\/2024\/08\/organic-textured-pea-protein1.jpg 1600w, https:\/\/wankonbiotech.com\/wp-content\/uploads\/2024\/08\/organic-textured-pea-protein1-300x169.jpg 300w, https:\/\/wankonbiotech.com\/wp-content\/uploads\/2024\/08\/organic-textured-pea-protein1-1024x577.jpg 1024w, https:\/\/wankonbiotech.com\/wp-content\/uploads\/2024\/08\/organic-textured-pea-protein1-768x432.jpg 768w, https:\/\/wankonbiotech.com\/wp-content\/uploads\/2024\/08\/organic-textured-pea-protein1-1536x865.jpg 1536w, https:\/\/wankonbiotech.com\/wp-content\/uploads\/2024\/08\/organic-textured-pea-protein1-600x338.jpg 600w\" sizes=\"(max-width: 1600px) 100vw, 1600px\" \/><\/p>\n<p>Adem\u00e1s de prote\u00ednas, la Prote\u00edna de Guisante Texturizada Ecol\u00f3gica es rica en fibra diet\u00e9tica, que contribuye a la salud digestiva favoreciendo los movimientos intestinales regulares y previniendo el estre\u00f1imiento. Tambi\u00e9n es una buena fuente de hierro, un mineral esencial que ayuda a transportar ox\u00edgeno por todo el cuerpo y contribuye a los niveles de energ\u00eda. Adem\u00e1s, la prote\u00edna de guisante es baja en grasas y no contiene colesterol, lo que la convierte en una opci\u00f3n cardiosaludable. Al ser hipoalerg\u00e9nica, la Prote\u00edna de Guisante Texturizada Ecol\u00f3gica es adecuada para personas con sensibilidad alimentaria o alergias a la soja, los l\u00e1cteos o el gluten.<a href=\"http:\/\/wankonbiotech.com\/es\/product-category\/proteina-vegetal-ecologica\/\" target=\"_new\" rel=\"noreferrer noopener\">Categor\u00eda de prote\u00ednas vegetales ecol\u00f3gicas de Wankon Biotech<\/a>.<\/p>","protected":false},"excerpt":{"rendered":"<p><strong>La prote\u00edna de guisante texturizada ecol\u00f3gica es<\/strong>\u00a0a<strong>\u00a0producto regenerador<\/strong>, cultivado a partir de guisantes ecol\u00f3gicos para crear alternativas c\u00e1rnicas vegetales ricas en prote\u00ednas, sin OMG, sin soja y sin gluten. El TPP es un producto natural sin gluten ni soja, con un sabor satisfactorio y una textura atractiva, lo que lo convierte en un complemento perfecto para ingredientes comunes en una amplia gama de aplicaciones.<\/p>","protected":false},"featured_media":762,"template":"","meta":{"_acf_changed":false},"product_brand":[],"product_cat":[39],"product_tag":[],"class_list":{"0":"post-760","1":"product","2":"type-product","3":"status-publish","4":"has-post-thumbnail","6":"product_cat-organic-plant-based-protein","8":"first","9":"instock","10":"shipping-taxable","11":"product-type-simple"},"acf":[],"_links":{"self":[{"href":"https:\/\/wankonbiotech.com\/es\/wp-json\/wp\/v2\/product\/760","targetHints":{"allow":["GET"]}}],"collection":[{"href":"https:\/\/wankonbiotech.com\/es\/wp-json\/wp\/v2\/product"}],"about":[{"href":"https:\/\/wankonbiotech.com\/es\/wp-json\/wp\/v2\/types\/product"}],"wp:featuredmedia":[{"embeddable":true,"href":"https:\/\/wankonbiotech.com\/es\/wp-json\/wp\/v2\/media\/762"}],"wp:attachment":[{"href":"https:\/\/wankonbiotech.com\/es\/wp-json\/wp\/v2\/media?parent=760"}],"wp:term":[{"taxonomy":"product_brand","embeddable":true,"href":"https:\/\/wankonbiotech.com\/es\/wp-json\/wp\/v2\/product_brand?post=760"},{"taxonomy":"product_cat","embeddable":true,"href":"https:\/\/wankonbiotech.com\/es\/wp-json\/wp\/v2\/product_cat?post=760"},{"taxonomy":"product_tag","embeddable":true,"href":"https:\/\/wankonbiotech.com\/es\/wp-json\/wp\/v2\/product_tag?post=760"}],"curies":[{"name":"wp","href":"https:\/\/api.w.org\/{rel}","templated":true}]}}