{"id":751,"date":"2024-08-10T15:44:27","date_gmt":"2024-08-10T15:44:27","guid":{"rendered":"http:\/\/wankonbiotech.com\/?post_type=product&#038;p=751"},"modified":"2024-08-11T04:47:02","modified_gmt":"2024-08-11T04:47:02","slug":"mankai-duckweed-powder","status":"publish","type":"product","link":"https:\/\/wankonbiotech.com\/es\/producto-2\/polvo-de-lenteja-de-agua-mankai-2\/","title":{"rendered":"Polvo de lenteja de agua Mankai"},"content":{"rendered":"<table>\n<tbody>\n<tr>\n<td colspan=\"1\" rowspan=\"1\"><strong>Nombre del producto<\/strong><\/td>\n<td colspan=\"1\" rowspan=\"1\">Lenteja de agua en polvo<\/td>\n<\/tr>\n<tr>\n<td colspan=\"1\" rowspan=\"1\"><strong>Apariencia<\/strong><\/td>\n<td colspan=\"1\" rowspan=\"1\">Polvo fino<\/td>\n<\/tr>\n<tr>\n<td colspan=\"1\" rowspan=\"1\"><strong>Grado<\/strong><\/td>\n<td colspan=\"1\" rowspan=\"1\">Grado cosm\u00e9tico\/Grado m\u00e9dico\/Grado alimentario<\/td>\n<\/tr>\n<tr>\n<td colspan=\"1\" rowspan=\"1\"><strong>Parte de la planta utilizada<\/strong><\/td>\n<td colspan=\"1\" rowspan=\"1\">Lemna minor L. hierba entera<\/td>\n<\/tr>\n<tr>\n<td colspan=\"1\" rowspan=\"1\"><strong>Especificaci\u00f3n<\/strong><\/td>\n<td colspan=\"1\" rowspan=\"1\">C\u00e1psula; polvo puro<\/td>\n<\/tr>\n<tr>\n<td colspan=\"1\" rowspan=\"1\"><strong>Pureza<\/strong><\/td>\n<td colspan=\"1\" rowspan=\"1\">99%<\/td>\n<\/tr>\n<\/tbody>\n<\/table>\n<h2><strong>Introducci\u00f3n<\/strong><\/h2>\n<p><strong>Polvo de lenteja de agua Mankai\u00a0<\/strong>es<strong>\u00a0<\/strong>hecha de una lenteja de agua especial, tambi\u00e9n llamada\u00a0<strong>Lemna minor<\/strong>,\u00a0<strong>Lenteja de agua<\/strong>,\u00a0<strong>LENTEIN<\/strong>y\u00a0<strong>hombre kai<\/strong>Es una planta acu\u00e1tica que vive en la superficie del agua. Son peque\u00f1as plantas acu\u00e1ticas con flores, que crecen en aguas dulces de temperatura c\u00e1lida y forman parte de la familia de las lentejas de agua Lemna y Wolffiaor. Seg\u00fan los que han tenido el privilegio de probar las lentejas de agua crudas, su sabor es similar al de las lentejas normales (dulce y suave), pero crecen en agua rica en nutrientes en lugar de en tierra.<\/p>\n<p><img fetchpriority=\"high\" decoding=\"async\" class=\"wp-image-753 size-full aligncenter\" src=\"http:\/\/wankonbiotech.com\/wp-content\/uploads\/2024\/08\/Mankai-Duckweed-superfood-GettyImages-1330156251-225893cb25d044c89b187173cd254cdd.jpg\" alt=\"Polvo de lenteja de agua Mankai en un cuenco rodeado de plantas de lenteja de agua.\" width=\"1500\" height=\"1000\" title=\"\" srcset=\"https:\/\/wankonbiotech.com\/wp-content\/uploads\/2024\/08\/Mankai-Duckweed-superfood-GettyImages-1330156251-225893cb25d044c89b187173cd254cdd.jpg 1500w, https:\/\/wankonbiotech.com\/wp-content\/uploads\/2024\/08\/Mankai-Duckweed-superfood-GettyImages-1330156251-225893cb25d044c89b187173cd254cdd-300x200.jpg 300w, https:\/\/wankonbiotech.com\/wp-content\/uploads\/2024\/08\/Mankai-Duckweed-superfood-GettyImages-1330156251-225893cb25d044c89b187173cd254cdd-1024x683.jpg 1024w, https:\/\/wankonbiotech.com\/wp-content\/uploads\/2024\/08\/Mankai-Duckweed-superfood-GettyImages-1330156251-225893cb25d044c89b187173cd254cdd-768x512.jpg 768w, https:\/\/wankonbiotech.com\/wp-content\/uploads\/2024\/08\/Mankai-Duckweed-superfood-GettyImages-1330156251-225893cb25d044c89b187173cd254cdd-600x400.jpg 600w, https:\/\/wankonbiotech.com\/wp-content\/uploads\/2024\/08\/elementor\/thumbs\/Mankai-Duckweed-superfood-GettyImages-1330156251-225893cb25d044c89b187173cd254cdd-qsesa5tgp5gq6j2r2m4ugvxnmzgbwgslqrajhrgb2g.jpg 750w\" sizes=\"(max-width: 1500px) 100vw, 1500px\" \/><\/p>\n<h2><strong>\u00bfQu\u00e9 es la lenteja de agua Mankai en polvo?<\/strong><\/h2>\n<p>La lenteja de agua en polvo Mankai procede de la cepa Mankai de la lenteja de agua, una peque\u00f1a planta acu\u00e1tica verde que crece en la superficie del agua. Conocida a menudo como \"lentejas de agua\", la lenteja de agua es conocida por su r\u00e1pido crecimiento y su alto contenido en prote\u00ednas. La cepa Mankai, en particular, es conocida por su perfil nutricional superior. Para crear la lenteja de agua Mankai en polvo, las plantas se recolectan, se secan y se muelen hasta obtener un polvo fino que puede incorporarse f\u00e1cilmente a diversos alimentos y bebidas. Este polvo es rico en prote\u00ednas, amino\u00e1cidos esenciales, vitaminas, minerales y fibra diet\u00e9tica, lo que lo convierte en un suplemento completo y altamente nutritivo.<\/p>\n<h2><strong>Beneficios nutricionales de la lenteja de agua Mankai en polvo<\/strong><\/h2>\n<p>La lenteja de agua en polvo de Mankai es una fuente de prote\u00ednas de origen vegetal comparable a las de origen animal. Cada porci\u00f3n proporciona t\u00edpicamente alrededor de 45-50% de prote\u00edna, junto con un perfil completo de amino\u00e1cidos, incluyendo los nueve amino\u00e1cidos esenciales que el cuerpo no puede producir por s\u00ed mismo. Esto la convierte en una excelente fuente de prote\u00ednas para veganos, vegetarianos y cualquiera que desee reducir su dependencia de los productos de origen animal.<\/p>\n<p>Adem\u00e1s de prote\u00ednas, la lenteja de agua Mankai en polvo est\u00e1 repleta de nutrientes vitales como hierro, vitamina B12 y \u00e1cidos grasos omega-3. La presencia de vitamina B12 es especialmente destacable, ya que es poco frecuente en alimentos de origen vegetal y es esencial para la funci\u00f3n nerviosa y la producci\u00f3n de ADN y gl\u00f3bulos rojos. Los \u00e1cidos grasos omega-3 favorecen la salud del coraz\u00f3n, reducen la inflamaci\u00f3n y desempe\u00f1an un papel en la funci\u00f3n cerebral. La lenteja de agua Mankai en polvo tambi\u00e9n es una buena fuente de antioxidantes, que ayudan a proteger el organismo del estr\u00e9s oxidativo y favorecen la salud en general.<\/p>","protected":false},"excerpt":{"rendered":"<p>La lenteja de agua en polvo de Mankai es una fuente de prote\u00ednas de origen vegetal comparable a las de origen animal. Cada porci\u00f3n proporciona t\u00edpicamente alrededor de 45-50% de prote\u00edna, junto con un perfil completo de amino\u00e1cidos, incluyendo los nueve amino\u00e1cidos esenciales que el cuerpo no puede producir por s\u00ed mismo. Esto la convierte en una excelente fuente de prote\u00ednas para veganos, vegetarianos y cualquiera que desee reducir su dependencia de los productos de origen animal.<\/p>","protected":false},"featured_media":752,"template":"","meta":{"_acf_changed":false},"product_brand":[],"product_cat":[39],"product_tag":[],"class_list":{"0":"post-751","1":"product","2":"type-product","3":"status-publish","4":"has-post-thumbnail","6":"product_cat-organic-plant-based-protein","8":"first","9":"instock","10":"shipping-taxable","11":"product-type-simple"},"acf":[],"_links":{"self":[{"href":"https:\/\/wankonbiotech.com\/es\/wp-json\/wp\/v2\/product\/751","targetHints":{"allow":["GET"]}}],"collection":[{"href":"https:\/\/wankonbiotech.com\/es\/wp-json\/wp\/v2\/product"}],"about":[{"href":"https:\/\/wankonbiotech.com\/es\/wp-json\/wp\/v2\/types\/product"}],"wp:featuredmedia":[{"embeddable":true,"href":"https:\/\/wankonbiotech.com\/es\/wp-json\/wp\/v2\/media\/752"}],"wp:attachment":[{"href":"https:\/\/wankonbiotech.com\/es\/wp-json\/wp\/v2\/media?parent=751"}],"wp:term":[{"taxonomy":"product_brand","embeddable":true,"href":"https:\/\/wankonbiotech.com\/es\/wp-json\/wp\/v2\/product_brand?post=751"},{"taxonomy":"product_cat","embeddable":true,"href":"https:\/\/wankonbiotech.com\/es\/wp-json\/wp\/v2\/product_cat?post=751"},{"taxonomy":"product_tag","embeddable":true,"href":"https:\/\/wankonbiotech.com\/es\/wp-json\/wp\/v2\/product_tag?post=751"}],"curies":[{"name":"wp","href":"https:\/\/api.w.org\/{rel}","templated":true}]}}