{"id":747,"date":"2024-08-10T15:31:11","date_gmt":"2024-08-10T15:31:11","guid":{"rendered":"http:\/\/wankonbiotech.com\/?post_type=product&#038;p=747"},"modified":"2024-08-11T04:47:25","modified_gmt":"2024-08-11T04:47:25","slug":"factory-wholesale-quinoa-protein-powder-80-quinoa-powder","status":"publish","type":"product","link":"https:\/\/wankonbiotech.com\/es\/producto-2\/fabrica-al-por-mayor-quinoa-proteina-en-polvo-80-quinoa-en-polvo-2\/","title":{"rendered":"F\u00e1brica al por mayor quinoa prote\u00edna en polvo 80% quinoa en polvo"},"content":{"rendered":"<table>\n<tbody>\n<tr>\n<td><strong>Nombre del producto<\/strong><\/td>\n<td>Prote\u00edna de quinoa en polvo<\/td>\n<\/tr>\n<tr>\n<td><strong>Modelo<\/strong><\/td>\n<td>80%<\/td>\n<\/tr>\n<tr>\n<td><strong>Apariencia<\/strong><\/td>\n<td>Color amarillo claro<\/td>\n<\/tr>\n<tr>\n<td><strong>Pieza usada<\/strong><\/td>\n<td>Semilla de quinoa<\/td>\n<\/tr>\n<tr>\n<td><strong>Formulario<\/strong><\/td>\n<td>Polvo<\/td>\n<\/tr>\n<tr>\n<td><strong>Tecnolog\u00eda de producci\u00f3n<\/strong><\/td>\n<td>Secado por pulverizaci\u00f3n<\/td>\n<\/tr>\n<tr>\n<td><strong>Grado<\/strong><\/td>\n<td>Ingredientes alimentarios<\/td>\n<\/tr>\n<tr>\n<td><strong>Almacenamiento<\/strong><\/td>\n<td>bien almacenado y protegido de la luz solar directa<\/td>\n<\/tr>\n<tr>\n<td><strong>Caducidad<\/strong><\/td>\n<td>2 a\u00f1os<\/td>\n<\/tr>\n<tr>\n<td><strong>Plazo de entrega<\/strong><\/td>\n<td>1-2 d\u00edas despu\u00e9s del pago<\/td>\n<\/tr>\n<\/tbody>\n<\/table>\n<h2><strong>Introducci\u00f3n<\/strong><\/h2>\n<p><strong>Prote\u00edna de quinoa en polvo<\/strong>\u00a0es uno de los \u00fanicos alimentos de origen vegetal que se considera una prote\u00edna completa, ya que proporciona todos los amino\u00e1cidos esenciales. Constituye aproximadamente el 60 por ciento del grano de quinoa, mientras que el germen de trigo, en comparaci\u00f3n, s\u00f3lo representa el 3 por ciento de un grano de trigo. Esto convierte a la quinoa en un sustituto saludable de las prote\u00ednas de la carne y los l\u00e1cteos, sobre todo para controlar el peso, y su alto contenido en prote\u00ednas ayuda a sentirse saciado durante m\u00e1s tiempo. La quinoa tambi\u00e9n es una opci\u00f3n sin gluten para las personas al\u00e9rgicas al trigo.<\/p>\n<p><img fetchpriority=\"high\" decoding=\"async\" class=\"wp-image-750 size-full aligncenter\" src=\"http:\/\/wankonbiotech.com\/wp-content\/uploads\/2024\/08\/quinoa-protein-powder-1024x661-1.jpg\" alt=\"Prote\u00edna de quinoa en polvo\" width=\"1024\" height=\"661\" title=\"\" srcset=\"https:\/\/wankonbiotech.com\/wp-content\/uploads\/2024\/08\/quinoa-protein-powder-1024x661-1.jpg 1024w, https:\/\/wankonbiotech.com\/wp-content\/uploads\/2024\/08\/quinoa-protein-powder-1024x661-1-300x194.jpg 300w, https:\/\/wankonbiotech.com\/wp-content\/uploads\/2024\/08\/quinoa-protein-powder-1024x661-1-768x496.jpg 768w, https:\/\/wankonbiotech.com\/wp-content\/uploads\/2024\/08\/quinoa-protein-powder-1024x661-1-600x387.jpg 600w\" sizes=\"(max-width: 1024px) 100vw, 1024px\" \/><br \/>\nA diferencia de la mayor\u00eda de las fuentes de prote\u00ednas vegetales, la quinoa se considera una fuente de prote\u00ednas de alta calidad con los nueve amino\u00e1cidos esenciales. La quinoa contiene una cantidad excepcionalmente alta de lisina, un amino\u00e1cido que suele faltar en las fuentes vegetales, y es rica en cantidad de histidina y metionina. La digestibilidad de la prote\u00edna de la quinoa es comparable a la de la case\u00edna, una prote\u00edna de alta calidad que se encuentra en los productos l\u00e1cteos.<\/p>\n<h2><strong>\u00bfQu\u00e9 es la prote\u00edna de quinoa en polvo?<\/strong><\/h2>\n<p>La prote\u00edna de quinoa en polvo se obtiene procesando semillas de quinoa, un pseudocereal originario de la regi\u00f3n andina de Sudam\u00e9rica. Las semillas se recogen, se limpian y se muelen hasta obtener un polvo fino rico en prote\u00ednas, fibra y amino\u00e1cidos esenciales. A diferencia de muchas otras prote\u00ednas de origen vegetal, la quinoa es una prote\u00edna completa, lo que significa que contiene los nueve amino\u00e1cidos esenciales que el cuerpo no puede producir por s\u00ed mismo. Esto hace que la prote\u00edna de quinoa en polvo una fuente de prote\u00ednas de gran valor, especialmente para aquellos que siguen dietas veganas o vegetarianas.<\/p>\n<h2><strong>Beneficios nutricionales de la prote\u00edna de quinoa en polvo<\/strong><\/h2>\n<p>La prote\u00edna de quinoa en polvo es una fuente de prote\u00ednas de alta calidad. Cada raci\u00f3n suele contener entre 12 y 15 gramos de prote\u00ednas, dependiendo del m\u00e9todo de elaboraci\u00f3n. Adem\u00e1s de prote\u00ednas, la quinoa tambi\u00e9n es rica en fibra diet\u00e9tica, que facilita la digesti\u00f3n y ayuda a mantener un peso saludable al promover una sensaci\u00f3n de saciedad. Adem\u00e1s, la prote\u00edna de quinoa en polvo est\u00e1 repleta de vitaminas y minerales esenciales, como el magnesio, el hierro y las vitaminas B, que contribuyen a la producci\u00f3n de energ\u00eda, la salud \u00f3sea y la vitalidad en general.<\/p>\n<p><img decoding=\"async\" class=\"wp-image-749 size-large aligncenter\" src=\"http:\/\/wankonbiotech.com\/wp-content\/uploads\/2024\/08\/quinoa-flour-scaled-1-1024x485.webp\" alt=\"Prote\u00edna de quinoa en polvo\" width=\"1024\" height=\"485\" title=\"\" srcset=\"https:\/\/wankonbiotech.com\/wp-content\/uploads\/2024\/08\/quinoa-flour-scaled-1-1024x485.webp 1024w, https:\/\/wankonbiotech.com\/wp-content\/uploads\/2024\/08\/quinoa-flour-scaled-1-300x142.webp 300w, https:\/\/wankonbiotech.com\/wp-content\/uploads\/2024\/08\/quinoa-flour-scaled-1-768x363.webp 768w, https:\/\/wankonbiotech.com\/wp-content\/uploads\/2024\/08\/quinoa-flour-scaled-1-1536x727.webp 1536w, https:\/\/wankonbiotech.com\/wp-content\/uploads\/2024\/08\/quinoa-flour-scaled-1-600x284.webp 600w, https:\/\/wankonbiotech.com\/wp-content\/uploads\/2024\/08\/quinoa-flour-scaled-1.webp 2048w\" sizes=\"(max-width: 1024px) 100vw, 1024px\" \/><\/p>\n<p>Otro beneficio notable de la prote\u00edna de quinoa en polvo es su contenido en antioxidantes, especialmente quercetina y kaempferol, que ayudan a proteger el organismo del estr\u00e9s oxidativo y la inflamaci\u00f3n. Las grasas saludables presentes en la quinoa, incluidos los \u00e1cidos grasos omega-3 y omega-6, contribuyen a\u00fan m\u00e1s a su perfil nutricional, apoyando la salud del coraz\u00f3n y reduciendo el riesgo de enfermedades cr\u00f3nicas.<\/p>\n<p>Para saber m\u00e1s sobre \u00e9sta y otras prote\u00ednas vegetales, visite <a href=\"http:\/\/wankonbiotech.com\/es\/product-category\/proteina-vegetal-ecologica\/\" target=\"_new\" rel=\"noreferrer noopener\">Categor\u00eda de prote\u00ednas vegetales ecol\u00f3gicas de Wankon Biotech<\/a>.<\/p>","protected":false},"excerpt":{"rendered":"<p>La prote\u00edna de quinoa en polvo es uno de los \u00fanicos alimentos de origen vegetal que se considera una prote\u00edna completa, ya que proporciona todos los amino\u00e1cidos esenciales. Constituye aproximadamente el 60 por ciento del grano de quinoa, mientras que el germen de trigo, en comparaci\u00f3n, constituye s\u00f3lo el 3 por ciento de un grano de trigo. Esto convierte a la quinoa en un sustituto saludable de las prote\u00ednas de la carne y los l\u00e1cteos, sobre todo para controlar el peso, y su alto contenido en prote\u00ednas ayuda a sentirse saciado durante m\u00e1s tiempo. La quinoa tambi\u00e9n es una opci\u00f3n sin gluten para las personas al\u00e9rgicas al trigo.<\/p>","protected":false},"featured_media":748,"template":"","meta":{"_acf_changed":false},"product_brand":[],"product_cat":[39],"product_tag":[],"class_list":{"0":"post-747","1":"product","2":"type-product","3":"status-publish","4":"has-post-thumbnail","6":"product_cat-organic-plant-based-protein","8":"first","9":"instock","10":"shipping-taxable","11":"product-type-simple"},"acf":[],"_links":{"self":[{"href":"https:\/\/wankonbiotech.com\/es\/wp-json\/wp\/v2\/product\/747","targetHints":{"allow":["GET"]}}],"collection":[{"href":"https:\/\/wankonbiotech.com\/es\/wp-json\/wp\/v2\/product"}],"about":[{"href":"https:\/\/wankonbiotech.com\/es\/wp-json\/wp\/v2\/types\/product"}],"wp:featuredmedia":[{"embeddable":true,"href":"https:\/\/wankonbiotech.com\/es\/wp-json\/wp\/v2\/media\/748"}],"wp:attachment":[{"href":"https:\/\/wankonbiotech.com\/es\/wp-json\/wp\/v2\/media?parent=747"}],"wp:term":[{"taxonomy":"product_brand","embeddable":true,"href":"https:\/\/wankonbiotech.com\/es\/wp-json\/wp\/v2\/product_brand?post=747"},{"taxonomy":"product_cat","embeddable":true,"href":"https:\/\/wankonbiotech.com\/es\/wp-json\/wp\/v2\/product_cat?post=747"},{"taxonomy":"product_tag","embeddable":true,"href":"https:\/\/wankonbiotech.com\/es\/wp-json\/wp\/v2\/product_tag?post=747"}],"curies":[{"name":"wp","href":"https:\/\/api.w.org\/{rel}","templated":true}]}}