{"id":741,"date":"2024-08-10T15:14:46","date_gmt":"2024-08-10T15:14:46","guid":{"rendered":"http:\/\/wankonbiotech.com\/?post_type=product&#038;p=741"},"modified":"2024-08-11T04:41:43","modified_gmt":"2024-08-11T04:41:43","slug":"pure-natural-organic-watermelon-seed-protein-powder-bulk-wholesale","status":"publish","type":"product","link":"https:\/\/wankonbiotech.com\/es\/producto-2\/polvo-de-proteina-de-semilla-de-sandia-pura-natural-organica-a-granel-al-por-mayor-2\/","title":{"rendered":"Prote\u00edna en Polvo de Semillas de Sand\u00eda Pura, Natural y Ecol\u00f3gica al por Mayor"},"content":{"rendered":"<table>\n<tbody>\n<tr>\n<td width=\"284\"><strong>Nombre latino<\/strong><\/td>\n<td width=\"284\">\u00a0Citrullus lanatus<\/td>\n<\/tr>\n<tr>\n<td width=\"284\"><strong>Apariencia<\/strong><\/td>\n<td width=\"284\">\u00a0Polvo blanquecino<\/td>\n<\/tr>\n<tr>\n<td width=\"284\"><strong>Especificaci\u00f3n<\/strong><\/td>\n<td width=\"284\">\u00a050% 60% Prote\u00edna<\/td>\n<\/tr>\n<\/tbody>\n<\/table>\n<h2><strong>Introducci\u00f3n<\/strong><\/h2>\n<p>La prote\u00edna de semillas de sand\u00eda es una prote\u00edna vegetal derivada de las semillas de sand\u00eda (Citrullus Lanatus). Es una rica fuente de amino\u00e1cidos esenciales, lo que la convierte en una excelente opci\u00f3n para vegetarianos y veganos que desean aumentar su ingesta de prote\u00ednas. La prote\u00edna suele extraerse de las semillas mediante diversos m\u00e9todos, como el prensado en fr\u00edo, el desgrasado y la molienda.<\/p>\n<p>Esta prote\u00edna de semillas es una buena fuente de amino\u00e1cidos y nutrientes esenciales. Por lo general, contiene un perfil completo de amino\u00e1cidos, incluidos los amino\u00e1cidos de cadena ramificada (BCAA) como la leucina, la isoleucina y la valina, que son importantes para el crecimiento y la reparaci\u00f3n muscular. Adem\u00e1s, esta prote\u00edna es rica en arginina, un amino\u00e1cido que interviene en diversos procesos fisiol\u00f3gicos como la funci\u00f3n inmunitaria, la cicatrizaci\u00f3n de heridas y la secreci\u00f3n hormonal.<\/p>\n<p><img fetchpriority=\"high\" decoding=\"async\" class=\"wp-image-743 size-full aligncenter\" src=\"http:\/\/wankonbiotech.com\/wp-content\/uploads\/2024\/08\/Watermelon-Seed-side-effects-10-1.jpg\" alt=\"Prote\u00edna de semillas de sand\u00eda\" width=\"1200\" height=\"900\" title=\"\" srcset=\"https:\/\/wankonbiotech.com\/wp-content\/uploads\/2024\/08\/Watermelon-Seed-side-effects-10-1.jpg 1200w, https:\/\/wankonbiotech.com\/wp-content\/uploads\/2024\/08\/Watermelon-Seed-side-effects-10-1-300x225.jpg 300w, https:\/\/wankonbiotech.com\/wp-content\/uploads\/2024\/08\/Watermelon-Seed-side-effects-10-1-1024x768.jpg 1024w, https:\/\/wankonbiotech.com\/wp-content\/uploads\/2024\/08\/Watermelon-Seed-side-effects-10-1-768x576.jpg 768w, https:\/\/wankonbiotech.com\/wp-content\/uploads\/2024\/08\/Watermelon-Seed-side-effects-10-1-600x450.jpg 600w\" sizes=\"(max-width: 1200px) 100vw, 1200px\" \/><\/p>\n<h2><strong>\u00bfQu\u00e9 es la prote\u00edna de semillas de sand\u00eda?<\/strong><\/h2>\n<p>La Prote\u00edna de Semillas de Sand\u00eda se obtiene de las semillas de las sand\u00edas, concretamente de las semillas que a menudo se desechan despu\u00e9s de consumir la fruta. Estas semillas se limpian, se secan y se prensan en fr\u00edo para extraer el aceite, dejando una torta de semillas rica en nutrientes. A continuaci\u00f3n, esta torta se muele finamente hasta convertirla en polvo, lo que da como resultado un suplemento rico en prote\u00ednas que es a la vez vers\u00e1til y nutritivo. Watermelon Seed Protein es una excelente fuente de prote\u00ednas de origen vegetal, proporcionando un perfil completo de amino\u00e1cidos, junto con vitaminas, minerales y grasas saludables.<\/p>\n<p><img decoding=\"async\" class=\"wp-image-746 size-full aligncenter\" src=\"http:\/\/wankonbiotech.com\/wp-content\/uploads\/2024\/08\/how-to-eat-melon-seeds-1706228877.jpg\" alt=\"\" width=\"1500\" height=\"1000\" title=\"\" srcset=\"https:\/\/wankonbiotech.com\/wp-content\/uploads\/2024\/08\/how-to-eat-melon-seeds-1706228877.jpg 1500w, https:\/\/wankonbiotech.com\/wp-content\/uploads\/2024\/08\/how-to-eat-melon-seeds-1706228877-300x200.jpg 300w, https:\/\/wankonbiotech.com\/wp-content\/uploads\/2024\/08\/how-to-eat-melon-seeds-1706228877-1024x683.jpg 1024w, https:\/\/wankonbiotech.com\/wp-content\/uploads\/2024\/08\/how-to-eat-melon-seeds-1706228877-768x512.jpg 768w, https:\/\/wankonbiotech.com\/wp-content\/uploads\/2024\/08\/how-to-eat-melon-seeds-1706228877-600x400.jpg 600w\" sizes=\"(max-width: 1500px) 100vw, 1500px\" \/><\/p>\n<h2><strong>Beneficios nutricionales de la prote\u00edna de la semilla de sand\u00eda<\/strong><\/h2>\n<p>La Prote\u00edna de Semillas de Sand\u00eda es una fuente de energ\u00eda nutricional, ofreciendo una rica fuente de prote\u00edna que es esencial para la reparaci\u00f3n muscular, el crecimiento y la funci\u00f3n general del cuerpo. Cada porci\u00f3n de Watermelon Seed Protein proporciona una cantidad significativa de prote\u00edna, por lo general alrededor de 60% por peso, por lo que es una excelente opci\u00f3n para aquellos que buscan aumentar su ingesta de prote\u00ednas. Adem\u00e1s de prote\u00ednas, tambi\u00e9n es una buena fuente de amino\u00e1cidos esenciales, incluida la arginina, que contribuye a la salud cardiovascular.<\/p>\n<p>Adem\u00e1s, la Prote\u00edna de Semillas de Sand\u00eda est\u00e1 repleta de nutrientes vitales como magnesio, hierro y zinc. El magnesio es esencial para la funci\u00f3n muscular y la producci\u00f3n de energ\u00eda, mientras que el hierro favorece una circulaci\u00f3n sangu\u00ednea sana y previene la anemia. El zinc desempe\u00f1a un papel crucial en la funci\u00f3n inmunitaria y la cicatrizaci\u00f3n de heridas. La Prote\u00edna de Semillas de Sand\u00eda tambi\u00e9n es baja en hidratos de carbono y contiene grasas saludables, entre ellas \u00e1cidos grasos omega-6, beneficiosos para la salud del coraz\u00f3n y para reducir la inflamaci\u00f3n.<\/p>\n<p>Para saber m\u00e1s sobre \u00e9sta y otras prote\u00ednas vegetales, visite <a href=\"http:\/\/wankonbiotech.com\/es\/product-category\/proteina-vegetal-ecologica\/\" target=\"_new\" rel=\"noreferrer noopener\">Categor\u00eda de prote\u00ednas vegetales ecol\u00f3gicas de Wankon Biotech<\/a>.<\/p>","protected":false},"excerpt":{"rendered":"<p>La prote\u00edna de semillas de sand\u00eda es una prote\u00edna vegetal derivada de las semillas de sand\u00eda (Citrullus Lanatus). Es una rica fuente de amino\u00e1cidos esenciales, lo que la convierte en una excelente opci\u00f3n para vegetarianos y veganos que desean aumentar su ingesta de prote\u00ednas. La prote\u00edna suele extraerse de las semillas mediante diversos m\u00e9todos, como el prensado en fr\u00edo, el desgrasado y la molienda.<\/p>","protected":false},"featured_media":742,"template":"","meta":{"_acf_changed":false},"product_brand":[],"product_cat":[39],"product_tag":[],"class_list":{"0":"post-741","1":"product","2":"type-product","3":"status-publish","4":"has-post-thumbnail","6":"product_cat-organic-plant-based-protein","8":"first","9":"instock","10":"shipping-taxable","11":"product-type-simple"},"acf":[],"_links":{"self":[{"href":"https:\/\/wankonbiotech.com\/es\/wp-json\/wp\/v2\/product\/741","targetHints":{"allow":["GET"]}}],"collection":[{"href":"https:\/\/wankonbiotech.com\/es\/wp-json\/wp\/v2\/product"}],"about":[{"href":"https:\/\/wankonbiotech.com\/es\/wp-json\/wp\/v2\/types\/product"}],"wp:featuredmedia":[{"embeddable":true,"href":"https:\/\/wankonbiotech.com\/es\/wp-json\/wp\/v2\/media\/742"}],"wp:attachment":[{"href":"https:\/\/wankonbiotech.com\/es\/wp-json\/wp\/v2\/media?parent=741"}],"wp:term":[{"taxonomy":"product_brand","embeddable":true,"href":"https:\/\/wankonbiotech.com\/es\/wp-json\/wp\/v2\/product_brand?post=741"},{"taxonomy":"product_cat","embeddable":true,"href":"https:\/\/wankonbiotech.com\/es\/wp-json\/wp\/v2\/product_cat?post=741"},{"taxonomy":"product_tag","embeddable":true,"href":"https:\/\/wankonbiotech.com\/es\/wp-json\/wp\/v2\/product_tag?post=741"}],"curies":[{"name":"wp","href":"https:\/\/api.w.org\/{rel}","templated":true}]}}