{"id":718,"date":"2024-08-10T10:58:21","date_gmt":"2024-08-10T10:58:21","guid":{"rendered":"http:\/\/wankonbiotech.com\/?post_type=product&#038;p=718"},"modified":"2024-08-10T11:03:11","modified_gmt":"2024-08-10T11:03:11","slug":"high-purity-lupine-seed-protein","status":"publish","type":"product","link":"https:\/\/wankonbiotech.com\/es\/producto-2\/proteina-de-semilla-de-altramuz-de-gran-pureza-2\/","title":{"rendered":"Prote\u00edna de semilla de altramuz de gran pureza"},"content":{"rendered":"<table>\n<tbody>\n<tr>\n<td width=\"284\"><strong>Otro nombre de producto<\/strong><\/td>\n<td width=\"284\">Prote\u00edna de lupino<\/td>\n<\/tr>\n<tr>\n<td width=\"284\"><strong>Nombre latino<\/strong><\/td>\n<td width=\"284\">\u00a0Lupinus micranthus Guss.<\/td>\n<\/tr>\n<tr>\n<td width=\"284\"><strong>Especificaci\u00f3n<\/strong><\/td>\n<td width=\"284\">60%~65%<\/td>\n<\/tr>\n<tr>\n<td width=\"284\"><strong>Apariencia<\/strong><\/td>\n<td width=\"284\">\u00a0Polvo blanquecino<\/td>\n<\/tr>\n<\/tbody>\n<\/table>\n<h2><strong>Introducci\u00f3n<\/strong><\/h2>\n<p>La prote\u00edna de semilla de altramuz es una prote\u00edna derivada de las semillas de las plantas de altramuz, que son miembros de la familia de las leguminosas. La prote\u00edna de semilla de altramuz se considera una prote\u00edna vegetal de alta calidad, ya que es rica en amino\u00e1cidos esenciales y tiene un alto contenido en prote\u00ednas. Puede utilizarse en productos alimenticios como fuente de prote\u00ednas, especialmente en productos veganos y vegetarianos, y tambi\u00e9n tiene aplicaciones potenciales en la industria de la alimentaci\u00f3n animal. Adem\u00e1s, la prote\u00edna de semilla de altramuz puede tener beneficios para la salud, como favorecer el crecimiento muscular y proporcionar una fuente de energ\u00eda.<\/p>\n<p><img fetchpriority=\"high\" decoding=\"async\" class=\"alignnone wp-image-721 size-full\" src=\"http:\/\/wankonbiotech.com\/wp-content\/uploads\/2024\/08\/shutterstock_1758089033-scaled-e1657039272498.jpg\" alt=\"Prote\u00edna de semilla de altramuz\" width=\"1600\" height=\"1067\" title=\"\" srcset=\"https:\/\/wankonbiotech.com\/wp-content\/uploads\/2024\/08\/shutterstock_1758089033-scaled-e1657039272498.jpg 1600w, https:\/\/wankonbiotech.com\/wp-content\/uploads\/2024\/08\/shutterstock_1758089033-scaled-e1657039272498-300x200.jpg 300w, https:\/\/wankonbiotech.com\/wp-content\/uploads\/2024\/08\/shutterstock_1758089033-scaled-e1657039272498-1024x683.jpg 1024w, https:\/\/wankonbiotech.com\/wp-content\/uploads\/2024\/08\/shutterstock_1758089033-scaled-e1657039272498-768x512.jpg 768w, https:\/\/wankonbiotech.com\/wp-content\/uploads\/2024\/08\/shutterstock_1758089033-scaled-e1657039272498-1536x1024.jpg 1536w, https:\/\/wankonbiotech.com\/wp-content\/uploads\/2024\/08\/shutterstock_1758089033-scaled-e1657039272498-600x400.jpg 600w\" sizes=\"(max-width: 1600px) 100vw, 1600px\" \/><br \/>\nLa prote\u00edna de semilla de altramuz contiene una serie de ingredientes activos, compuestos principalmente por amino\u00e1cidos esenciales, como leucina, isoleucina, valina, lisina y otros. Estos amino\u00e1cidos son componentes importantes de las prote\u00ednas y desempe\u00f1an papeles cruciales en diversos procesos fisiol\u00f3gicos del organismo. Adem\u00e1s, la prote\u00edna de semilla de altramuz tambi\u00e9n puede contener fitoqu\u00edmicos, fibra y otros nutrientes presentes de forma natural en las semillas de altramuz. Esta fuente de prote\u00ednas se utiliza a menudo en productos alimenticios y suplementos de origen vegetal debido a su valor nutricional y propiedades funcionales.<\/p>\n<h2><strong>\u00bfQu\u00e9 es la prote\u00edna de semilla de altramuz?<\/strong><\/h2>\n<p>La Prote\u00edna de Semilla de Altramuz es una prote\u00edna vegetal derivada de las semillas de la planta de altramuz, que pertenece a la familia de las leguminosas. La prote\u00edna se extrae mediante un proceso que consiste en descascarar y moler las semillas para crear un polvo fino rico en nutrientes. La prote\u00edna de semilla de altramuz es conocida por su alto contenido en prote\u00ednas, que puede oscilar entre 60%~65%, lo que la convierte en una de las fuentes de prote\u00ednas vegetales m\u00e1s ricas que existen. Adem\u00e1s de su alto contenido en prote\u00ednas, la Prote\u00edna de Semillas de Lupino no contiene gluten, es baja en grasas y rica en fibra diet\u00e9tica, amino\u00e1cidos esenciales y minerales importantes.<\/p>\n<h2><strong>Beneficios nutricionales de la prote\u00edna de semilla de lupino<\/strong><\/h2>\n<p>Una de las caracter\u00edsticas m\u00e1s destacadas de la Prote\u00edna de Semilla de Altramuz es su completo perfil nutricional. Esta prote\u00edna es una fuente completa de amino\u00e1cidos esenciales, que son cruciales para la reparaci\u00f3n muscular, la funci\u00f3n inmunitaria y la salud en general. Con su alto contenido en prote\u00ednas, la Prote\u00edna de Semillas de Lupino es una excelente opci\u00f3n para aquellos que buscan aumentar su ingesta de prote\u00ednas sin depender de productos de origen animal. Tambi\u00e9n es rica en fibra diet\u00e9tica, que contribuye a la salud digestiva, ayuda a mantener estables los niveles de az\u00facar en sangre y favorece la sensaci\u00f3n de saciedad, ayudando a controlar el peso.<\/p>\n<p><img decoding=\"async\" class=\"wp-image-720 size-full aligncenter\" src=\"http:\/\/wankonbiotech.com\/wp-content\/uploads\/2024\/08\/kassey-downard-5s-ajSqziUE-unsplash.webp\" alt=\"Prote\u00edna de semilla de altramuz\" width=\"1000\" height=\"662\" title=\"\" srcset=\"https:\/\/wankonbiotech.com\/wp-content\/uploads\/2024\/08\/kassey-downard-5s-ajSqziUE-unsplash.webp 1000w, https:\/\/wankonbiotech.com\/wp-content\/uploads\/2024\/08\/kassey-downard-5s-ajSqziUE-unsplash-300x199.webp 300w, https:\/\/wankonbiotech.com\/wp-content\/uploads\/2024\/08\/kassey-downard-5s-ajSqziUE-unsplash-768x508.webp 768w, https:\/\/wankonbiotech.com\/wp-content\/uploads\/2024\/08\/kassey-downard-5s-ajSqziUE-unsplash-600x397.webp 600w\" sizes=\"(max-width: 1000px) 100vw, 1000px\" \/><\/p>\n<p>Adem\u00e1s, la prote\u00edna de semilla de altramuz es una buena fuente de magnesio, calcio y potasio, minerales vitales para la salud \u00f3sea, la funci\u00f3n muscular y la salud cardiovascular. A diferencia de muchas otras prote\u00ednas de origen vegetal, la prote\u00edna de semilla de altramuz tiene un \u00edndice gluc\u00e9mico bajo, por lo que es una opci\u00f3n ideal para las personas que controlan la diabetes o las que siguen dietas bajas en carbohidratos.<\/p>","protected":false},"excerpt":{"rendered":"<p>La prote\u00edna de semilla de altramuz es una prote\u00edna derivada de las semillas de las plantas de altramuz, que son miembros de la familia de las leguminosas. La prote\u00edna de semilla de altramuz se considera una prote\u00edna vegetal de alta calidad, ya que es rica en amino\u00e1cidos esenciales y tiene un alto contenido en prote\u00ednas. Puede utilizarse en productos alimenticios como fuente de prote\u00ednas, especialmente en productos veganos y vegetarianos, y tambi\u00e9n tiene aplicaciones potenciales en la industria de la alimentaci\u00f3n animal.<\/p>","protected":false},"featured_media":719,"template":"","meta":{"_acf_changed":false},"product_brand":[],"product_cat":[39],"product_tag":[],"class_list":{"0":"post-718","1":"product","2":"type-product","3":"status-publish","4":"has-post-thumbnail","6":"product_cat-organic-plant-based-protein","8":"first","9":"instock","10":"shipping-taxable","11":"product-type-simple"},"acf":[],"_links":{"self":[{"href":"https:\/\/wankonbiotech.com\/es\/wp-json\/wp\/v2\/product\/718","targetHints":{"allow":["GET"]}}],"collection":[{"href":"https:\/\/wankonbiotech.com\/es\/wp-json\/wp\/v2\/product"}],"about":[{"href":"https:\/\/wankonbiotech.com\/es\/wp-json\/wp\/v2\/types\/product"}],"wp:featuredmedia":[{"embeddable":true,"href":"https:\/\/wankonbiotech.com\/es\/wp-json\/wp\/v2\/media\/719"}],"wp:attachment":[{"href":"https:\/\/wankonbiotech.com\/es\/wp-json\/wp\/v2\/media?parent=718"}],"wp:term":[{"taxonomy":"product_brand","embeddable":true,"href":"https:\/\/wankonbiotech.com\/es\/wp-json\/wp\/v2\/product_brand?post=718"},{"taxonomy":"product_cat","embeddable":true,"href":"https:\/\/wankonbiotech.com\/es\/wp-json\/wp\/v2\/product_cat?post=718"},{"taxonomy":"product_tag","embeddable":true,"href":"https:\/\/wankonbiotech.com\/es\/wp-json\/wp\/v2\/product_tag?post=718"}],"curies":[{"name":"wp","href":"https:\/\/api.w.org\/{rel}","templated":true}]}}